{"id":11790,"date":"2025-03-07T10:20:18","date_gmt":"2025-03-07T08:20:18","guid":{"rendered":"https:\/\/www.alivitpharm.com\/?post_type=product&#038;p=11790"},"modified":"2026-04-01T08:40:54","modified_gmt":"2026-04-01T06:40:54","slug":"parazit-stop-complex","status":"publish","type":"product","link":"https:\/\/www.alivitpharm.com\/sq\/product\/parazit-stop-complex\/","title":{"rendered":"PARAZIT STOP (ANTIPARAZIT) COMPLEX"},"content":{"rendered":"<div class=\"product-accordion\">\n<div class=\"btn\">RRETH PARAZIT STOP (ANTIPARAZIT) COMPLEX<\/div>\n<div class=\"board\">\n<div>\n<p><b>PARAZIT STOP (ANTIPARAZIT) COMPLEX\u00ae<\/b> p\u00ebrb\u00ebhet nga dy produkte, PARAZIT STOP (ANTIPARAZIT) I dhe PARAZIT STOP (ANTIPARAZIT) II, t\u00eb cilat punojn\u00eb s\u00eb bashku n\u00eb sinergji p\u00ebr t\u00eb ndihmuar n\u00eb ruajtjen e nj\u00eb mjedisi t\u00eb sh\u00ebndetsh\u00ebm intestinal pa parazit\u00eb, duke mb\u00ebshtetur funksionimin e duhur t\u00eb traktit tret\u00ebs.<\/p>\n<p>Bari i trumz\u00ebs, bari i pelinit t\u00eb \u00ebmb\u00ebl dhe lulja e karafilit kontribuojn\u00eb n\u00eb funksionin normal gastrointestinal dhe mb\u00ebshtesin pastrimin e zorr\u00ebve. K\u00ebto bar\u00ebra ushtrojn\u00eb natyrsh\u00ebm efekte antiparazitare. Fiku p\u00ebrmban enzima q\u00eb ndihmojn\u00eb n\u00eb zb\u00ebrthimin e strukturave t\u00eb proteinave parazitare. Xhenxhefili ndihmon n\u00eb d\u00ebbimin e parazit\u00ebve dhe zvog\u00eblon reaksionet inflamatore t\u00eb shkaktuara nga parazit\u00ebt. Hudhra ka veti antibakteriale dhe antioksiduese, mb\u00ebshtet funksionin imunitar dhe zvog\u00eblon mbijetes\u00ebn dhe riprodhimin e parazit\u00ebve. Gjethja e papaj\u00ebs nxit tretjen dhe ndihmon n\u00eb eliminimin e parazit\u00ebve t\u00eb zorr\u00ebve. Piperi i zi ka veti t\u00eb forta antioksiduese, ndihmon n\u00eb ruajtjen e integritetit trupor p\u00ebrmes veprimit t\u00eb tij antimikrobik dhe antiparazitar, dhe mb\u00ebshtet funksionin imunitar. Shafrani i Indis\u00eb ka efekte anti-inflamatore, nd\u00ebrsa rigoni p\u00ebrdoret tradicionalisht p\u00ebr t\u00eb ndihmuar tretjen dhe gjithashtu d\u00ebmton membranat qelizore t\u00eb parazit\u00ebve.<\/p>\n<\/div>\n<\/div>\n<div class=\"btn\">P\u00cbRB\u00cbRJE<\/div>\n<div class=\"board\">\n<div>\nPARAZIT STOP (ANTIPARAZIT) I: 28 kapsula xhelatine t\u00eb buta<br \/>\nPARAZIT STOP (ANTIPARAZIT) II: 60 kapsula xhelatine t\u00eb buta<\/p>\n<p><b>PARAZIT STOP (ANTIPARAZIT) I:<\/b><br \/>\n<b>\u2022<\/b> Ekstrakt i <a class=\"custom-link\" href=\"\/sq\/thyme\/\">bim\u00ebs s\u00eb trumz\u00ebs <i>(Thymus vulgaris)<\/i><\/a> n\u00eb <a class=\"custom-link\" href=\"\/sq\/olive-oil\/\">vaj ulliri<\/a>;<br \/>\n<b>\u2022<\/b> Ekstrakt i <a class=\"custom-link\" href=\"\/sq\/sweet-wormwood\/\">bim\u00ebs s\u00eb pelinit t\u00eb \u00ebmb\u00ebl <i>(Artemisia annua)<\/i><\/a> n\u00eb <a class=\"custom-link\" href=\"\/sq\/olive-oil\/\">vaj ulliri<\/a>;<br \/>\n<b>\u2022<\/b> Ekstrakt i <a class=\"custom-link\" href=\"\/sq\/ginger\/\">rrizom\u00ebs s\u00eb xhinxherit <i>(Zingiber officinale)<\/i><\/a> n\u00eb <a class=\"custom-link\" href=\"\/sq\/olive-oil\/\">vaj ulliri<\/a>;<br \/>\n<b>\u2022<\/b> Ekstrakt i <a class=\"custom-link\" href=\"\/sq\/fig-tree\/\">gjetheve t\u00eb fikut <i>(Ficus carica)<\/i><\/a> n\u00eb <a class=\"custom-link\" href=\"\/sq\/olive-oil\/\">vaj ulliri<\/a>;<br \/>\n<b>\u2022<\/b> Ekstrakt i <a class=\"custom-link\" href=\"\/sq\/clove\/\">lul\u00ebs s\u00eb karafilit <i>(Syzygium aromaticum)<\/i><\/a> n\u00eb <a class=\"custom-link\" href=\"\/sq\/olive-oil\/\">vaj ulliri<\/a>;<br \/>\n<b>\u2022<\/b> Xhelatin\u00eb vi\u00e7i, glicerin\u00eb (substanc\u00eb p\u00ebr t\u00eb ruajtur lag\u00ebshtin\u00eb), uj\u00eb i pastruar, antioksidant: DL-\u03b1-tokoferil acetat;<\/p>\n<p><b>PARAZIT STOP (ANTIPARAZIT) II:<\/b><br \/>\n<b>\u2022<\/b> Ekstrakt i <a class=\"custom-link\" href=\"\/sq\/garlic\/\">bul\u00ebs s\u00eb hudhr\u00ebs s\u00eb fresk\u00ebt <i>(Allium sativum)<\/i><\/a> n\u00eb <a class=\"custom-link\" href=\"\/sq\/olive-oil\/\">vaj ulliri<\/a>;<br \/>\n<b>\u2022<\/b> Ekstrakt i <a class=\"custom-link\" href=\"\/sq\/papaya\/\">gjetheve t\u00eb papajes <i>(Carica papaya)<\/i><\/a> n\u00eb <a class=\"custom-link\" href=\"\/sq\/olive-oil\/\">vaj ulliri<\/a>;<br \/>\n<b>\u2022<\/b> Ekstrakt i <a class=\"custom-link\" href=\"\/sq\/black-pepper\/\">frutave t\u00eb piperit t\u00eb zi <i>(Piper nigrum)<\/i><\/a> n\u00eb <a class=\"custom-link\" href=\"\/sq\/olive-oil\/\">vaj ulliri<\/a>;<br \/>\n<b>\u2022<\/b> Ekstrakt i <a class=\"custom-link\" href=\"\/sq\/black-walnut\/\">l\u00ebvores s\u00eb arr\u00ebs s\u00eb zez\u00eb <i>(Juglans nigra)<\/i><\/a> n\u00eb <a class=\"custom-link\" href=\"\/sq\/olive-oil\/\">vaj ulliri<\/a>;<br \/>\n<b>\u2022<\/b> Ekstrakt i <a class=\"custom-link\" href=\"\/sq\/turmeric\/\">rrizom\u00ebs s\u00eb kurkum\u00ebs <i>(Curcuma longa)<\/i><\/a> n\u00eb <a class=\"custom-link\" href=\"\/sq\/olive-oil\/\">vaj ulliri<\/a>;<br \/>\n<b>\u2022<\/b> Ekstrakt i <a class=\"custom-link\" href=\"\/sq\/oregano\/\">bim\u00ebs s\u00eb rigonit <i>(Origanum vulgare)<\/i><\/a> n\u00eb <a class=\"custom-link\" href=\"\/sq\/olive-oil\/\">vaj ulliri<\/a>;<br \/>\n<b>\u2022<\/b> Ekstrakt i <a class=\"custom-link\" href=\"\/sq\/black-garlic\/\">bulbit t\u00eb hudhr\u00ebs s\u00eb fermentuar <i>(Allium sativum)<\/i><\/a> n\u00eb <a class=\"custom-link\" href=\"\/sq\/olive-oil\/\">vaj ulliri<\/a>;<br \/>\n<b>\u2022<\/b> Xhelatin\u00eb gjedhi, glicerin\u00eb, uj\u00eb i pastruar, dioksid silici (agjent kund\u00ebr ngjitjes), ngjyr\u00eb: e zez\u00eb karboni, antioksidant: acetat DL-\u03b1-tokoferili;<\/div>\n<\/div>\n<div class=\"btn\">SI T\u00cb P\u00cbRDORET<\/div>\n<div class=\"board\">\n<div>\n<p>P\u00ebr personat mbi 18 vje\u00e7, rekomandohet t\u00eb marrin dy kapsula PARAZIT STOP (ANTIPARAZIT) I t\u00eb verdha n\u00eb m\u00ebngjes dhe dy kapsula PARAZIT STOP (ANTIPARAZIT) II t\u00eb zeza n\u00eb mbr\u00ebmje, gjat\u00eb ose pas vaktit, p\u00ebr 14 dit\u00eb. Pastaj vazhdoni me dy kapsula PARAZIT STOP (ANTIPARAZIT) II \u00e7do mbr\u00ebmje. G\u00eblltisni t\u00eb gjith\u00eb kapsul\u00ebn me l\u00ebng. I p\u00ebrshtatsh\u00ebm p\u00ebr njer\u00ebzit me diabet.<\/p>\n<p><b>PARALAJM\u00cbRIME:<\/b><br \/>\n<b>\u2022<\/b> Doza e rekomanduar ditore nuk duhet t\u00eb tejkalohet.<br \/>\n<b>\u2022<\/b> Nuk rekomandohet p\u00ebr p\u00ebrdorim n\u00eb rastet e \u00e7rregullimeve t\u00eb sistemit tret\u00ebs, s\u00ebmundjeve t\u00eb tiroides, grave shtatz\u00ebna, n\u00ebnave q\u00eb ushqejn\u00eb me gji dhe personave n\u00ebn mosh\u00ebn 18 vje\u00e7.<br \/>\n<b>\u2022<\/b> Produkti nuk duhet t\u00eb p\u00ebrdoret nga persona q\u00eb jan\u00eb t\u00eb mbindjesh\u00ebm ndaj ndonj\u00ebrit prej p\u00ebrb\u00ebr\u00ebsve t\u00eb produktit.<br \/>\n<b>\u2022<\/b> Personat q\u00eb marrin ila\u00e7e duhet t\u00eb konsultohen me nj\u00eb mjek.<br \/>\n<b>\u2022<\/b> Mos e merrni nj\u00ebkoh\u00ebsisht me ila\u00e7e antikoagulante.<br \/>\n<b>\u2022<\/b> \u00cbsht\u00eb e nevojshme t\u00eb nd\u00ebrpritet p\u00ebrdorimi i produktit 7 dit\u00eb para operacionit t\u00eb planifikuar.<br \/>\n<b>\u2022<\/b> Kapsulat PARAZIT STOP (ANTIPARAZIT) I nuk rekomandohen p\u00ebr m\u00eb shum\u00eb se dy jav\u00eb rresht.<\/p>\n<\/div>\n<\/div>\n<\/div>","protected":false},"excerpt":{"rendered":"<div class=\"my-product-info\">\n<div class=\"two-categories\">\n<div>\n            <img decoding=\"async\" src=\"https:\/\/www.alivitpharm.com\/wp-content\/uploads\/2025\/05\/icon-9.png\" alt=\"100% natyral\" width=\"50px\" height=\"50px\" \/><\/p>\n<div>100% natyral<\/div>\n<\/p><\/div>\n<div>\n            <img decoding=\"async\" src=\"https:\/\/www.alivitpharm.com\/wp-content\/uploads\/2025\/05\/icon-10.png\" alt=\"Jo-OMGJ\" width=\"50px\" height=\"50px\" \/><\/p>\n<div>Jo-OMGJ<\/div>\n<\/p><\/div>\n<div>\n            <img decoding=\"async\" src=\"https:\/\/www.alivitpharm.com\/wp-content\/uploads\/2025\/05\/icon-15.png\" alt=\"Pa gluten\" width=\"50px\" height=\"50px\" \/><\/p>\n<div>Pa gluten<\/div>\n<\/p><\/div>\n<\/p><\/div>\n<\/div>\n<ul>\n<li>Kontribuon n\u00eb zhdukjen e parazit\u00ebve t\u00eb zorr\u00ebve.<\/li>\n<li>P\u00ebrshpejton kalimin e toksoplazmoz\u00ebs nga faza aktive n\u00eb at\u00eb latente tek grat\u00eb q\u00eb i n\u00ebnshtrohen fekondimit in vitro.<\/li>\n<li>P\u00ebrshpejton tretjen.<\/li>\n<li>Kontribuon n\u00eb funksionimin normal t\u00eb traktit tret\u00ebs.<\/li>\n<li>Stimulon rritjen e mikrobiot\u00ebs s\u00eb dobishme t\u00eb zorr\u00ebve.<\/li>\n<\/ul>\n<p><a class=\"category-pdf-btn\" href=\"https:\/\/www.alivitpharm.com\/wp-content\/uploads\/2026\/01\/phytotherapy_in_the_treatment_of_parasitic_infections_sq.pdf\" target=\"_blank\" rel=\"noopener\">M\u00ebsoni m\u00eb shum\u00eb rreth fitoterapis\u00eb n\u00eb trajtimin e infeksioneve parazitare<\/a><\/p>","protected":false},"featured_media":13535,"comment_status":"open","ping_status":"closed","template":"","meta":{"site-sidebar-layout":"default","site-content-layout":"default","ast-global-header-display":"","ast-main-header-display":"","ast-hfb-above-header-display":"","ast-hfb-below-header-display":"","ast-hfb-mobile-header-display":"","site-post-title":"","ast-breadcrumbs-content":"","ast-featured-img":"","footer-sml-layout":"","theme-transparent-header-meta":"default","adv-header-id-meta":"","stick-header-meta":"","header-above-stick-meta":"","header-main-stick-meta":"","header-below-stick-meta":""},"product_brand":[],"product_cat":[171,170,178],"product_tag":[],"class_list":{"0":"post-11790","1":"product","2":"type-product","3":"status-publish","4":"has-post-thumbnail","6":"product_cat-detox-revitalization","7":"product_cat-digestive-system","8":"product_cat-parasitic-infections","9":"desktop-align-center","10":"tablet-align-center","11":"mobile-align-center","13":"first","14":"instock","15":"shipping-taxable","16":"purchasable","17":"product-type-simple"},"_links":{"self":[{"href":"https:\/\/www.alivitpharm.com\/sq\/wp-json\/wp\/v2\/product\/11790","targetHints":{"allow":["GET"]}}],"collection":[{"href":"https:\/\/www.alivitpharm.com\/sq\/wp-json\/wp\/v2\/product"}],"about":[{"href":"https:\/\/www.alivitpharm.com\/sq\/wp-json\/wp\/v2\/types\/product"}],"replies":[{"embeddable":true,"href":"https:\/\/www.alivitpharm.com\/sq\/wp-json\/wp\/v2\/comments?post=11790"}],"wp:featuredmedia":[{"embeddable":true,"href":"https:\/\/www.alivitpharm.com\/sq\/wp-json\/wp\/v2\/media\/13535"}],"wp:attachment":[{"href":"https:\/\/www.alivitpharm.com\/sq\/wp-json\/wp\/v2\/media?parent=11790"}],"wp:term":[{"taxonomy":"product_brand","embeddable":true,"href":"https:\/\/www.alivitpharm.com\/sq\/wp-json\/wp\/v2\/product_brand?post=11790"},{"taxonomy":"product_cat","embeddable":true,"href":"https:\/\/www.alivitpharm.com\/sq\/wp-json\/wp\/v2\/product_cat?post=11790"},{"taxonomy":"product_tag","embeddable":true,"href":"https:\/\/www.alivitpharm.com\/sq\/wp-json\/wp\/v2\/product_tag?post=11790"}],"curies":[{"name":"wp","href":"https:\/\/api.w.org\/{rel}","templated":true}]}}