{"id":13614,"date":"2025-11-12T14:47:31","date_gmt":"2025-11-12T12:47:31","guid":{"rendered":"https:\/\/www.alivitpharm.com\/?post_type=product&#038;p=13614"},"modified":"2026-04-16T09:15:34","modified_gmt":"2026-04-16T07:15:34","slug":"magnezijum-bisglicinat-plus-b6","status":"publish","type":"product","link":"https:\/\/www.alivitpharm.com\/sq\/product\/magnezijum-bisglicinat-plus-b6\/","title":{"rendered":"MAGNEZIJUM BISGLICINAT plus B6"},"content":{"rendered":"<div class=\"product-accordion\">\n<div class=\"btn\">RRETH MAGNEZIJUM BISGLICINAT plus B6<\/div>\n<div class=\"board\">\n<div><b>MAGNEZIJUM BISGLICINAT plus B6\u00ae<\/b> Kapsulat jan\u00eb nj\u00eb suplement dietik i rekomanduar p\u00ebr stresin, tensionin, nervozizmin, ankthin, \u00e7rregullimet e gjumit, dhe rekomandohet gjithashtu p\u00ebr njer\u00ebzit n\u00ebn sforcim t\u00eb madh fizik dhe atlet\u00ebt. Kjo form\u00eb e magnezit rekomandohet gjithashtu p\u00ebr problemet e grave, si\u00e7 jan\u00eb sindroma premenstruale, dismenorrea (cikle menstruale t\u00eb dhimbshme) dhe simptomat postmenopauz\u00eb.<\/p>\n<p>Bisglicinati i magnezit \u00ebsht\u00eb nj\u00eb form\u00eb e keluar e magnezit q\u00eb absorbohet leht\u00eb, pasi magnezi \u00ebsht\u00eb i lidhur me aminoacidin glicin\u00eb. Konsiderohet si nj\u00eb nga format m\u00eb t\u00eb absorbueshme t\u00eb magnezit dhe nuk shkakton shqet\u00ebsime n\u00eb stomak, duke e b\u00ebr\u00eb t\u00eb p\u00ebrshtatsh\u00ebm p\u00ebr njer\u00ebzit me sisteme gastrointestinale t\u00eb ndjeshme. Magnezi kontribuon n\u00eb uljen e lodhjes dhe rraskapitjes, metabolizmin normal q\u00eb jep energji, funksionin normal psikologjik, funksionimin normal t\u00eb sistemit nervor, funksionin normal t\u00eb muskujve dhe mir\u00ebmbajtjen e kockave normale.<\/p>\n<p>Vitamina B6 kontribuon n\u00eb metabolizmin normal t\u00eb proteinave dhe glikogjenit, sintez\u00ebn normale t\u00eb cistein\u00ebs dhe metabolizmin e homocistein\u00ebs, kontribuon n\u00eb metabolizmin normal q\u00eb jep energji dhe n\u00eb rregullimin e aktivitetit hormonal.<\/p><\/div>\n<\/div>\n<div class=\"btn\">P\u00cbRB\u00cbRJE<\/div>\n<div class=\"board\">\n<div>60 kapsula t\u00eb forta<\/p>\n<p><b>\u2022<\/b> <a class=\"custom-link\" href=\"\/sq\/magnesium\/\">Magnezi<\/a>;<br \/>\n<b>\u2022<\/b> <a class=\"custom-link\" href=\"\/sq\/vitamin-b6\/\">Hidroklorur piridoksine (vitamina B6)<\/a>;<br \/>\n<b>\u2022<\/b> Kapsula (karbonat kalciumi, hidroksipropil metilceluloz\u00eb), agjent anti-grumbullim: dioksid silikoni, stearat magnezi;<\/p>\n<\/div>\n<\/div>\n<div class=\"btn\">SI T\u00cb P\u00cbRDORET<\/div>\n<div class=\"board\">\n<div>P\u00ebr personat mbi 14 vje\u00e7, rekomandohet t\u00eb marrin nj\u00eb deri n\u00eb kat\u00ebr kapsula n\u00eb dit\u00eb, gjat\u00eb ose pas vakteve. G\u00eblltisni kapsul\u00ebn e plot\u00eb me l\u00ebng. Produkti mund t\u00eb p\u00ebrdoret edhe nga personat me diabet.<\/p>\n<p><b>PARALAJM\u00cbRIME:<\/b><br \/>\n<b>\u2022<\/b> Doza e rekomanduar ditore nuk duhet t\u00eb tejkalohet.<br \/>\n<b>\u2022<\/b> Produkti nuk \u00ebsht\u00eb i destinuar p\u00ebr persona n\u00ebn 14 vje\u00e7.<br \/>\n<b>\u2022<\/b> Produkti nuk duhet t\u00eb p\u00ebrdoret nga persona q\u00eb jan\u00eb t\u00eb mbindjesh\u00ebm ndaj ndonj\u00ebrit prej p\u00ebrb\u00ebr\u00ebsve t\u00eb produktit.<br \/>\n<b>\u2022<\/b> Grat\u00eb shtatz\u00ebna dhe ato q\u00eb ushqejn\u00eb me gji duhet t\u00eb konsultohen me mjekun e tyre para se t\u00eb p\u00ebrdorin k\u00ebt\u00eb produkt.<\/p>\n<\/div>\n<\/div>\n<\/div>","protected":false},"excerpt":{"rendered":"<div class=\"my-product-info\">\n<div class=\"two-categories\">\n<div><img decoding=\"async\" src=\"https:\/\/www.alivitpharm.com\/wp-content\/uploads\/2025\/05\/icon-9.png\" alt=\"100% natyral\" width=\"50px\" height=\"50px\" \/><\/p>\n<div>100% natyral<\/div>\n<\/div>\n<div><img decoding=\"async\" src=\"https:\/\/www.alivitpharm.com\/wp-content\/uploads\/2025\/05\/icon-10.png\" alt=\"Jo-OMGJ\" width=\"50px\" height=\"50px\" \/><\/p>\n<div>Jo-OMGJ<\/div>\n<\/div>\n<div><img decoding=\"async\" src=\"https:\/\/www.alivitpharm.com\/wp-content\/uploads\/2025\/05\/icon-15.png\" alt=\"Pa gluten\" width=\"50px\" height=\"50px\" \/><\/p>\n<div>Pa gluten<\/div>\n<\/div>\n<\/div>\n<\/div>\n<ul>\n<li>Ushqim thelb\u00ebsor p\u00ebr nj\u00eb zem\u00ebr dhe tru t\u00eb sh\u00ebndetsh\u00ebm.<\/li>\n<li>Ka nj\u00eb efekt antioksidues dhe ka nj\u00eb efekt t\u00eb dobish\u00ebm n\u00eb profilin lipidik.<\/li>\n<li>Kontribuon n\u00eb uljen e lodhjes dhe rraskapitjes.<\/li>\n<li>Kontribuon n\u00eb funksionin normal psikologjik.<\/li>\n<li>P\u00ebrmir\u00ebson cil\u00ebsin\u00eb e gjumit.<\/li>\n<li>Kontribuon n\u00eb funksionimin normal t\u00eb muskujve dhe n\u00eb mir\u00ebmbajtjen e kockave normale.<\/li>\n<\/ul>","protected":false},"featured_media":13616,"comment_status":"open","ping_status":"closed","template":"","meta":{"site-sidebar-layout":"default","site-content-layout":"default","ast-global-header-display":"","ast-main-header-display":"","ast-hfb-above-header-display":"","ast-hfb-below-header-display":"","ast-hfb-mobile-header-display":"","site-post-title":"","ast-breadcrumbs-content":"","ast-featured-img":"","footer-sml-layout":"","theme-transparent-header-meta":"default","adv-header-id-meta":"","stick-header-meta":"","header-above-stick-meta":"","header-main-stick-meta":"","header-below-stick-meta":""},"product_brand":[],"product_cat":[169,179,175],"product_tag":[],"class_list":{"0":"post-13614","1":"product","2":"type-product","3":"status-publish","4":"has-post-thumbnail","6":"product_cat-cardiovascular-health","7":"product_cat-mens-health","8":"product_cat-nervous-system-protection","9":"desktop-align-center","10":"tablet-align-center","11":"mobile-align-center","13":"first","14":"instock","15":"shipping-taxable","16":"purchasable","17":"product-type-simple"},"_links":{"self":[{"href":"https:\/\/www.alivitpharm.com\/sq\/wp-json\/wp\/v2\/product\/13614","targetHints":{"allow":["GET"]}}],"collection":[{"href":"https:\/\/www.alivitpharm.com\/sq\/wp-json\/wp\/v2\/product"}],"about":[{"href":"https:\/\/www.alivitpharm.com\/sq\/wp-json\/wp\/v2\/types\/product"}],"replies":[{"embeddable":true,"href":"https:\/\/www.alivitpharm.com\/sq\/wp-json\/wp\/v2\/comments?post=13614"}],"wp:featuredmedia":[{"embeddable":true,"href":"https:\/\/www.alivitpharm.com\/sq\/wp-json\/wp\/v2\/media\/13616"}],"wp:attachment":[{"href":"https:\/\/www.alivitpharm.com\/sq\/wp-json\/wp\/v2\/media?parent=13614"}],"wp:term":[{"taxonomy":"product_brand","embeddable":true,"href":"https:\/\/www.alivitpharm.com\/sq\/wp-json\/wp\/v2\/product_brand?post=13614"},{"taxonomy":"product_cat","embeddable":true,"href":"https:\/\/www.alivitpharm.com\/sq\/wp-json\/wp\/v2\/product_cat?post=13614"},{"taxonomy":"product_tag","embeddable":true,"href":"https:\/\/www.alivitpharm.com\/sq\/wp-json\/wp\/v2\/product_tag?post=13614"}],"curies":[{"name":"wp","href":"https:\/\/api.w.org\/{rel}","templated":true}]}}