{"id":13763,"date":"2026-01-19T15:20:54","date_gmt":"2026-01-19T13:20:54","guid":{"rendered":"https:\/\/www.alivitpharm.com\/?post_type=product&#038;p=13763"},"modified":"2026-02-26T16:22:38","modified_gmt":"2026-02-26T14:22:38","slug":"ovarinova","status":"publish","type":"product","link":"https:\/\/www.alivitpharm.com\/sq\/product\/ovarinova\/","title":{"rendered":"OVARINOVA"},"content":{"rendered":"<div class=\"product-accordion\">\n<div class=\"btn\">RRETH OVARINOVA<\/div>\n<div class=\"board\">\n<div>\n<p><b>OVARINOVA\u00ae<\/b> kapsulat p\u00ebrmbajn\u00eb pluhur i frutave t\u00eb agnocastit, mio-inositol dhe D-khiro-inositol.<\/p>\n<p>Agnocastit ndihmon gjat\u00eb ciklit para-menstrual. Kontribuon n\u00eb leht\u00ebsimin e simptomave t\u00eb menopauz\u00ebs dhe shqet\u00ebsimeve para-menstruale. Kontribuon n\u00eb ruajtjen e ekuilibrit hormonal gjat\u00eb menopauz\u00ebs. Ndihmon n\u00eb mbajtjen e mir\u00ebqenies fiziologjike gjat\u00eb ciklit menstrual.<\/p>\n<\/div>\n<\/div>\n<div class=\"btn\">P\u00cbRB\u00cbRJE<\/div>\n<div class=\"board\">\n<div>\n<p>90 kapsula t\u00eb forta<\/p>\n<p><b>\u2022<\/b> Pluhur i <a class=\"custom-link\" href=\"\/sq\/vitex\/\">frutave t\u00eb agnocastit<\/a>;<br \/>\n<b>\u2022<\/b> <a class=\"custom-link\" href=\"\/sq\/myo-inositol-d-chiro-inositol\/\">Myo-inositol<\/a>;<br \/>\n<b>\u2022<\/b> <a class=\"custom-link\" href=\"\/sq\/myo-inositol-d-chiro-inositol\/\">D-chiro-inositol<\/a>;<br \/>\n<b>\u2022<\/b> Kapsul\u00eb (xhelatin\u00eb, uj\u00eb i pastruar, ngjyr\u00eb: karbonat kalciumi), agjent\u00eb kund\u00ebr ngjitjes: stearat magnezi dhe dioksid silikoni;<\/p>\n<\/div>\n<\/div>\n<div class=\"btn\">SI T\u00cb P\u00cbRDORET<\/div>\n<div class=\"board\">\n<div>\n<p>P\u00ebr personat mbi 18 vje\u00e7, rekomandohet t\u00eb p\u00ebrdoret nj\u00eb kapsul\u00eb dy her\u00eb n\u00eb dit\u00eb, gjat\u00eb ose pas vaktit. G\u00eblltisni t\u00eb gjith\u00eb kapsul\u00ebn me l\u00ebng. Produkti duhet t\u00eb merret p\u00ebr nj\u00eb koh\u00eb t\u00eb gjat\u00eb.<\/p>\n<p><b>PARALAJM\u00cbRIME:<\/b><br \/>\n<b>\u2022<\/b> Produkti nuk duhet t\u00eb p\u00ebrdoret nga persona q\u00eb jan\u00eb t\u00eb mbindjesh\u00ebm ndaj ndonj\u00ebrit prej p\u00ebrb\u00ebr\u00ebsve t\u00eb produktit.<br \/>\n<b>\u2022<\/b> Personat q\u00eb marrin ila\u00e7e duhet t\u00eb konsultohen me nj\u00eb mjek.<br \/>\n<b>\u2022<\/b> Nuk rekomandohet p\u00ebr grat\u00eb shtatz\u00ebna, n\u00ebnat q\u00eb ushqejn\u00eb me gji dhe personat n\u00ebn 18 vje\u00e7.<br \/>\n<b>\u2022<\/b> Doza e rekomanduar ditore nuk duhet t\u00eb tejkalohet.<\/p>\n<\/div>\n<\/div>\n<\/div>","protected":false},"excerpt":{"rendered":"<div class=\"my-product-info\">\n<div class=\"two-categories\">\n<div>\n<p><img decoding=\"async\" src=\"https:\/\/www.alivitpharm.com\/wp-content\/uploads\/2025\/05\/icon-9.png\" alt=\"100% natyral\" width=\"50px\" height=\"50px\" \/><\/p>\n<div>100% natyral<\/div>\n<\/div>\n<div>\n<p><img decoding=\"async\" src=\"https:\/\/www.alivitpharm.com\/wp-content\/uploads\/2025\/05\/icon-10.png\" alt=\"Jo-OMGJ\" width=\"50px\" height=\"50px\" \/><\/p>\n<div>Jo-OMGJ<\/div>\n<\/div>\n<div>\n<p><img decoding=\"async\" src=\"https:\/\/www.alivitpharm.com\/wp-content\/uploads\/2025\/05\/icon-15.png\" alt=\"Pa gluten\" width=\"50px\" height=\"50px\" \/><\/p>\n<div>Pa gluten<\/div>\n<\/div>\n<\/div>\n<\/div>\n<ul>\n<li>Kontribuon n\u00eb leht\u00ebsimin e simptomave t\u00eb menopauz\u00ebs.<\/li>\n<li>Ndihmon n\u00eb ruajtjen e ekuilibrit hormonal.<\/li>\n<li>Kontribuon n\u00eb leht\u00ebsimin e simptomave para menstruacioneve dhe n\u00eb rregullimin e ciklit menstrual.<\/li>\n<li>P\u00ebrdoret n\u00eb trajtimin e rezistenc\u00ebs ndaj insulin\u00ebs dhe PCOS (sindrom\u00ebs s\u00eb vezoreve policistike).<\/li>\n<\/ul>","protected":false},"featured_media":13765,"comment_status":"open","ping_status":"closed","template":"","meta":{"site-sidebar-layout":"default","site-content-layout":"default","ast-global-header-display":"","ast-main-header-display":"","ast-hfb-above-header-display":"","ast-hfb-below-header-display":"","ast-hfb-mobile-header-display":"","site-post-title":"","ast-breadcrumbs-content":"","ast-featured-img":"","footer-sml-layout":"","theme-transparent-header-meta":"default","adv-header-id-meta":"","stick-header-meta":"","header-above-stick-meta":"","header-main-stick-meta":"","header-below-stick-meta":""},"product_brand":[],"product_cat":[172,183],"product_tag":[],"class_list":{"0":"post-13763","1":"product","2":"type-product","3":"status-publish","4":"has-post-thumbnail","6":"product_cat-hormonal-balance","7":"product_cat-womens-health","8":"desktop-align-center","9":"tablet-align-center","10":"mobile-align-center","12":"first","13":"instock","14":"shipping-taxable","15":"purchasable","16":"product-type-simple"},"_links":{"self":[{"href":"https:\/\/www.alivitpharm.com\/sq\/wp-json\/wp\/v2\/product\/13763","targetHints":{"allow":["GET"]}}],"collection":[{"href":"https:\/\/www.alivitpharm.com\/sq\/wp-json\/wp\/v2\/product"}],"about":[{"href":"https:\/\/www.alivitpharm.com\/sq\/wp-json\/wp\/v2\/types\/product"}],"replies":[{"embeddable":true,"href":"https:\/\/www.alivitpharm.com\/sq\/wp-json\/wp\/v2\/comments?post=13763"}],"wp:featuredmedia":[{"embeddable":true,"href":"https:\/\/www.alivitpharm.com\/sq\/wp-json\/wp\/v2\/media\/13765"}],"wp:attachment":[{"href":"https:\/\/www.alivitpharm.com\/sq\/wp-json\/wp\/v2\/media?parent=13763"}],"wp:term":[{"taxonomy":"product_brand","embeddable":true,"href":"https:\/\/www.alivitpharm.com\/sq\/wp-json\/wp\/v2\/product_brand?post=13763"},{"taxonomy":"product_cat","embeddable":true,"href":"https:\/\/www.alivitpharm.com\/sq\/wp-json\/wp\/v2\/product_cat?post=13763"},{"taxonomy":"product_tag","embeddable":true,"href":"https:\/\/www.alivitpharm.com\/sq\/wp-json\/wp\/v2\/product_tag?post=13763"}],"curies":[{"name":"wp","href":"https:\/\/api.w.org\/{rel}","templated":true}]}}