{"id":13771,"date":"2026-01-23T09:41:28","date_gmt":"2026-01-23T07:41:28","guid":{"rendered":"https:\/\/www.alivitpharm.com\/?post_type=product&#038;p=13771"},"modified":"2026-03-03T04:40:53","modified_gmt":"2026-03-03T02:40:53","slug":"omega3-vitamin-e","status":"publish","type":"product","link":"https:\/\/www.alivitpharm.com\/sq\/product\/omega3-vitamin-e\/","title":{"rendered":"OMEGA3 + VITAMIN E"},"content":{"rendered":"<div class=\"product-accordion\">\n<div class=\"btn\">RRETH OMEGA3 + VITAMIN E<\/div>\n<div class=\"board\">\n<div>\n<p><b>OMEGA3 + VITAMIN E\u00ae<\/b> kapsula p\u00ebrmbajn\u00eb vaj peshku dhe vitamin\u00eb E. Vaji i peshkut p\u00ebrmban acide yndyrore omega-3: acid eikosapentaenoik (EPA) dhe acid dokosaheksaenoik (DHA), t\u00eb cilat kontribuojn\u00eb n\u00eb funksionimin normal t\u00eb zemr\u00ebs.<\/p>\n<p><b>\u2022<\/b> DHA kontribuon n\u00eb ruajtjen e funksionit normal t\u00eb trurit dhe shikimit normal.<br \/>\n<b>\u2022<\/b> Vitamina E kontribuon n\u00eb mbrojtjen e qelizave nga stresi oksidativ.<br \/>\n<b>\u2022<\/b> Efekti i dobish\u00ebm arrihet me nj\u00eb konsum ditor prej 250 mg EPA dhe DHA.<br \/>\n<b>\u2022<\/b> Efekti i dobish\u00ebm arrihet me nj\u00eb konsum ditor prej 250 mg DHA.<\/p>\n<\/div>\n<\/div>\n<div class=\"btn\">P\u00cbRB\u00cbRJE<\/div>\n<div class=\"board\">\n<div>\n<p>100 kapsula xhelatine t\u00eb buta<\/p>\n<p><b>\u2022<\/b> <a class=\"custom-link\" href=\"\/sq\/fish-oil\/\">Vaj peshku<\/a>;<br \/>\n<b>\u2022<\/b> <a class=\"custom-link\" href=\"\/sq\/vitamin-e\/\">Vitamina E<\/a>;<br \/>\n<b>\u2022<\/b> Kapsul\u00eb (xhelatin\u00eb vi\u00e7i, hidratues: glicerin\u00eb, uj\u00eb i pastruar);<\/p>\n<\/div>\n<\/div>\n<div class=\"btn\">SI T\u00cb P\u00cbRDORET<\/div>\n<div class=\"board\">\n<div>\n<p>T\u00eb rriturit dhe f\u00ebmij\u00ebt mbi 12 vje\u00e7 rekomandohet t\u00eb marrin nj\u00eb kapsul\u00eb n\u00eb dit\u00eb me shum\u00eb l\u00ebngje, pas vaktit. G\u00eblltisni t\u00eb gjith\u00eb kapsul\u00ebn me l\u00ebng. I p\u00ebrshtatsh\u00ebm p\u00ebr njer\u00ebzit me diabet.<\/p>\n<p><b>PARALAJM\u00cbRIME:<\/b><br \/>\n<b>\u2022<\/b> Produkti nuk duhet t\u00eb p\u00ebrdoret nga persona q\u00eb jan\u00eb t\u00eb mbindjesh\u00ebm ndaj ndonj\u00ebrit prej p\u00ebrb\u00ebr\u00ebsve t\u00eb produktit.<br \/>\n<b>\u2022<\/b> Konsultohuni me mjekun tuaj n\u00ebse merrni ila\u00e7e antikoagulante.<br \/>\n<b>\u2022<\/b> Grat\u00eb shtatz\u00ebna dhe ato q\u00eb ushqejn\u00eb me gji duhet t\u00eb konsultohen me mjekun e tyre para se t\u00eb p\u00ebrdorin k\u00ebt\u00eb produkt.<br \/>\n<b>\u2022<\/b> Doza e rekomanduar ditore nuk duhet t\u00eb tejkalohet.<\/p>\n<\/div>\n<\/div>\n<\/div>","protected":false},"excerpt":{"rendered":"<div class=\"my-product-info\">\n<div class=\"two-categories\">\n<div>\n<p><img decoding=\"async\" src=\"https:\/\/www.alivitpharm.com\/wp-content\/uploads\/2025\/05\/icon-9.png\" alt=\"100% natyral\" width=\"50px\" height=\"50px\" \/><\/p>\n<div>100% natyral<\/div>\n<\/div>\n<div>\n<p><img decoding=\"async\" src=\"https:\/\/www.alivitpharm.com\/wp-content\/uploads\/2025\/05\/icon-10.png\" alt=\"Jo-OMGJ\" width=\"50px\" height=\"50px\" \/><\/p>\n<div>Jo-OMGJ<\/div>\n<\/div>\n<div>\n<p><img decoding=\"async\" src=\"https:\/\/www.alivitpharm.com\/wp-content\/uploads\/2025\/05\/icon-15.png\" alt=\"Pa gluten\" width=\"50px\" height=\"50px\" \/><\/p>\n<div>Pa gluten<\/div>\n<\/div>\n<\/div>\n<\/div>\n<ul>\n<li>Kontribuon n\u00eb funksionin normal t\u00eb zemr\u00ebs.<\/li>\n<li>Ul tensionin e gjakut.<\/li>\n<li>Kontribuon n\u00eb ruajtjen e funksionit normal t\u00eb trurit dhe shikimit normal.<\/li>\n<li>Ul nivelin e triglicerideve.<\/li>\n<li>Parandalon infarktin e miokardit.<\/li>\n<\/ul>","protected":false},"featured_media":13775,"comment_status":"open","ping_status":"closed","template":"","meta":{"site-sidebar-layout":"default","site-content-layout":"default","ast-global-header-display":"","ast-main-header-display":"","ast-hfb-above-header-display":"","ast-hfb-below-header-display":"","ast-hfb-mobile-header-display":"","site-post-title":"","ast-breadcrumbs-content":"","ast-featured-img":"","footer-sml-layout":"","theme-transparent-header-meta":"default","adv-header-id-meta":"","stick-header-meta":"","header-above-stick-meta":"","header-main-stick-meta":"","header-below-stick-meta":""},"product_brand":[],"product_cat":[169,174,175,183],"product_tag":[],"class_list":{"0":"post-13771","1":"product","2":"type-product","3":"status-publish","4":"has-post-thumbnail","6":"product_cat-cardiovascular-health","7":"product_cat-immune-system","8":"product_cat-nervous-system-protection","9":"product_cat-womens-health","10":"desktop-align-center","11":"tablet-align-center","12":"mobile-align-center","14":"first","15":"onbackorder","16":"shipping-taxable","17":"product-type-simple"},"_links":{"self":[{"href":"https:\/\/www.alivitpharm.com\/sq\/wp-json\/wp\/v2\/product\/13771","targetHints":{"allow":["GET"]}}],"collection":[{"href":"https:\/\/www.alivitpharm.com\/sq\/wp-json\/wp\/v2\/product"}],"about":[{"href":"https:\/\/www.alivitpharm.com\/sq\/wp-json\/wp\/v2\/types\/product"}],"replies":[{"embeddable":true,"href":"https:\/\/www.alivitpharm.com\/sq\/wp-json\/wp\/v2\/comments?post=13771"}],"wp:featuredmedia":[{"embeddable":true,"href":"https:\/\/www.alivitpharm.com\/sq\/wp-json\/wp\/v2\/media\/13775"}],"wp:attachment":[{"href":"https:\/\/www.alivitpharm.com\/sq\/wp-json\/wp\/v2\/media?parent=13771"}],"wp:term":[{"taxonomy":"product_brand","embeddable":true,"href":"https:\/\/www.alivitpharm.com\/sq\/wp-json\/wp\/v2\/product_brand?post=13771"},{"taxonomy":"product_cat","embeddable":true,"href":"https:\/\/www.alivitpharm.com\/sq\/wp-json\/wp\/v2\/product_cat?post=13771"},{"taxonomy":"product_tag","embeddable":true,"href":"https:\/\/www.alivitpharm.com\/sq\/wp-json\/wp\/v2\/product_tag?post=13771"}],"curies":[{"name":"wp","href":"https:\/\/api.w.org\/{rel}","templated":true}]}}