{"id":13782,"date":"2026-01-23T10:55:01","date_gmt":"2026-01-23T08:55:01","guid":{"rendered":"https:\/\/www.alivitpharm.com\/?post_type=product&#038;p=13782"},"modified":"2026-04-20T13:47:06","modified_gmt":"2026-04-20T11:47:06","slug":"k2-d3","status":"publish","type":"product","link":"https:\/\/www.alivitpharm.com\/sq\/product\/k2-d3\/","title":{"rendered":"K2 D3"},"content":{"rendered":"<div class=\"product-accordion\">\n<div class=\"btn\">ABOUT K2 D3<\/div>\n<div class=\"board\">\n<div><b>K2 D3\u00ae<\/b> capsules contain vitamin D3, vitamin K2 and olive oil.<\/p>\n<p>Vitamin D3 contributes to the maintenance of normal bones and normal muscle function, contributes to the normal absorption\/utilization of calcium and phosphorus. It has a role in the process of cell division and contributes to the normal functioning of the immune system. Vitamin K2 contributes to the maintenance of normal bones.<\/p>\n<\/div>\n<\/div>\n<div class=\"btn\">P\u00cbRB\u00cbRJE<\/div>\n<div class=\"board\">\n<div>30 soft gelatin capsules<\/p>\n<p><b>\u2022<\/b> <a class=\"custom-link\" href=\"#\">Vitamin K2<\/a>;<br \/>\n<b>\u2022<\/b> <a class=\"custom-link\" href=\"\/sq\/vitamin-d3\/\">Vitamina D3<\/a>;<br \/>\n<b>\u2022<\/b> <a class=\"custom-link\" href=\"\/sq\/olive-oil\/\">Vaji i ullirit<\/a>;<br \/>\n<b>\u2022<\/b> Beef gelatin, humectant: glycerol, purified water, antioxidant: DL-alpha-tocopheryl acetate;<\/p>\n<\/div>\n<\/div>\n<div class=\"btn\">SI T\u00cb P\u00cbRDORET<\/div>\n<div class=\"board\">\n<div>For people over 12 years of age, it is recommended to take one capsule a day, after a meal. Swallow the whole capsule with liquid. Suitable for people with diabetes.<\/p>\n<p><b>PARALAJM\u00cbRIME:<\/b><br \/>\n<b>\u2022<\/b> Produkti nuk duhet t\u00eb p\u00ebrdoret nga persona q\u00eb jan\u00eb t\u00eb mbindjesh\u00ebm ndaj ndonj\u00ebrit prej p\u00ebrb\u00ebr\u00ebsve t\u00eb produktit.<br \/>\n<b>\u2022<\/b> Doza e rekomanduar ditore nuk duhet t\u00eb tejkalohet.<br \/>\n<b>\u2022<\/b> The product is not intended for people with hypercalcemia and hyperparathyroidism, as well as people under 12 years of age. Precautions are required for people who use thiazides, cardiac glycosides, rifampicin, isoniazid, phenytoin, barbiturates and corticosteroids in their therapy. Excessive use may cause side effects and a doctor should be consulted.<br \/>\n<b>\u2022<\/b> Pregnant or breastfeeding women and people taking pharmacotherapy should consult their physician before using this product.<br \/>\n<b>\u2022<\/b> Ky ila\u00e7 duhet t\u00eb p\u00ebrdoret n\u00ebn mbik\u00ebqyrjen e nj\u00eb mjeku!<\/p>\n<\/div>\n<\/div>\n<\/div>","protected":false},"excerpt":{"rendered":"<p>ABOUT K2 D3 K2 D3\u00ae capsules contain vitamin D3, vitamin K2 and olive oil. Vitamin D3 contributes to the maintenance of normal bones and normal muscle function, contributes to the normal absorption\/utilization of calcium and phosphorus. It has a role in the process of cell division and contributes to the normal functioning of the immune &hellip;<\/p>\n<p class=\"read-more\"> <a class=\"\" href=\"https:\/\/www.alivitpharm.com\/sq\/product\/k2-d3\/\"> <span class=\"screen-reader-text\">K2 D3<\/span> Read More &raquo;<\/a><\/p>","protected":false},"featured_media":13779,"comment_status":"open","ping_status":"closed","template":"","meta":{"site-sidebar-layout":"default","site-content-layout":"default","ast-global-header-display":"","ast-main-header-display":"","ast-hfb-above-header-display":"","ast-hfb-below-header-display":"","ast-hfb-mobile-header-display":"","site-post-title":"","ast-breadcrumbs-content":"","ast-featured-img":"","footer-sml-layout":"","theme-transparent-header-meta":"default","adv-header-id-meta":"","stick-header-meta":"","header-above-stick-meta":"","header-main-stick-meta":"","header-below-stick-meta":""},"product_brand":[],"product_cat":[169,174,183],"product_tag":[],"class_list":{"0":"post-13782","1":"product","2":"type-product","3":"status-publish","4":"has-post-thumbnail","6":"product_cat-cardiovascular-health","7":"product_cat-immune-system","8":"product_cat-womens-health","9":"desktop-align-center","10":"tablet-align-center","11":"mobile-align-center","13":"first","14":"onbackorder","15":"shipping-taxable","16":"product-type-simple"},"_links":{"self":[{"href":"https:\/\/www.alivitpharm.com\/sq\/wp-json\/wp\/v2\/product\/13782","targetHints":{"allow":["GET"]}}],"collection":[{"href":"https:\/\/www.alivitpharm.com\/sq\/wp-json\/wp\/v2\/product"}],"about":[{"href":"https:\/\/www.alivitpharm.com\/sq\/wp-json\/wp\/v2\/types\/product"}],"replies":[{"embeddable":true,"href":"https:\/\/www.alivitpharm.com\/sq\/wp-json\/wp\/v2\/comments?post=13782"}],"wp:featuredmedia":[{"embeddable":true,"href":"https:\/\/www.alivitpharm.com\/sq\/wp-json\/wp\/v2\/media\/13779"}],"wp:attachment":[{"href":"https:\/\/www.alivitpharm.com\/sq\/wp-json\/wp\/v2\/media?parent=13782"}],"wp:term":[{"taxonomy":"product_brand","embeddable":true,"href":"https:\/\/www.alivitpharm.com\/sq\/wp-json\/wp\/v2\/product_brand?post=13782"},{"taxonomy":"product_cat","embeddable":true,"href":"https:\/\/www.alivitpharm.com\/sq\/wp-json\/wp\/v2\/product_cat?post=13782"},{"taxonomy":"product_tag","embeddable":true,"href":"https:\/\/www.alivitpharm.com\/sq\/wp-json\/wp\/v2\/product_tag?post=13782"}],"curies":[{"name":"wp","href":"https:\/\/api.w.org\/{rel}","templated":true}]}}