{"id":13784,"date":"2026-01-23T11:22:39","date_gmt":"2026-01-23T09:22:39","guid":{"rendered":"https:\/\/www.alivitpharm.com\/?post_type=product&#038;p=13784"},"modified":"2026-03-16T13:09:57","modified_gmt":"2026-03-16T11:09:57","slug":"cink-bisglicinat-complex","status":"publish","type":"product","link":"https:\/\/www.alivitpharm.com\/sq\/product\/cink-bisglicinat-complex\/","title":{"rendered":"CINK BISGLICINAT COMPLEX"},"content":{"rendered":"<div class=\"product-accordion\">\n<div class=\"btn\">ABOUT CINK BISGLICINAT COMPLEX<\/div>\n<div class=\"board\">\n<div>\n      <b>CINK BISGLICINAT COMPLEX\u00ae<\/b> capsules contain zinc, vitamin C, blackcurrant leaf, acerola fruit and rosehip.<\/p>\n<p>      Zinc contributes to normal DNA synthesis, normal protein synthesis, normal carbohydrate metabolism, normal cognitive function, maintenance of normal bones, and also contributes to the normal functioning of the immune system, maintenance of normal hair, skin and nails and protection of cells from oxidative stress. Vitamin C contributes to the normal functioning of the immune system, reduction of tiredness and fatigue, normal psychological function. Blackcurrant leaf has an analgesic effect, helps reduce pain, such as muscle and joint pain, and also has an antihypertensive effect, lowers arterial blood pressure, supports capillary function of the skin. Rosehip supports the function of the immune system, contributes to resistance to microorganisms and physical well-being.\n    <\/p><\/div>\n<\/p><\/div>\n<div class=\"btn\">P\u00cbRB\u00cbRJE<\/div>\n<div class=\"board\">\n<div>\n      30 soft gelatin capsules<\/p>\n<p>      <b>\u2022<\/b> <a class=\"custom-link\" href=\"\/sq\/zinc\/\">Zinc bisglycinate<\/a>;<br \/>\n      <b>\u2022<\/b> <a class=\"custom-link\" href=\"\/sq\/vitamin-c\/\">L-ascorbic acid (Vitamin C)<\/a>;<br \/>\n      <b>\u2022<\/b> Pluhur i <a class=\"custom-link\" href=\"#\">blackcurrant leaf<\/a>;<br \/>\n      <b>\u2022<\/b> Pluhur i <a class=\"custom-link\" href=\"#\">acerola fruit<\/a>;<br \/>\n      <b>\u2022<\/b> Pluhur i <a class=\"custom-link\" href=\"\/sq\/wild-rose-rosehip\/\">tr\u00ebndafilit t\u00eb eg\u00ebr<\/a>;<br \/>\n      <b>\u2022<\/b> Kapsula (karbonat kalciumi, hidroksipropil metilceluloz\u00eb), agjent anti-grumbullim: dioksid silikoni, stearat magnezi;\n    <\/div>\n<\/p><\/div>\n<div class=\"btn\">SI T\u00cb P\u00cbRDORET<\/div>\n<div class=\"board\">\n<div>\n      For people over 18 years of age, it is recommended to take one capsule a day. Swallow the whole capsule with liquid. Suitable for people with diabetes.<\/p>\n<p>      <b>PARALAJM\u00cbRIME:<\/b><br \/>\n      <b>\u2022<\/b> Produkti nuk duhet t\u00eb p\u00ebrdoret nga persona q\u00eb jan\u00eb t\u00eb mbindjesh\u00ebm ndaj ndonj\u00ebrit prej p\u00ebrb\u00ebr\u00ebsve t\u00eb produktit.<br \/>\n      <b>\u2022<\/b> Doza e rekomanduar ditore nuk duhet t\u00eb tejkalohet.<br \/>\n      <b>\u2022<\/b> Personat q\u00eb marrin ila\u00e7e duhet t\u00eb konsultohen me nj\u00eb mjek.<br \/>\n      <b>\u2022<\/b> It is not recommended to take more than two weeks continuously. After a break of seven days, continue using the product.<br \/>\n      <b>\u2022<\/b> Nuk rekomandohet p\u00ebr grat\u00eb shtatz\u00ebna, n\u00ebnat q\u00eb ushqejn\u00eb me gji dhe personat n\u00ebn 18 vje\u00e7.\n    <\/div>\n<\/p><\/div>\n<\/div>","protected":false},"excerpt":{"rendered":"<div class=\"my-product-info\">\n<div class=\"two-categories\">\n<div>\n      <img decoding=\"async\" src=\"https:\/\/www.alivitpharm.com\/wp-content\/uploads\/2025\/05\/icon-9.png\" alt=\"100% natyral\" width=\"50px\" height=\"50px\" \/><\/p>\n<div>100% natyral<\/div>\n<\/p><\/div>\n<div>\n      <img decoding=\"async\" src=\"https:\/\/www.alivitpharm.com\/wp-content\/uploads\/2025\/05\/icon-10.png\" alt=\"Jo-OMGJ\" width=\"50px\" height=\"50px\" \/><\/p>\n<div>Jo-OMGJ<\/div>\n<\/p><\/div>\n<div>\n      <img decoding=\"async\" src=\"https:\/\/www.alivitpharm.com\/wp-content\/uploads\/2025\/05\/icon-15.png\" alt=\"Pa gluten\" width=\"50px\" height=\"50px\" \/><\/p>\n<div>Pa gluten<\/div>\n<\/p><\/div>\n<\/p><\/div>\n<\/div>\n<ul>\n<li>Form\u00eb e keluar e zinkut, me biodisponibilitet t\u00eb lart\u00eb.<\/li>\n<li>Nj\u00eb burim natyral i zinkut dhe vitamin\u00ebs C nga tr\u00ebndafili i eg\u00ebr, rrushi i zi dhe acerola.<\/li>\n<li>Mund\u00ebson funksionimin normal t\u00eb sistemit imunitar.<\/li>\n<li>Kontribuon n\u00eb mir\u00ebmbajtjen e flok\u00ebve, l\u00ebkur\u00ebs dhe thonjve normal\u00eb.<\/li>\n<li>Zvog\u00eblon lodhjen dhe rraskapitjen.<\/li>\n<li>Kontribuon n\u00eb funksionin normal psikologjik.<\/li>\n<\/ul>","protected":false},"featured_media":13778,"comment_status":"open","ping_status":"closed","template":"","meta":{"site-sidebar-layout":"default","site-content-layout":"default","ast-global-header-display":"","ast-main-header-display":"","ast-hfb-above-header-display":"","ast-hfb-below-header-display":"","ast-hfb-mobile-header-display":"","site-post-title":"","ast-breadcrumbs-content":"","ast-featured-img":"","footer-sml-layout":"","theme-transparent-header-meta":"default","adv-header-id-meta":"","stick-header-meta":"","header-above-stick-meta":"","header-main-stick-meta":"","header-below-stick-meta":""},"product_brand":[],"product_cat":[174,179,175,183],"product_tag":[],"class_list":{"0":"post-13784","1":"product","2":"type-product","3":"status-publish","4":"has-post-thumbnail","6":"product_cat-immune-system","7":"product_cat-mens-health","8":"product_cat-nervous-system-protection","9":"product_cat-womens-health","10":"desktop-align-center","11":"tablet-align-center","12":"mobile-align-center","14":"first","15":"onbackorder","16":"shipping-taxable","17":"product-type-simple"},"_links":{"self":[{"href":"https:\/\/www.alivitpharm.com\/sq\/wp-json\/wp\/v2\/product\/13784","targetHints":{"allow":["GET"]}}],"collection":[{"href":"https:\/\/www.alivitpharm.com\/sq\/wp-json\/wp\/v2\/product"}],"about":[{"href":"https:\/\/www.alivitpharm.com\/sq\/wp-json\/wp\/v2\/types\/product"}],"replies":[{"embeddable":true,"href":"https:\/\/www.alivitpharm.com\/sq\/wp-json\/wp\/v2\/comments?post=13784"}],"wp:featuredmedia":[{"embeddable":true,"href":"https:\/\/www.alivitpharm.com\/sq\/wp-json\/wp\/v2\/media\/13778"}],"wp:attachment":[{"href":"https:\/\/www.alivitpharm.com\/sq\/wp-json\/wp\/v2\/media?parent=13784"}],"wp:term":[{"taxonomy":"product_brand","embeddable":true,"href":"https:\/\/www.alivitpharm.com\/sq\/wp-json\/wp\/v2\/product_brand?post=13784"},{"taxonomy":"product_cat","embeddable":true,"href":"https:\/\/www.alivitpharm.com\/sq\/wp-json\/wp\/v2\/product_cat?post=13784"},{"taxonomy":"product_tag","embeddable":true,"href":"https:\/\/www.alivitpharm.com\/sq\/wp-json\/wp\/v2\/product_tag?post=13784"}],"curies":[{"name":"wp","href":"https:\/\/api.w.org\/{rel}","templated":true}]}}