{"id":13788,"date":"2026-01-24T21:11:41","date_gmt":"2026-01-24T19:11:41","guid":{"rendered":"https:\/\/www.alivitpharm.com\/?post_type=product&#038;p=13788"},"modified":"2026-03-26T15:10:48","modified_gmt":"2026-03-26T13:10:48","slug":"cardio-max","status":"publish","type":"product","link":"https:\/\/www.alivitpharm.com\/sq\/product\/cardio-max\/","title":{"rendered":"CARDIO MAX"},"content":{"rendered":"<div class=\"product-accordion\">\n<div class=\"btn\">RRETH CARDIO MAX<\/div>\n<div class=\"board\">\n<div><b>CARDIO MAX\u00ae<\/b> soft gelatin capsules are a rich source of active ingredients from the oil extract of fermented garlic, white and red hawthorn, motherwort, valerian, olive and bay tree.<\/p>\n<p>Fermented garlic contributes to heart health, maintains normal blood lipid and homocysteine levels, and thus contributes to the health of blood vessels. Hawthorn supports heart function, increases oxygen supply, improves peripheral circulation, and maintains normal blood pressure. Motherwort maintains the health of the cardiovascular system and maintains normal blood pressure. Valerian improves heart function, increases the elasticity and strength of blood vessel walls, normalizes blood pressure. Olive maintains normal blood pressure and helps maintain normal blood cholesterol levels. Bay leaf helps maintain normal circulation.<\/p>\n<\/div>\n<\/div>\n<div class=\"btn\">P\u00cbRB\u00cbRJE<\/div>\n<div class=\"board\">\n<div>90 kapsula xhelatine t\u00eb buta<\/p>\n<p><b>\u2022<\/b> Ekstrakt i <a class=\"custom-link\" href=\"\/sq\/black-garlic\/\">bulbit t\u00eb hudhr\u00ebs s\u00eb fermentuar <i>(Allium sativum)<\/i><\/a> n\u00eb vaj soje;<br \/>\n<b>\u2022<\/b> Ekstrakt i <a class=\"custom-link\" href=\"\/sq\/white-red-hawthorn\/\">gjetheve dhe luleve t\u00eb murrizit t\u00eb bardh\u00eb dhe t\u00eb kuq <i>(Crataegus monogyna, Crataegus oxyacantha)<\/i><\/a> n\u00eb vaj soje;<br \/>\n<b>\u2022<\/b> Ekstrakt i <a class=\"custom-link\" href=\"\/sq\/motherwort\/\">pjes\u00ebs ajrore t\u00eb gjin\u00e7erit <i>(Leonurus cardiaca)<\/i><\/a> n\u00eb vaj soje;<br \/>\n<b>\u2022<\/b> Ekstrakt i <a class=\"custom-link\" href=\"\/sq\/valerian\/\">valerian root <i>(Valeriana officinalis)<\/i><\/a> n\u00eb vaj soje;<br \/>\n<b>\u2022<\/b> Ekstrakt i <a class=\"custom-link\" href=\"\/sq\/olive-leaf\/\">olive leaf <i>(Olea europaea)<\/i><\/a> n\u00eb vaj soje;<br \/>\n<b>\u2022<\/b> Ekstrakt i <a class=\"custom-link\" href=\"\/sq\/bay-laurel\/\">bay laurel leaf <i>(Laurus nobilis)<\/i><\/a> n\u00eb vaj soje;<br \/>\n<b>\u2022<\/b> Xhelatin\u00eb gjedhi, hidratues: glicerin\u00eb, uj\u00eb i pastruar, agjent kund\u00ebr ngjitjes: dioksid silikoni, antioksidant: acetat DL-alfa-tokoferil, ngjyrues: qymyr druri bimor;<\/p>\n<\/div>\n<\/div>\n<div class=\"btn\">SI T\u00cb P\u00cbRDORET<\/div>\n<div class=\"board\">\n<div>T\u00eb rriturit mbi 18 vje\u00e7 rekomandohet t\u00eb marrin nj\u00eb kapsul\u00eb tri her\u00eb n\u00eb dit\u00eb, gjat\u00eb ose pas vakteve. G\u00eblltisni kapsul\u00ebn e plot\u00eb me l\u00ebng. Produkti mund t\u00eb merret edhe nga personat me diabet.<\/p>\n<p><b>PARALAJM\u00cbRIME:<\/b><br \/>\n<b>\u2022<\/b> Produkti nuk duhet t\u00eb p\u00ebrdoret nga persona q\u00eb jan\u00eb t\u00eb mbindjesh\u00ebm ndaj ndonj\u00ebrit prej p\u00ebrb\u00ebr\u00ebsve t\u00eb produktit.<br \/>\n<b>\u2022<\/b> Konsultohuni me mjekun tuaj n\u00ebse jeni duke marr\u00eb ila\u00e7e, ve\u00e7an\u00ebrisht ila\u00e7e p\u00ebr uljen e tensionit t\u00eb gjakut ose antikoagulant\u00eb.<br \/>\n<b>\u2022<\/b> Para nj\u00eb nd\u00ebrhyrjeje kirurgjikale t\u00eb planifikuar, \u00ebsht\u00eb e nevojshme t\u00eb nd\u00ebrpritet p\u00ebrdorimi i produktit.<br \/>\n<b>\u2022<\/b> Pas kat\u00ebr muajsh p\u00ebrdorimi t\u00eb k\u00ebtij preparati, \u00ebsht\u00eb e nevojshme t\u00eb b\u00ebni nj\u00eb pushim nj\u00ebmujor.<br \/>\n<b>\u2022<\/b> Nuk rekomandohet p\u00ebr grat\u00eb shtatz\u00ebna, n\u00ebnat q\u00eb ushqejn\u00eb me gji dhe personat n\u00ebn 18 vje\u00e7.<br \/>\n<b>\u2022<\/b> Doza e rekomanduar ditore nuk duhet t\u00eb tejkalohet.<\/p>\n<\/div>\n<\/div>\n<\/div>","protected":false},"excerpt":{"rendered":"<div class=\"my-product-info\">\n<div class=\"two-categories\">\n<div><img decoding=\"async\" src=\"https:\/\/www.alivitpharm.com\/wp-content\/uploads\/2025\/05\/icon-9.png\" alt=\"100% natyral\" width=\"50px\" height=\"50px\" \/><\/p>\n<div>100% natyral<\/div>\n<\/div>\n<div><img decoding=\"async\" src=\"https:\/\/www.alivitpharm.com\/wp-content\/uploads\/2025\/05\/icon-10.png\" alt=\"Jo-OMGJ\" width=\"50px\" height=\"50px\" \/><\/p>\n<div>Jo-OMGJ<\/div>\n<\/div>\n<div><img decoding=\"async\" src=\"https:\/\/www.alivitpharm.com\/wp-content\/uploads\/2025\/05\/icon-15.png\" alt=\"Pa gluten\" width=\"50px\" height=\"50px\" \/><\/p>\n<div>Pa gluten<\/div>\n<\/div>\n<\/div>\n<\/div>\n<ul>\n<li>Kontribuon n\u00eb sh\u00ebndetin e zemr\u00ebs dhe t\u00eb en\u00ebve t\u00eb gjakut.<\/li>\n<li>Ruan nivele normale t\u00eb lipideve dhe homocistein\u00ebs n\u00eb gjak.<\/li>\n<li>P\u00ebrmir\u00ebson funksionin e zemr\u00ebs.<\/li>\n<li>Normalizon presionin e gjakut.<\/li>\n<\/ul>","protected":false},"featured_media":13790,"comment_status":"open","ping_status":"closed","template":"","meta":{"site-sidebar-layout":"default","site-content-layout":"default","ast-global-header-display":"","ast-main-header-display":"","ast-hfb-above-header-display":"","ast-hfb-below-header-display":"","ast-hfb-mobile-header-display":"","site-post-title":"","ast-breadcrumbs-content":"","ast-featured-img":"","footer-sml-layout":"","theme-transparent-header-meta":"default","adv-header-id-meta":"","stick-header-meta":"","header-above-stick-meta":"","header-main-stick-meta":"","header-below-stick-meta":""},"product_brand":[],"product_cat":[169],"product_tag":[],"class_list":{"0":"post-13788","1":"product","2":"type-product","3":"status-publish","4":"has-post-thumbnail","6":"product_cat-cardiovascular-health","7":"desktop-align-center","8":"tablet-align-center","9":"mobile-align-center","11":"first","12":"onbackorder","13":"shipping-taxable","14":"product-type-simple"},"_links":{"self":[{"href":"https:\/\/www.alivitpharm.com\/sq\/wp-json\/wp\/v2\/product\/13788","targetHints":{"allow":["GET"]}}],"collection":[{"href":"https:\/\/www.alivitpharm.com\/sq\/wp-json\/wp\/v2\/product"}],"about":[{"href":"https:\/\/www.alivitpharm.com\/sq\/wp-json\/wp\/v2\/types\/product"}],"replies":[{"embeddable":true,"href":"https:\/\/www.alivitpharm.com\/sq\/wp-json\/wp\/v2\/comments?post=13788"}],"wp:featuredmedia":[{"embeddable":true,"href":"https:\/\/www.alivitpharm.com\/sq\/wp-json\/wp\/v2\/media\/13790"}],"wp:attachment":[{"href":"https:\/\/www.alivitpharm.com\/sq\/wp-json\/wp\/v2\/media?parent=13788"}],"wp:term":[{"taxonomy":"product_brand","embeddable":true,"href":"https:\/\/www.alivitpharm.com\/sq\/wp-json\/wp\/v2\/product_brand?post=13788"},{"taxonomy":"product_cat","embeddable":true,"href":"https:\/\/www.alivitpharm.com\/sq\/wp-json\/wp\/v2\/product_cat?post=13788"},{"taxonomy":"product_tag","embeddable":true,"href":"https:\/\/www.alivitpharm.com\/sq\/wp-json\/wp\/v2\/product_tag?post=13788"}],"curies":[{"name":"wp","href":"https:\/\/api.w.org\/{rel}","templated":true}]}}