{"id":3108,"date":"2022-05-24T13:15:51","date_gmt":"2022-05-24T11:15:51","guid":{"rendered":"https:\/\/www.alivitpharm.com\/?post_type=product&#038;p=3108"},"modified":"2026-03-06T16:05:20","modified_gmt":"2026-03-06T14:05:20","slug":"hepato-care","status":"publish","type":"product","link":"https:\/\/www.alivitpharm.com\/sq\/product\/hepato-care\/","title":{"rendered":"HEPATO CARE"},"content":{"rendered":"<div class=\"product-accordion\">\n<div class=\"btn\">RRETH HEPATO CARE<\/div>\n<div class=\"board\">\n<div><b>HEPATO CARE\u00ae<\/b> p\u00ebrmban bim\u00eb q\u00eb p\u00ebrdoren tradicionalisht p\u00ebr t\u00eb rigjeneruar m\u00ebl\u00e7in\u00eb, ve\u00e7an\u00ebrisht n\u00eb rastet e d\u00ebmtimit t\u00eb m\u00ebl\u00e7is\u00eb t\u00eb shkaktuar nga alkooli, ila\u00e7et ose gjendje t\u00eb tilla si hepatiti. Hudhra e fermentuar ka efekte t\u00eb fuqishme antioksiduese dhe ndihmon n\u00eb uljen e niveleve t\u00eb larta t\u00eb enzimave t\u00eb m\u00ebl\u00e7is\u00eb, t\u00eb cilat zakonisht shoq\u00ebrohen me funksion t\u00eb d\u00ebmtuar t\u00eb m\u00ebl\u00e7is\u00eb dhe s\u00ebmundje t\u00eb m\u00ebl\u00e7is\u00eb yndyrore. Luleradhiqe, imortella dhe imortella kan\u00eb veti hepatoprotektive, anti-inflamatore, antimikrobike dhe antioksiduese, t\u00eb cilat nxisin sh\u00ebndetin e p\u00ebrgjithsh\u00ebm gastrointestinal, p\u00ebrmir\u00ebsojn\u00eb tretjen dhe mb\u00ebshtesin funksionin e m\u00ebl\u00e7is\u00eb dhe t\u00eb fshik\u00ebz\u00ebs s\u00eb t\u00ebmthit. Luleradhiqe, hudhra e fermentuar dhe imortella ndihmojn\u00eb n\u00eb uljen e niveleve t\u00eb larta t\u00eb kolesterolit dhe triglicerideve. Yarvella stimulon prodhimin dhe rrjedhjen e t\u00ebmthit. Luleradhiqe rekomandohet gjithashtu p\u00ebr inflamacionin e fshik\u00ebz\u00ebs s\u00eb t\u00ebmthit, gur\u00ebt n\u00eb t\u00ebmth, \u00e7rregullimet e tretjes dhe p\u00ebrdoret gjer\u00ebsisht si terapi mb\u00ebshtet\u00ebse n\u00eb hepatitin viral.<\/div>\n<\/div>\n<div class=\"btn\">P\u00cbRB\u00cbRJE<\/div>\n<div class=\"board\">\n<div>\n90 kapsula xhelatine t\u00eb buta<\/p>\n<p><b>\u2022<\/b> Ekstrakt i <a class=\"custom-link\" href=\"\/sq\/black-garlic\/\">bulbit t\u00eb hudhr\u00ebs s\u00eb fermentuar <i>(Allium sativum)<\/i><\/a> n\u00eb vaj soje;<br \/>\n<b>\u2022<\/b> Ekstrakt i <a class=\"custom-link\" href=\"\/sq\/dandelion\/\">rr\u00ebnj\u00ebs s\u00eb luleradhiqes <i>(Taraxacum officinale)<\/i><\/a> n\u00eb vaj soje;<br \/>\n<b>\u2022<\/b> Ekstrakt i <a class=\"custom-link\" href=\"\/sq\/yarrow\/\">bim\u00ebs s\u00eb p\u00ebrsheshit <i>(Achillea millefolium)<\/i><\/a> n\u00eb vaj soje;<br \/>\n<b>\u2022<\/b> Ekstrakt i <a class=\"custom-link\" href=\"\/sq\/immortelle\/\">bim\u00ebs immortel <i>(Helichrysum italicum)<\/i><\/a> n\u00eb vaj soje;<br \/>\n<b>\u2022<\/b> <a class=\"custom-link\" href=\"\/sq\/vitamin-e\/\">DL-\u03b1-tokoferil acetat (vitamina E)<\/a>;<br \/>\n<b>\u2022<\/b> <a class=\"custom-link\" href=\"\/sq\/vitamin-b1\/\">Mononitrat tiamine (vitamina B1)<\/a>;<br \/>\n<b>\u2022<\/b> <a class=\"custom-link\" href=\"\/sq\/vitamin-b2\/\">Riboflavina (vitamina B2)<\/a>;<br \/>\n<b>\u2022<\/b> <a class=\"custom-link\" href=\"\/sq\/vitamin-b6\/\">Hidroklorur piridoksine (vitamina B6)<\/a>;<br \/>\n<b>\u2022<\/b> Xhelatin\u00eb gjedhi, glicerin\u00eb, uj\u00eb i pastruar, dioksid silikoni, ngjyr\u00eb: qymyr druri bimor;<\/div>\n<\/div>\n<div class=\"btn\">SI T\u00cb P\u00cbRDORET<\/div>\n<div class=\"board\">\n<div>P\u00ebr personat mbi 18 vje\u00e7, rekomandohet t\u00eb marrin nj\u00eb kapsul\u00eb tri her\u00eb n\u00eb dit\u00eb, gjat\u00eb ose pas vakteve. G\u00eblltisni kapsul\u00ebn e plot\u00eb me l\u00ebng. Produkti duhet t\u00eb merret p\u00ebr nj\u00eb periudh\u00eb m\u00eb t\u00eb gjat\u00eb kohore. Produkti mund t\u00eb p\u00ebrdoret edhe nga personat me diabet.<\/p>\n<p><b>PARALAJM\u00cbRIME:<\/b><br \/>\n<b>\u2022<\/b> Doza e rekomanduar ditore nuk duhet t\u00eb tejkalohet.<br \/>\n<b>\u2022<\/b> Produkti nuk \u00ebsht\u00eb i destinuar p\u00ebr persona n\u00ebn 18 vje\u00e7, gra shtatz\u00ebna ose q\u00eb ushqejn\u00eb me gji, ose persona t\u00eb prirur ndaj alergjive t\u00eb ndryshme.<br \/>\n<b>\u2022<\/b> Produkti nuk duhet t\u00eb p\u00ebrdoret nga persona q\u00eb jan\u00eb t\u00eb mbindjesh\u00ebm ndaj ndonj\u00ebrit prej p\u00ebrb\u00ebr\u00ebsve t\u00eb produktit.<br \/>\n<b>\u2022<\/b> Personat q\u00eb marrin ila\u00e7e duhet t\u00eb konsultohen me nj\u00eb mjek.<br \/>\n<b>\u2022<\/b> Mos e merrni nj\u00ebkoh\u00ebsisht me ila\u00e7e antikoagulante.<br \/>\n<b>\u2022<\/b> Para nj\u00eb nd\u00ebrhyrjeje kirurgjikale t\u00eb planifikuar, \u00ebsht\u00eb e nevojshme t\u00eb nd\u00ebrpritet p\u00ebrdorimi i produktit.\n<\/div>\n<\/div>\n<\/div>","protected":false},"excerpt":{"rendered":"<div class=\"my-product-info\">\n<div class=\"two-categories\">\n<div>\n            <img decoding=\"async\" src=\"https:\/\/www.alivitpharm.com\/wp-content\/uploads\/2025\/05\/icon-9.png\" alt=\"100% natyral\" width=\"50px\" height=\"50px\" \/><\/p>\n<div>100% natyral<\/div>\n<\/p><\/div>\n<div>\n            <img decoding=\"async\" src=\"https:\/\/www.alivitpharm.com\/wp-content\/uploads\/2025\/05\/icon-10.png\" alt=\"Jo-OMGJ\" width=\"50px\" height=\"50px\" \/><\/p>\n<div>Jo-OMGJ<\/div>\n<\/p><\/div>\n<div>\n            <img decoding=\"async\" src=\"https:\/\/www.alivitpharm.com\/wp-content\/uploads\/2025\/05\/icon-15.png\" alt=\"Pa gluten\" width=\"50px\" height=\"50px\" \/><\/p>\n<div>Pa gluten<\/div>\n<\/p><\/div>\n<\/p><\/div>\n<\/div>\n<ul>\n<li>Ul nivelin e yndyr\u00ebs dhe enzimave t\u00eb m\u00ebl\u00e7is\u00eb, ndihmon me m\u00ebl\u00e7in\u00eb e dhjamosur.<\/li>\n<li>Ndihmon n\u00eb rigjenerimin e m\u00ebl\u00e7is\u00eb.<\/li>\n<li>Detoksifikimi i trupit.<\/li>\n<li>Ul enzimat e larta t\u00eb m\u00ebl\u00e7is\u00eb.<\/li>\n<li>Rregullon sekretimin e t\u00ebmthit.<\/li>\n<li>Antioksidant i fuqish\u00ebm.<\/li>\n<\/ul>\n<p><a class=\"category-pdf-btn\" href=\"https:\/\/www.alivitpharm.com\/wp-content\/uploads\/2026\/01\/cardiovascular_health_sq.pdf\" target=\"_blank\" rel=\"noopener\">M\u00ebsoni m\u00eb shum\u00eb rreth sh\u00ebndetit kardiovaskular<\/a><br \/>\n<a class=\"category-pdf-btn\" href=\"https:\/\/www.alivitpharm.com\/wp-content\/uploads\/2026\/01\/gastrointestinal_and_liver_health_sq.pdf\" target=\"_blank\" rel=\"noopener\">M\u00ebsoni m\u00eb shum\u00eb rreth sh\u00ebndetit gastrointestinal dhe sh\u00ebndetit t\u00eb m\u00ebl\u00e7is\u00eb<\/a><\/p>","protected":false},"featured_media":13104,"comment_status":"open","ping_status":"closed","template":"","meta":{"site-sidebar-layout":"default","site-content-layout":"default","ast-global-header-display":"","ast-main-header-display":"","ast-hfb-above-header-display":"","ast-hfb-below-header-display":"","ast-hfb-mobile-header-display":"","site-post-title":"","ast-breadcrumbs-content":"","ast-featured-img":"","footer-sml-layout":"","theme-transparent-header-meta":"default","adv-header-id-meta":"","stick-header-meta":"","header-above-stick-meta":"","header-main-stick-meta":"","header-below-stick-meta":""},"product_brand":[],"product_cat":[169,171,170],"product_tag":[],"class_list":{"0":"post-3108","1":"product","2":"type-product","3":"status-publish","4":"has-post-thumbnail","6":"product_cat-cardiovascular-health","7":"product_cat-detox-revitalization","8":"product_cat-digestive-system","9":"desktop-align-center","10":"tablet-align-center","11":"mobile-align-center","13":"first","14":"instock","15":"shipping-taxable","16":"purchasable","17":"product-type-simple"},"_links":{"self":[{"href":"https:\/\/www.alivitpharm.com\/sq\/wp-json\/wp\/v2\/product\/3108","targetHints":{"allow":["GET"]}}],"collection":[{"href":"https:\/\/www.alivitpharm.com\/sq\/wp-json\/wp\/v2\/product"}],"about":[{"href":"https:\/\/www.alivitpharm.com\/sq\/wp-json\/wp\/v2\/types\/product"}],"replies":[{"embeddable":true,"href":"https:\/\/www.alivitpharm.com\/sq\/wp-json\/wp\/v2\/comments?post=3108"}],"wp:featuredmedia":[{"embeddable":true,"href":"https:\/\/www.alivitpharm.com\/sq\/wp-json\/wp\/v2\/media\/13104"}],"wp:attachment":[{"href":"https:\/\/www.alivitpharm.com\/sq\/wp-json\/wp\/v2\/media?parent=3108"}],"wp:term":[{"taxonomy":"product_brand","embeddable":true,"href":"https:\/\/www.alivitpharm.com\/sq\/wp-json\/wp\/v2\/product_brand?post=3108"},{"taxonomy":"product_cat","embeddable":true,"href":"https:\/\/www.alivitpharm.com\/sq\/wp-json\/wp\/v2\/product_cat?post=3108"},{"taxonomy":"product_tag","embeddable":true,"href":"https:\/\/www.alivitpharm.com\/sq\/wp-json\/wp\/v2\/product_tag?post=3108"}],"curies":[{"name":"wp","href":"https:\/\/api.w.org\/{rel}","templated":true}]}}