{"id":3114,"date":"2022-05-24T13:33:44","date_gmt":"2022-05-24T11:33:44","guid":{"rendered":"https:\/\/www.alivitpharm.com\/?post_type=product&#038;p=3114"},"modified":"2026-04-21T19:35:05","modified_gmt":"2026-04-21T17:35:05","slug":"potent-max","status":"publish","type":"product","link":"https:\/\/www.alivitpharm.com\/sq\/product\/potent-max\/","title":{"rendered":"POTENT MAX"},"content":{"rendered":"<div class=\"product-accordion\">\n<div class=\"btn\">RRETH POTENT MAX<\/div>\n<div class=\"board\">\n<div><b>POTENT MAX\u00ae<\/b> p\u00ebrmban ekstrakte bimore q\u00eb mb\u00ebshtesin funksionin erektil dhe rrisin performanc\u00ebn seksuale. <i>Tribulus terrestris<\/i> (hardhia e shpuar) rrit epshin dhe nxit aktivitetin seksual. Fal\u00eb efektit t\u00eb tij pozitiv n\u00eb nivelet e testosteronit, rekomandohet p\u00ebr burrat q\u00eb p\u00ebrjetojn\u00eb mosfunksionim erektil ose infertilitet me origjin\u00eb t\u00eb panjohur.<\/p>\n<p>Hudhra e fermentuar ka nj\u00eb efekt pozitiv n\u00eb en\u00ebt e gjakut, p\u00ebrshpejton qarkullimin, neutralizon radikalet e lira, nd\u00ebrsa farat e fenugreekut rrisin forc\u00ebn fizike, q\u00ebndrueshm\u00ebrin\u00eb, form\u00ebn fizike dhe vitalitetin e t\u00eb gjith\u00eb organizmit, gj\u00eb q\u00eb gjithashtu ka nj\u00eb efekt pozitiv n\u00eb aktivitetin seksual t\u00eb meshkujve. Hudhra e fermentuar p\u00ebrmban nj\u00eb p\u00ebrqendrim t\u00eb lart\u00eb t\u00eb polisulfideve, t\u00eb cilat stimulojn\u00eb prodhimin e H2S, i cili p\u00ebrmir\u00ebson sh\u00ebndetin e sistemit kardiovaskular duke relaksuar muskujt e l\u00ebmuar t\u00eb en\u00ebve t\u00eb gjakut dhe duke ulur presionin e gjakut. S\u00ebmundjet kardiovaskulare, dhe mbi t\u00eb gjitha hipertensioni (si nj\u00eb s\u00ebmundje kryesore) jan\u00eb faktor\u00eb rreziku p\u00ebr zhvillimin e mosfunksionimit erektil, k\u00ebshtu q\u00eb p\u00ebr shkak t\u00eb efektit t\u00eb saj kardioprotektiv, hudhra e fermentuar p\u00ebrdoret gjer\u00ebsisht n\u00eb kushte t\u00eb tilla. P\u00ebrve\u00e7 k\u00ebsaj, hudhra \u00ebsht\u00eb e pasur me komponime bioaktive q\u00eb stimulojn\u00eb qarkullimin dhe k\u00ebshtu leht\u00ebsojn\u00eb ereksionin.<\/p>\n<\/div>\n<\/div>\n<div class=\"btn\">P\u00cbRB\u00cbRJE<\/div>\n<div class=\"board\">\n<div>\n90 kapsula xhelatine t\u00eb buta<\/p>\n<p><b>\u2022<\/b> Ekstrakt i <a class=\"custom-link\" href=\"\/sq\/black-garlic\/\">bulbit t\u00eb hudhr\u00ebs s\u00eb fermentuar <i>(Allium sativum)<\/i><\/a> n\u00eb vaj soje;<br \/>\n<b>\u2022<\/b> Ekstrakt i <a class=\"custom-link\" href=\"\/sq\/goats-head\/\">barit Tribuli <i>(Tribulus terrestris)<\/i><\/a> n\u00eb vaj soje;<br \/>\n<b>\u2022<\/b> Ekstrakt i <a class=\"custom-link\" href=\"\/sq\/fenugreek\/\">frutave t\u00eb helq\u00ebs <i>(Trigonella foenum-graecum)<\/i><\/a> n\u00eb vaj soje;<br \/>\n<b>\u2022<\/b> Antioksidant: vitamin\u00eb E, xhelatin\u00eb vi\u00e7i, glicerin\u00eb, uj\u00eb i pastruar, dioksid silikoni, ngjyr\u00eb: qymyr druri bimor;<\/div>\n<\/div>\n<div class=\"btn\">SI T\u00cb P\u00cbRDORET<\/div>\n<div class=\"board\">\n<div>Personave mbi 18 vje\u00e7 u rekomandohet t\u00eb marrin dy kapsula tri her\u00eb n\u00eb dit\u00eb, gjat\u00eb ose pas vakteve. G\u00eblltisni kapsul\u00ebn e plot\u00eb me l\u00ebng. Produkti mund t\u00eb p\u00ebrdoret edhe nga pacient\u00ebt me diabet.<\/p>\n<p><b>PARALAJM\u00cbRIME:<\/b><br \/>\n<b>\u2022<\/b> Doza e rekomanduar ditore nuk duhet t\u00eb tejkalohet.<br \/>\n<b>\u2022<\/b> Produkti nuk \u00ebsht\u00eb i destinuar p\u00ebr persona n\u00ebn 18 vje\u00e7 dhe persona me funksion t\u00eb d\u00ebmtuar t\u00eb m\u00ebl\u00e7is\u00eb.<br \/>\n<b>\u2022<\/b> Nuk rekomandohet ta merrni at\u00eb p\u00ebr m\u00eb shum\u00eb se dy jav\u00eb rresht.<br \/>\n<b>\u2022<\/b> Produkti nuk duhet t\u00eb p\u00ebrdoret nga persona q\u00eb jan\u00eb t\u00eb mbindjesh\u00ebm ndaj ndonj\u00ebrit prej p\u00ebrb\u00ebr\u00ebsve t\u00eb produktit.<br \/>\n<b>\u2022<\/b> Personat q\u00eb marrin ila\u00e7e duhet t\u00eb konsultohen me nj\u00eb mjek.<br \/>\n<b>\u2022<\/b> Kujdes i ve\u00e7ant\u00eb k\u00ebrkohet tek pacient\u00ebt q\u00eb p\u00ebrdorin frenues t\u00eb MAO-s, antikoagulant\u00eb oral\u00eb, terapi hormonale ose antihipertensiv\u00eb.<br \/>\n<b>\u2022<\/b> Gjat\u00eb aplikimit, rekomandohet t\u00eb shmangni ekspozimin n\u00eb diell ose t\u00eb p\u00ebrdorni produkte me nj\u00eb faktor t\u00eb lart\u00eb mbrojt\u00ebs.\n<\/div>\n<\/div>\n<\/div>","protected":false},"excerpt":{"rendered":"<div class=\"my-product-info\">\n<div class=\"two-categories\">\n<div><img decoding=\"async\" src=\"https:\/\/www.alivitpharm.com\/wp-content\/uploads\/2025\/05\/icon-9.png\" alt=\"100% natyral\" width=\"50px\" height=\"50px\" \/><\/p>\n<div>100% natyral<\/div>\n<\/p><\/div>\n<div>\n            <img decoding=\"async\" src=\"https:\/\/www.alivitpharm.com\/wp-content\/uploads\/2025\/05\/icon-10.png\" alt=\"Jo-OMGJ\" width=\"50px\" height=\"50px\" \/><\/p>\n<div>Jo-OMGJ<\/div>\n<\/p><\/div>\n<div>\n            <img decoding=\"async\" src=\"https:\/\/www.alivitpharm.com\/wp-content\/uploads\/2025\/05\/icon-15.png\" alt=\"Pa gluten\" width=\"50px\" height=\"50px\" \/><\/p>\n<div>Pa gluten<\/div>\n<\/p><\/div>\n<\/p><\/div>\n<\/div>\n<ul>\n<li>Ndihmon n\u00eb rregullimin e mosfunksionimit erektil.<\/li>\n<li>Ajo \u00e7on n\u00eb nj\u00eb rritje t\u00eb niveleve t\u00eb testosteronit.<\/li>\n<li>Rrit forc\u00ebn, q\u00ebndrueshm\u00ebrin\u00eb dhe mas\u00ebn muskulore.<\/li>\n<li>Rrit epshin dhe stimulon aktivitetin seksual.<\/li>\n<li>P\u00ebrmir\u00ebson qarkullimin.<\/li>\n<li>Ka nj\u00eb efekt pozitiv n\u00eb pjellorin\u00eb mashkullore, duke rritur p\u00ebrqendrimin e spermatozoideve l\u00ebviz\u00ebse dhe shpejt\u00ebsin\u00eb e tyre.<\/li>\n<\/ul>\n<p><a class=\"category-pdf-btn\" href=\"https:\/\/www.alivitpharm.com\/wp-content\/uploads\/2026\/01\/the_urogenital_tract_sq.pdf\" target=\"_blank\" rel=\"noopener\">M\u00ebsoni m\u00eb shum\u00eb rreth traktit urogjenital<\/a><\/p>","protected":false},"featured_media":13109,"comment_status":"open","ping_status":"closed","template":"","meta":{"site-sidebar-layout":"default","site-content-layout":"default","ast-global-header-display":"","ast-main-header-display":"","ast-hfb-above-header-display":"","ast-hfb-below-header-display":"","ast-hfb-mobile-header-display":"","site-post-title":"","ast-breadcrumbs-content":"","ast-featured-img":"","footer-sml-layout":"","theme-transparent-header-meta":"default","adv-header-id-meta":"","stick-header-meta":"","header-above-stick-meta":"","header-main-stick-meta":"","header-below-stick-meta":""},"product_brand":[],"product_cat":[172,179],"product_tag":[],"class_list":{"0":"post-3114","1":"product","2":"type-product","3":"status-publish","4":"has-post-thumbnail","6":"product_cat-hormonal-balance","7":"product_cat-mens-health","8":"desktop-align-center","9":"tablet-align-center","10":"mobile-align-center","12":"first","13":"instock","14":"shipping-taxable","15":"purchasable","16":"product-type-simple"},"_links":{"self":[{"href":"https:\/\/www.alivitpharm.com\/sq\/wp-json\/wp\/v2\/product\/3114","targetHints":{"allow":["GET"]}}],"collection":[{"href":"https:\/\/www.alivitpharm.com\/sq\/wp-json\/wp\/v2\/product"}],"about":[{"href":"https:\/\/www.alivitpharm.com\/sq\/wp-json\/wp\/v2\/types\/product"}],"replies":[{"embeddable":true,"href":"https:\/\/www.alivitpharm.com\/sq\/wp-json\/wp\/v2\/comments?post=3114"}],"wp:featuredmedia":[{"embeddable":true,"href":"https:\/\/www.alivitpharm.com\/sq\/wp-json\/wp\/v2\/media\/13109"}],"wp:attachment":[{"href":"https:\/\/www.alivitpharm.com\/sq\/wp-json\/wp\/v2\/media?parent=3114"}],"wp:term":[{"taxonomy":"product_brand","embeddable":true,"href":"https:\/\/www.alivitpharm.com\/sq\/wp-json\/wp\/v2\/product_brand?post=3114"},{"taxonomy":"product_cat","embeddable":true,"href":"https:\/\/www.alivitpharm.com\/sq\/wp-json\/wp\/v2\/product_cat?post=3114"},{"taxonomy":"product_tag","embeddable":true,"href":"https:\/\/www.alivitpharm.com\/sq\/wp-json\/wp\/v2\/product_tag?post=3114"}],"curies":[{"name":"wp","href":"https:\/\/api.w.org\/{rel}","templated":true}]}}