{"id":3116,"date":"2022-05-24T13:47:45","date_gmt":"2022-05-24T11:47:45","guid":{"rendered":"https:\/\/www.alivitpharm.com\/?post_type=product&#038;p=3116"},"modified":"2026-02-26T10:51:17","modified_gmt":"2026-02-26T08:51:17","slug":"digestiv","status":"publish","type":"product","link":"https:\/\/www.alivitpharm.com\/sq\/product\/digestiv\/","title":{"rendered":"DIGESTIV"},"content":{"rendered":"<div class=\"product-accordion\">\n<div class=\"btn\">RRETH DIGESTIV<\/div>\n<div class=\"board\">\n<div><b>DIGESTIV\u00ae<\/b> p\u00ebrmban gjasht\u00eb ekstrakte bimore, p\u00ebrb\u00ebr\u00ebsit aktiv\u00eb t\u00eb t\u00eb cilave veprojn\u00eb n\u00eb m\u00ebnyr\u00eb sinergjike p\u00ebr t\u00eb leht\u00ebsuar shqet\u00ebsimet e tretjes. Kamomili, mentja, qimnoni, angjelika dhe rozmarina ndihmojn\u00eb n\u00eb relaksimin e muskujve t\u00eb l\u00ebmuar t\u00eb traktit gastrointestinal dhe n\u00eb uljen e gazrave. Hudhra e fermentuar, e kombinuar me kamomilin dhe qimnonin, stimulon l\u00ebvizshm\u00ebrin\u00eb e zorr\u00ebve dhe rrit eliminimin e gazrave, duke e b\u00ebr\u00eb at\u00eb t\u00eb p\u00ebrshtatshme p\u00ebr l\u00ebvizje t\u00eb ngadalta t\u00eb zorr\u00ebve (\"zorr\u00eb dembele\"), kapsll\u00ebk dhe parregullsi t\u00eb zorr\u00ebve. Fal\u00eb aktivitetit antimikrobik t\u00eb hudhr\u00ebs s\u00eb fermentuar dhe vetive gastroprotektive t\u00eb vajit t\u00eb ullirit, kjo formul\u00eb mb\u00ebshtet rigjenerimin e mukoz\u00ebs s\u00eb stomakut dhe zorr\u00ebve t\u00eb inflamuar.<\/p>\n<p>Ekstraktet bimore t\u00eb lartp\u00ebrmendura ndihmojn\u00eb gjithashtu me \u00e7rregullimet e tretjes, t\u00eb tilla si dispepsia funksionale, sindroma e zorr\u00ebs s\u00eb irritueshme dhe gastriti, duke zvog\u00ebluar dhimbjen e stomakut, ndjesin\u00eb e ngopjes, fryrjen, dhimbjet tret\u00ebse, belb\u00ebzimet, t\u00eb p\u00ebrzierat dhe urthin.<\/p>\n<\/div>\n<\/div>\n<div class=\"btn\">P\u00cbRB\u00cbRJE<\/div>\n<div class=\"board\">\n<div>\n90 kapsula xhelatine t\u00eb buta<\/p>\n<p><b>\u2022<\/b> Ekstrakt i <a class=\"custom-link\" href=\"\/sq\/black-garlic\/\">bulbit t\u00eb hudhr\u00ebs s\u00eb fermentuar <i>(Allium sativum)<\/i><\/a> n\u00eb <a class=\"custom-link\" href=\"\/sq\/olive-oil\/\">vaj ulliri<\/a>;<br \/>\n<b>\u2022<\/b> Ekstrakt i <a class=\"custom-link\" href=\"\/sq\/chamomile\/\">lules s\u00eb kamomil\u00ebs <i>(Matricaria recutita)<\/i><\/a> n\u00eb <a class=\"custom-link\" href=\"\/sq\/olive-oil\/\">vaj ulliri<\/a>;<br \/>\n<b>\u2022<\/b> Ekstrakt i <a class=\"custom-link\" href=\"\/sq\/peppermint\/\">gjetheve t\u00eb ment\u00ebs <i>(Mentha \u00d7 piperita)<\/i><\/a> n\u00eb <a class=\"custom-link\" href=\"\/sq\/olive-oil\/\">vaj ulliri<\/a>;<br \/>\n<b>\u2022<\/b> Ekstrakt i <a class=\"custom-link\" href=\"\/sq\/caraway\/\">frutave t\u00eb karafilit <i>(Carum carvi)<\/i><\/a> n\u00eb <a class=\"custom-link\" href=\"\/sq\/olive-oil\/\">vaj ulliri<\/a>;<br \/>\n<b>\u2022<\/b> Ekstrakt i <a class=\"custom-link\" href=\"\/sq\/angelica-archangelica\/\">rr\u00ebnj\u00ebs s\u00eb angjelik\u00ebs <i>(Angelica archangelica)<\/i><\/a> n\u00eb <a class=\"custom-link\" href=\"\/sq\/olive-oil\/\">vaj ulliri<\/a>;<br \/>\n<b>\u2022<\/b> Ekstrakt i <a class=\"custom-link\" href=\"\/sq\/rosemary\/\">gjethes s\u00eb rozmarin\u00ebs <i>(Rosmarinus officinalis)<\/i><\/a> n\u00eb <a class=\"custom-link\" href=\"\/sq\/olive-oil\/\">vaj ulliri<\/a>;<br \/>\n<b>\u2022<\/b> Xhelatin\u00eb gjedhi, glicerin\u00eb, uj\u00eb i pastruar, dioksid silici, antioksidant: acetat DL-\u03b1-tokoferili, ngjyr\u00eb: qymyr druri bimor;<\/div>\n<\/div>\n<div class=\"btn\">SI T\u00cb P\u00cbRDORET<\/div>\n<div class=\"board\">\n<div>P\u00ebr personat mbi 12 vje\u00e7, rekomandohet t\u00eb marrin nj\u00eb kapsul\u00eb tri her\u00eb n\u00eb dit\u00eb, gjat\u00eb ose pas vakteve. G\u00eblltisni kapsul\u00ebn e plot\u00eb me l\u00ebng. Produkti duhet t\u00eb merret p\u00ebr nj\u00eb koh\u00eb t\u00eb gjat\u00eb.<\/p>\n<p><b>PARALAJM\u00cbRIME:<\/b><br \/>\n<b>\u2022<\/b> Doza e rekomanduar ditore nuk duhet t\u00eb tejkalohet.<br \/>\n<b>\u2022<\/b> Produkti nuk \u00ebsht\u00eb i destinuar p\u00ebr persona n\u00ebn 12 vje\u00e7, gra shtatz\u00ebna ose q\u00eb ushqejn\u00eb me gji.<br \/>\n<b>\u2022<\/b> Produkti nuk duhet t\u00eb p\u00ebrdoret nga persona q\u00eb jan\u00eb t\u00eb mbindjesh\u00ebm ndaj ndonj\u00ebrit prej p\u00ebrb\u00ebr\u00ebsve t\u00eb produktit.<br \/>\n<b>\u2022<\/b> Personat q\u00eb marrin ila\u00e7e duhet t\u00eb konsultohen me nj\u00eb mjek.<br \/>\n<b>\u2022<\/b> Mos e merrni nj\u00ebkoh\u00ebsisht me ila\u00e7e antikoagulante.<br \/>\n<b>\u2022<\/b> Para nj\u00eb nd\u00ebrhyrjeje kirurgjikale t\u00eb planifikuar, \u00ebsht\u00eb e nevojshme t\u00eb nd\u00ebrpritet p\u00ebrdorimi i produktit.\n<\/div>\n<\/div>\n<\/div>","protected":false},"excerpt":{"rendered":"<div class=\"my-product-info\">\n<div class=\"two-categories\">\n<div>\n            <img decoding=\"async\" src=\"https:\/\/www.alivitpharm.com\/wp-content\/uploads\/2025\/05\/icon-9.png\" alt=\"100% natyral\" width=\"50px\" height=\"50px\" \/><\/p>\n<div>100% natyral<\/div>\n<\/p><\/div>\n<div>\n            <img decoding=\"async\" src=\"https:\/\/www.alivitpharm.com\/wp-content\/uploads\/2025\/05\/icon-10.png\" alt=\"Jo-OMGJ\" width=\"50px\" height=\"50px\" \/><\/p>\n<div>Jo-OMGJ<\/div>\n<\/p><\/div>\n<div>\n            <img decoding=\"async\" src=\"https:\/\/www.alivitpharm.com\/wp-content\/uploads\/2025\/05\/icon-15.png\" alt=\"Pa gluten\" width=\"50px\" height=\"50px\" \/><\/p>\n<div>Pa gluten<\/div>\n<\/p><\/div>\n<\/p><\/div>\n<\/div>\n<ul>\n<li>Zvog\u00eblon fryrjen, dhimbjet e barkut, t\u00eb p\u00ebrzierat dhe urthin.<\/li>\n<li>P\u00ebrshpejton eliminimin e gazrave.<\/li>\n<li>Qet\u00ebson inflamacionin e mukoz\u00ebs s\u00eb stomakut dhe zorr\u00ebve.<\/li>\n<li>P\u00ebrshpejton tretjen dhe rregullon funksionin e zorr\u00ebve.<\/li>\n<li>Prebiotik natyral.<\/li>\n<li>Ndihmon n\u00eb trajtimin e <i>Helicobacter pylori<\/i>.<\/li>\n<\/ul>\n<p><a class=\"category-pdf-btn\" href=\"https:\/\/www.alivitpharm.com\/wp-content\/uploads\/2026\/01\/gastrointestinal_and_liver_health_sq.pdf\" target=\"_blank\" rel=\"noopener\">M\u00ebsoni m\u00eb shum\u00eb rreth sh\u00ebndetit gastrointestinal dhe sh\u00ebndetit t\u00eb m\u00ebl\u00e7is\u00eb<\/a><\/p>","protected":false},"featured_media":13103,"comment_status":"open","ping_status":"closed","template":"","meta":{"site-sidebar-layout":"default","site-content-layout":"default","ast-global-header-display":"","ast-main-header-display":"","ast-hfb-above-header-display":"","ast-hfb-below-header-display":"","ast-hfb-mobile-header-display":"","site-post-title":"","ast-breadcrumbs-content":"","ast-featured-img":"","footer-sml-layout":"","theme-transparent-header-meta":"default","adv-header-id-meta":"","stick-header-meta":"","header-above-stick-meta":"","header-main-stick-meta":"","header-below-stick-meta":""},"product_brand":[],"product_cat":[170],"product_tag":[],"class_list":{"0":"post-3116","1":"product","2":"type-product","3":"status-publish","4":"has-post-thumbnail","6":"product_cat-digestive-system","7":"desktop-align-center","8":"tablet-align-center","9":"mobile-align-center","11":"first","12":"instock","13":"shipping-taxable","14":"purchasable","15":"product-type-simple"},"_links":{"self":[{"href":"https:\/\/www.alivitpharm.com\/sq\/wp-json\/wp\/v2\/product\/3116","targetHints":{"allow":["GET"]}}],"collection":[{"href":"https:\/\/www.alivitpharm.com\/sq\/wp-json\/wp\/v2\/product"}],"about":[{"href":"https:\/\/www.alivitpharm.com\/sq\/wp-json\/wp\/v2\/types\/product"}],"replies":[{"embeddable":true,"href":"https:\/\/www.alivitpharm.com\/sq\/wp-json\/wp\/v2\/comments?post=3116"}],"wp:featuredmedia":[{"embeddable":true,"href":"https:\/\/www.alivitpharm.com\/sq\/wp-json\/wp\/v2\/media\/13103"}],"wp:attachment":[{"href":"https:\/\/www.alivitpharm.com\/sq\/wp-json\/wp\/v2\/media?parent=3116"}],"wp:term":[{"taxonomy":"product_brand","embeddable":true,"href":"https:\/\/www.alivitpharm.com\/sq\/wp-json\/wp\/v2\/product_brand?post=3116"},{"taxonomy":"product_cat","embeddable":true,"href":"https:\/\/www.alivitpharm.com\/sq\/wp-json\/wp\/v2\/product_cat?post=3116"},{"taxonomy":"product_tag","embeddable":true,"href":"https:\/\/www.alivitpharm.com\/sq\/wp-json\/wp\/v2\/product_tag?post=3116"}],"curies":[{"name":"wp","href":"https:\/\/api.w.org\/{rel}","templated":true}]}}