{"id":3118,"date":"2022-05-24T13:49:50","date_gmt":"2022-05-24T11:49:50","guid":{"rendered":"https:\/\/www.alivitpharm.com\/?post_type=product&#038;p=3118"},"modified":"2026-02-10T15:41:06","modified_gmt":"2026-02-10T13:41:06","slug":"cardio-plus","status":"publish","type":"product","link":"https:\/\/www.alivitpharm.com\/sq\/product\/cardio-plus\/","title":{"rendered":"CARDIO PLUS"},"content":{"rendered":"<div class=\"product-accordion\">\n<div class=\"btn\">RRETH CARDIO PLUS<\/div>\n<div class=\"board\">\n<div>\n      <b>CARDIO PLUS\u00ae<\/b> p\u00ebrmban p\u00ebrb\u00ebr\u00ebs me baz\u00eb bimore q\u00eb mb\u00ebshtesin funksionin e sh\u00ebndetsh\u00ebm t\u00eb sistemit kardiovaskular dhe ndihmojn\u00eb n\u00eb parandalimin e pamjaftueshm\u00ebris\u00eb kardiake. Hudhra e fermentuar ofron mbrojtje t\u00eb fort\u00eb antioksiduese, mbron qelizat miokardiale nga stresi oksidativ, ndihmon n\u00eb ruajtjen e niveleve normale t\u00eb kolesterolit total, LDL dhe HDL, dhe mb\u00ebshtet nivelet e sh\u00ebndetshme t\u00eb homocistein\u00ebs. Gjethet dhe lulet e murrizit p\u00ebrmir\u00ebsojn\u00eb oksigjenimin dhe qarkullimin n\u00eb indet e zemr\u00ebs, rrisin forc\u00ebn e tkurrjeve kardiake dhe ndihmojn\u00eb n\u00eb rregullimin e ritmit t\u00eb zemr\u00ebs. S\u00eb bashku me veshtull\u00ebn, ato ndihmojn\u00eb n\u00eb uljen e presionit t\u00eb lart\u00eb t\u00eb gjakut.<\/p>\n<p>Ky preparat \u00ebsht\u00eb menduar ve\u00e7an\u00ebrisht p\u00ebr njer\u00ebzit q\u00eb tashm\u00eb kan\u00eb hiperkolesterolemi (nivele t\u00eb larta t\u00eb kolesterolit), ndonj\u00eb form\u00eb t\u00eb d\u00ebshtimit t\u00eb zemr\u00ebs (funksion t\u00eb dob\u00ebsuar t\u00eb zemr\u00ebs), si dhe hipertension (tension t\u00eb lart\u00eb t\u00eb gjakut), por mund t\u00eb p\u00ebrdoret edhe nga njer\u00ebz t\u00eb sh\u00ebndetsh\u00ebm, ve\u00e7an\u00ebrisht ata me nj\u00eb histori pozitive familjare t\u00eb s\u00ebmundjeve kardiovaskulare.\n    <\/p><\/div>\n<\/p><\/div>\n<div class=\"btn\">P\u00cbRB\u00cbRJE<\/div>\n<div class=\"board\">\n<div>\n      90 kapsula xhelatine t\u00eb buta<\/p>\n<p>      <b>\u2022<\/b> Ekstrakt i <a class=\"custom-link\" href=\"\/sq\/black-garlic\/\">bulbit t\u00eb hudhr\u00ebs s\u00eb fermentuar <i>(Allium sativum)<\/i><\/a> n\u00eb vaj soje;<br \/>\n      <b>\u2022<\/b> Ekstrakt i <a class=\"custom-link\" href=\"\/sq\/white-red-hawthorn\/\">gjetheve dhe luleve t\u00eb murrizit t\u00eb bardh\u00eb dhe t\u00eb kuq <i>(Crataegus monogyna, Crataegus oxyacantha)<\/i><\/a> n\u00eb vaj soje;<br \/>\n      <b>\u2022<\/b> Ekstrakt i <a class=\"custom-link\" href=\"\/sq\/white-mistletoe\/\">barit t\u00eb veshtull\u00ebs s\u00eb bardh\u00eb <i>(Viscum album)<\/i><\/a> n\u00eb vaj soje;<br \/>\n      <b>\u2022<\/b> Antioksidant: vitamin\u00eb E, xhelatin\u00eb vi\u00e7i, glicerin\u00eb, uj\u00eb i pastruar, dioksid silikoni, ngjyr\u00eb: qymyr druri bimor;\n    <\/div>\n<\/p><\/div>\n<div class=\"btn\">SI T\u00cb P\u00cbRDORET<\/div>\n<div class=\"board\">\n<div>\n      Personave mbi 18 vje\u00e7 u rekomandohet t\u00eb marrin dy kapsula tri her\u00eb n\u00eb dit\u00eb, gjat\u00eb ose pas vakteve. G\u00eblltisni kapsul\u00ebn e plot\u00eb me l\u00ebng. Produkti mund t\u00eb p\u00ebrdoret edhe nga pacient\u00ebt me diabet.<\/p>\n<p>      <b>PARALAJM\u00cbRIME:<\/b><br \/>\n      <b>\u2022<\/b> Doza e rekomanduar ditore nuk duhet t\u00eb tejkalohet.<br \/>\n      <b>\u2022<\/b> Produkti nuk \u00ebsht\u00eb i destinuar p\u00ebr persona n\u00ebn 18 vje\u00e7, gra shtatz\u00ebna dhe ato q\u00eb ushqejn\u00eb me gji, si dhe p\u00ebr gjendje akute inflamatore dhe tuberkuloz.<br \/>\n      <b>\u2022<\/b> Produkti nuk duhet t\u00eb p\u00ebrdoret nga persona q\u00eb jan\u00eb t\u00eb mbindjesh\u00ebm ndaj ndonj\u00ebrit prej p\u00ebrb\u00ebr\u00ebsve t\u00eb produktit.<br \/>\n      <b>\u2022<\/b> Personat q\u00eb marrin ila\u00e7e duhet t\u00eb konsultohen me nj\u00eb mjek.<br \/>\n      <b>\u2022<\/b> Mos e merrni nj\u00ebkoh\u00ebsisht me ila\u00e7e antikoagulante.<br \/>\n      <b>\u2022<\/b> Kujdes i ve\u00e7ant\u00eb k\u00ebrkohet tek pacient\u00ebt q\u00eb marrin digoksin\u00eb, beta bllokues ose antiaritmik\u00eb, dhe ne ju k\u00ebshillojm\u00eb q\u00eb t\u00eb konsultoheni me mjekun ose farmacistin tuaj n\u00eb rast t\u00eb ndonj\u00eb terapie kardiologjike.<br \/>\n      <b>\u2022<\/b> Pas kat\u00ebr muajsh p\u00ebrdorimi t\u00eb k\u00ebtij preparati, \u00ebsht\u00eb e nevojshme t\u00eb b\u00ebni nj\u00eb pushim nj\u00ebmujor.\n    <\/div>\n<\/p><\/div>\n<\/div>","protected":false},"excerpt":{"rendered":"<div class=\"my-product-info\">\n<div class=\"two-categories\">\n<div>\n            <img decoding=\"async\" src=\"https:\/\/www.alivitpharm.com\/wp-content\/uploads\/2025\/05\/icon-9.png\" alt=\"100% natyral\" width=\"50px\" height=\"50px\" \/><\/p>\n<div>100% natyral<\/div>\n<\/p><\/div>\n<div>\n            <img decoding=\"async\" src=\"https:\/\/www.alivitpharm.com\/wp-content\/uploads\/2025\/05\/icon-10.png\" alt=\"Jo-OMGJ\" width=\"50px\" height=\"50px\" \/><\/p>\n<div>Jo-OMGJ<\/div>\n<\/p><\/div>\n<div>\n            <img decoding=\"async\" src=\"https:\/\/www.alivitpharm.com\/wp-content\/uploads\/2025\/05\/icon-15.png\" alt=\"Pa gluten\" width=\"50px\" height=\"50px\" \/><\/p>\n<div>Pa gluten<\/div>\n<\/p><\/div>\n<\/p><\/div>\n<\/div>\n<ul>\n<li>Ul tensionin e lart\u00eb t\u00eb gjakut.<\/li>\n<li>Zvog\u00eblon nivelet e larta t\u00eb yndyr\u00ebs n\u00eb trup.<\/li>\n<li>Forcon muskulin e zemr\u00ebs, ndihmon me d\u00ebshtimin e zemr\u00ebs dhe angin\u00eb pektoris.<\/li>\n<li>Ndihmon n\u00eb rikuperimin pas nj\u00eb ataku n\u00eb zem\u00ebr ose goditje n\u00eb tru.<\/li>\n<li>Antioksidant i fuqish\u00ebm.<\/li>\n<\/ul>\n<p><a class=\"category-pdf-btn\" href=\"https:\/\/www.alivitpharm.com\/wp-content\/uploads\/2026\/01\/cardiovascular_health_sq.pdf\" target=\"_blank\" rel=\"noopener\">M\u00ebsoni m\u00eb shum\u00eb rreth sh\u00ebndetit kardiovaskular<\/a><\/p>","protected":false},"featured_media":13101,"comment_status":"open","ping_status":"closed","template":"","meta":{"site-sidebar-layout":"default","site-content-layout":"default","ast-global-header-display":"","ast-main-header-display":"","ast-hfb-above-header-display":"","ast-hfb-below-header-display":"","ast-hfb-mobile-header-display":"","site-post-title":"","ast-breadcrumbs-content":"","ast-featured-img":"","footer-sml-layout":"","theme-transparent-header-meta":"default","adv-header-id-meta":"","stick-header-meta":"","header-above-stick-meta":"","header-main-stick-meta":"","header-below-stick-meta":""},"product_brand":[],"product_cat":[169],"product_tag":[],"class_list":{"0":"post-3118","1":"product","2":"type-product","3":"status-publish","4":"has-post-thumbnail","6":"product_cat-cardiovascular-health","7":"desktop-align-center","8":"tablet-align-center","9":"mobile-align-center","11":"first","12":"instock","13":"shipping-taxable","14":"purchasable","15":"product-type-simple"},"_links":{"self":[{"href":"https:\/\/www.alivitpharm.com\/sq\/wp-json\/wp\/v2\/product\/3118","targetHints":{"allow":["GET"]}}],"collection":[{"href":"https:\/\/www.alivitpharm.com\/sq\/wp-json\/wp\/v2\/product"}],"about":[{"href":"https:\/\/www.alivitpharm.com\/sq\/wp-json\/wp\/v2\/types\/product"}],"replies":[{"embeddable":true,"href":"https:\/\/www.alivitpharm.com\/sq\/wp-json\/wp\/v2\/comments?post=3118"}],"wp:featuredmedia":[{"embeddable":true,"href":"https:\/\/www.alivitpharm.com\/sq\/wp-json\/wp\/v2\/media\/13101"}],"wp:attachment":[{"href":"https:\/\/www.alivitpharm.com\/sq\/wp-json\/wp\/v2\/media?parent=3118"}],"wp:term":[{"taxonomy":"product_brand","embeddable":true,"href":"https:\/\/www.alivitpharm.com\/sq\/wp-json\/wp\/v2\/product_brand?post=3118"},{"taxonomy":"product_cat","embeddable":true,"href":"https:\/\/www.alivitpharm.com\/sq\/wp-json\/wp\/v2\/product_cat?post=3118"},{"taxonomy":"product_tag","embeddable":true,"href":"https:\/\/www.alivitpharm.com\/sq\/wp-json\/wp\/v2\/product_tag?post=3118"}],"curies":[{"name":"wp","href":"https:\/\/api.w.org\/{rel}","templated":true}]}}