{"id":3120,"date":"2022-05-24T13:51:37","date_gmt":"2022-05-24T11:51:37","guid":{"rendered":"https:\/\/www.alivitpharm.com\/?post_type=product&#038;p=3120"},"modified":"2026-02-26T10:28:54","modified_gmt":"2026-02-26T08:28:54","slug":"neuro","status":"publish","type":"product","link":"https:\/\/www.alivitpharm.com\/sq\/product\/neuro\/","title":{"rendered":"NEURO"},"content":{"rendered":"<div class=\"product-accordion\">\n<div class=\"btn\">RRETH NEURO<\/div>\n<div class=\"board\">\n<div><b>NEURO\u00ae<\/b> p\u00ebrmban hudh\u00ebr t\u00eb fermentuar, rozmarin\u00eb dhe \u00e7aj jeshil, t\u00eb cil\u00ebt shfaqin efekte t\u00eb forta antioksiduese dhe neuroprotektive. Rekomandohet p\u00ebr parandalimin dhe leht\u00ebsimin e simptomave t\u00eb shoq\u00ebruara me gjendje neurodegjenerative. P\u00ebr shkak t\u00eb vetive t\u00eb tyre anti-inflamatore dhe ndikimit pozitiv n\u00eb mikroqarkullim, k\u00ebto bim\u00eb p\u00ebrdoren p\u00ebr t\u00eb mb\u00ebshtetur njer\u00ebzit me polineuropati diabetike dhe radikulopati t\u00eb ndryshme, duke e b\u00ebr\u00eb NEURO ve\u00e7an\u00ebrisht efektiv n\u00eb parandalimin e komplikacioneve diabetike. Livandoja kontribuon n\u00eb ekuilibrin e sistemit nervor, ndihmon me lodhjen nervore dhe \u00e7rregullimet e gjumit, dhe rrit efektet qet\u00ebsuese t\u00eb produktit.<\/p>\n<p>Hudhra e fermentuar ka veti antioksiduese (neutralizon radikalet e lira dhe mbron qelizat nga stresi oksidativ), anti-inflamatore (zvog\u00eblon mund\u00ebsin\u00eb e nj\u00eb reaksioni inflamator), dhe gjithashtu luan nj\u00eb rol shum\u00eb t\u00eb r\u00ebnd\u00ebsish\u00ebm si ndihm\u00ebs n\u00eb trajtimin dhe eliminimin e s\u00ebmundjeve neurodegjenerative (demenca, s\u00ebmundja e Alzheimerit dhe Parkinsonit). N\u00eb mjek\u00ebsin\u00eb persiane, n\u00eb trajtimin e s\u00ebmundjes s\u00eb Parkinsonit, p\u00ebrve\u00e7 terapis\u00eb farmakologjike, p\u00ebrdoren shum\u00eb ushqime bimore dhe shtazore, t\u00eb cilat jan\u00eb provuar se pengojn\u00eb p\u00ebrparimin e m\u00ebtejsh\u00ebm t\u00eb s\u00ebmundjes, p\u00ebrfshir\u00eb hudhr\u00ebn, p\u00ebr shkak t\u00eb potencialit t\u00eb saj antioksidues dhe anti-inflamator.<\/p>\n<p>Vitaminat B1 dhe B6 kontribuojn\u00eb n\u00eb funksionimin normal psikologjik dhe n\u00eb funksionimin normal t\u00eb sistemit nervor. Vitamina B2 kontribuon n\u00eb funksionimin normal t\u00eb sistemit nervor, metabolizmin normal q\u00eb jep energji dhe mbrojtjen e qelizave nga stresi oksidativ. Seleniumi zvog\u00eblon ankthin, depresionin dhe lodhjen, dhe n\u00eb kombinim me antioksidant\u00eb t\u00eb tjer\u00eb mund t\u00eb p\u00ebrmir\u00ebsoj\u00eb humorin dhe rrjedhjen e gjakut n\u00eb tru. Vitamina E dhe seleni kontribuojn\u00eb n\u00eb mbrojtjen e qelizave nga stresi oksidativ.<\/p>\n<\/div>\n<\/div>\n<div class=\"btn\">P\u00cbRB\u00cbRJE<\/div>\n<div class=\"board\">\n<div>\n90 kapsula xhelatine t\u00eb buta<\/p>\n<p><b>\u2022<\/b> Ekstrakt i <a class=\"custom-link\" href=\"\/sq\/black-garlic\/\">bulbit t\u00eb hudhr\u00ebs s\u00eb fermentuar <i>(Allium sativum)<\/i><\/a> n\u00eb vaj soje;<br \/>\n<b>\u2022<\/b> Ekstrakt i <a class=\"custom-link\" href=\"\/sq\/lavender\/\">lules s\u00eb livandos <i>(Lavandula angustifolia)<\/i><\/a> n\u00eb vaj soje;<br \/>\n<b>\u2022<\/b> Ekstrakt i <a class=\"custom-link\" href=\"\/sq\/rosemary\/\">gjethes s\u00eb rozmarin\u00ebs <i>(Rosmarinus officinalis)<\/i><\/a> n\u00eb vaj soje;<br \/>\n<b>\u2022<\/b> Ekstrakt i <a class=\"custom-link\" href=\"\/sq\/green-tea\/\">gjethes s\u00eb \u00e7ajit t\u00eb gjelb\u00ebr <i>(Camellia sinensis)<\/i><\/a> n\u00eb vaj soje;<br \/>\n<b>\u2022<\/b> <a class=\"custom-link\" href=\"\/sq\/alpha-lipoic-acid\/\">Acid alfa-lipoid<\/a>;<br \/>\n<b>\u2022<\/b> <a class=\"custom-link\" href=\"\/sq\/vitamin-e\/\">DL-\u03b1-tokoferil acetat (vitamina E)<\/a>;<br \/>\n<b>\u2022<\/b> <a class=\"custom-link\" href=\"\/sq\/vitamin-b6\/\">Hidroklorur piridoksine (vitamina B6)<\/a>;<br \/>\n<b>\u2022<\/b> <a class=\"custom-link\" href=\"\/sq\/vitamin-b2\/\">Riboflavina (vitamina B2)<\/a>;<br \/>\n<b>\u2022<\/b> <a class=\"custom-link\" href=\"\/sq\/vitamin-b1\/\">Mononitrat tiamine (vitamina B1)<\/a>;<br \/>\n<b>\u2022<\/b> <a class=\"custom-link\" href=\"\/sq\/selenium\/\">Seleniti natriumi (selen)<\/a>;<br \/>\n<b>\u2022<\/b> Xhelatin\u00eb gjedhi, glicerin\u00eb, uj\u00eb i pastruar, ngjyr\u00eb: qymyr druri bimor;<\/div>\n<\/div>\n<div class=\"btn\">SI T\u00cb P\u00cbRDORET<\/div>\n<div class=\"board\">\n<div>P\u00ebr personat mbi 18 vje\u00e7, rekomandohet t\u00eb marrin nj\u00eb kapsul\u00eb dy her\u00eb n\u00eb dit\u00eb, gjat\u00eb ose pas vakteve. G\u00eblltisni kapsul\u00ebn e plot\u00eb me l\u00ebng. Produkti duhet t\u00eb merret p\u00ebr nj\u00eb periudh\u00eb m\u00eb t\u00eb gjat\u00eb kohore. Produkti mund t\u00eb p\u00ebrdoret edhe nga personat me diabet.<\/p>\n<p><b>PARALAJM\u00cbRIME:<\/b><br \/>\n<b>\u2022<\/b> Doza e rekomanduar ditore nuk duhet t\u00eb tejkalohet.<br \/>\n<b>\u2022<\/b> Nuk rekomandohet p\u00ebr grat\u00eb shtatz\u00ebna, n\u00ebnat q\u00eb ushqejn\u00eb me gji dhe personat n\u00ebn 18 vje\u00e7.<br \/>\n<b>\u2022<\/b> Produkti nuk duhet t\u00eb p\u00ebrdoret nga persona q\u00eb jan\u00eb t\u00eb mbindjesh\u00ebm ndaj ndonj\u00ebrit prej p\u00ebrb\u00ebr\u00ebsve t\u00eb produktit.<br \/>\n<b>\u2022<\/b> Personat q\u00eb marrin ila\u00e7e duhet t\u00eb konsultohen me nj\u00eb mjek.<br \/>\n<b>\u2022<\/b> Mos e merrni nj\u00ebkoh\u00ebsisht me ila\u00e7e antikoagulante.<br \/>\n<b>\u2022<\/b> Para nj\u00eb nd\u00ebrhyrjeje kirurgjikale t\u00eb planifikuar, \u00ebsht\u00eb e nevojshme t\u00eb nd\u00ebrpritet p\u00ebrdorimi i produktit.\n<\/div>\n<\/div>\n<\/div>","protected":false},"excerpt":{"rendered":"<div class=\"my-product-info\">\n<div class=\"two-categories\">\n<div>\n            <img decoding=\"async\" src=\"https:\/\/www.alivitpharm.com\/wp-content\/uploads\/2025\/05\/icon-9.png\" alt=\"100% natyral\" width=\"50px\" height=\"50px\" \/><\/p>\n<div>100% natyral<\/div>\n<\/p><\/div>\n<div>\n            <img decoding=\"async\" src=\"https:\/\/www.alivitpharm.com\/wp-content\/uploads\/2025\/05\/icon-10.png\" alt=\"Jo-OMGJ\" width=\"50px\" height=\"50px\" \/><\/p>\n<div>Jo-OMGJ<\/div>\n<\/p><\/div>\n<div>\n            <img decoding=\"async\" src=\"https:\/\/www.alivitpharm.com\/wp-content\/uploads\/2025\/05\/icon-15.png\" alt=\"Pa gluten\" width=\"50px\" height=\"50px\" \/><\/p>\n<div>Pa gluten<\/div>\n<\/p><\/div>\n<\/p><\/div>\n<\/div>\n<ul>\n<li>Ka nj\u00eb efekt neuroprotektiv.<\/li>\n<li>Ndihmon me s\u00ebmundjet neurodegjenerative dhe \u00e7rregullimet e gjumit.<\/li>\n<li>Mbrojtja e sistemit nervor nga d\u00ebmtimet e shkaktuara nga stresi oksidativ.<\/li>\n<li>Kjo \u00e7on n\u00eb p\u00ebrmir\u00ebsimin e funksioneve njoh\u00ebse.<\/li>\n<li>Parandalimi i polineuropatis\u00eb tek diabetik\u00ebt.<\/li>\n<\/ul>\n<p><a class=\"category-pdf-btn\" href=\"https:\/\/www.alivitpharm.com\/wp-content\/uploads\/2026\/01\/phytotherapy_for_neurodegeneration_and_oxidative_stress_sq.pdf\" target=\"_blank\" rel=\"noopener\">M\u00ebsoni m\u00eb shum\u00eb rreth fitoterapis\u00eb p\u00ebr neurodegjenerimin dhe stresin oksidativ<\/a><\/p>","protected":false},"featured_media":13119,"comment_status":"open","ping_status":"closed","template":"","meta":{"site-sidebar-layout":"default","site-content-layout":"default","ast-global-header-display":"","ast-main-header-display":"","ast-hfb-above-header-display":"","ast-hfb-below-header-display":"","ast-hfb-mobile-header-display":"","site-post-title":"","ast-breadcrumbs-content":"","ast-featured-img":"","footer-sml-layout":"","theme-transparent-header-meta":"default","adv-header-id-meta":"","stick-header-meta":"","header-above-stick-meta":"","header-main-stick-meta":"","header-below-stick-meta":""},"product_brand":[],"product_cat":[175],"product_tag":[],"class_list":{"0":"post-3120","1":"product","2":"type-product","3":"status-publish","4":"has-post-thumbnail","6":"product_cat-nervous-system-protection","7":"desktop-align-center","8":"tablet-align-center","9":"mobile-align-center","11":"first","12":"instock","13":"shipping-taxable","14":"purchasable","15":"product-type-simple"},"_links":{"self":[{"href":"https:\/\/www.alivitpharm.com\/sq\/wp-json\/wp\/v2\/product\/3120","targetHints":{"allow":["GET"]}}],"collection":[{"href":"https:\/\/www.alivitpharm.com\/sq\/wp-json\/wp\/v2\/product"}],"about":[{"href":"https:\/\/www.alivitpharm.com\/sq\/wp-json\/wp\/v2\/types\/product"}],"replies":[{"embeddable":true,"href":"https:\/\/www.alivitpharm.com\/sq\/wp-json\/wp\/v2\/comments?post=3120"}],"wp:featuredmedia":[{"embeddable":true,"href":"https:\/\/www.alivitpharm.com\/sq\/wp-json\/wp\/v2\/media\/13119"}],"wp:attachment":[{"href":"https:\/\/www.alivitpharm.com\/sq\/wp-json\/wp\/v2\/media?parent=3120"}],"wp:term":[{"taxonomy":"product_brand","embeddable":true,"href":"https:\/\/www.alivitpharm.com\/sq\/wp-json\/wp\/v2\/product_brand?post=3120"},{"taxonomy":"product_cat","embeddable":true,"href":"https:\/\/www.alivitpharm.com\/sq\/wp-json\/wp\/v2\/product_cat?post=3120"},{"taxonomy":"product_tag","embeddable":true,"href":"https:\/\/www.alivitpharm.com\/sq\/wp-json\/wp\/v2\/product_tag?post=3120"}],"curies":[{"name":"wp","href":"https:\/\/api.w.org\/{rel}","templated":true}]}}