{"id":8642,"date":"2023-02-28T14:44:50","date_gmt":"2023-02-28T12:44:50","guid":{"rendered":"https:\/\/www.alivitpharm.com\/?post_type=product&#038;p=8642"},"modified":"2026-03-10T11:26:47","modified_gmt":"2026-03-10T09:26:47","slug":"prostat-plus","status":"publish","type":"product","link":"https:\/\/www.alivitpharm.com\/sq\/product\/prostat-plus\/","title":{"rendered":"PROSTAT PLUS"},"content":{"rendered":"<div class=\"product-accordion\">\n<div class=\"btn\">RRETH PROSTAT PLUS<\/div>\n<div class=\"board\">\n<div><b>PROSTAT PLUS\u00ae<\/b> p\u00ebrmban ekstrakte bimore q\u00eb p\u00ebrdoren p\u00ebr t\u00eb leht\u00ebsuar simptomat e shoq\u00ebruara me hiperplazin\u00eb beninje t\u00eb prostat\u00ebs, si\u00e7 jan\u00eb urinimi i shpesht\u00eb dhe i v\u00ebshtir\u00eb, si dhe prostatiti kronik.<\/p>\n<p>P\u00ebrb\u00ebr\u00ebsit aktiv\u00eb t\u00eb hudhr\u00ebs s\u00eb bardh\u00eb dhe t\u00eb fermentuar kan\u00eb efekte antioksiduese, antibakteriale dhe antifungale. Ato zvog\u00eblojn\u00eb sintez\u00ebn e citokinave inflamatore dhe veprojn\u00eb n\u00eb mbaresat nervore n\u00eb murin e fshik\u00ebz\u00ebs, duke p\u00ebrmir\u00ebsuar elasticitetin (tkurrjen dhe relaksimin) e muskujve t\u00eb l\u00ebmuar t\u00eb fshik\u00ebz\u00ebs. Shafrani i Indis\u00eb ka efekte antimikrobike, antioksiduese dhe anti-inflamatore, zvog\u00eblon sintez\u00ebn e citokin\u00ebs dhe leht\u00ebson simptomat q\u00eb lidhen me prostatitin kronik. Piperi i zi p\u00ebrmir\u00ebson biodisponueshm\u00ebrin\u00eb e shum\u00eb substancave aktive, p\u00ebrfshir\u00eb kurkumin\u00ebn. P\u00ebrve\u00e7 efektit t\u00eb saj pozitiv n\u00eb s\u00ebmundjet e prostat\u00ebs, hudhra e eg\u00ebr rekomandohet edhe p\u00ebr s\u00ebmundjet e fshik\u00ebz\u00ebs dhe veshkave. Hithra ka efekt diuretik, nxit sekretimin e urin\u00ebs dhe p\u00ebrve\u00e7 efektit diuretik, ka edhe efekte anti-inflamatore, k\u00ebshtu q\u00eb rekomandohet p\u00ebr infeksione t\u00eb ndryshme t\u00eb traktit urinar. Gjithashtu, me efektin sinergjik t\u00eb parimeve aktive t\u00eb vajit t\u00eb kungullit, ato kontribuojn\u00eb n\u00eb efektin efektiv t\u00eb produktit PROSTAT PLUS n\u00eb zbutjen e simptomave t\u00eb hiperplazis\u00eb beninje t\u00eb prostat\u00ebs, prostatitit kronik dhe funksionit t\u00eb d\u00ebmtuar t\u00eb fshik\u00ebz\u00ebs.<\/p>\n<\/div>\n<\/div>\n<div class=\"btn\">P\u00cbRB\u00cbRJE<\/div>\n<div class=\"board\">\n<div>\n90 kapsula xhelatine t\u00eb buta<\/p>\n<p><b>\u2022<\/b> Ekstrakt i <a class=\"custom-link\" href=\"\/sq\/black-garlic\/\">bulbit t\u00eb hudhr\u00ebs s\u00eb fermentuar <i>(Allium sativum)<\/i><\/a> n\u00eb <a class=\"custom-link\" href=\"\/sq\/pumpkin-seed\/\">vajin e farave t\u00eb kungullit<\/a>;<br \/>\n<b>\u2022<\/b> Ekstrakt i <a class=\"custom-link\" href=\"\/sq\/hoary-willowherb\/\">bim\u00ebs s\u00eb shelgut <i>(Epilobium parviflorum)<\/i><\/a> n\u00eb vajin e far\u00ebs s\u00eb rep\u00ebs;<br \/>\n<b>\u2022<\/b> Ekstrakt i <a class=\"custom-link\" href=\"\/sq\/turmeric\/\">rr\u00ebnj\u00ebs s\u00eb kurkum\u00ebs <i>(Curcuma longa)<\/i><\/a> n\u00eb vajin e far\u00ebs s\u00eb rep\u00ebs;<br \/>\n<b>\u2022<\/b> Ekstrakt i <a class=\"custom-link\" href=\"\/sq\/nettle\/\">gjetheve dhe rr\u00ebnj\u00ebve t\u00eb urtic\u00ebs <i>(Urtica dioica)<\/i><\/a> n\u00eb vajin e far\u00ebs s\u00eb rep\u00ebs;<br \/>\n<b>\u2022<\/b> Ekstrakt i <a class=\"custom-link\" href=\"\/sq\/black-pepper\/\">frutave t\u00eb piperit t\u00eb zi <i>(Piper nigrum)<\/i><\/a> n\u00eb vajin e far\u00ebs s\u00eb rep\u00ebs;<br \/>\n<b>\u2022<\/b> <a class=\"custom-link\" href=\"\/sq\/vitamin-e\/\">DL-\u03b1-tokoferil acetat (vitamina E)<\/a>, <a class=\"custom-link\" href=\"\/sq\/zinc\/\">trihidrat citrati zinku<\/a>, <a class=\"custom-link\" href=\"\/sq\/selenium\/\">selenit natriumi (selen)<\/a>;<br \/>\n<b>\u2022<\/b> Xhelatin\u00eb gjedhi, glicerin\u00eb, uj\u00eb i pastruar, dioksid silikoni, ngjyr\u00eb: e zez\u00eb karboni;<\/div>\n<\/div>\n<div class=\"btn\">SI T\u00cb P\u00cbRDORET<\/div>\n<div class=\"board\">\n<div>T\u00eb rriturit mbi 18 vje\u00e7 rekomandohet t\u00eb marrin nj\u00eb kapsul\u00eb tri her\u00eb n\u00eb dit\u00eb, gjat\u00eb ose pas vakteve. G\u00eblltisni kapsul\u00ebn e plot\u00eb me l\u00ebng. Produkti mund t\u00eb merret edhe nga personat me diabet.<\/p>\n<p><b>PARALAJM\u00cbRIME:<\/b><br \/>\n<b>\u2022<\/b> Doza e rekomanduar ditore nuk duhet t\u00eb tejkalohet.<br \/>\n<b>\u2022<\/b> Produkti nuk \u00ebsht\u00eb i destinuar p\u00ebr persona n\u00ebn 18 vje\u00e7 dhe persona me funksion t\u00eb d\u00ebmtuar t\u00eb m\u00ebl\u00e7is\u00eb.<br \/>\n<b>\u2022<\/b> Personat q\u00eb kan\u00eb gur\u00eb n\u00eb t\u00ebmth, s\u00ebmundje t\u00eb refluksit gastroezofageal (GERD) dhe \u00e7rregullime t\u00eb tjera t\u00eb sistemit tret\u00ebs, si dhe \u00e7rregullime t\u00eb tiroides, duhet t\u00eb shmangin p\u00ebrdorimin e k\u00ebtij produkti.<br \/>\n<b>\u2022<\/b> Produkti nuk duhet t\u00eb p\u00ebrdoret nga persona q\u00eb jan\u00eb t\u00eb mbindjesh\u00ebm ndaj ndonj\u00ebrit prej p\u00ebrb\u00ebr\u00ebsve t\u00eb produktit.<br \/>\n<b>\u2022<\/b> Personat q\u00eb marrin ila\u00e7e duhet t\u00eb konsultohen me nj\u00eb mjek.<br \/>\n<b>\u2022<\/b> Mos e merrni nj\u00ebkoh\u00ebsisht me ila\u00e7e antikoagulante.<br \/>\n<b>\u2022<\/b> Para nj\u00eb nd\u00ebrhyrjeje kirurgjikale t\u00eb planifikuar, \u00ebsht\u00eb e nevojshme t\u00eb nd\u00ebrpritet p\u00ebrdorimi i produktit sepse mund t\u00eb zgjas\u00eb koh\u00ebn e koagulimit t\u00eb gjakut.<br \/>\n<b>\u2022<\/b> Pas p\u00ebrdorimit t\u00eb vazhduesh\u00ebm t\u00eb produktit p\u00ebr kat\u00ebr jav\u00eb, \u00ebsht\u00eb e nevojshme t\u00eb b\u00ebni nj\u00eb pushim dhjet\u00ebditor.\n<\/div>\n<\/div>\n<\/div>","protected":false},"excerpt":{"rendered":"<div class=\"my-product-info\">\n<div class=\"two-categories\">\n<div>\n            <img decoding=\"async\" src=\"https:\/\/www.alivitpharm.com\/wp-content\/uploads\/2025\/05\/icon-9.png\" alt=\"100% natyral\" width=\"50px\" height=\"50px\" \/><\/p>\n<div>100% natyral<\/div>\n<\/p><\/div>\n<div>\n            <img decoding=\"async\" src=\"https:\/\/www.alivitpharm.com\/wp-content\/uploads\/2025\/05\/icon-10.png\" alt=\"Jo-OMGJ\" width=\"50px\" height=\"50px\" \/><\/p>\n<div>Jo-OMGJ<\/div>\n<\/p><\/div>\n<div>\n            <img decoding=\"async\" src=\"https:\/\/www.alivitpharm.com\/wp-content\/uploads\/2025\/05\/icon-15.png\" alt=\"Pa gluten\" width=\"50px\" height=\"50px\" \/><\/p>\n<div>Pa gluten<\/div>\n<\/p><\/div>\n<\/p><\/div>\n<\/div>\n<ul>\n<li>Leht\u00ebson simptomat e prostatitit kronik.<\/li>\n<li>Ndihmon me hiperplazin\u00eb beninje t\u00eb prostat\u00ebs.<\/li>\n<li>Funksion i d\u00ebmtuar i fshik\u00ebz\u00ebs.<\/li>\n<li>Ndihmon me urinimin e shpesht\u00eb (gjat\u00eb nat\u00ebs).<\/li>\n<\/ul>\n<p><a class=\"category-pdf-btn\" href=\"https:\/\/www.alivitpharm.com\/wp-content\/uploads\/2026\/01\/the_urogenital_tract_sq.pdf\" target=\"_blank\" rel=\"noopener\">M\u00ebsoni m\u00eb shum\u00eb rreth traktit urogjenital<\/a><\/p>","protected":false},"featured_media":13127,"comment_status":"open","ping_status":"closed","template":"","meta":{"site-sidebar-layout":"default","site-content-layout":"default","ast-global-header-display":"","ast-main-header-display":"","ast-hfb-above-header-display":"","ast-hfb-below-header-display":"","ast-hfb-mobile-header-display":"","site-post-title":"","ast-breadcrumbs-content":"","ast-featured-img":"","footer-sml-layout":"","theme-transparent-header-meta":"default","adv-header-id-meta":"","stick-header-meta":"","header-above-stick-meta":"","header-main-stick-meta":"","header-below-stick-meta":""},"product_brand":[],"product_cat":[179],"product_tag":[],"class_list":{"0":"post-8642","1":"product","2":"type-product","3":"status-publish","4":"has-post-thumbnail","6":"product_cat-mens-health","7":"desktop-align-center","8":"tablet-align-center","9":"mobile-align-center","11":"first","12":"instock","13":"shipping-taxable","14":"purchasable","15":"product-type-simple"},"_links":{"self":[{"href":"https:\/\/www.alivitpharm.com\/sq\/wp-json\/wp\/v2\/product\/8642","targetHints":{"allow":["GET"]}}],"collection":[{"href":"https:\/\/www.alivitpharm.com\/sq\/wp-json\/wp\/v2\/product"}],"about":[{"href":"https:\/\/www.alivitpharm.com\/sq\/wp-json\/wp\/v2\/types\/product"}],"replies":[{"embeddable":true,"href":"https:\/\/www.alivitpharm.com\/sq\/wp-json\/wp\/v2\/comments?post=8642"}],"wp:featuredmedia":[{"embeddable":true,"href":"https:\/\/www.alivitpharm.com\/sq\/wp-json\/wp\/v2\/media\/13127"}],"wp:attachment":[{"href":"https:\/\/www.alivitpharm.com\/sq\/wp-json\/wp\/v2\/media?parent=8642"}],"wp:term":[{"taxonomy":"product_brand","embeddable":true,"href":"https:\/\/www.alivitpharm.com\/sq\/wp-json\/wp\/v2\/product_brand?post=8642"},{"taxonomy":"product_cat","embeddable":true,"href":"https:\/\/www.alivitpharm.com\/sq\/wp-json\/wp\/v2\/product_cat?post=8642"},{"taxonomy":"product_tag","embeddable":true,"href":"https:\/\/www.alivitpharm.com\/sq\/wp-json\/wp\/v2\/product_tag?post=8642"}],"curies":[{"name":"wp","href":"https:\/\/api.w.org\/{rel}","templated":true}]}}