{"id":8644,"date":"2023-03-01T09:30:55","date_gmt":"2023-03-01T07:30:55","guid":{"rendered":"https:\/\/www.alivitpharm.com\/?post_type=product&#038;p=8644"},"modified":"2026-02-10T15:50:00","modified_gmt":"2026-02-10T13:50:00","slug":"alisept","status":"publish","type":"product","link":"https:\/\/www.alivitpharm.com\/sq\/product\/alisept\/","title":{"rendered":"ALISEPT"},"content":{"rendered":"<div class=\"product-accordion\">\n<div class=\"btn\">RRETH ALISEPT<\/div>\n<div class=\"board\">\n<div>\n      <b>ALISEPT\u00ae<\/b> p\u00ebrmban bim\u00eb medicinale t\u00eb rekomanduara p\u00ebr leht\u00ebsimin e simptomave t\u00eb infeksioneve dhe inflamacionit t\u00eb traktit urinar, dhe mund t\u00eb p\u00ebrdoret gjithashtu n\u00eb m\u00ebnyr\u00eb parandaluese nga individ\u00eb t\u00eb prirur ndaj infeksioneve t\u00eb p\u00ebrs\u00ebritura t\u00eb traktit urinar. Ekstraktet me baz\u00eb vaji t\u00eb bulbit t\u00eb hudhr\u00ebs, barit t\u00eb rigonit, frutave t\u00eb qershis\u00eb s\u00eb thart\u00eb dhe frutave t\u00eb boronic\u00ebs shfaqin aktivitet antimikrobik, antiinflamator dhe antiseptik me spekt\u00ebr t\u00eb gjer\u00eb, duke ndihmuar n\u00eb luftimin e infeksioneve t\u00eb shkaktuara nga mikroorganizma t\u00eb ndrysh\u00ebm - ve\u00e7an\u00ebrisht <i>Escherichia coli<\/i>P\u00ebrmbajtja e lart\u00eb e acideve natyrore t\u00eb boronic\u00ebs ndihmon n\u00eb uljen e pH-it n\u00eb traktin urinar, duke parandaluar rritjen dhe ngjitjen bakteriale n\u00eb muret e traktit urinar. Rigoni \u00ebsht\u00eb ve\u00e7an\u00ebrisht efektiv kund\u00ebr infeksioneve k\u00ebrpudhore t\u00eb shkaktuara nga <i>Candida spp<\/i>Gjethja e majdanozit dhe rr\u00ebnja e rrik\u00ebs kan\u00eb efekte diuretike, leht\u00ebsojn\u00eb urinimin, ndihmojn\u00eb n\u00eb parandalimin e formimit t\u00eb gur\u00ebve n\u00eb veshka dhe mb\u00ebshtesin funksionin e traktit urinar. Gjethja e mentes, n\u00ebp\u00ebrmjet veprimit t\u00eb saj antispasmodik, leht\u00ebson ng\u00ebr\u00e7et dhe dhimbjet e shkaktuara nga inflamacioni i fshik\u00ebz\u00ebs dhe i traktit urinar.\n    <\/div>\n<\/p><\/div>\n<div class=\"btn\">P\u00cbRB\u00cbRJE<\/div>\n<div class=\"board\">\n<div>\n      90 kapsula xhelatine t\u00eb buta<\/p>\n<p>      <b>\u2022<\/b> Ekstrakt i <a class=\"custom-link\" href=\"\/sq\/garlic\/\">bul\u00ebs s\u00eb hudhr\u00ebs s\u00eb fresk\u00ebt <i>(Allium sativum)<\/i><\/a> n\u00eb vajin e far\u00ebs s\u00eb rep\u00ebs;<br \/>\n      <b>\u2022<\/b> Ekstrakt i <a class=\"custom-link\" href=\"\/sq\/parsley\/\">gjetheve t\u00eb majdanosit <i>(Petroselinum crispum)<\/i><\/a> n\u00eb vajin e far\u00ebs s\u00eb rep\u00ebs;<br \/>\n      <b>\u2022<\/b> Ekstrakt i <a class=\"custom-link\" href=\"\/sq\/oregano\/\">bim\u00ebs s\u00eb rigonit <i>(Origanum vulgare)<\/i><\/a> n\u00eb vajin e far\u00ebs s\u00eb rep\u00ebs;<br \/>\n      <b>\u2022<\/b> Ekstrakt i <a class=\"custom-link\" href=\"\/sq\/cornel\/\">frutit t\u00eb qershis\u00eb s\u00eb eg\u00ebr <i>(Cornus mas)<\/i><\/a> n\u00eb vajin e far\u00ebs s\u00eb rep\u00ebs;<br \/>\n      <b>\u2022<\/b> Ekstrakt i <a class=\"custom-link\" href=\"\/sq\/horseradish\/\">frutave t\u00eb rrik\u00ebs <i>(Armoracia rusticana)<\/i><\/a> n\u00eb vajin e far\u00ebs s\u00eb rep\u00ebs;<br \/>\n      <b>\u2022<\/b> Ekstrakt i <a class=\"custom-link\" href=\"\/sq\/cranberry\/\">frutit t\u00eb mjedr\u00ebs s\u00eb kuqe <i>(Vaccinium vitis-idaea)<\/i><\/a> n\u00eb vajin e far\u00ebs s\u00eb rep\u00ebs;<br \/>\n      <b>\u2022<\/b> Ekstrakt i <a class=\"custom-link\" href=\"\/sq\/peppermint\/\">gjetheve t\u00eb ment\u00ebs <i>(Mentha \u00d7 piperita)<\/i><\/a> n\u00eb vajin e far\u00ebs s\u00eb rep\u00ebs;<br \/>\n      <b>\u2022<\/b> Xhelatin\u00eb gjedhi, glicerin\u00eb, uj\u00eb i pastruar, antioksidant: DL-\u03b1-tokoferil acetat;\n    <\/div>\n<\/p><\/div>\n<div class=\"btn\">SI T\u00cb P\u00cbRDORET<\/div>\n<div class=\"board\">\n<div>\n      T\u00eb rriturit mbi 18 vje\u00e7 rekomandohet t\u00eb marrin nj\u00eb kapsul\u00eb tri her\u00eb n\u00eb dit\u00eb, gjat\u00eb ose pas vakteve. G\u00eblltisni kapsul\u00ebn e plot\u00eb me l\u00ebng. Produkti mund t\u00eb merret edhe nga personat me diabet.<\/p>\n<p>      <b>PARALAJM\u00cbRIME:<\/b><br \/>\n      <b>\u2022<\/b> Doza e rekomanduar ditore nuk duhet t\u00eb tejkalohet.<br \/>\n      <b>\u2022<\/b> Produkti nuk \u00ebsht\u00eb i destinuar p\u00ebr grat\u00eb shtatz\u00ebna ose ato q\u00eb ushqejn\u00eb me gji.<br \/>\n      <b>\u2022<\/b> Produkti nuk duhet t\u00eb p\u00ebrdoret nga persona q\u00eb jan\u00eb t\u00eb mbindjesh\u00ebm ndaj ndonj\u00ebrit prej p\u00ebrb\u00ebr\u00ebsve t\u00eb produktit.<br \/>\n      <b>\u2022<\/b> Personat q\u00eb marrin ila\u00e7e duhet t\u00eb konsultohen me nj\u00eb mjek.<br \/>\n      <b>\u2022<\/b> Mos e merrni nj\u00ebkoh\u00ebsisht me ila\u00e7e antikoagulante.<br \/>\n      <b>\u2022<\/b> Para nj\u00eb nd\u00ebrhyrjeje kirurgjikale t\u00eb planifikuar, \u00ebsht\u00eb e nevojshme t\u00eb nd\u00ebrpritet p\u00ebrdorimi i produktit.\n    <\/div>\n<\/p><\/div>\n<\/div>","protected":false},"excerpt":{"rendered":"<div class=\"my-product-info\">\n<div class=\"two-categories\">\n<div>\n            <img decoding=\"async\" src=\"https:\/\/www.alivitpharm.com\/wp-content\/uploads\/2025\/05\/icon-9.png\" alt=\"100% natyral\" width=\"50px\" height=\"50px\" \/><\/p>\n<div>100% natyral<\/div>\n<\/p><\/div>\n<div>\n            <img decoding=\"async\" src=\"https:\/\/www.alivitpharm.com\/wp-content\/uploads\/2025\/05\/icon-10.png\" alt=\"Jo-OMGJ\" width=\"50px\" height=\"50px\" \/><\/p>\n<div>Jo-OMGJ<\/div>\n<\/p><\/div>\n<div>\n            <img decoding=\"async\" src=\"https:\/\/www.alivitpharm.com\/wp-content\/uploads\/2025\/05\/icon-15.png\" alt=\"Pa gluten\" width=\"50px\" height=\"50px\" \/><\/p>\n<div>Pa gluten<\/div>\n<\/p><\/div>\n<\/p><\/div>\n<\/div>\n<ul>\n<li>Ndihmon n\u00eb trajtimin e <i>Candida<\/i> dhe <i>Escherichia coli<\/i>.<\/li>\n<li>P\u00ebrmir\u00ebson efektin e antibiotik\u00ebve dhe antimikotik\u00ebve, duke \u00e7uar n\u00eb arritjen m\u00eb t\u00eb shpejt\u00eb t\u00eb rezultateve t\u00eb d\u00ebshiruara.<\/li>\n<li>Zgjidhje natyrale p\u00ebr infeksionet e traktit urinar.<\/li>\n<li>Leht\u00ebson simptomat gjat\u00eb urinimit n\u00eb infeksionet e traktit urinar.<\/li>\n<li>Parandalon rikthimin e infeksioneve t\u00eb traktit urinar.<\/li>\n<\/ul>\n<p><a class=\"category-pdf-btn\" href=\"https:\/\/www.alivitpharm.com\/wp-content\/uploads\/2026\/01\/the_urogenital_tract_sq.pdf\" target=\"_blank\" rel=\"noopener\">M\u00ebsoni m\u00eb shum\u00eb rreth traktit urogjenital<\/a><\/p>","protected":false},"featured_media":13099,"comment_status":"open","ping_status":"closed","template":"","meta":{"site-sidebar-layout":"default","site-content-layout":"default","ast-global-header-display":"","ast-main-header-display":"","ast-hfb-above-header-display":"","ast-hfb-below-header-display":"","ast-hfb-mobile-header-display":"","site-post-title":"","ast-breadcrumbs-content":"","ast-featured-img":"","footer-sml-layout":"","theme-transparent-header-meta":"default","adv-header-id-meta":"","stick-header-meta":"","header-above-stick-meta":"","header-main-stick-meta":"","header-below-stick-meta":""},"product_brand":[],"product_cat":[177],"product_tag":[],"class_list":{"0":"post-8644","1":"product","2":"type-product","3":"status-publish","4":"has-post-thumbnail","6":"product_cat-urinary-infections","7":"desktop-align-center","8":"tablet-align-center","9":"mobile-align-center","11":"first","12":"instock","13":"shipping-taxable","14":"purchasable","15":"product-type-simple"},"_links":{"self":[{"href":"https:\/\/www.alivitpharm.com\/sq\/wp-json\/wp\/v2\/product\/8644","targetHints":{"allow":["GET"]}}],"collection":[{"href":"https:\/\/www.alivitpharm.com\/sq\/wp-json\/wp\/v2\/product"}],"about":[{"href":"https:\/\/www.alivitpharm.com\/sq\/wp-json\/wp\/v2\/types\/product"}],"replies":[{"embeddable":true,"href":"https:\/\/www.alivitpharm.com\/sq\/wp-json\/wp\/v2\/comments?post=8644"}],"wp:featuredmedia":[{"embeddable":true,"href":"https:\/\/www.alivitpharm.com\/sq\/wp-json\/wp\/v2\/media\/13099"}],"wp:attachment":[{"href":"https:\/\/www.alivitpharm.com\/sq\/wp-json\/wp\/v2\/media?parent=8644"}],"wp:term":[{"taxonomy":"product_brand","embeddable":true,"href":"https:\/\/www.alivitpharm.com\/sq\/wp-json\/wp\/v2\/product_brand?post=8644"},{"taxonomy":"product_cat","embeddable":true,"href":"https:\/\/www.alivitpharm.com\/sq\/wp-json\/wp\/v2\/product_cat?post=8644"},{"taxonomy":"product_tag","embeddable":true,"href":"https:\/\/www.alivitpharm.com\/sq\/wp-json\/wp\/v2\/product_tag?post=8644"}],"curies":[{"name":"wp","href":"https:\/\/api.w.org\/{rel}","templated":true}]}}