{"id":10071,"date":"2023-12-25T09:26:57","date_gmt":"2023-12-25T07:26:57","guid":{"rendered":"https:\/\/www.alivitpharm.com\/?page_id=10071"},"modified":"2023-12-25T10:13:33","modified_gmt":"2023-12-25T08:13:33","slug":"brusnica","status":"publish","type":"page","link":"https:\/\/www.alivitpharm.com\/sr\/cranberry\/","title":{"rendered":"Brusnica"},"content":{"rendered":"<div data-elementor-type=\"wp-page\" data-elementor-id=\"10071\" class=\"elementor elementor-10071\">\n\t\t\t\t\t\t<section class=\"elementor-section elementor-top-section elementor-element elementor-element-a232712 elementor-section-content-middle elementor-section-boxed elementor-section-height-default elementor-section-height-default\" data-id=\"a232712\" data-element_type=\"section\" data-e-type=\"section\" data-settings=\"{&quot;background_background&quot;:&quot;classic&quot;}\">\n\t\t\t\t\t\t\t<div class=\"elementor-background-overlay\"><\/div>\n\t\t\t\t\t\t\t<div class=\"elementor-container elementor-column-gap-default\">\n\t\t\t\t\t<div class=\"elementor-column elementor-col-100 elementor-top-column elementor-element elementor-element-99371a6\" data-id=\"99371a6\" data-element_type=\"column\" data-e-type=\"column\">\n\t\t\t<div class=\"elementor-widget-wrap elementor-element-populated\">\n\t\t\t\t\t\t<div class=\"elementor-element elementor-element-aa9da52 elementor-widget elementor-widget-heading\" data-id=\"aa9da52\" data-element_type=\"widget\" data-e-type=\"widget\" data-widget_type=\"heading.default\">\n\t\t\t\t<div class=\"elementor-widget-container\">\n\t\t\t\t\t<h1 class=\"elementor-heading-title elementor-size-default\">Brusnica<\/h1>\t\t\t\t<\/div>\n\t\t\t\t<\/div>\n\t\t\t\t<div class=\"elementor-element elementor-element-df2687d elementor-widget elementor-widget-image\" data-id=\"df2687d\" data-element_type=\"widget\" data-e-type=\"widget\" data-widget_type=\"image.default\">\n\t\t\t\t<div class=\"elementor-widget-container\">\n\t\t\t\t\t\t\t\t\t\t\t\t\t\t\t<img decoding=\"async\" width=\"75\" height=\"33\" src=\"https:\/\/www.alivitpharm.com\/wp-content\/uploads\/2019\/07\/logo-leaf-new.png\" class=\"attachment-large size-large wp-image-2518\" alt=\"\" \/>\t\t\t\t\t\t\t\t\t\t\t\t\t\t\t<\/div>\n\t\t\t\t<\/div>\n\t\t\t\t<div class=\"elementor-element elementor-element-5a7d7e5 elementor-widget elementor-widget-text-editor\" data-id=\"5a7d7e5\" data-element_type=\"widget\" data-e-type=\"widget\" data-widget_type=\"text-editor.default\">\n\t\t\t\t<div class=\"elementor-widget-container\">\n\t\t\t\t\t\t\t\t\t<p><em>Vaccinium macrocarpon, Vaccinium vitis idea L. &#8211; Ericaceae<\/em><\/p>\t\t\t\t\t\t\t\t<\/div>\n\t\t\t\t<\/div>\n\t\t\t\t\t<\/div>\n\t\t<\/div>\n\t\t\t\t\t<\/div>\n\t\t<\/section>\n\t\t\t\t<section class=\"elementor-section elementor-top-section elementor-element elementor-element-2f54793 elementor-section-boxed elementor-section-height-default elementor-section-height-default\" data-id=\"2f54793\" data-element_type=\"section\" data-e-type=\"section\" data-settings=\"{&quot;background_background&quot;:&quot;classic&quot;}\">\n\t\t\t\t\t\t<div class=\"elementor-container elementor-column-gap-default\">\n\t\t\t\t\t<div class=\"elementor-column elementor-col-100 elementor-top-column elementor-element elementor-element-cf352d7\" data-id=\"cf352d7\" data-element_type=\"column\" data-e-type=\"column\">\n\t\t\t<div class=\"elementor-widget-wrap elementor-element-populated\">\n\t\t\t\t\t\t<div class=\"elementor-element elementor-element-593cb17 elementor-widget elementor-widget-image\" data-id=\"593cb17\" data-element_type=\"widget\" data-e-type=\"widget\" data-widget_type=\"image.default\">\n\t\t\t\t<div class=\"elementor-widget-container\">\n\t\t\t\t\t\t\t\t\t\t\t\t\t\t\t<img decoding=\"async\" src=\"https:\/\/www.alivitpharm.com\/wp-content\/uploads\/2023\/12\/cranberry.jpg\" title=\"cranberry\" alt=\"Brusnica\" loading=\"lazy\" \/>\t\t\t\t\t\t\t\t\t\t\t\t\t\t\t<\/div>\n\t\t\t\t<\/div>\n\t\t\t\t<div class=\"elementor-element elementor-element-7e0597d elementor-widget elementor-widget-text-editor\" data-id=\"7e0597d\" data-element_type=\"widget\" data-e-type=\"widget\" data-widget_type=\"text-editor.default\">\n\t\t\t\t<div class=\"elementor-widget-container\">\n\t\t\t\t\t\t\t\t\t<p><span class=\"jCAhz ChMk0b\"><span class=\"ryNqvb\"><strong>Brusnica<\/strong> ili planinska brusnica je samonikla, zimzelena biljka, crvenog ploda koja se gaji u SAD i Kanadi.<\/span><\/span> <span class=\"jCAhz ChMk0b\"><span class=\"ryNqvb\">Plod brusnice je ljekoviti dio ove biljke i bogat je vitaminom C, karotenima, mineralnim i biljnim vlaknima, sadr\u017ei i visoku koncentraciju bioflavonoida i elaginsku kiselinu koja ispoljava sna\u017eno antioksidativno i antiinflamatorno djelovanje.<\/span><\/span> <span class=\"jCAhz ChMk0b\"><span class=\"ryNqvb\">Tako\u0111e, brusnica sadr\u017ei i proantocijanidin, bioflavonoid iz grupe polifenola, koji je i najva\u017eniji sastojak ove biljke i on je zaslu\u017ean za inhibiciju urinarnih infekcija.<\/span><\/span> <span class=\"jCAhz ChMk0b\"><span class=\"ryNqvb\">Visok sadr\u017eaj prirodnih kiselina u plodu brusnice doprinosi sni\u017eavanju pH vrijednosti u urinarnom traktu, \u010dime se sprje\u010dava rastv i razvoj patogenih bakterija i njihova adhezija za zidove urinarnog trakta.<\/span><\/span> <span class=\"jCAhz ChMk0b\"><span class=\"ryNqvb\">Sve ovo govori o tome da je brusnica biljka sa izrazitim uroantisepti\u010dnim efektom.<\/span><\/span><\/p>\t\t\t\t\t\t\t\t<\/div>\n\t\t\t\t<\/div>\n\t\t\t\t<div class=\"elementor-element elementor-element-05cb1a4 elementor-widget elementor-widget-image\" data-id=\"05cb1a4\" data-element_type=\"widget\" data-e-type=\"widget\" data-widget_type=\"image.default\">\n\t\t\t\t<div class=\"elementor-widget-container\">\n\t\t\t\t\t\t\t\t\t\t\t\t\t\t\t<img decoding=\"async\" src=\"https:\/\/www.alivitpharm.com\/wp-content\/uploads\/2022\/09\/leaves.png\" title=\"leaves\" alt=\"Leaves\" loading=\"lazy\" \/>\t\t\t\t\t\t\t\t\t\t\t\t\t\t\t<\/div>\n\t\t\t\t<\/div>\n\t\t\t\t<div class=\"elementor-element elementor-element-4de0e06 elementor-widget elementor-widget-text-editor\" data-id=\"4de0e06\" data-element_type=\"widget\" data-e-type=\"widget\" data-widget_type=\"text-editor.default\">\n\t\t\t\t<div class=\"elementor-widget-container\">\n\t\t\t\t\t\t\t\t\t<p><span class=\"jCAhz ChMk0b\"><span class=\"ryNqvb\">EMA (Evropska agencija za lijekove) propisuje dvije zvani\u010dne indikacije gdje brusnica mo\u017ee da se koristi kao tradicionalni biljni lijek:<br \/><\/span><\/span><span class=\"jCAhz ChMk0b\"><span class=\"ryNqvb\"><strong>1.<\/strong> Indikacija je to da se brusnica koristi kao tradicinonalni biljni lijek za ubla\u017eavanje simptoma blagih urinarnih infekcija (osje\u0107aj peckanja i \u010desto mokrenje).<br \/><\/span><\/span><span class=\"jCAhz ChMk0b\"><span class=\"ryNqvb\"><strong>2.<\/strong> Indikacija je to da se brusnica koristi kao tradicionalni biljni lijeka za prevenciju ponovljenih, nekomplikovanih, bla\u017eih urinarnih infekcija kod \u017eena.<\/span><\/span><\/p><p><span class=\"jCAhz ChMk0b\"><span class=\"ryNqvb\">Preporuka je da se preparati na bazi brusnice koriste kod osoba iznad 18.godina, jer nema dovoljno dokaza za primjenu kod mla\u0111ih pacijenata.<\/span><\/span> <span class=\"jCAhz ChMk0b\"><span class=\"ryNqvb\">Kontraindikovana primjena je kod osoba koje su preosjetljive na neki od sastojaka ploda brusnice.<\/span><\/span> <span class=\"jCAhz ChMk0b\"><span class=\"ryNqvb\">Osobe koje imaju dijagnozu nekog oboljenja bubrega, kao \u0161to je kamen u bubregu, zahtjevaju nadzor zdravstvenog radnika, ukoliko koriste neki proizvod od brusnice.<\/span><\/span> <span class=\"jCAhz ChMk0b\"><span class=\"ryNqvb\">Ne preporu\u010duje se istovremena primjena preparata na bazi ploda brusnice sa takrolimusom (mo\u017ee smanjiti koncentraciju lijeka u serumu) i varfarinom (mo\u017ee poja\u010dati djelovanje lijeka, \u0161to mo\u017ee rezultovati krvarenjem).<\/span><\/span> <span class=\"jCAhz ChMk0b\"><span class=\"ryNqvb\">Ne preporu\u010duje se trudnicama i dojiljama, zbog nedostatka dokaza.<\/span><\/span><\/p>\t\t\t\t\t\t\t\t<\/div>\n\t\t\t\t<\/div>\n\t\t\t\t<div class=\"elementor-element elementor-element-0168b69 elementor-widget elementor-widget-heading\" data-id=\"0168b69\" data-element_type=\"widget\" data-e-type=\"widget\" data-widget_type=\"heading.default\">\n\t\t\t\t<div class=\"elementor-widget-container\">\n\t\t\t\t\t<h4 class=\"elementor-heading-title elementor-size-default\">Reference<\/h4>\t\t\t\t<\/div>\n\t\t\t\t<\/div>\n\t\t\t\t<div class=\"elementor-element elementor-element-7eedf06 elementor-widget elementor-widget-text-editor\" data-id=\"7eedf06\" data-element_type=\"widget\" data-e-type=\"widget\" data-widget_type=\"text-editor.default\">\n\t\t\t\t<div class=\"elementor-widget-container\">\n\t\t\t\t\t\t\t\t\t<ul><li><a class=\"reference-link\" href=\"https:\/\/www.ema.europa.eu\/en\/documents\/herbal-monograph\/final-european-union-herbal-monograph-vaccinium-macrocarpon-aiton-fructus_en.pdf\" target=\"_blank\" rel=\"noopener\">European Union herbal monograph on Vaccinium macrocarpon Aiton, fructus <\/a><\/li><li><a class=\"reference-link\" href=\"https:\/\/pubmed.ncbi.nlm.nih.gov\/31117097\/\" target=\"_blank\" rel=\"noopener\">A Multicenter, Randomized, Placebo-Controlled Study Evaluating the Efficacy of a Combination of Propolis and Cranberry (Vaccinium macrocarpon) (DUAB\u00ae) in Preventing Low Urinary Tract Infection Recurrence in Women Complaining of Recurrent Cystitis<\/a><\/li><li><a class=\"reference-link\" href=\"https:\/\/pubmed.ncbi.nlm.nih.gov\/32752183\/\" target=\"_blank\" rel=\"noopener\">Cranberry Polyphenols and Prevention against Urinary Tract Infections: Relevant Considerations<\/a><\/li><li><a class=\"reference-link\" href=\"https:\/\/pubmed.ncbi.nlm.nih.gov\/28364867\/\" target=\"_blank\" rel=\"noopener\">Preventing urinary tract infections after menopause without antibiotics<\/a><\/li><\/ul>\t\t\t\t\t\t\t\t<\/div>\n\t\t\t\t<\/div>\n\t\t\t\t\t<\/div>\n\t\t<\/div>\n\t\t\t\t\t<\/div>\n\t\t<\/section>\n\t\t\t\t<\/div>","protected":false},"excerpt":{"rendered":"<p>Cranberry Vaccinium macrocarpon, Vaccinium vitis idea L. &#8211; Ericaceae Cranberry or mountain cranberry is a wild, evergreen plant with red fruit that is grown in the USA and Canada. The cranberry fruit is a medicinal part of this plant and is rich in vitamin C, carotenes, mineral and plant fibers, it also contains a high &hellip;<\/p>\n<p class=\"read-more\"> <a class=\"\" href=\"https:\/\/www.alivitpharm.com\/sr\/cranberry\/\"> <span class=\"screen-reader-text\">Brusnica<\/span> \u041f\u0440\u043e\u0447\u0438\u0442\u0430\u0458 \u0432\u0438\u0448\u0435 &raquo;<\/a><\/p>","protected":false},"author":9,"featured_media":0,"parent":0,"menu_order":0,"comment_status":"closed","ping_status":"closed","template":"","meta":{"site-sidebar-layout":"no-sidebar","site-content-layout":"page-builder","ast-global-header-display":"","ast-main-header-display":"","ast-hfb-above-header-display":"","ast-hfb-below-header-display":"","ast-hfb-mobile-header-display":"","site-post-title":"disabled","ast-breadcrumbs-content":"","ast-featured-img":"disabled","footer-sml-layout":"","theme-transparent-header-meta":"","adv-header-id-meta":"","stick-header-meta":"","header-above-stick-meta":"","header-main-stick-meta":"","header-below-stick-meta":"","footnotes":""},"class_list":["post-10071","page","type-page","status-publish","hentry"],"_links":{"self":[{"href":"https:\/\/www.alivitpharm.com\/sr\/wp-json\/wp\/v2\/pages\/10071","targetHints":{"allow":["GET"]}}],"collection":[{"href":"https:\/\/www.alivitpharm.com\/sr\/wp-json\/wp\/v2\/pages"}],"about":[{"href":"https:\/\/www.alivitpharm.com\/sr\/wp-json\/wp\/v2\/types\/page"}],"author":[{"embeddable":true,"href":"https:\/\/www.alivitpharm.com\/sr\/wp-json\/wp\/v2\/users\/9"}],"replies":[{"embeddable":true,"href":"https:\/\/www.alivitpharm.com\/sr\/wp-json\/wp\/v2\/comments?post=10071"}],"version-history":[{"count":0,"href":"https:\/\/www.alivitpharm.com\/sr\/wp-json\/wp\/v2\/pages\/10071\/revisions"}],"wp:attachment":[{"href":"https:\/\/www.alivitpharm.com\/sr\/wp-json\/wp\/v2\/media?parent=10071"}],"curies":[{"name":"wp","href":"https:\/\/api.w.org\/{rel}","templated":true}]}}