{"id":11032,"date":"2024-07-08T09:17:03","date_gmt":"2024-07-08T07:17:03","guid":{"rendered":"https:\/\/www.alivitpharm.com\/?page_id=11032"},"modified":"2024-07-09T14:29:11","modified_gmt":"2024-07-09T12:29:11","slug":"case-study-alisept","status":"publish","type":"page","link":"https:\/\/www.alivitpharm.com\/sr\/case-study-alisept\/","title":{"rendered":"Prikaz slu\u010daja: Alisept"},"content":{"rendered":"<div data-elementor-type=\"wp-page\" data-elementor-id=\"11032\" class=\"elementor elementor-11032\">\n\t\t\t\t\t\t<section class=\"elementor-section elementor-top-section elementor-element elementor-element-7ab712d elementor-section-content-middle elementor-section-boxed elementor-section-height-default elementor-section-height-default\" data-id=\"7ab712d\" data-element_type=\"section\" data-e-type=\"section\" data-settings=\"{&quot;background_background&quot;:&quot;classic&quot;}\">\n\t\t\t\t\t\t\t<div class=\"elementor-background-overlay\"><\/div>\n\t\t\t\t\t\t\t<div class=\"elementor-container elementor-column-gap-default\">\n\t\t\t\t\t<div class=\"elementor-column elementor-col-100 elementor-top-column elementor-element elementor-element-76201a1\" data-id=\"76201a1\" data-element_type=\"column\" data-e-type=\"column\">\n\t\t\t<div class=\"elementor-widget-wrap elementor-element-populated\">\n\t\t\t\t\t\t<div class=\"elementor-element elementor-element-59400ea elementor-widget elementor-widget-heading\" data-id=\"59400ea\" data-element_type=\"widget\" data-e-type=\"widget\" data-widget_type=\"heading.default\">\n\t\t\t\t<div class=\"elementor-widget-container\">\n\t\t\t\t\t<h1 class=\"elementor-heading-title elementor-size-default\">Prikaz slu\u010daja: Alisept<\/h1>\t\t\t\t<\/div>\n\t\t\t\t<\/div>\n\t\t\t\t\t<\/div>\n\t\t<\/div>\n\t\t\t\t\t<\/div>\n\t\t<\/section>\n\t\t\t\t<section class=\"elementor-section elementor-top-section elementor-element elementor-element-3cd64a7 elementor-section-boxed elementor-section-height-default elementor-section-height-default\" data-id=\"3cd64a7\" data-element_type=\"section\" data-e-type=\"section\" data-settings=\"{&quot;background_background&quot;:&quot;classic&quot;}\">\n\t\t\t\t\t\t<div class=\"elementor-container elementor-column-gap-default\">\n\t\t\t\t\t<div class=\"elementor-column elementor-col-33 elementor-top-column elementor-element elementor-element-4bf8fc5\" data-id=\"4bf8fc5\" data-element_type=\"column\" data-e-type=\"column\">\n\t\t\t<div class=\"elementor-widget-wrap elementor-element-populated\">\n\t\t\t\t\t\t<div class=\"elementor-element elementor-element-6e8bfa3 elementor-widget elementor-widget-image\" data-id=\"6e8bfa3\" data-element_type=\"widget\" data-e-type=\"widget\" data-widget_type=\"image.default\">\n\t\t\t\t<div class=\"elementor-widget-container\">\n\t\t\t\t\t\t\t\t\t\t\t\t\t\t\t<img fetchpriority=\"high\" decoding=\"async\" width=\"1024\" height=\"1024\" src=\"https:\/\/www.alivitpharm.com\/wp-content\/uploads\/2023\/03\/alisept-front-1024x1024.png\" class=\"attachment-large size-large wp-image-9894\" alt=\"Alisept Front\" srcset=\"https:\/\/www.alivitpharm.com\/wp-content\/uploads\/2023\/03\/alisept-front-1024x1024.png 1024w, https:\/\/www.alivitpharm.com\/wp-content\/uploads\/2023\/03\/alisept-front-300x300.png 300w, https:\/\/www.alivitpharm.com\/wp-content\/uploads\/2023\/03\/alisept-front-150x150.png 150w, https:\/\/www.alivitpharm.com\/wp-content\/uploads\/2023\/03\/alisept-front-768x768.png 768w, https:\/\/www.alivitpharm.com\/wp-content\/uploads\/2023\/03\/alisept-front-12x12.png 12w, https:\/\/www.alivitpharm.com\/wp-content\/uploads\/2023\/03\/alisept-front-600x599.png 600w, https:\/\/www.alivitpharm.com\/wp-content\/uploads\/2023\/03\/alisept-front-100x100.png 100w\" sizes=\"(max-width: 1024px) 100vw, 1024px\" \/>\t\t\t\t\t\t\t\t\t\t\t\t\t\t\t<\/div>\n\t\t\t\t<\/div>\n\t\t\t\t\t<\/div>\n\t\t<\/div>\n\t\t\t\t<div class=\"elementor-column elementor-col-66 elementor-top-column elementor-element elementor-element-982ac37\" data-id=\"982ac37\" data-element_type=\"column\" data-e-type=\"column\">\n\t\t\t<div class=\"elementor-widget-wrap elementor-element-populated\">\n\t\t\t\t\t\t<div class=\"elementor-element elementor-element-210e75a elementor-widget elementor-widget-text-editor\" data-id=\"210e75a\" data-element_type=\"widget\" data-e-type=\"widget\" data-widget_type=\"text-editor.default\">\n\t\t\t\t<div class=\"elementor-widget-container\">\n\t\t\t\t\t\t\t\t\t<h5><span style=\"text-decoration: underline;\">Prikaz slu\u010daja 1:<\/span><\/h5><div><span style=\"text-decoration: underline;\"><span style=\"text-decoration: underline;\">M.S., 32-godi\u0161nja \u017eena, imala je istoriju rekurentnih urinarnih infekcija (UI), koje su se javljale najmanje \u010detiri puta godi\u0161nje. Nakon neuspe\u0161ne antibiotske terapije, lekar joj posle uradjenog antibiograma, preporu\u010dio da uz antibiotsku terapiju primenjuje i  Alisept (3 puta po jednu). Ova studija prati njen napredak tokom \u0161estomese\u010dnog perioda, uz biolo\u0161ke analize, kako bi se kvantifikovale nove terapije.<\/span><\/span><\/div><p>\u00a0<\/p>\t\t\t\t\t\t\t\t<\/div>\n\t\t\t\t<\/div>\n\t\t\t\t\t<\/div>\n\t\t<\/div>\n\t\t\t\t\t<\/div>\n\t\t<\/section>\n\t\t\t\t<section class=\"elementor-section elementor-top-section elementor-element elementor-element-553c5ab elementor-section-boxed elementor-section-height-default elementor-section-height-default\" data-id=\"553c5ab\" data-element_type=\"section\" data-e-type=\"section\" data-settings=\"{&quot;background_background&quot;:&quot;classic&quot;}\">\n\t\t\t\t\t\t<div class=\"elementor-container elementor-column-gap-default\">\n\t\t\t\t\t<div class=\"elementor-column elementor-col-100 elementor-top-column elementor-element elementor-element-d386515\" data-id=\"d386515\" data-element_type=\"column\" data-e-type=\"column\">\n\t\t\t<div class=\"elementor-widget-wrap elementor-element-populated\">\n\t\t\t\t\t\t<div class=\"elementor-element elementor-element-36e93f6 elementor-widget elementor-widget-text-editor\" data-id=\"36e93f6\" data-element_type=\"widget\" data-e-type=\"widget\" data-widget_type=\"text-editor.default\">\n\t\t\t\t<div class=\"elementor-widget-container\">\n\t\t\t\t\t\t\t\t\t<p>Po\u010detak Terapije<\/p><ul><li>Po\u010detak: M.S. je po\u010dela da uzima uz antibiotsku terapiju I Alisept (3 kapsule dnevno) u januaru 2024. godine.<\/li><li>Prva nedelja: Tokom prve nedelje, M.S. je primetila smanjenje u\u010destalosti potrebe za mokrenjem i manje peckanje pri mokrenju.<\/li><\/ul><p>Biolo\u0161ke Analize<\/p><p>Pre po\u010detka terapije i tokom \u0161estomese\u010dnog perioda, vr\u0161ene su redovne biolo\u0161ke analize, uklju\u010duju\u0107i urinokulturu i analizu urina.<\/p><p>Po\u010detne Analize (Januar 2024)<\/p><ul><li>Urinokultura: Prisutnost Escherichia coli (E. coli) &gt; 10^5 CFU\/ml.<\/li><li>Analiza urina: Povi\u0161en broj leukocita (25-50 leukocita po polju), prisustvo nitrita.<\/li><\/ul><p>Pra\u0107enje Napretka<\/p><p>Prvi mesec (Februar 2024)<\/p><ul><li>Urinokultura: Nema rasta bakterija.<\/li><li>Analiza urina: Normalan broj leukocita (0-5 leukocita po polju), nema prisustva nitrita.<\/li><li>Klini\u010dki znaci: Nema simptoma urinarnih infekcija.<\/li><\/ul><p>Tre\u0107i mesec (April 2024)<\/p><ul><li>Urinokultura: Nema rasta bakterija.<\/li><li>Analiza urina: Normalan broj leukocita, nema prisustva nitrita.<\/li><li>Klini\u010dki znaci: Nema simptoma urinarnih infekcija.<\/li><\/ul><p>\u0160esti mesec (Juni 2024)<\/p><ul><li>Urinokultura: Nema rasta bakterija.<\/li><li>Analiza urina: Normalan broj leukocita, nema prisustva nitrita.<\/li><li>Klini\u010dki znaci: Nema simptoma urinarnih infekcija.<\/li><\/ul><p>Zaklju\u010dak<\/p><p>Kori\u0161\u0107enjem Alisepta uz antibiotsku terapiju, M.S. je uspela da prevazi\u0111e problem rekurentnih urinarnih infekcija. Tokom \u0161estomese\u010dnog perioda, biolo\u0161ke analize su pokazale odsustvo patogenih bakterija i normalizaciju parametara urina. Nije imala nijednu epizodu infekcije, \u0161to je zna\u010dajno pobolj\u0161alo njen svakodnevni \u017eivot. M.S. je bila zadovoljna rezultatima i planirala je da nastavi sa kori\u0161\u0107enjem Alisept-a kao preventivne mere.<\/p>\t\t\t\t\t\t\t\t<\/div>\n\t\t\t\t<\/div>\n\t\t\t\t\t<\/div>\n\t\t<\/div>\n\t\t\t\t\t<\/div>\n\t\t<\/section>\n\t\t\t\t<\/div>","protected":false},"excerpt":{"rendered":"<p>Case Study: Alisept CASE STUDY 1: M.S., a 32 year old woman, had a history of reccurent urinary tract infections (UTIs) occurring at least four times per year. After unsuccessful antibiotic therapy, the doctor, after performing an atibiogram, recommends that she use Alisept (3 times at a time) along with antibiotic therapy. This study follows &hellip;<\/p>\n<p class=\"read-more\"> <a class=\"\" href=\"https:\/\/www.alivitpharm.com\/sr\/case-study-alisept\/\"> <span class=\"screen-reader-text\">Prikaz slu\u010daja: Alisept<\/span> \u041f\u0440\u043e\u0447\u0438\u0442\u0430\u0458 \u0432\u0438\u0448\u0435 &raquo;<\/a><\/p>","protected":false},"author":9,"featured_media":0,"parent":0,"menu_order":0,"comment_status":"closed","ping_status":"closed","template":"","meta":{"site-sidebar-layout":"no-sidebar","site-content-layout":"page-builder","ast-global-header-display":"","ast-main-header-display":"","ast-hfb-above-header-display":"","ast-hfb-below-header-display":"","ast-hfb-mobile-header-display":"","site-post-title":"disabled","ast-breadcrumbs-content":"","ast-featured-img":"disabled","footer-sml-layout":"","theme-transparent-header-meta":"","adv-header-id-meta":"","stick-header-meta":"","header-above-stick-meta":"","header-main-stick-meta":"","header-below-stick-meta":"","footnotes":""},"class_list":["post-11032","page","type-page","status-publish","hentry"],"_links":{"self":[{"href":"https:\/\/www.alivitpharm.com\/sr\/wp-json\/wp\/v2\/pages\/11032","targetHints":{"allow":["GET"]}}],"collection":[{"href":"https:\/\/www.alivitpharm.com\/sr\/wp-json\/wp\/v2\/pages"}],"about":[{"href":"https:\/\/www.alivitpharm.com\/sr\/wp-json\/wp\/v2\/types\/page"}],"author":[{"embeddable":true,"href":"https:\/\/www.alivitpharm.com\/sr\/wp-json\/wp\/v2\/users\/9"}],"replies":[{"embeddable":true,"href":"https:\/\/www.alivitpharm.com\/sr\/wp-json\/wp\/v2\/comments?post=11032"}],"version-history":[{"count":0,"href":"https:\/\/www.alivitpharm.com\/sr\/wp-json\/wp\/v2\/pages\/11032\/revisions"}],"wp:attachment":[{"href":"https:\/\/www.alivitpharm.com\/sr\/wp-json\/wp\/v2\/media?parent=11032"}],"curies":[{"name":"wp","href":"https:\/\/api.w.org\/{rel}","templated":true}]}}