{"id":12044,"date":"2025-04-22T12:31:14","date_gmt":"2025-04-22T10:31:14","guid":{"rendered":"https:\/\/www.alivitpharm.com\/?page_id=12044"},"modified":"2025-04-23T09:30:53","modified_gmt":"2025-04-23T07:30:53","slug":"timijan","status":"publish","type":"page","link":"https:\/\/www.alivitpharm.com\/sr\/thyme\/","title":{"rendered":"Timijan"},"content":{"rendered":"<div data-elementor-type=\"wp-page\" data-elementor-id=\"12044\" class=\"elementor elementor-12044\">\n\t\t\t\t\t\t<section class=\"elementor-section elementor-top-section elementor-element elementor-element-b49bc6c elementor-section-content-middle elementor-section-boxed elementor-section-height-default elementor-section-height-default\" data-id=\"b49bc6c\" data-element_type=\"section\" data-e-type=\"section\" data-settings=\"{&quot;background_background&quot;:&quot;classic&quot;}\">\n\t\t\t\t\t\t\t<div class=\"elementor-background-overlay\"><\/div>\n\t\t\t\t\t\t\t<div class=\"elementor-container elementor-column-gap-default\">\n\t\t\t\t\t<div class=\"elementor-column elementor-col-100 elementor-top-column elementor-element elementor-element-567c19a\" data-id=\"567c19a\" data-element_type=\"column\" data-e-type=\"column\">\n\t\t\t<div class=\"elementor-widget-wrap elementor-element-populated\">\n\t\t\t\t\t\t<div class=\"elementor-element elementor-element-46e1174 elementor-widget elementor-widget-heading\" data-id=\"46e1174\" data-element_type=\"widget\" data-e-type=\"widget\" data-widget_type=\"heading.default\">\n\t\t\t\t<div class=\"elementor-widget-container\">\n\t\t\t\t\t<h1 class=\"elementor-heading-title elementor-size-default\">Timijan<\/h1>\t\t\t\t<\/div>\n\t\t\t\t<\/div>\n\t\t\t\t<div class=\"elementor-element elementor-element-864b912 elementor-widget elementor-widget-image\" data-id=\"864b912\" data-element_type=\"widget\" data-e-type=\"widget\" data-widget_type=\"image.default\">\n\t\t\t\t<div class=\"elementor-widget-container\">\n\t\t\t\t\t\t\t\t\t\t\t\t\t\t\t<img decoding=\"async\" width=\"75\" height=\"33\" src=\"https:\/\/www.alivitpharm.com\/wp-content\/uploads\/2019\/07\/logo-leaf-new.png\" class=\"attachment-large size-large wp-image-2518\" alt=\"\" \/>\t\t\t\t\t\t\t\t\t\t\t\t\t\t\t<\/div>\n\t\t\t\t<\/div>\n\t\t\t\t<div class=\"elementor-element elementor-element-9cebfeb elementor-widget elementor-widget-text-editor\" data-id=\"9cebfeb\" data-element_type=\"widget\" data-e-type=\"widget\" data-widget_type=\"text-editor.default\">\n\t\t\t\t<div class=\"elementor-widget-container\">\n\t\t\t\t\t\t\t\t\t<p><em>Thymus vulgaris L. &#8211; Lamiaceae<\/em><\/p>\t\t\t\t\t\t\t\t<\/div>\n\t\t\t\t<\/div>\n\t\t\t\t\t<\/div>\n\t\t<\/div>\n\t\t\t\t\t<\/div>\n\t\t<\/section>\n\t\t\t\t<section class=\"elementor-section elementor-top-section elementor-element elementor-element-f6f8106 elementor-section-boxed elementor-section-height-default elementor-section-height-default\" data-id=\"f6f8106\" data-element_type=\"section\" data-e-type=\"section\" data-settings=\"{&quot;background_background&quot;:&quot;classic&quot;}\">\n\t\t\t\t\t\t<div class=\"elementor-container elementor-column-gap-default\">\n\t\t\t\t\t<div class=\"elementor-column elementor-col-100 elementor-top-column elementor-element elementor-element-5b80ede\" data-id=\"5b80ede\" data-element_type=\"column\" data-e-type=\"column\">\n\t\t\t<div class=\"elementor-widget-wrap elementor-element-populated\">\n\t\t\t\t\t\t<div class=\"elementor-element elementor-element-55ab99f elementor-widget elementor-widget-image\" data-id=\"55ab99f\" data-element_type=\"widget\" data-e-type=\"widget\" data-widget_type=\"image.default\">\n\t\t\t\t<div class=\"elementor-widget-container\">\n\t\t\t\t\t\t\t\t\t\t\t\t\t\t\t<img decoding=\"async\" src=\"https:\/\/www.alivitpharm.com\/wp-content\/uploads\/2025\/04\/thyme.png\" title=\"timijan\" alt=\"Timijan\" loading=\"lazy\" \/>\t\t\t\t\t\t\t\t\t\t\t\t\t\t\t<\/div>\n\t\t\t\t<\/div>\n\t\t\t\t<div class=\"elementor-element elementor-element-239f345 elementor-widget elementor-widget-text-editor\" data-id=\"239f345\" data-element_type=\"widget\" data-e-type=\"widget\" data-widget_type=\"text-editor.default\">\n\t\t\t\t<div class=\"elementor-widget-container\">\n\t\t\t\t\t\t\t\t\t<p><em>T. vulgaris L.<\/em> ili <strong>timijan<\/strong>, poznat kao \u201evrtna maj\u010dina du\u0161ica\u201c je aromati\u010dna i vi\u0161egodi\u0161nja cvjetnica koja pripada porodici <em>Lamiaceae<\/em>. Budu\u0107i da je porijeklom iz ju\u017ene Evrope, <em>T. vulgaris L.<\/em> je rasprostranjen \u0161irom svijeta. Biljka dobro raste u su\u0161noj klimi i nezasjenjenim podru\u010djima na grubom i dobro dreniranom tlu koje je u su\u0161tini neprikladno za mnoge biljke. Izgleda kao niska i grmolika biljka sa nekoliko malih cvjetova. List dug 4\u201312 mm i \u0161irok do 3 mm; sjede\u0107i je ili ima vrlo kratku peteljku. Plo\u010da je \u017eilava, kopljasta do jajasta, sa obje povr\u0161ine prekrivena sivim do zelenkasto sivim indumentom; ivice su izrazito zamotane prema abaksijalnoj povr\u0161ini. \u010ca\u0161ica je zelena, \u010desto sa ljubi\u010dastim mrljama, i cjevasta je; na kraju su 2 usne od kojih je gornja povijena unazad i na kraju ima 3 re\u017enja; donji je du\u017ei i ima 2 dlakava zuba. Nakon cvjetanja \u010da\u0161ica je zatvorena krunom dugih, \u010dvrstih dla\u010dica. Vjen\u010di\u0107, otprilike dvostruko du\u017ei od \u010da\u0161ice, obi\u010dno je u suhom stanju, sme\u0111kast i blago je dvokrilan.<\/p><p>Timijan, poznat i kao maj\u010dina du\u0161ica, smatrao se antiseptikom, antimikrobnim lijekom, adstringentom, antihelmintikom, karminativom, dezinficijensom, medicinskim lijekom i tonikom. <em>T. vulgaris<\/em> tako\u0111e mo\u017ee pobolj\u0161ati funkciju jetre i djelovati kao stimulans apetita. Koristi se u lije\u010denju respiratornih infekcija, poput bronhijalnih infekcija, kao i u lije\u010denju urinarnih infekcija te infekcija Eustahijevih tuba. Tako\u0111e je u\u010dinkovita kao sredstvo za ispiranje grla, poma\u017eu\u0107i u lije\u010denju laringitisa i upala grla.<\/p><p>Ulje <em>T. vulgaris<\/em> -a je kombinacija monoterpena i oni deluju antioksidativno, antimikrobno, antitusivno, antispazmodi\u010dki i antibakterijski. Timijan je tako\u0111e koristan za probleme s ko\u017eom, poput masne ko\u017ee, akni, dermatitisa, raznih ko\u017enih stanja i ugriza insekata. U aromaterapiji, razlikuju se razli\u010dite vrste timijana.<\/p>\t\t\t\t\t\t\t\t<\/div>\n\t\t\t\t<\/div>\n\t\t\t\t<div class=\"elementor-element elementor-element-a949ebb elementor-widget elementor-widget-image\" data-id=\"a949ebb\" data-element_type=\"widget\" data-e-type=\"widget\" data-widget_type=\"image.default\">\n\t\t\t\t<div class=\"elementor-widget-container\">\n\t\t\t\t\t\t\t\t\t\t\t\t\t\t\t<img decoding=\"async\" src=\"https:\/\/www.alivitpharm.com\/wp-content\/uploads\/2022\/09\/leaves.png\" title=\"leaves\" alt=\"Leaves\" loading=\"lazy\" \/>\t\t\t\t\t\t\t\t\t\t\t\t\t\t\t<\/div>\n\t\t\t\t<\/div>\n\t\t\t\t<div class=\"elementor-element elementor-element-d1cf34b elementor-widget elementor-widget-text-editor\" data-id=\"d1cf34b\" data-element_type=\"widget\" data-e-type=\"widget\" data-widget_type=\"text-editor.default\">\n\t\t\t\t<div class=\"elementor-widget-container\">\n\t\t\t\t\t\t\t\t\t<p>Timijan je danas biljka koje se \u0161iroko koristi u  farmaceutskoj, prehrambenoj i kozmeti\u010dkoj industriji.  Ova biljka pokazuje i antioksidativno, antikancerogeno, antiinflamatorno, imunomodulatorno i antispazmodi\u010dko djelovanje.<\/p><p><em>Thymus vulgaris<\/em> sadr\u017ei visoku koli\u010dinu flavonoida. Dakle, timijan se mo\u017ee smatra prirodnim antioksidanasom i antibiotikom koji se na\u0161ao \u0161iroku primjenu u izradi u dijetetskih suplementima.<\/p><p>Razli\u010diti ekstrakti i eteri\u010dna ulja dobijeni iz biljke su procijenjeni i prijavljeni za lije\u010denje bolesti poput mikrobnih infekcija, upala, nezaraznih bolesti poput raka i polno prenosivih bolesti poput HIV-1 i herpesa.<\/p><p>Timijan je posebno koristan u slu\u010dajevima infekcija izazvanih parazitima poput ankilostoma (crijevni crv koji mo\u017ee uzrokovati ankilostomizu), askaridima (drugim crijevnim parazitima) te razli\u010ditim vrstama bakterija, uklju\u010duju\u0107i gram-pozitivne i gram-negativne bakterije. Osim toga, u\u010dinkovit je protiv gljivica i kvasaca, uklju\u010duju\u0107i <em>Candida albicans<\/em>. Klju\u010dni aktivni sastojak u timijanu je timol, koji je odgovoran za mnoga njegova ljekovita svojstva. Timol ima sna\u017enu antibakterijsku aktivnost, posebno protiv enterobakterija (grupe bakterija koje uklju\u010duju mnoge patogene poput <em>Escherichia coli<\/em>) te bakterija koka (koje obuhvataju nekoliko vrsta bakterija koje uzrokuju infekcije, poput <em>Streptococcus<\/em> i <em>Staphylococcus<\/em>).<\/p><p>Timijan se stoga koristi ne samo za lije\u010denje bakterijskih i gljivi\u010dnih infekcija, ve\u0107 i za smanjenje crijevnih parazita, \u010dime se mo\u017ee pomo\u0107i u ubla\u017eavanju simptoma i lije\u010denju stanja poput bolova u trbuhu, nadutosti i drugih probavnih smetnji uzrokovanih infekcijama.<\/p>\t\t\t\t\t\t\t\t<\/div>\n\t\t\t\t<\/div>\n\t\t\t\t<div class=\"elementor-element elementor-element-ff69c90 elementor-widget elementor-widget-heading\" data-id=\"ff69c90\" data-element_type=\"widget\" data-e-type=\"widget\" data-widget_type=\"heading.default\">\n\t\t\t\t<div class=\"elementor-widget-container\">\n\t\t\t\t\t<h4 class=\"elementor-heading-title elementor-size-default\">Reference<\/h4>\t\t\t\t<\/div>\n\t\t\t\t<\/div>\n\t\t\t\t<div class=\"elementor-element elementor-element-4dede2c elementor-widget elementor-widget-text-editor\" data-id=\"4dede2c\" data-element_type=\"widget\" data-e-type=\"widget\" data-widget_type=\"text-editor.default\">\n\t\t\t\t<div class=\"elementor-widget-container\">\n\t\t\t\t\t\t\t\t\t<ul><li style=\"list-style-type: none;\"><ul><li><a class=\"reference-link\" href=\"https:\/\/pubmed.ncbi.nlm.nih.gov\/?term=thymus+vulgaris+medical\" target=\"_blank\" rel=\"noopener\">Thymus vulgaris medical search results<\/a><\/li><li><a class=\"reference-link\" href=\"https:\/\/www.sciencedirect.com\/science\/article\/abs\/pii\/B9780128092866000285\" target=\"_blank\" rel=\"noopener\">Chapter 28 &#8211; Thymus vulgaris<\/a><\/li><\/ul><\/li><\/ul>\t\t\t\t\t\t\t\t<\/div>\n\t\t\t\t<\/div>\n\t\t\t\t\t<\/div>\n\t\t<\/div>\n\t\t\t\t\t<\/div>\n\t\t<\/section>\n\t\t\t\t<\/div>","protected":false},"excerpt":{"rendered":"<p>Thyme Thymus vulgaris L. &#8211; Lamiaceae T. vulgaris L. or thyme, commonly known as &#8220;garden thyme&#8221; is an aromatic and perennial flowering plant belonging to the family Lamiaceae. Native to southern Europe, T. vulgaris L. is widely distributed throughout the world. The plant grows well in arid climates and unshaded areas on coarse and well-drained &hellip;<\/p>\n<p class=\"read-more\"> <a class=\"\" href=\"https:\/\/www.alivitpharm.com\/sr\/thyme\/\"> <span class=\"screen-reader-text\">Timijan<\/span> \u041f\u0440\u043e\u0447\u0438\u0442\u0430\u0458 \u0432\u0438\u0448\u0435 &raquo;<\/a><\/p>","protected":false},"author":9,"featured_media":0,"parent":0,"menu_order":0,"comment_status":"closed","ping_status":"closed","template":"","meta":{"site-sidebar-layout":"no-sidebar","site-content-layout":"page-builder","ast-global-header-display":"","ast-main-header-display":"","ast-hfb-above-header-display":"","ast-hfb-below-header-display":"","ast-hfb-mobile-header-display":"","site-post-title":"disabled","ast-breadcrumbs-content":"","ast-featured-img":"disabled","footer-sml-layout":"","theme-transparent-header-meta":"","adv-header-id-meta":"","stick-header-meta":"","header-above-stick-meta":"","header-main-stick-meta":"","header-below-stick-meta":"","footnotes":""},"class_list":["post-12044","page","type-page","status-publish","hentry"],"_links":{"self":[{"href":"https:\/\/www.alivitpharm.com\/sr\/wp-json\/wp\/v2\/pages\/12044","targetHints":{"allow":["GET"]}}],"collection":[{"href":"https:\/\/www.alivitpharm.com\/sr\/wp-json\/wp\/v2\/pages"}],"about":[{"href":"https:\/\/www.alivitpharm.com\/sr\/wp-json\/wp\/v2\/types\/page"}],"author":[{"embeddable":true,"href":"https:\/\/www.alivitpharm.com\/sr\/wp-json\/wp\/v2\/users\/9"}],"replies":[{"embeddable":true,"href":"https:\/\/www.alivitpharm.com\/sr\/wp-json\/wp\/v2\/comments?post=12044"}],"version-history":[{"count":25,"href":"https:\/\/www.alivitpharm.com\/sr\/wp-json\/wp\/v2\/pages\/12044\/revisions"}],"predecessor-version":[{"id":12076,"href":"https:\/\/www.alivitpharm.com\/sr\/wp-json\/wp\/v2\/pages\/12044\/revisions\/12076"}],"wp:attachment":[{"href":"https:\/\/www.alivitpharm.com\/sr\/wp-json\/wp\/v2\/media?parent=12044"}],"curies":[{"name":"wp","href":"https:\/\/api.w.org\/{rel}","templated":true}]}}