{"id":12299,"date":"2025-05-21T08:36:17","date_gmt":"2025-05-21T06:36:17","guid":{"rendered":"https:\/\/www.alivitpharm.com\/?page_id=12299"},"modified":"2025-05-21T11:18:37","modified_gmt":"2025-05-21T09:18:37","slug":"slatki-pelin","status":"publish","type":"page","link":"https:\/\/www.alivitpharm.com\/sr\/sweet-wormwood\/","title":{"rendered":"Slatki pelin"},"content":{"rendered":"<div data-elementor-type=\"wp-page\" data-elementor-id=\"12299\" class=\"elementor elementor-12299\">\n\t\t\t\t\t\t<section class=\"elementor-section elementor-top-section elementor-element elementor-element-ba433ad elementor-section-content-middle elementor-section-boxed elementor-section-height-default elementor-section-height-default\" data-id=\"ba433ad\" data-element_type=\"section\" data-e-type=\"section\" data-settings=\"{&quot;background_background&quot;:&quot;classic&quot;}\">\n\t\t\t\t\t\t\t<div class=\"elementor-background-overlay\"><\/div>\n\t\t\t\t\t\t\t<div class=\"elementor-container elementor-column-gap-default\">\n\t\t\t\t\t<div class=\"elementor-column elementor-col-100 elementor-top-column elementor-element elementor-element-5e9d3d4\" data-id=\"5e9d3d4\" data-element_type=\"column\" data-e-type=\"column\">\n\t\t\t<div class=\"elementor-widget-wrap elementor-element-populated\">\n\t\t\t\t\t\t<div class=\"elementor-element elementor-element-c9679c5 elementor-widget elementor-widget-heading\" data-id=\"c9679c5\" data-element_type=\"widget\" data-e-type=\"widget\" data-widget_type=\"heading.default\">\n\t\t\t\t<div class=\"elementor-widget-container\">\n\t\t\t\t\t<h1 class=\"elementor-heading-title elementor-size-default\">Slatki pelin<\/h1>\t\t\t\t<\/div>\n\t\t\t\t<\/div>\n\t\t\t\t<div class=\"elementor-element elementor-element-3a034b5 elementor-widget elementor-widget-image\" data-id=\"3a034b5\" data-element_type=\"widget\" data-e-type=\"widget\" data-widget_type=\"image.default\">\n\t\t\t\t<div class=\"elementor-widget-container\">\n\t\t\t\t\t\t\t\t\t\t\t\t\t\t\t<img decoding=\"async\" width=\"75\" height=\"33\" src=\"https:\/\/www.alivitpharm.com\/wp-content\/uploads\/2019\/07\/logo-leaf-new.png\" class=\"attachment-large size-large wp-image-2518\" alt=\"\" \/>\t\t\t\t\t\t\t\t\t\t\t\t\t\t\t<\/div>\n\t\t\t\t<\/div>\n\t\t\t\t<div class=\"elementor-element elementor-element-8ae1a0f elementor-widget elementor-widget-text-editor\" data-id=\"8ae1a0f\" data-element_type=\"widget\" data-e-type=\"widget\" data-widget_type=\"text-editor.default\">\n\t\t\t\t<div class=\"elementor-widget-container\">\n\t\t\t\t\t\t\t\t\t<p><em>Artemisia annua L. &#8211; Asteraceae<\/em><\/p>\t\t\t\t\t\t\t\t<\/div>\n\t\t\t\t<\/div>\n\t\t\t\t\t<\/div>\n\t\t<\/div>\n\t\t\t\t\t<\/div>\n\t\t<\/section>\n\t\t\t\t<section class=\"elementor-section elementor-top-section elementor-element elementor-element-0daa588 elementor-section-boxed elementor-section-height-default elementor-section-height-default\" data-id=\"0daa588\" data-element_type=\"section\" data-e-type=\"section\" data-settings=\"{&quot;background_background&quot;:&quot;classic&quot;}\">\n\t\t\t\t\t\t<div class=\"elementor-container elementor-column-gap-default\">\n\t\t\t\t\t<div class=\"elementor-column elementor-col-100 elementor-top-column elementor-element elementor-element-3b7e5de\" data-id=\"3b7e5de\" data-element_type=\"column\" data-e-type=\"column\">\n\t\t\t<div class=\"elementor-widget-wrap elementor-element-populated\">\n\t\t\t\t\t\t<div class=\"elementor-element elementor-element-53f8eac elementor-widget elementor-widget-image\" data-id=\"53f8eac\" data-element_type=\"widget\" data-e-type=\"widget\" data-widget_type=\"image.default\">\n\t\t\t\t<div class=\"elementor-widget-container\">\n\t\t\t\t\t\t\t\t\t\t\t\t\t\t\t<img decoding=\"async\" src=\"https:\/\/www.alivitpharm.com\/wp-content\/uploads\/2025\/05\/sweet-wormwood.jpg\" title=\"sweet-wormwood\" alt=\"Slatki pelin\" loading=\"lazy\" \/>\t\t\t\t\t\t\t\t\t\t\t\t\t\t\t<\/div>\n\t\t\t\t<\/div>\n\t\t\t\t<div class=\"elementor-element elementor-element-b94d03a elementor-widget elementor-widget-text-editor\" data-id=\"b94d03a\" data-element_type=\"widget\" data-e-type=\"widget\" data-widget_type=\"text-editor.default\">\n\t\t\t\t<div class=\"elementor-widget-container\">\n\t\t\t\t\t\t\t\t\t<p><strong>Slatki pelin<\/strong> je jednogodi\u0161nja zeljasta biljka iz roda pelina <em>Artemisia<\/em> koja pripada porodici glavo\u010dika <em>Asteraceae<\/em>. U prirodi raste kao korovska biljka. Autohtona je sorta iz umjerenih podru\u010dja Azije, ali je zbog svog medicinskog zna\u010daja ra\u0161iren \u0161irom svijeta, posebno u Ju\u017enoj i Jugoisto\u010dnoj Evropi i Sjevernoj Americi.<\/p><p>Postoji duga istorija upotrebe nadzemnih dijelova i listova <em>A. annua<\/em> u medicinske svrhe u odre\u0111enim azijskim zemljama. Koristi se nadzemni dio slatkog pelina kao tradicionalni lijek, dok se listovi koriste kao sirovina za ekstrakciju artemisinina. Slatki pelin se koristi kao tradicionalni biljni lijek za privremeni gubitak apetita, za blage dispepti\u010dne\/gastrointestinalne poremec\u0301aje.<\/p><p>Farmakolo\u0161ka aktivnost protiv hroni\u010dnih i infektivnih bolesti razli\u010ditih metabolita iz <em>A. annua<\/em>, artemisinina i njegovih derivata, flavonoida i eteri\u010dnih ulja, je potkrepljena pretklini\u010dkim eksperimentalnim dokazima i in vivo i in vitro, a zaklju\u010dena su i klini\u010dka zapa\u017eanja kod ljudi koji su tretirani razli\u010ditim dijelovima biljke, uglavnom listovima, u lije\u010denju malarije. Li\u0161c\u0301e, sjeme i cijela biljka <em>A. annua<\/em> tako\u0111e su pokazale farmakolo\u0161ku aktivnost protiv parazita odgovornih za laj\u0161manijazu i Chagas bolesti. Nedavno je objavljen prvi izve\u0161taj o in vivo efikasnosti <em>A. annua<\/em> protiv denga groznice.<\/p><p>Najpoznatiji od svih aktivnih sastojaka je seskviterpen artemisinin i njegovi hemijski derivati. Biljka ne samo da ima visok sadr\u017eaj polifenola, flavonoida, proteina, kumarina, fitosterola, polisaharida nego ima dosta i kalijuma, selena, nitrata i neorganskih soli.\nIsparljiva eteri\u010dna ulja su prisutana u koncentracijama od 0,20 \u2013 0,25 %. Ostali va\u017eni sastojci uklju\u010duju kamfen, keton, kamfor, betakariofilen, pinen.<\/p>\t\t\t\t\t\t\t\t<\/div>\n\t\t\t\t<\/div>\n\t\t\t\t<div class=\"elementor-element elementor-element-7a904f2 elementor-widget elementor-widget-image\" data-id=\"7a904f2\" data-element_type=\"widget\" data-e-type=\"widget\" data-widget_type=\"image.default\">\n\t\t\t\t<div class=\"elementor-widget-container\">\n\t\t\t\t\t\t\t\t\t\t\t\t\t\t\t<img decoding=\"async\" src=\"https:\/\/www.alivitpharm.com\/wp-content\/uploads\/2022\/09\/leaves.png\" title=\"leaves\" alt=\"Leaves\" loading=\"lazy\" \/>\t\t\t\t\t\t\t\t\t\t\t\t\t\t\t<\/div>\n\t\t\t\t<\/div>\n\t\t\t\t<div class=\"elementor-element elementor-element-0379ab8 elementor-widget elementor-widget-text-editor\" data-id=\"0379ab8\" data-element_type=\"widget\" data-e-type=\"widget\" data-widget_type=\"text-editor.default\">\n\t\t\t\t<div class=\"elementor-widget-container\">\n\t\t\t\t\t\t\t\t\t<p>Artemisinin je hemijski modifikovan od strane farmaceutskih kompanija u svrhu pobolj\u0161avanja njegove rastvorljivosti bilo u vodi (artesunate) ili u mastima (artemether). Tvrdilo se da su ovi derivati 5 puta efikasniji od   artemisinina, ali nau\u010dni podaci koji potkrepljuju ovu tvrdnju su oskudni.<\/p><p>Tokom poslednjih 40 godina veliki broj recenziranih radova su koncentrisali njihova istra\u017eivanja o antiparazitnom djelovanju artemisinina. Posebno polifenoli i flavonoidi se sada smatraju klju\u010dnim supstancama u efikasnosti <em>A. annua<\/em> i drugih biljka  iz ove porodice.Flavonoidi kao npr.artemetin, rutin, kvercetin, kasticin, eupatin, luteolin i njihovi glukozidi imaju \u0161iroku biolo\u0161ku aktivnost, mnogi od njih imaju sinergisti\u010dki efekat.\nLuteolin je pokazao antimalarijsku i antioksidativnu aktivnost. Glavni sastojci etarskog ulja u <em>A. annua<\/em> su cineol, kamfen, a-pinen, germakren, kamfori keton. Oni su prisutni u koncentracijama od 0,20 \u2013 0,25 % i imaju prikazanu ne samo razli\u010ditu antimikrobnu aktivnost nego i antiinflamatorne i citotoksi\u010dne aktivnosti. Fenolne kiseline, hlorogene i rozmarinska kiselina su prisutne u vodenom ekstraktu <em>A. annua<\/em>. Oni su sna\u017eni antioksidansi i mogu smanjiti lu\u010denje antiinflamatornih citokini, interleukina-6 i interleukina-8.<\/p><p><em>A. annua<\/em> se obi\u010dno naziva \u201epelin\u201c jer je antihelmintik, a ova svojstva slatkog pelina su poznata od davnina.\nJednom studijom je primje\u0107eno da je <em>A. annua<\/em> efikasan u lije\u010denju \u0161istosomijaze (bilharzioza) koja je druga po broju va\u017ena bolest u tropskoj Africi. Univerzitet Cumana u Venecueli izvr\u0161io je 2013. Godine uticaj <em>A. annua<\/em> na epimastigote T.cruzi. Nakon tretmana od 7 dana gustina broja parazita zna\u010dajno je smanjena.<\/p>\t\t\t\t\t\t\t\t<\/div>\n\t\t\t\t<\/div>\n\t\t\t\t<div class=\"elementor-element elementor-element-aaa7eda elementor-widget elementor-widget-heading\" data-id=\"aaa7eda\" data-element_type=\"widget\" data-e-type=\"widget\" data-widget_type=\"heading.default\">\n\t\t\t\t<div class=\"elementor-widget-container\">\n\t\t\t\t\t<h4 class=\"elementor-heading-title elementor-size-default\">Reference<\/h4>\t\t\t\t<\/div>\n\t\t\t\t<\/div>\n\t\t\t\t<div class=\"elementor-element elementor-element-ccb564c elementor-widget elementor-widget-text-editor\" data-id=\"ccb564c\" data-element_type=\"widget\" data-e-type=\"widget\" data-widget_type=\"text-editor.default\">\n\t\t\t\t<div class=\"elementor-widget-container\">\n\t\t\t\t\t\t\t\t\t<ul><li style=\"list-style-type: none;\"><ul><li><a class=\"reference-link\" href=\"https:\/\/www.sciencedirect.com\/science\/article\/abs\/pii\/S0926669011003219\" target=\"_blank\" rel=\"noopener\">Chemical composition and antioxidant and antimicrobial activity of essential oil of Artemisia annua L. from Bosnia<\/a><\/li><li><a class=\"reference-link\" href=\"https:\/\/pubmed.ncbi.nlm.nih.gov\/32758647\/\" target=\"_blank\" rel=\"noopener\">Traditional application and modern pharmacological research of Artemisia annua L<\/a><\/li><\/ul><\/li><\/ul>\t\t\t\t\t\t\t\t<\/div>\n\t\t\t\t<\/div>\n\t\t\t\t\t<\/div>\n\t\t<\/div>\n\t\t\t\t\t<\/div>\n\t\t<\/section>\n\t\t\t\t<\/div>","protected":false},"excerpt":{"rendered":"<p>Sweet Wormwood Artemisia annua L. &#8211; Asteraceae Sweet wormwood is an annual herbaceous plant from the genus Artemisia that belongs to the family of Asteraceae. It grows in nature as a weed plant. It is an autochthonous variety from the temperate regions of Asia, but due to its medicinal importance, it is spread all over &hellip;<\/p>\n<p class=\"read-more\"> <a class=\"\" href=\"https:\/\/www.alivitpharm.com\/sr\/sweet-wormwood\/\"> <span class=\"screen-reader-text\">Slatki pelin<\/span> \u041f\u0440\u043e\u0447\u0438\u0442\u0430\u0458 \u0432\u0438\u0448\u0435 &raquo;<\/a><\/p>","protected":false},"author":9,"featured_media":0,"parent":0,"menu_order":0,"comment_status":"closed","ping_status":"closed","template":"","meta":{"site-sidebar-layout":"no-sidebar","site-content-layout":"page-builder","ast-global-header-display":"","ast-main-header-display":"","ast-hfb-above-header-display":"","ast-hfb-below-header-display":"","ast-hfb-mobile-header-display":"","site-post-title":"disabled","ast-breadcrumbs-content":"","ast-featured-img":"disabled","footer-sml-layout":"","theme-transparent-header-meta":"","adv-header-id-meta":"","stick-header-meta":"","header-above-stick-meta":"","header-main-stick-meta":"","header-below-stick-meta":"","footnotes":""},"class_list":["post-12299","page","type-page","status-publish","hentry"],"_links":{"self":[{"href":"https:\/\/www.alivitpharm.com\/sr\/wp-json\/wp\/v2\/pages\/12299","targetHints":{"allow":["GET"]}}],"collection":[{"href":"https:\/\/www.alivitpharm.com\/sr\/wp-json\/wp\/v2\/pages"}],"about":[{"href":"https:\/\/www.alivitpharm.com\/sr\/wp-json\/wp\/v2\/types\/page"}],"author":[{"embeddable":true,"href":"https:\/\/www.alivitpharm.com\/sr\/wp-json\/wp\/v2\/users\/9"}],"replies":[{"embeddable":true,"href":"https:\/\/www.alivitpharm.com\/sr\/wp-json\/wp\/v2\/comments?post=12299"}],"version-history":[{"count":22,"href":"https:\/\/www.alivitpharm.com\/sr\/wp-json\/wp\/v2\/pages\/12299\/revisions"}],"predecessor-version":[{"id":12324,"href":"https:\/\/www.alivitpharm.com\/sr\/wp-json\/wp\/v2\/pages\/12299\/revisions\/12324"}],"wp:attachment":[{"href":"https:\/\/www.alivitpharm.com\/sr\/wp-json\/wp\/v2\/media?parent=12299"}],"curies":[{"name":"wp","href":"https:\/\/api.w.org\/{rel}","templated":true}]}}