{"id":12367,"date":"2025-05-23T13:17:38","date_gmt":"2025-05-23T11:17:38","guid":{"rendered":"https:\/\/www.alivitpharm.com\/?page_id=12367"},"modified":"2025-05-23T14:49:08","modified_gmt":"2025-05-23T12:49:08","slug":"karanfilic","status":"publish","type":"page","link":"https:\/\/www.alivitpharm.com\/sr\/clove\/","title":{"rendered":"Karanfili\u0107"},"content":{"rendered":"<div data-elementor-type=\"wp-page\" data-elementor-id=\"12367\" class=\"elementor elementor-12367\">\n\t\t\t\t\t\t<section class=\"elementor-section elementor-top-section elementor-element elementor-element-41ddf40 elementor-section-content-middle elementor-section-boxed elementor-section-height-default elementor-section-height-default\" data-id=\"41ddf40\" data-element_type=\"section\" data-e-type=\"section\" data-settings=\"{&quot;background_background&quot;:&quot;classic&quot;}\">\n\t\t\t\t\t\t\t<div class=\"elementor-background-overlay\"><\/div>\n\t\t\t\t\t\t\t<div class=\"elementor-container elementor-column-gap-default\">\n\t\t\t\t\t<div class=\"elementor-column elementor-col-100 elementor-top-column elementor-element elementor-element-99ee7c5\" data-id=\"99ee7c5\" data-element_type=\"column\" data-e-type=\"column\">\n\t\t\t<div class=\"elementor-widget-wrap elementor-element-populated\">\n\t\t\t\t\t\t<div class=\"elementor-element elementor-element-b73d4ad elementor-widget elementor-widget-heading\" data-id=\"b73d4ad\" data-element_type=\"widget\" data-e-type=\"widget\" data-widget_type=\"heading.default\">\n\t\t\t\t<div class=\"elementor-widget-container\">\n\t\t\t\t\t<h1 class=\"elementor-heading-title elementor-size-default\">Karanfili\u0107<\/h1>\t\t\t\t<\/div>\n\t\t\t\t<\/div>\n\t\t\t\t<div class=\"elementor-element elementor-element-d41fa7f elementor-widget elementor-widget-image\" data-id=\"d41fa7f\" data-element_type=\"widget\" data-e-type=\"widget\" data-widget_type=\"image.default\">\n\t\t\t\t<div class=\"elementor-widget-container\">\n\t\t\t\t\t\t\t\t\t\t\t\t\t\t\t<img decoding=\"async\" width=\"75\" height=\"33\" src=\"https:\/\/www.alivitpharm.com\/wp-content\/uploads\/2019\/07\/logo-leaf-new.png\" class=\"attachment-large size-large wp-image-2518\" alt=\"\" \/>\t\t\t\t\t\t\t\t\t\t\t\t\t\t\t<\/div>\n\t\t\t\t<\/div>\n\t\t\t\t<div class=\"elementor-element elementor-element-e2b7a30 elementor-widget elementor-widget-text-editor\" data-id=\"e2b7a30\" data-element_type=\"widget\" data-e-type=\"widget\" data-widget_type=\"text-editor.default\">\n\t\t\t\t<div class=\"elementor-widget-container\">\n\t\t\t\t\t\t\t\t\t<p><em>Syzygium aromaticum L. &#8211; Myrtaceae<\/em><\/p>\t\t\t\t\t\t\t\t<\/div>\n\t\t\t\t<\/div>\n\t\t\t\t\t<\/div>\n\t\t<\/div>\n\t\t\t\t\t<\/div>\n\t\t<\/section>\n\t\t\t\t<section class=\"elementor-section elementor-top-section elementor-element elementor-element-b51d1c0 elementor-section-boxed elementor-section-height-default elementor-section-height-default\" data-id=\"b51d1c0\" data-element_type=\"section\" data-e-type=\"section\" data-settings=\"{&quot;background_background&quot;:&quot;classic&quot;}\">\n\t\t\t\t\t\t<div class=\"elementor-container elementor-column-gap-default\">\n\t\t\t\t\t<div class=\"elementor-column elementor-col-100 elementor-top-column elementor-element elementor-element-a815609\" data-id=\"a815609\" data-element_type=\"column\" data-e-type=\"column\">\n\t\t\t<div class=\"elementor-widget-wrap elementor-element-populated\">\n\t\t\t\t\t\t<div class=\"elementor-element elementor-element-5b7a388 elementor-widget elementor-widget-image\" data-id=\"5b7a388\" data-element_type=\"widget\" data-e-type=\"widget\" data-widget_type=\"image.default\">\n\t\t\t\t<div class=\"elementor-widget-container\">\n\t\t\t\t\t\t\t\t\t\t\t\t\t\t\t<img decoding=\"async\" src=\"https:\/\/www.alivitpharm.com\/wp-content\/uploads\/2025\/05\/clove.png\" title=\"clove\" alt=\"Karanfili\u0107\" loading=\"lazy\" \/>\t\t\t\t\t\t\t\t\t\t\t\t\t\t\t<\/div>\n\t\t\t\t<\/div>\n\t\t\t\t<div class=\"elementor-element elementor-element-711b3b0 elementor-widget elementor-widget-text-editor\" data-id=\"711b3b0\" data-element_type=\"widget\" data-e-type=\"widget\" data-widget_type=\"text-editor.default\">\n\t\t\t\t<div class=\"elementor-widget-container\">\n\t\t\t\t\t\t\t\t\t<p><span class=\"jCAhz ChMk0b\"><span class=\"ryNqvb\"><strong>Karanfili\u0107<\/strong> (<em>Syzigium aromaticum<\/em>) je prirodni za\u010din sa zna\u010dajnim biolo\u0161kim svojstvima.<\/span><\/span> <span class=\"jCAhz ChMk0b\"><span class=\"ryNqvb\">Prvenstveno se nalazi u Indiji i Indoneziji, ali se mo\u017ee uzgajati i u drugim obalnim podru\u010djima.<\/span><\/span> <span class=\"jCAhz ChMk0b\"><span class=\"ryNqvb\">Karanfili\u0107 se obi\u010dno koristi kao prirodni konzervans i u proizvodnji prirodnih lijekova.<\/span><\/span> <span class=\"jCAhz ChMk0b\"><span class=\"ryNqvb\">Jedna od zna\u010dajnih prednosti karanfili\u0107a je njegova sposobnost da poma\u017ee u lije\u010denju bolesti uzrokovanih raznim bakterijama i gljivicama, uklju\u010duju\u0107i <em>E. coli<\/em>, <em>P. aeruginosa<\/em>, <em>S. aureus<\/em>, <em>Z. mobilis<\/em>, i <em>C. albicans<\/em>.<\/span><\/span> <span class=\"jCAhz ChMk0b\"><span class=\"ryNqvb\">Pored toga, karanfili\u0107 posjeduje antioksidativna svojstva koja mogu pomo\u0107i u smanjenju o\u0161te\u0107enja \u0107elija uzrokovanih slobodnim radikalima.<\/span><\/span> <span class=\"jCAhz ChMk0b\"><span class=\"ryNqvb\">Karanfili\u0107 je tako\u0111e pokazao potencijal u inhibiciji rasta \u0107elija raka i smanjenju aktivnosti enzima kao \u0161to su amilaza, glukozidaza i lipaza, \u0161to mo\u017ee biti korisno za lije\u010denje dijabetesa.<\/span><\/span> <span class=\"jCAhz ChMk0b\"><span class=\"ryNqvb\">Studija je pokazala da nano\u010destice srebra (AgNP) sintetizovane iz ekstrakta lista klin\u010di\u0107a pokazuju obe\u0107avaju\u0107e antimikrobne, antikancerogene, antidijabeti\u010dke i antioksidativne aktivnosti.<\/span><\/span><\/p><p><span class=\"jCAhz ChMk0b\"><span class=\"ryNqvb\">Ukratko, karanfili\u0107 posjeduje raznovrsna biolo\u0161ka svojstva i ima potencijalnu primjenu u razli\u010ditim terapijskim oblastima.<\/span><\/span> <span class=\"jCAhz ChMk0b\"><span class=\"ryNqvb\">Isparljive materije karanfili\u0107a mogu se dobiti uglavnom destilacijom pupoljaka, gran\u010dica ili listova, \u0161to rezultira razli\u010ditim karakteristikama isparljivog ulja.<\/span><\/span><\/p><p><span class=\"jCAhz ChMk0b\"><span class=\"ryNqvb\">Nekoliko faktora kao \u0161to su sorte, starost i zrelost organa karanfili\u0107a uti\u010du na njegov prinos I hemijski sastav.<\/span><\/span> <span class=\"jCAhz ChMk0b\"><span class=\"ryNqvb\">Spolja\u0161nji faktori, a to su podru\u010dja uzgoja, procesi nakon \u017eetve, metode destilacije i uslovi skladi\u0161tenja, tako\u0111e uti\u010du na kvalitet isparljivog ulja. Isparljivo ulje ekstrahovano iz karanfili\u0107a trenutno se koristi u prehrambenoj, medicinskoj, kozmeti\u010dkoj i industriji pesticida.<\/span><\/span><\/p>\t\t\t\t\t\t\t\t<\/div>\n\t\t\t\t<\/div>\n\t\t\t\t<div class=\"elementor-element elementor-element-55c988f elementor-widget elementor-widget-image\" data-id=\"55c988f\" data-element_type=\"widget\" data-e-type=\"widget\" data-widget_type=\"image.default\">\n\t\t\t\t<div class=\"elementor-widget-container\">\n\t\t\t\t\t\t\t\t\t\t\t\t\t\t\t<img decoding=\"async\" src=\"https:\/\/www.alivitpharm.com\/wp-content\/uploads\/2022\/09\/leaves.png\" title=\"leaves\" alt=\"Leaves\" loading=\"lazy\" \/>\t\t\t\t\t\t\t\t\t\t\t\t\t\t\t<\/div>\n\t\t\t\t<\/div>\n\t\t\t\t<div class=\"elementor-element elementor-element-e838f59 elementor-widget elementor-widget-text-editor\" data-id=\"e838f59\" data-element_type=\"widget\" data-e-type=\"widget\" data-widget_type=\"text-editor.default\">\n\t\t\t\t<div class=\"elementor-widget-container\">\n\t\t\t\t\t\t\t\t\t<p><span class=\"jCAhz ChMk0b\"><span class=\"ryNqvb\">Karanfili\u0107 je nadaleko poznat po svojim jakim antioksidativnim svojstvima, a tradicionalno se koristi za njegu zuba, kao aromati\u010dni za\u010din i kao prirodni konzervans.<\/span><\/span> <span class=\"jCAhz ChMk0b\"><span class=\"ryNqvb\">Listovi biljke karanfili\u0107a sadr\u017ee fitohemikalije kao \u0161to su alkaloidi, flavonoidi i saponini.<\/span><\/span> <span class=\"jCAhz ChMk0b\"><span class=\"ryNqvb\">Eteri\u010dno ulje karanfili\u0107a se koristi u tradicionalnoj kineskoj medicini i utvr\u0111eno je da ima antivirusno, antifungalno, antibakterijsko, antiparazitsko, analgeti\u010dko, antioksidativno, antimutageno, antitrombi\u010dko dejstvo.<\/span><\/span> <span class=\"jCAhz ChMk0b\"><span class=\"ryNqvb\">Antioksidansi u karanfili\u0107u poma\u017eu u smanjenju \u0161irenja slobodnih radikala u ljudskom tijelu i \u0161tite \u0107elijske membrane.<\/span><\/span> <span class=\"jCAhz ChMk0b\"><span class=\"ryNqvb\">Kori\u0161\u0107en je za borbu protiv mikroorganizama koji izazivaju bolesti poput kolere, malarije i tuberkuloze.<\/span><\/span> <span class=\"jCAhz ChMk0b\"><span class=\"ryNqvb\">Glavni sastojci karanfili\u0107a su b-kariofilen i eugenol acetat.<\/span><\/span> <span class=\"jCAhz ChMk0b\"><span class=\"ryNqvb\">Nekoliko studija je izvestilo o fungicidnoj aktivnosti ulja karanfili\u0107a protiv <em>Candida<\/em>.<\/span><\/span><\/p><p><span class=\"jCAhz ChMk0b\"><span class=\"ryNqvb\">\u0160tavi\u0161e, <em>S. aromaticum<\/em> ekstrakti sadr\u017ee raznovrstan niz sekundarnih metabolita, kao \u0161to su flavonoidi, hidroksibenzojeve kiseline, hidroksicimetne kiseline, hidroksifenil propeni, eugenol, eugenol acetat i galna kiselina, sa \u0161irokim spektrom korisnih aktivnosti za unapre\u0111enje zdravlja.<\/span><\/span> <span class=\"jCAhz ChMk0b\"><span class=\"ryNqvb\">Ovi metaboliti imaju aktivna biolo\u0161ka svojstva i jedinstvene aromati\u010dne strukture i bezbjedni su za upotrebu u hrani i medicini.<\/span><\/span> <span class=\"jCAhz ChMk0b\"><span class=\"ryNqvb\">Metaboliti karanfili\u0107a se smatraju novim korisnim prirodnim antimikrobnim agensima za potencijalnu borbu protiv <em>Helicobacter pylori<\/em> otporne na lijekove koji proizvode gene citotoksin, gastrointestinalnih poreme\u0107aja, antiinflamatornih, antitromboti\u010dkih, antidijabeti\u010dkih, anesteti\u010dkih i poseduju svojstva odbijanja insekata.<\/span><\/span> <span class=\"jCAhz ChMk0b\"><span class=\"ryNqvb\">Pored toga, dokazano je da karanfili\u0107 ima biolo\u0161ku aktivnost sli\u010dnu insulinu i reguli\u0161e energetski metabolizam.<\/span><\/span> <span class=\"jCAhz ChMk0b\"><span class=\"ryNqvb\">Ovo poglavlje daje uvid u efekte ekstrakata karanfili\u0107a na promociju zdravlja i njihovu potencijalnu primjenu.<\/span><\/span><\/p>\t\t\t\t\t\t\t\t<\/div>\n\t\t\t\t<\/div>\n\t\t\t\t<div class=\"elementor-element elementor-element-97c19e5 elementor-widget elementor-widget-heading\" data-id=\"97c19e5\" data-element_type=\"widget\" data-e-type=\"widget\" data-widget_type=\"heading.default\">\n\t\t\t\t<div class=\"elementor-widget-container\">\n\t\t\t\t\t<h4 class=\"elementor-heading-title elementor-size-default\">Reference<\/h4>\t\t\t\t<\/div>\n\t\t\t\t<\/div>\n\t\t\t\t<div class=\"elementor-element elementor-element-fa254b0 elementor-widget elementor-widget-text-editor\" data-id=\"fa254b0\" data-element_type=\"widget\" data-e-type=\"widget\" data-widget_type=\"text-editor.default\">\n\t\t\t\t<div class=\"elementor-widget-container\">\n\t\t\t\t\t\t\t\t\t<ul><li style=\"list-style-type: none;\"><ul><li><a class=\"reference-link\" href=\"https:\/\/www.sciencedirect.com\/science\/article\/abs\/pii\/B9780323851770000185\" target=\"_blank\" rel=\"noopener\">Chapter 37 &#8211; Health-promoting activities of clove (Syzygium aromaticum) extracts<\/a><\/li><li><a class=\"reference-link\" href=\"https:\/\/www.sciencedirect.com\/science\/article\/pii\/S1018364724000545\" target=\"_blank\" rel=\"noopener\">Evaluation of antimicrobial, anticancer, antidiabetic, antioxidant activities and silver nanoparticles synthesized from Indian Clove &#8211; Syzygium aromaticum leaf extract<\/a><\/li><\/ul><\/li><\/ul>\t\t\t\t\t\t\t\t<\/div>\n\t\t\t\t<\/div>\n\t\t\t\t\t<\/div>\n\t\t<\/div>\n\t\t\t\t\t<\/div>\n\t\t<\/section>\n\t\t\t\t<\/div>","protected":false},"excerpt":{"rendered":"<p>Clove Syzygium aromaticum L. &#8211; Myrtaceae Clove (Syzigium aromaticum) is a natural spice with significant biological properties. It is primarily found in India and Indonesia, but can also be grown in other coastal areas. Clove is commonly used as a natural preservative and in the production of natural medicines. One of the significant benefits of &hellip;<\/p>\n<p class=\"read-more\"> <a class=\"\" href=\"https:\/\/www.alivitpharm.com\/sr\/clove\/\"> <span class=\"screen-reader-text\">Karanfili\u0107<\/span> \u041f\u0440\u043e\u0447\u0438\u0442\u0430\u0458 \u0432\u0438\u0448\u0435 &raquo;<\/a><\/p>","protected":false},"author":9,"featured_media":0,"parent":0,"menu_order":0,"comment_status":"closed","ping_status":"closed","template":"","meta":{"site-sidebar-layout":"no-sidebar","site-content-layout":"page-builder","ast-global-header-display":"","ast-main-header-display":"","ast-hfb-above-header-display":"","ast-hfb-below-header-display":"","ast-hfb-mobile-header-display":"","site-post-title":"disabled","ast-breadcrumbs-content":"","ast-featured-img":"disabled","footer-sml-layout":"","theme-transparent-header-meta":"","adv-header-id-meta":"","stick-header-meta":"","header-above-stick-meta":"","header-main-stick-meta":"","header-below-stick-meta":"","footnotes":""},"class_list":["post-12367","page","type-page","status-publish","hentry"],"_links":{"self":[{"href":"https:\/\/www.alivitpharm.com\/sr\/wp-json\/wp\/v2\/pages\/12367","targetHints":{"allow":["GET"]}}],"collection":[{"href":"https:\/\/www.alivitpharm.com\/sr\/wp-json\/wp\/v2\/pages"}],"about":[{"href":"https:\/\/www.alivitpharm.com\/sr\/wp-json\/wp\/v2\/types\/page"}],"author":[{"embeddable":true,"href":"https:\/\/www.alivitpharm.com\/sr\/wp-json\/wp\/v2\/users\/9"}],"replies":[{"embeddable":true,"href":"https:\/\/www.alivitpharm.com\/sr\/wp-json\/wp\/v2\/comments?post=12367"}],"version-history":[{"count":25,"href":"https:\/\/www.alivitpharm.com\/sr\/wp-json\/wp\/v2\/pages\/12367\/revisions"}],"predecessor-version":[{"id":12394,"href":"https:\/\/www.alivitpharm.com\/sr\/wp-json\/wp\/v2\/pages\/12367\/revisions\/12394"}],"wp:attachment":[{"href":"https:\/\/www.alivitpharm.com\/sr\/wp-json\/wp\/v2\/media?parent=12367"}],"curies":[{"name":"wp","href":"https:\/\/api.w.org\/{rel}","templated":true}]}}