{"id":14008,"date":"2026-03-24T10:47:17","date_gmt":"2026-03-24T08:47:17","guid":{"rendered":"https:\/\/www.alivitpharm.com\/?page_id=14008"},"modified":"2026-04-06T11:11:30","modified_gmt":"2026-04-06T09:11:30","slug":"bay-laurel","status":"publish","type":"page","link":"https:\/\/www.alivitpharm.com\/sr\/bay-laurel\/","title":{"rendered":"Lovor"},"content":{"rendered":"<div data-elementor-type=\"wp-page\" data-elementor-id=\"14008\" class=\"elementor elementor-14008\">\n\t\t\t\t\t\t<section class=\"elementor-section elementor-top-section elementor-element elementor-element-e66317c elementor-section-content-middle elementor-section-boxed elementor-section-height-default elementor-section-height-default\" data-id=\"e66317c\" data-element_type=\"section\" data-e-type=\"section\" data-settings=\"{&quot;background_background&quot;:&quot;classic&quot;}\">\n\t\t\t\t\t\t\t<div class=\"elementor-background-overlay\"><\/div>\n\t\t\t\t\t\t\t<div class=\"elementor-container elementor-column-gap-default\">\n\t\t\t\t\t<div class=\"elementor-column elementor-col-100 elementor-top-column elementor-element elementor-element-d2b1f30\" data-id=\"d2b1f30\" data-element_type=\"column\" data-e-type=\"column\">\n\t\t\t<div class=\"elementor-widget-wrap elementor-element-populated\">\n\t\t\t\t\t\t<div class=\"elementor-element elementor-element-576516d elementor-widget elementor-widget-heading\" data-id=\"576516d\" data-element_type=\"widget\" data-e-type=\"widget\" data-widget_type=\"heading.default\">\n\t\t\t\t<div class=\"elementor-widget-container\">\n\t\t\t\t\t<h1 class=\"elementor-heading-title elementor-size-default\">Lovor<\/h1>\t\t\t\t<\/div>\n\t\t\t\t<\/div>\n\t\t\t\t<div class=\"elementor-element elementor-element-0fa7c10 elementor-widget elementor-widget-image\" data-id=\"0fa7c10\" data-element_type=\"widget\" data-e-type=\"widget\" data-widget_type=\"image.default\">\n\t\t\t\t<div class=\"elementor-widget-container\">\n\t\t\t\t\t\t\t\t\t\t\t\t\t\t\t<img decoding=\"async\" width=\"75\" height=\"33\" src=\"https:\/\/www.alivitpharm.com\/wp-content\/uploads\/2019\/07\/logo-leaf-new.png\" class=\"attachment-large size-large wp-image-2518\" alt=\"\" \/>\t\t\t\t\t\t\t\t\t\t\t\t\t\t\t<\/div>\n\t\t\t\t<\/div>\n\t\t\t\t<div class=\"elementor-element elementor-element-f202ff4 elementor-widget elementor-widget-text-editor\" data-id=\"f202ff4\" data-element_type=\"widget\" data-e-type=\"widget\" data-widget_type=\"text-editor.default\">\n\t\t\t\t<div class=\"elementor-widget-container\">\n\t\t\t\t\t\t\t\t\t<p><em>Laurus nobilis L. &#8211; Lauraceae<\/em><\/p>\t\t\t\t\t\t\t\t<\/div>\n\t\t\t\t<\/div>\n\t\t\t\t\t<\/div>\n\t\t<\/div>\n\t\t\t\t\t<\/div>\n\t\t<\/section>\n\t\t\t\t<section class=\"elementor-section elementor-top-section elementor-element elementor-element-ed073b1 elementor-section-boxed elementor-section-height-default elementor-section-height-default\" data-id=\"ed073b1\" data-element_type=\"section\" data-e-type=\"section\" data-settings=\"{&quot;background_background&quot;:&quot;classic&quot;}\">\n\t\t\t\t\t\t<div class=\"elementor-container elementor-column-gap-default\">\n\t\t\t\t\t<div class=\"elementor-column elementor-col-100 elementor-top-column elementor-element elementor-element-f1b9514\" data-id=\"f1b9514\" data-element_type=\"column\" data-e-type=\"column\">\n\t\t\t<div class=\"elementor-widget-wrap elementor-element-populated\">\n\t\t\t\t\t\t<div class=\"elementor-element elementor-element-168d8fa elementor-widget elementor-widget-image\" data-id=\"168d8fa\" data-element_type=\"widget\" data-e-type=\"widget\" data-widget_type=\"image.default\">\n\t\t\t\t<div class=\"elementor-widget-container\">\n\t\t\t\t\t\t\t\t\t\t\t\t\t\t\t<img decoding=\"async\" src=\"https:\/\/www.alivitpharm.com\/wp-content\/uploads\/2026\/03\/bay-laurel.png\" title=\"bay-laurel\" alt=\"Lovor\" loading=\"lazy\" \/>\t\t\t\t\t\t\t\t\t\t\t\t\t\t\t<\/div>\n\t\t\t\t<\/div>\n\t\t\t\t<div class=\"elementor-element elementor-element-028fa5b elementor-widget elementor-widget-text-editor\" data-id=\"028fa5b\" data-element_type=\"widget\" data-e-type=\"widget\" data-widget_type=\"text-editor.default\">\n\t\t\t\t<div class=\"elementor-widget-container\">\n\t\t\t\t\t\t\t\t\t<p><strong>Lovor<\/strong> je zimzeleni grm ili stablo iz istoimene porodice Lovora <em>(Lauraceae)<\/em>, raste do 18 metara visine, stvaraju\u0107i \u0161iroku i gustu kro\u0161nju, najvi\u0161e rasprostranjena na podru\u010dju mediterana.<\/p><p>Aktivni sastojci lovora su alfa-pinen, beta-pinen, sabinen, alfa-terpinen, linalol, alfa-terpineol, terpinil acetat, eugenol, metileugenol, 1,8 cineol. Aktivni sastojci lovora doprinose  sna\u017enom antiinflamatornom, antioksidativnom, a tako\u0111e ispoljavaju pozitivan efekat na glukozu kod ljudi oboljelih od dijabetesa. 1,8 cineol, alfa pinen inhibiraju aktivnost alfa-glikozidaze i alfa-amilaze, te imaju sna\u017eno hipoglikemijsko dejstvo.<\/p>\t\t\t\t\t\t\t\t<\/div>\n\t\t\t\t<\/div>\n\t\t\t\t<div class=\"elementor-element elementor-element-407e775 elementor-widget elementor-widget-image\" data-id=\"407e775\" data-element_type=\"widget\" data-e-type=\"widget\" data-widget_type=\"image.default\">\n\t\t\t\t<div class=\"elementor-widget-container\">\n\t\t\t\t\t\t\t\t\t\t\t\t\t\t\t<img decoding=\"async\" src=\"https:\/\/www.alivitpharm.com\/wp-content\/uploads\/2022\/09\/leaves.png\" title=\"leaves\" alt=\"Leaves\" loading=\"lazy\" \/>\t\t\t\t\t\t\t\t\t\t\t\t\t\t\t<\/div>\n\t\t\t\t<\/div>\n\t\t\t\t<div class=\"elementor-element elementor-element-f5b4e79 elementor-widget elementor-widget-text-editor\" data-id=\"f5b4e79\" data-element_type=\"widget\" data-e-type=\"widget\" data-widget_type=\"text-editor.default\">\n\t\t\t\t<div class=\"elementor-widget-container\">\n\t\t\t\t\t\t\t\t\t<p>Svje\u017ee eteri\u010dno ulje lovora ima sna\u017eno djelovanje protiv slobodnih radikala kad se uporedi s analogom vitamina E Troloxom, koji se smatra najmo\u0107nijim sredstvom protiv slobodnih radikala.<\/p><p>Fitohemijsko ispitivanje svje\u017eih listova eteri\u010dnog ulja <em>L. Nobilis<\/em> otkrilo je prisutnost visokog sadr\u017eaja monoterpenoida (74,55%). Potrv\u0111eno je da monoterpeni ulaze u krvotok i djeluju kao terapijske molekule i posjeduju niz farmakolo\u0161kih svojstava, poput antispazmoliti\u010dnih, antihistaminskih, antiinflamatornih, antiagregacijskih, antikancerogenih, antibakterijskih, antigljivi\u010dnih i antivirusnih. Eteri\u010dno ulje lovora testirano je protiv razli\u010ditih tipova karcinoma, uklju\u010duju\u0107i \u0107elije tumora dojke, tumora ko\u017ee i kolorektalnog adenokarcinoma. <em>Laurus nobilis<\/em> dokazano antibakterijsko dejstvo protiv bakterija <em>Staphylococcus aureus<\/em>, <em>E. coli<\/em>, <em>Listeria monocytogenes<\/em>, <em>Pseudomonas aeruginosa<\/em>, <em>Bacillus cereus<\/em> i gljivi\u010dnih infekcija <em>Candida albicans<\/em>.<\/p>\t\t\t\t\t\t\t\t<\/div>\n\t\t\t\t<\/div>\n\t\t\t\t<div class=\"elementor-element elementor-element-58bdbed elementor-widget elementor-widget-heading\" data-id=\"58bdbed\" data-element_type=\"widget\" data-e-type=\"widget\" data-widget_type=\"heading.default\">\n\t\t\t\t<div class=\"elementor-widget-container\">\n\t\t\t\t\t<h4 class=\"elementor-heading-title elementor-size-default\">Reference<\/h4>\t\t\t\t<\/div>\n\t\t\t\t<\/div>\n\t\t\t\t<div class=\"elementor-element elementor-element-c1a68bb elementor-widget elementor-widget-text-editor\" data-id=\"c1a68bb\" data-element_type=\"widget\" data-e-type=\"widget\" data-widget_type=\"text-editor.default\">\n\t\t\t\t<div class=\"elementor-widget-container\">\n\t\t\t\t\t\t\t\t\t<ul><li><a class=\"reference-link\" href=\"https:\/\/pubmed.ncbi.nlm.nih.gov\/35567209\/\" target=\"_blank\" rel=\"noopener\">A Review of the Botany, Volatile Composition, Biochemical and Molecular Aspects, and Traditional Uses of Laurus nobilis<\/a><\/li><li><a class=\"reference-link\" href=\"https:\/\/pmc.ncbi.nlm.nih.gov\/articles\/PMC9695135\/\" target=\"_blank\" rel=\"noopener\">Chemical Composition, Antioxidant, Anti-Diabetic, Anti-Acetylcholinesterase, Anti-Inflammatory, and Antimicrobial Properties of Arbutus unedo L. and Laurus nobilis L. Essential Oils<\/a><\/li><li><a class=\"reference-link\" href=\"https:\/\/pmc.ncbi.nlm.nih.gov\/articles\/PMC11162004\/\" target=\"_blank\" rel=\"noopener\">Biological, phytochemical and molecular docking characteristics of Laurus nobilis L. fresh leaves essential oil from Palestine<\/a><\/li><\/ul>\t\t\t\t\t\t\t\t<\/div>\n\t\t\t\t<\/div>\n\t\t\t\t\t<\/div>\n\t\t<\/div>\n\t\t\t\t\t<\/div>\n\t\t<\/section>\n\t\t\t\t<\/div>","protected":false},"excerpt":{"rendered":"<p>Bay Laurel Laurus nobilis L. &#8211; Lauraceae Bay laurel is an evergreen shrub or tree from the family of the same name, Laurel (Lauraceae), growing up to 18 meters tall, creating a wide and dense crown, most widespread in the Mediterranean region. The active ingredients of laurel are alpha-pinene, beta-pinene, sabinene, alpha-terpinene, linalool, alpha-terpineol, terpinyl &hellip;<\/p>\n<p class=\"read-more\"> <a class=\"\" href=\"https:\/\/www.alivitpharm.com\/sr\/bay-laurel\/\"> <span class=\"screen-reader-text\">Lovor<\/span> \u041f\u0440\u043e\u0447\u0438\u0442\u0430\u0458 \u0432\u0438\u0448\u0435 &raquo;<\/a><\/p>","protected":false},"author":9,"featured_media":0,"parent":0,"menu_order":0,"comment_status":"closed","ping_status":"closed","template":"","meta":{"site-sidebar-layout":"no-sidebar","site-content-layout":"page-builder","ast-global-header-display":"","ast-main-header-display":"","ast-hfb-above-header-display":"","ast-hfb-below-header-display":"","ast-hfb-mobile-header-display":"","site-post-title":"disabled","ast-breadcrumbs-content":"","ast-featured-img":"disabled","footer-sml-layout":"","theme-transparent-header-meta":"","adv-header-id-meta":"","stick-header-meta":"","header-above-stick-meta":"","header-main-stick-meta":"","header-below-stick-meta":"","footnotes":""},"class_list":["post-14008","page","type-page","status-publish","hentry"],"_links":{"self":[{"href":"https:\/\/www.alivitpharm.com\/sr\/wp-json\/wp\/v2\/pages\/14008","targetHints":{"allow":["GET"]}}],"collection":[{"href":"https:\/\/www.alivitpharm.com\/sr\/wp-json\/wp\/v2\/pages"}],"about":[{"href":"https:\/\/www.alivitpharm.com\/sr\/wp-json\/wp\/v2\/types\/page"}],"author":[{"embeddable":true,"href":"https:\/\/www.alivitpharm.com\/sr\/wp-json\/wp\/v2\/users\/9"}],"replies":[{"embeddable":true,"href":"https:\/\/www.alivitpharm.com\/sr\/wp-json\/wp\/v2\/comments?post=14008"}],"version-history":[{"count":22,"href":"https:\/\/www.alivitpharm.com\/sr\/wp-json\/wp\/v2\/pages\/14008\/revisions"}],"predecessor-version":[{"id":14103,"href":"https:\/\/www.alivitpharm.com\/sr\/wp-json\/wp\/v2\/pages\/14008\/revisions\/14103"}],"wp:attachment":[{"href":"https:\/\/www.alivitpharm.com\/sr\/wp-json\/wp\/v2\/media?parent=14008"}],"curies":[{"name":"wp","href":"https:\/\/api.w.org\/{rel}","templated":true}]}}