{"id":14209,"date":"2026-04-28T09:26:26","date_gmt":"2026-04-28T07:26:26","guid":{"rendered":"https:\/\/www.alivitpharm.com\/?page_id=14209"},"modified":"2026-04-28T09:49:49","modified_gmt":"2026-04-28T07:49:49","slug":"acerola","status":"publish","type":"page","link":"https:\/\/www.alivitpharm.com\/sr\/acerola\/","title":{"rendered":"Acerola"},"content":{"rendered":"<div data-elementor-type=\"wp-page\" data-elementor-id=\"14209\" class=\"elementor elementor-14209\">\n\t\t\t\t\t\t<section class=\"elementor-section elementor-top-section elementor-element elementor-element-8adc56b elementor-section-content-middle elementor-section-boxed elementor-section-height-default elementor-section-height-default\" data-id=\"8adc56b\" data-element_type=\"section\" data-e-type=\"section\" data-settings=\"{&quot;background_background&quot;:&quot;classic&quot;}\">\n\t\t\t\t\t\t\t<div class=\"elementor-background-overlay\"><\/div>\n\t\t\t\t\t\t\t<div class=\"elementor-container elementor-column-gap-default\">\n\t\t\t\t\t<div class=\"elementor-column elementor-col-100 elementor-top-column elementor-element elementor-element-6d93fd5\" data-id=\"6d93fd5\" data-element_type=\"column\" data-e-type=\"column\">\n\t\t\t<div class=\"elementor-widget-wrap elementor-element-populated\">\n\t\t\t\t\t\t<div class=\"elementor-element elementor-element-32ae3c9 elementor-widget elementor-widget-heading\" data-id=\"32ae3c9\" data-element_type=\"widget\" data-e-type=\"widget\" data-widget_type=\"heading.default\">\n\t\t\t\t<div class=\"elementor-widget-container\">\n\t\t\t\t\t<h1 class=\"elementor-heading-title elementor-size-default\">Acerola<\/h1>\t\t\t\t<\/div>\n\t\t\t\t<\/div>\n\t\t\t\t<div class=\"elementor-element elementor-element-20cf3db elementor-widget elementor-widget-image\" data-id=\"20cf3db\" data-element_type=\"widget\" data-e-type=\"widget\" data-widget_type=\"image.default\">\n\t\t\t\t<div class=\"elementor-widget-container\">\n\t\t\t\t\t\t\t\t\t\t\t\t\t\t\t<img decoding=\"async\" width=\"75\" height=\"33\" src=\"https:\/\/www.alivitpharm.com\/wp-content\/uploads\/2019\/07\/logo-leaf-new.png\" class=\"attachment-large size-large wp-image-2518\" alt=\"\" \/>\t\t\t\t\t\t\t\t\t\t\t\t\t\t\t<\/div>\n\t\t\t\t<\/div>\n\t\t\t\t<div class=\"elementor-element elementor-element-8d51913 elementor-widget elementor-widget-text-editor\" data-id=\"8d51913\" data-element_type=\"widget\" data-e-type=\"widget\" data-widget_type=\"text-editor.default\">\n\t\t\t\t<div class=\"elementor-widget-container\">\n\t\t\t\t\t\t\t\t\t<p><em>Malpighia glabra &#8211; Malpighiaceae<\/em><\/p>\t\t\t\t\t\t\t\t<\/div>\n\t\t\t\t<\/div>\n\t\t\t\t\t<\/div>\n\t\t<\/div>\n\t\t\t\t\t<\/div>\n\t\t<\/section>\n\t\t\t\t<section class=\"elementor-section elementor-top-section elementor-element elementor-element-f325803 elementor-section-boxed elementor-section-height-default elementor-section-height-default\" data-id=\"f325803\" data-element_type=\"section\" data-e-type=\"section\" data-settings=\"{&quot;background_background&quot;:&quot;classic&quot;}\">\n\t\t\t\t\t\t<div class=\"elementor-container elementor-column-gap-default\">\n\t\t\t\t\t<div class=\"elementor-column elementor-col-100 elementor-top-column elementor-element elementor-element-4282e75\" data-id=\"4282e75\" data-element_type=\"column\" data-e-type=\"column\">\n\t\t\t<div class=\"elementor-widget-wrap elementor-element-populated\">\n\t\t\t\t\t\t<div class=\"elementor-element elementor-element-665cfac elementor-widget elementor-widget-image\" data-id=\"665cfac\" data-element_type=\"widget\" data-e-type=\"widget\" data-widget_type=\"image.default\">\n\t\t\t\t<div class=\"elementor-widget-container\">\n\t\t\t\t\t\t\t\t\t\t\t\t\t\t\t<img decoding=\"async\" src=\"https:\/\/www.alivitpharm.com\/wp-content\/uploads\/2026\/04\/acerola.png\" title=\"acerola\" alt=\"Acerola\" loading=\"lazy\" \/>\t\t\t\t\t\t\t\t\t\t\t\t\t\t\t<\/div>\n\t\t\t\t<\/div>\n\t\t\t\t<div class=\"elementor-element elementor-element-0b1a98c elementor-widget elementor-widget-text-editor\" data-id=\"0b1a98c\" data-element_type=\"widget\" data-e-type=\"widget\" data-widget_type=\"text-editor.default\">\n\t\t\t\t<div class=\"elementor-widget-container\">\n\t\t\t\t\t\t\t\t\t<p data-start=\"52\" data-end=\"181\"><strong>Acerola<\/strong> Acerola je grm ili malo drvo. Njen plod je sli\u010dan tre\u0161nji i crvene je boje kada zre. Bogat je izvor vitamina C. Acerola tako\u0111e sadr\u017ei mnoge minerale i druge vitamine, uklju\u010duju\u0107i beta-karoten, lutein, tiamin (vitamin B1), riboflavin (vitamin B2), niacin (vitamin B3), piridoksin (vitamin B6), folnu kiselinu i pantotensku kiselinu (vitamin B5). Porijeklom je iz Centralne Amerike, Ju\u017ene Amerike, Meksika i Kariba.<\/p><p data-start=\"497\" data-end=\"682\">Acerola se \u010desto koristi za sprje\u010davanje nedostatka vitamina C. Tako\u0111e se koristi za prehladu, dijareju i druga stanja, ali ne postoje dobri nau\u010dni dokazi koji bi podr\u017eali ove druge upotrebe. Acerola je bogat izvor vitamina C. Oralno uzimanje acerole mo\u017ee pomo\u0107i u sprje\u010davanju ili lije\u010denju nedostatka vitamina C. Kada se uzima oralno plod acerole je mogu\u0107e siguran za ve\u0107inu odraslih. Plod sadr\u017ei veliku koli\u010dinu vitamina C. Treba ga uzimati u koli\u010dinama koje ne osiguravaju vi\u0161e od 2000 mg vitamina C dnevno. Ve\u0107e doze mogu pove\u0107ati rizik od nuspojava poput te\u0161ke dijareje.<\/p>\t\t\t\t\t\t\t\t<\/div>\n\t\t\t\t<\/div>\n\t\t\t\t<div class=\"elementor-element elementor-element-c5fc9fb elementor-widget elementor-widget-image\" data-id=\"c5fc9fb\" data-element_type=\"widget\" data-e-type=\"widget\" data-widget_type=\"image.default\">\n\t\t\t\t<div class=\"elementor-widget-container\">\n\t\t\t\t\t\t\t\t\t\t\t\t\t\t\t<img decoding=\"async\" src=\"https:\/\/www.alivitpharm.com\/wp-content\/uploads\/2022\/09\/leaves.png\" title=\"leaves\" alt=\"Leaves\" loading=\"lazy\" \/>\t\t\t\t\t\t\t\t\t\t\t\t\t\t\t<\/div>\n\t\t\t\t<\/div>\n\t\t\t\t<div class=\"elementor-element elementor-element-6fc9cf6 elementor-widget elementor-widget-text-editor\" data-id=\"6fc9cf6\" data-element_type=\"widget\" data-e-type=\"widget\" data-widget_type=\"text-editor.default\">\n\t\t\t\t<div class=\"elementor-widget-container\">\n\t\t\t\t\t\t\t\t\t<p data-start=\"1069\" data-end=\"1278\"><strong>Trudno\u0107a i dojenje:<\/strong> ma dovoljno pouzdanih informacija o tome da li je acerola sigurna za upotrebu tokom trudno\u0107e ili dojenja. Budite oprezni i izbjegavajte upotrebu u koli\u010dinama ve\u0107im od onih koje se nalaze u hrani.<\/p><p data-start=\"1280\" data-end=\"1438\"><strong>Kamen u bubregu (nefrolitijaza):<\/strong> U velikim dozama, acerola mo\u017ee pove\u0107ati rizik od dobijanja kamena u bubregu. To je zbog vitamina C u aceroli.<\/p><p data-start=\"1440\" data-end=\"1762\"><strong>Interakcija acerole sa lijekovima: <\/strong>Varfarin stupa u interakciju s acerolom, a acerola sadr\u017ei vitamin C. Velike koli\u010dine vitamina C mogu smanjiti u\u010dinke varfarina. Smanjenje u\u010dinaka varfarina mo\u017ee pove\u0107ati rizik od zgru\u0161avanja. Obavezno redovno provjeravajte krvnu sliku. Dozu varfarina mo\u017eda \u0107e trebati promijeniti.<\/p><p data-start=\"1764\" data-end=\"2061\">Lijekovi za karcinom (alkiliraju\u0107i agensi) stupaju u interakciju s acerolom koja sadr\u017ei vitamin C, koji je antioksidans. Postoji odre\u0111ena zabrinutost da antioksidansi mogu smanjiti u\u010dinke nekih lijekova koji se koriste za lije\u010denje karcinoma. Ako uzimate ovakve lijekove, posavjetujte se sa svojim ljekarom prije uzimanja acerole.<\/p><p data-start=\"2063\" data-end=\"2370\">Acerola se koristi za ja\u010danje imunolo\u0161kog sistema, protiv starenja i potencijalno smanjenje krvnog pritiska. Istra\u017eivanja su pokazala da pored antioksidativnog efekta, acerola ispoljava i antiinflamatorni efekat, te se koristi za sprje\u010davanje stanja poput dijabetesa, dislipidemije, gojaznosti i karcinoma.<\/p>\t\t\t\t\t\t\t\t<\/div>\n\t\t\t\t<\/div>\n\t\t\t\t<div class=\"elementor-element elementor-element-5d61fad elementor-widget elementor-widget-heading\" data-id=\"5d61fad\" data-element_type=\"widget\" data-e-type=\"widget\" data-widget_type=\"heading.default\">\n\t\t\t\t<div class=\"elementor-widget-container\">\n\t\t\t\t\t<h4 class=\"elementor-heading-title elementor-size-default\">Reference<\/h4>\t\t\t\t<\/div>\n\t\t\t\t<\/div>\n\t\t\t\t<div class=\"elementor-element elementor-element-8584d95 elementor-widget elementor-widget-text-editor\" data-id=\"8584d95\" data-element_type=\"widget\" data-e-type=\"widget\" data-widget_type=\"text-editor.default\">\n\t\t\t\t<div class=\"elementor-widget-container\">\n\t\t\t\t\t\t\t\t\t<ul><li><a class=\"reference-link\" href=\"https:\/\/www.webmd.com\/vitamins\/ai\/ingredientmono-608\/acerola\" target=\"_blank\" rel=\"noopener\">Acerola &#8211; Uses, Side Effects, And More<\/a><\/li><li><a class=\"reference-link\" href=\"https:\/\/pmc.ncbi.nlm.nih.gov\/articles\/PMC10889565\/\" target=\"_blank\" rel=\"noopener\">Acerola (Malpighia emarginata) Anti-Inflammatory Activity \u2014 A Review<\/a><\/li><li><a class=\"reference-link\" href=\"https:\/\/www.sciencedirect.com\/science\/article\/pii\/S2212429224018534\" target=\"_blank\" rel=\"noopener\">Health benefits of acerola (Malpighia spp) and its by-products: A comprehensive review of nutrient-rich composition, pharmacological potential, and industrial applications<\/a><\/li><\/ul>\t\t\t\t\t\t\t\t<\/div>\n\t\t\t\t<\/div>\n\t\t\t\t\t<\/div>\n\t\t<\/div>\n\t\t\t\t\t<\/div>\n\t\t<\/section>\n\t\t\t\t<\/div>","protected":false},"excerpt":{"rendered":"<p>Acerola Malpighia glabra &#8211; Malpighiaceae Acerola is a shrub or a small tree. Its fruit is similar to a cherry and turns red when ripe. It is a rich source of vitamin C. Acerola also contains many minerals and other vitamins, including beta-carotene, lutein, thiamine (vitamin B1), riboflavin (vitamin B2), niacin (vitamin B3), pyridoxine (vitamin &hellip;<\/p>\n<p class=\"read-more\"> <a class=\"\" href=\"https:\/\/www.alivitpharm.com\/sr\/acerola\/\"> <span class=\"screen-reader-text\">Acerola<\/span> \u041f\u0440\u043e\u0447\u0438\u0442\u0430\u0458 \u0432\u0438\u0448\u0435 &raquo;<\/a><\/p>","protected":false},"author":9,"featured_media":0,"parent":0,"menu_order":0,"comment_status":"closed","ping_status":"closed","template":"","meta":{"site-sidebar-layout":"no-sidebar","site-content-layout":"page-builder","ast-global-header-display":"","ast-main-header-display":"","ast-hfb-above-header-display":"","ast-hfb-below-header-display":"","ast-hfb-mobile-header-display":"","site-post-title":"disabled","ast-breadcrumbs-content":"","ast-featured-img":"disabled","footer-sml-layout":"","theme-transparent-header-meta":"","adv-header-id-meta":"","stick-header-meta":"","header-above-stick-meta":"","header-main-stick-meta":"","header-below-stick-meta":"","footnotes":""},"class_list":["post-14209","page","type-page","status-publish","hentry"],"_links":{"self":[{"href":"https:\/\/www.alivitpharm.com\/sr\/wp-json\/wp\/v2\/pages\/14209","targetHints":{"allow":["GET"]}}],"collection":[{"href":"https:\/\/www.alivitpharm.com\/sr\/wp-json\/wp\/v2\/pages"}],"about":[{"href":"https:\/\/www.alivitpharm.com\/sr\/wp-json\/wp\/v2\/types\/page"}],"author":[{"embeddable":true,"href":"https:\/\/www.alivitpharm.com\/sr\/wp-json\/wp\/v2\/users\/9"}],"replies":[{"embeddable":true,"href":"https:\/\/www.alivitpharm.com\/sr\/wp-json\/wp\/v2\/comments?post=14209"}],"version-history":[{"count":16,"href":"https:\/\/www.alivitpharm.com\/sr\/wp-json\/wp\/v2\/pages\/14209\/revisions"}],"predecessor-version":[{"id":14234,"href":"https:\/\/www.alivitpharm.com\/sr\/wp-json\/wp\/v2\/pages\/14209\/revisions\/14234"}],"wp:attachment":[{"href":"https:\/\/www.alivitpharm.com\/sr\/wp-json\/wp\/v2\/media?parent=14209"}],"curies":[{"name":"wp","href":"https:\/\/api.w.org\/{rel}","templated":true}]}}