{"id":7148,"date":"2022-10-05T09:13:31","date_gmt":"2022-10-05T07:13:31","guid":{"rendered":"https:\/\/www.alivitpharm.com\/?page_id=7148"},"modified":"2025-12-18T12:42:40","modified_gmt":"2025-12-18T10:42:40","slug":"paprena-metvica-nana","status":"publish","type":"page","link":"https:\/\/www.alivitpharm.com\/sr\/peppermint\/","title":{"rendered":"Paprena metvica (nana)"},"content":{"rendered":"<div data-elementor-type=\"wp-page\" data-elementor-id=\"7148\" class=\"elementor elementor-7148\">\n\t\t\t\t\t\t<section class=\"elementor-section elementor-top-section elementor-element elementor-element-5bf9ae6 elementor-section-content-middle elementor-section-boxed elementor-section-height-default elementor-section-height-default\" data-id=\"5bf9ae6\" data-element_type=\"section\" data-e-type=\"section\" data-settings=\"{&quot;background_background&quot;:&quot;classic&quot;}\">\n\t\t\t\t\t\t\t<div class=\"elementor-background-overlay\"><\/div>\n\t\t\t\t\t\t\t<div class=\"elementor-container elementor-column-gap-default\">\n\t\t\t\t\t<div class=\"elementor-column elementor-col-100 elementor-top-column elementor-element elementor-element-fecd48f\" data-id=\"fecd48f\" data-element_type=\"column\" data-e-type=\"column\">\n\t\t\t<div class=\"elementor-widget-wrap elementor-element-populated\">\n\t\t\t\t\t\t<div class=\"elementor-element elementor-element-7ba9bbb elementor-widget elementor-widget-heading\" data-id=\"7ba9bbb\" data-element_type=\"widget\" data-e-type=\"widget\" data-widget_type=\"heading.default\">\n\t\t\t\t<div class=\"elementor-widget-container\">\n\t\t\t\t\t<h1 class=\"elementor-heading-title elementor-size-default\">Paprena metvica (nana)<\/h1>\t\t\t\t<\/div>\n\t\t\t\t<\/div>\n\t\t\t\t<div class=\"elementor-element elementor-element-a7a4624 elementor-widget elementor-widget-image\" data-id=\"a7a4624\" data-element_type=\"widget\" data-e-type=\"widget\" data-widget_type=\"image.default\">\n\t\t\t\t<div class=\"elementor-widget-container\">\n\t\t\t\t\t\t\t\t\t\t\t\t\t\t\t<img decoding=\"async\" width=\"75\" height=\"33\" src=\"https:\/\/www.alivitpharm.com\/wp-content\/uploads\/2019\/07\/logo-leaf-new.png\" class=\"attachment-large size-large wp-image-2518\" alt=\"\" \/>\t\t\t\t\t\t\t\t\t\t\t\t\t\t\t<\/div>\n\t\t\t\t<\/div>\n\t\t\t\t<div class=\"elementor-element elementor-element-f08bd25 elementor-widget elementor-widget-text-editor\" data-id=\"f08bd25\" data-element_type=\"widget\" data-e-type=\"widget\" data-widget_type=\"text-editor.default\">\n\t\t\t\t<div class=\"elementor-widget-container\">\n\t\t\t\t\t\t\t\t\t<p><em>Mentha piperita L. &#8211; Lamiaceae<\/em><\/p>\t\t\t\t\t\t\t\t<\/div>\n\t\t\t\t<\/div>\n\t\t\t\t\t<\/div>\n\t\t<\/div>\n\t\t\t\t\t<\/div>\n\t\t<\/section>\n\t\t\t\t<section class=\"elementor-section elementor-top-section elementor-element elementor-element-19f1d91 elementor-section-boxed elementor-section-height-default elementor-section-height-default\" data-id=\"19f1d91\" data-element_type=\"section\" data-e-type=\"section\" data-settings=\"{&quot;background_background&quot;:&quot;classic&quot;}\">\n\t\t\t\t\t\t<div class=\"elementor-container elementor-column-gap-default\">\n\t\t\t\t\t<div class=\"elementor-column elementor-col-100 elementor-top-column elementor-element elementor-element-6cfe14b\" data-id=\"6cfe14b\" data-element_type=\"column\" data-e-type=\"column\">\n\t\t\t<div class=\"elementor-widget-wrap elementor-element-populated\">\n\t\t\t\t\t\t<div class=\"elementor-element elementor-element-860561e elementor-widget elementor-widget-image\" data-id=\"860561e\" data-element_type=\"widget\" data-e-type=\"widget\" data-widget_type=\"image.default\">\n\t\t\t\t<div class=\"elementor-widget-container\">\n\t\t\t\t\t\t\t\t\t\t\t\t\t\t\t<img decoding=\"async\" src=\"https:\/\/www.alivitpharm.com\/wp-content\/uploads\/2022\/10\/mentha.png\" title=\"mentha\" alt=\"Mentha\" loading=\"lazy\" \/>\t\t\t\t\t\t\t\t\t\t\t\t\t\t\t<\/div>\n\t\t\t\t<\/div>\n\t\t\t\t<div class=\"elementor-element elementor-element-ef92360 elementor-widget elementor-widget-text-editor\" data-id=\"ef92360\" data-element_type=\"widget\" data-e-type=\"widget\" data-widget_type=\"text-editor.default\">\n\t\t\t\t<div class=\"elementor-widget-container\">\n\t\t\t\t\t\t\t\t\t<p><span class=\"JLqJ4b ChMk0b\"><span class=\"Q4iAWc\"><strong>Paprena metvica (nana)<\/strong>\u00a0je vi\u0161egodi\u0161nja, zeljasta biljka.<\/span><\/span> <span class=\"JLqJ4b ChMk0b\"><span class=\"Q4iAWc\">Najve\u0107i svjetski proizvo\u0111a\u010di lista i etarskog ulja ove biljke su SAD, Francuska, Italija, Engleska i Njema\u010dka.<\/span><\/span><\/p><p><span class=\"JLqJ4b ChMk0b\"><span class=\"Q4iAWc\">Ljekoviti dio biljke je osu\u0161en list, koji se sakuplja u toku cvjetanja biljke.<\/span><\/span> <span class=\"JLqJ4b ChMk0b\"><span class=\"Q4iAWc\">Paprena metvica bogata je esencijalnim uljima i taninima svojstvenim biljkama iz <em>Lamiaceae<\/em> porodice, kojima duguje svoje blagotvorno delovanje. <\/span><\/span><span class=\"JLqJ4b ChMk0b\"><span class=\"Q4iAWc\">List paprene metvice sadr\u017ei 1-3% etarskog ulja, koje je bogato monoterpenima.<\/span><\/span> <span class=\"JLqJ4b ChMk0b\"><span class=\"Q4iAWc\">Najpoznatiji sastojak etarskog ulja je mentol - monoterpenski, monocikli\u010dni alkohol.<\/span><\/span> <span class=\"JLqJ4b ChMk0b\"><span class=\"Q4iAWc\">Specifi\u010dan miris i slatkast ukus etarskom ulju nane daje monoterpenski keton jasmon.<\/span><\/span><\/p><p>Pored pomenutih aktivnih sastojaka, list paprene metvice je bogat kompleksom flavonoidinih heterozida, fenilpropanskih kiselina, tanina i karotenoida.<\/p>\t\t\t\t\t\t\t\t<\/div>\n\t\t\t\t<\/div>\n\t\t\t\t<div class=\"elementor-element elementor-element-7fbd022 elementor-widget elementor-widget-image\" data-id=\"7fbd022\" data-element_type=\"widget\" data-e-type=\"widget\" data-widget_type=\"image.default\">\n\t\t\t\t<div class=\"elementor-widget-container\">\n\t\t\t\t\t\t\t\t\t\t\t\t\t\t\t<img decoding=\"async\" src=\"https:\/\/www.alivitpharm.com\/wp-content\/uploads\/2022\/09\/leaves.png\" title=\"leaves\" alt=\"Leaves\" loading=\"lazy\" \/>\t\t\t\t\t\t\t\t\t\t\t\t\t\t\t<\/div>\n\t\t\t\t<\/div>\n\t\t\t\t<div class=\"elementor-element elementor-element-e7f2c0e elementor-widget elementor-widget-text-editor\" data-id=\"e7f2c0e\" data-element_type=\"widget\" data-e-type=\"widget\" data-widget_type=\"text-editor.default\">\n\t\t\t\t<div class=\"elementor-widget-container\">\n\t\t\t\t\t\t\t\t\t<p><span class=\"JLqJ4b ChMk0b\"><span class=\"Q4iAWc\">Od etarskog ulja poti\u010du mnogi zdravstveni benefiti ove biljke.<\/span><\/span> <span class=\"JLqJ4b ChMk0b\"><span class=\"Q4iAWc\">Paprena metvica djeluje spazmoliti\u010dki (opu\u0161ta glatku muskulaturu),  antimikrobno (protiv gljivica i bakterija), antiinfalamatorno (smanjuje upalnu reakciju), kao karminativ (neutrali\u0161e gasove), kao holeretik (stimuli\u0161e stvaranje \u017eu\u010dnog soka), kao holagog (stimuli\u0161e oticanje \u017eu\u010di iz \u017eu\u010dnih puteva<\/span><\/span> <span class=\"JLqJ4b ChMk0b\"><span class=\"Q4iAWc\">u duodenum), a mo\u017ee da se koristi i kao antidijarojik (lije\u010di dijareju) i kao antioksidans (neutrali\u0161e slobodne radikale).<\/span><\/span><\/p><p><span class=\"JLqJ4b ChMk0b\"><span class=\"Q4iAWc\">List paprene metvice mo\u017ee da se upotrijebi sam ili u kombinaciji sa ostalim biljkama za prevenciju i ubla\u017eavanje tegoba bolesti digestivnog trakta.<\/span><\/span> <span class=\"JLqJ4b ChMk0b\"><span class=\"Q4iAWc\">Uljani ekstrakt lista nane, u kombinaciji sa drugim biljnim ekstraktima koji ulaze u sastav <strong>Black Garlic Digestiv<\/strong>\u00a0preparata, daje vrlo povoljan efekat na zdravlje gastrointestinalnog sistema.<\/span><\/span><\/p>\t\t\t\t\t\t\t\t<\/div>\n\t\t\t\t<\/div>\n\t\t\t\t<div class=\"elementor-element elementor-element-ba07bc4 elementor-widget elementor-widget-heading\" data-id=\"ba07bc4\" data-element_type=\"widget\" data-e-type=\"widget\" data-widget_type=\"heading.default\">\n\t\t\t\t<div class=\"elementor-widget-container\">\n\t\t\t\t\t<h4 class=\"elementor-heading-title elementor-size-default\">Reference<\/h4>\t\t\t\t<\/div>\n\t\t\t\t<\/div>\n\t\t\t\t<div class=\"elementor-element elementor-element-6a50746 elementor-widget elementor-widget-text-editor\" data-id=\"6a50746\" data-element_type=\"widget\" data-e-type=\"widget\" data-widget_type=\"text-editor.default\">\n\t\t\t\t<div class=\"elementor-widget-container\">\n\t\t\t\t\t\t\t\t\t<ul>\n \t<li><a class=\"reference-link\" href=\"https:\/\/www.tandfonline.com\/doi\/abs\/10.1080\/10412905.2012.703513\" target=\"_blank\" rel=\"noopener\">Antibacterial activity of eugenol and peppermint oil in model food systems<\/a><\/li>\n \t<li><a class=\"reference-link\" href=\"https:\/\/academicjournals.org\/journal\/JMPR\/article-full-text-pdf\/AF463D225786\" target=\"_blank\" rel=\"noopener\">Spasmolytic activity of p-menthane esters<\/a><\/li>\n \t<li><a class=\"reference-link\" href=\"https:\/\/www.sciencedirect.com\/science\/article\/pii\/S156757691400469X\" target=\"_blank\" rel=\"noopener\">Research on choleretic effect of menthol, menthone, pluegone, isomenthone, and limonene in DanShu capsule<\/a><\/li>\n \t<li><a class=\"reference-link\" href=\"https:\/\/www.sciencedirect.com\/science\/article\/abs\/pii\/S0753332217355713\" target=\"_blank\" rel=\"noopener\">Evidence based traditional anti-diarrheal medicinal plants and their phytocompounds<\/a><\/li>\n<\/ul>\t\t\t\t\t\t\t\t<\/div>\n\t\t\t\t<\/div>\n\t\t\t\t\t<\/div>\n\t\t<\/div>\n\t\t\t\t\t<\/div>\n\t\t<\/section>\n\t\t\t\t<\/div>","protected":false},"excerpt":{"rendered":"<p>Peppermint Mentha piperita L. &#8211; Lamiaceae Peppermint\u00a0is a perennial, herbaceous plant. The world&#8217;s largest producers of leaves and essential oil of this plant are the USA, France, Italy, England and Germany. The medicinal part of the plant is the dried leaf, which is collected during the flowering of the plant. Peppermint is rich in essential &hellip;<\/p>\n<p class=\"read-more\"> <a class=\"\" href=\"https:\/\/www.alivitpharm.com\/sr\/peppermint\/\"> <span class=\"screen-reader-text\">Paprena metvica (nana)<\/span> \u041f\u0440\u043e\u0447\u0438\u0442\u0430\u0458 \u0432\u0438\u0448\u0435 &raquo;<\/a><\/p>","protected":false},"author":9,"featured_media":0,"parent":0,"menu_order":0,"comment_status":"closed","ping_status":"closed","template":"","meta":{"site-sidebar-layout":"no-sidebar","site-content-layout":"page-builder","ast-global-header-display":"","ast-main-header-display":"","ast-hfb-above-header-display":"","ast-hfb-below-header-display":"","ast-hfb-mobile-header-display":"","site-post-title":"disabled","ast-breadcrumbs-content":"","ast-featured-img":"disabled","footer-sml-layout":"","theme-transparent-header-meta":"","adv-header-id-meta":"","stick-header-meta":"","header-above-stick-meta":"","header-main-stick-meta":"","header-below-stick-meta":"","footnotes":""},"class_list":["post-7148","page","type-page","status-publish","hentry"],"_links":{"self":[{"href":"https:\/\/www.alivitpharm.com\/sr\/wp-json\/wp\/v2\/pages\/7148","targetHints":{"allow":["GET"]}}],"collection":[{"href":"https:\/\/www.alivitpharm.com\/sr\/wp-json\/wp\/v2\/pages"}],"about":[{"href":"https:\/\/www.alivitpharm.com\/sr\/wp-json\/wp\/v2\/types\/page"}],"author":[{"embeddable":true,"href":"https:\/\/www.alivitpharm.com\/sr\/wp-json\/wp\/v2\/users\/9"}],"replies":[{"embeddable":true,"href":"https:\/\/www.alivitpharm.com\/sr\/wp-json\/wp\/v2\/comments?post=7148"}],"version-history":[{"count":3,"href":"https:\/\/www.alivitpharm.com\/sr\/wp-json\/wp\/v2\/pages\/7148\/revisions"}],"predecessor-version":[{"id":13722,"href":"https:\/\/www.alivitpharm.com\/sr\/wp-json\/wp\/v2\/pages\/7148\/revisions\/13722"}],"wp:attachment":[{"href":"https:\/\/www.alivitpharm.com\/sr\/wp-json\/wp\/v2\/media?parent=7148"}],"curies":[{"name":"wp","href":"https:\/\/api.w.org\/{rel}","templated":true}]}}