{"id":7272,"date":"2022-10-06T10:56:59","date_gmt":"2022-10-06T08:56:59","guid":{"rendered":"https:\/\/www.alivitpharm.com\/?page_id=7272"},"modified":"2022-10-06T12:10:43","modified_gmt":"2022-10-06T10:10:43","slug":"andjelika","status":"publish","type":"page","link":"https:\/\/www.alivitpharm.com\/sr\/angelica-archangelica\/","title":{"rendered":"An\u0111elika"},"content":{"rendered":"<div data-elementor-type=\"wp-page\" data-elementor-id=\"7272\" class=\"elementor elementor-7272\">\n\t\t\t\t\t\t<section class=\"elementor-section elementor-top-section elementor-element elementor-element-904d081 elementor-section-content-middle elementor-section-boxed elementor-section-height-default elementor-section-height-default\" data-id=\"904d081\" data-element_type=\"section\" data-e-type=\"section\" data-settings=\"{&quot;background_background&quot;:&quot;classic&quot;}\">\n\t\t\t\t\t\t\t<div class=\"elementor-background-overlay\"><\/div>\n\t\t\t\t\t\t\t<div class=\"elementor-container elementor-column-gap-default\">\n\t\t\t\t\t<div class=\"elementor-column elementor-col-100 elementor-top-column elementor-element elementor-element-fdabb88\" data-id=\"fdabb88\" data-element_type=\"column\" data-e-type=\"column\">\n\t\t\t<div class=\"elementor-widget-wrap elementor-element-populated\">\n\t\t\t\t\t\t<div class=\"elementor-element elementor-element-6b16e40 elementor-widget elementor-widget-heading\" data-id=\"6b16e40\" data-element_type=\"widget\" data-e-type=\"widget\" data-widget_type=\"heading.default\">\n\t\t\t\t<div class=\"elementor-widget-container\">\n\t\t\t\t\t<h1 class=\"elementor-heading-title elementor-size-default\">An\u0111elika<\/h1>\t\t\t\t<\/div>\n\t\t\t\t<\/div>\n\t\t\t\t<div class=\"elementor-element elementor-element-18ab2f1 elementor-widget elementor-widget-image\" data-id=\"18ab2f1\" data-element_type=\"widget\" data-e-type=\"widget\" data-widget_type=\"image.default\">\n\t\t\t\t<div class=\"elementor-widget-container\">\n\t\t\t\t\t\t\t\t\t\t\t\t\t\t\t<img decoding=\"async\" width=\"75\" height=\"33\" src=\"https:\/\/www.alivitpharm.com\/wp-content\/uploads\/2019\/07\/logo-leaf-new.png\" class=\"attachment-large size-large wp-image-2518\" alt=\"\" \/>\t\t\t\t\t\t\t\t\t\t\t\t\t\t\t<\/div>\n\t\t\t\t<\/div>\n\t\t\t\t<div class=\"elementor-element elementor-element-83283fe elementor-widget elementor-widget-text-editor\" data-id=\"83283fe\" data-element_type=\"widget\" data-e-type=\"widget\" data-widget_type=\"text-editor.default\">\n\t\t\t\t<div class=\"elementor-widget-container\">\n\t\t\t\t\t\t\t\t\t<p><em>Angelica archangelica L. &#8211; Apiaceae<\/em><\/p>\t\t\t\t\t\t\t\t<\/div>\n\t\t\t\t<\/div>\n\t\t\t\t\t<\/div>\n\t\t<\/div>\n\t\t\t\t\t<\/div>\n\t\t<\/section>\n\t\t\t\t<section class=\"elementor-section elementor-top-section elementor-element elementor-element-ac456a4 elementor-section-boxed elementor-section-height-default elementor-section-height-default\" data-id=\"ac456a4\" data-element_type=\"section\" data-e-type=\"section\" data-settings=\"{&quot;background_background&quot;:&quot;classic&quot;}\">\n\t\t\t\t\t\t<div class=\"elementor-container elementor-column-gap-default\">\n\t\t\t\t\t<div class=\"elementor-column elementor-col-100 elementor-top-column elementor-element elementor-element-3210e33\" data-id=\"3210e33\" data-element_type=\"column\" data-e-type=\"column\">\n\t\t\t<div class=\"elementor-widget-wrap elementor-element-populated\">\n\t\t\t\t\t\t<div class=\"elementor-element elementor-element-e4e9a0f elementor-widget elementor-widget-image\" data-id=\"e4e9a0f\" data-element_type=\"widget\" data-e-type=\"widget\" data-widget_type=\"image.default\">\n\t\t\t\t<div class=\"elementor-widget-container\">\n\t\t\t\t\t\t\t\t\t\t\t\t\t\t\t<img decoding=\"async\" src=\"https:\/\/www.alivitpharm.com\/wp-content\/uploads\/2022\/10\/angelica-archangelica.png\" title=\"angelica-archangelica\" alt=\"An\u0111elika\" loading=\"lazy\" \/>\t\t\t\t\t\t\t\t\t\t\t\t\t\t\t<\/div>\n\t\t\t\t<\/div>\n\t\t\t\t<div class=\"elementor-element elementor-element-9e1e069 elementor-widget elementor-widget-text-editor\" data-id=\"9e1e069\" data-element_type=\"widget\" data-e-type=\"widget\" data-widget_type=\"text-editor.default\">\n\t\t\t\t<div class=\"elementor-widget-container\">\n\t\t\t\t\t\t\t\t\t<p><span class=\"JLqJ4b ChMk0b\"><span class=\"Q4iAWc\"><strong>An\u0111elika<\/strong> je aromati\u010dna, dvogodi\u0161nja biljka, visoka do 2m.<\/span><\/span> <span class=\"JLqJ4b ChMk0b\"><span class=\"Q4iAWc\">Stabljike su uspravne, okrugle, listovi su veliki i urezani, cvijet je \u0161tit, dok su plodovi pljosnati.<\/span><\/span> <span class=\"JLqJ4b ChMk0b\"><span class=\"Q4iAWc\">U na\u0161em preparatu, kao ljekoviti dio biljke, koristili smo korijen an\u0111elike.<\/span><\/span> <span class=\"JLqJ4b ChMk0b\"><span class=\"Q4iAWc\">Korijen an\u0111elike poti\u010de sa Islanda, ali danas se mo\u017ee na\u0107i i u sjevernoj,  isto\u010dnoj Evropi, Sibiru i u Sjevernoj Americi.<\/span><\/span><\/p><p><span class=\"JLqJ4b ChMk0b\"><span class=\"Q4iAWc\">Jedan od sastojaka biljke je etarsko ulje.<\/span><\/span> <span class=\"JLqJ4b ChMk0b\"><span class=\"Q4iAWc\">Pored etarskog ulja, an\u0111elika sadr\u017ei i: b-felandren, d-3-karen, ali i cijeli niz laktona, kao i visok sadr\u017eaj kumarina.<\/span><\/span> <span class=\"JLqJ4b ChMk0b\"><span class=\"Q4iAWc\">Od kumarina poti\u010de umiruju\u0107e delovanje ove biljke na gastrointestinalni sistem. Deluje kao stomahik (pobolj\u0161ava probavu) i spazmolitik (opu\u0161ta glatku muskulaturu digestivnog trakta).<\/span><\/span> <span class=\"JLqJ4b ChMk0b\"><span class=\"Q4iAWc\">Osim pomenutih djelovanja, kumarin posjeduje i ulogu blagog sedativa, olak\u0161ava san i smanjuje osje\u0107aj napetosti.<\/span><\/span><\/p>\t\t\t\t\t\t\t\t<\/div>\n\t\t\t\t<\/div>\n\t\t\t\t<div class=\"elementor-element elementor-element-c9bb9d6 elementor-widget elementor-widget-image\" data-id=\"c9bb9d6\" data-element_type=\"widget\" data-e-type=\"widget\" data-widget_type=\"image.default\">\n\t\t\t\t<div class=\"elementor-widget-container\">\n\t\t\t\t\t\t\t\t\t\t\t\t\t\t\t<img decoding=\"async\" src=\"https:\/\/www.alivitpharm.com\/wp-content\/uploads\/2022\/09\/leaves.png\" title=\"leaves\" alt=\"Leaves\" loading=\"lazy\" \/>\t\t\t\t\t\t\t\t\t\t\t\t\t\t\t<\/div>\n\t\t\t\t<\/div>\n\t\t\t\t<div class=\"elementor-element elementor-element-55ec6e0 elementor-widget elementor-widget-text-editor\" data-id=\"55ec6e0\" data-element_type=\"widget\" data-e-type=\"widget\" data-widget_type=\"text-editor.default\">\n\t\t\t\t<div class=\"elementor-widget-container\">\n\t\t\t\t\t\t\t\t\t<p><span class=\"JLqJ4b ChMk0b\"><span class=\"Q4iAWc\">Rod sadr\u017ei oko 50 vrsta.<\/span><\/span> <span class=\"JLqJ4b ChMk0b\"><span class=\"Q4iAWc\">Na\u0161a podru\u010dja su pogodna za rast dvije vrste, a to su: ljekovita an\u0111elika <em>(Angelica archangelica)<\/em> i \u0161umska an\u0111elika <em>(Angelica sylvestris)<\/em>.<\/span><\/span> <span class=\"JLqJ4b ChMk0b\"><span class=\"Q4iAWc\">Rastu na vla\u017enom zemlji\u0161tu i unutar svijetlih \u0161uma, na livadama, uz rijeke i potoke.<\/span><\/span><\/p><p><span class=\"JLqJ4b ChMk0b\"><span class=\"Q4iAWc\">Kao aromati\u010dan, gorak stimulans, an\u0111elika je zna\u010dajna za podr\u017eavanje zdravlja digestivnog sistema, neutrali\u0161e gasove, te smanjuje nadutost.<\/span><\/span> <span class=\"JLqJ4b ChMk0b\"><span class=\"Q4iAWc\">Korijen an\u0111elike djeluje antibakterijski (sprje\u010dava rast bakterija<em> Clostridium difficile<\/em>, <em>Clostridium perfringens<\/em>, <em>Enterococcus faecalis<\/em>) i antifungalno (sprje\u010dava rast gljivica, <em>Candida albicans<\/em>).<\/span><\/span> <span class=\"JLqJ4b ChMk0b\"><span class=\"Q4iAWc\">Koristi se kao umiruju\u0107i sastojak za mnoge probavne smetnje, opu\u0161ta glatku muskulaturu probavnog trakta, a djeluje i kao antiinflamator (smanjuje upalnu rekaciju) i antioksidans (neutrali\u0161e slobodne radikle).<\/span><\/span><\/p>\t\t\t\t\t\t\t\t<\/div>\n\t\t\t\t<\/div>\n\t\t\t\t<div class=\"elementor-element elementor-element-6102fff elementor-widget elementor-widget-heading\" data-id=\"6102fff\" data-element_type=\"widget\" data-e-type=\"widget\" data-widget_type=\"heading.default\">\n\t\t\t\t<div class=\"elementor-widget-container\">\n\t\t\t\t\t<h4 class=\"elementor-heading-title elementor-size-default\">Reference<\/h4>\t\t\t\t<\/div>\n\t\t\t\t<\/div>\n\t\t\t\t<div class=\"elementor-element elementor-element-7ee82c9 elementor-widget elementor-widget-text-editor\" data-id=\"7ee82c9\" data-element_type=\"widget\" data-e-type=\"widget\" data-widget_type=\"text-editor.default\">\n\t\t\t\t<div class=\"elementor-widget-container\">\n\t\t\t\t\t\t\t\t\t<ul><li><a class=\"reference-link\" href=\"https:\/\/chemistry-europe.onlinelibrary.wiley.com\/doi\/abs\/10.1002\/slct.202102282\" target=\"_blank\" rel=\"noopener\">Determination of Angelica archangelica\u2019s Antioxidant Capacity and Mineral Content<\/a><\/li><li><a class=\"reference-link\" href=\"https:\/\/pubmed.ncbi.nlm.nih.gov\/30156459\/\" target=\"_blank\" rel=\"noopener\">The In Vitro Activity of Angelica archangelica L. Essential Oil on Inflammation<\/a><\/li><li><a class=\"reference-link\" href=\"https:\/\/pubmed.ncbi.nlm.nih.gov\/24788027\/\" target=\"_blank\" rel=\"noopener\">Essential oil composition and antimicrobial activity of Angelica archangelica L. (Apiaceae) roots<\/a><\/li><\/ul>\t\t\t\t\t\t\t\t<\/div>\n\t\t\t\t<\/div>\n\t\t\t\t\t<\/div>\n\t\t<\/div>\n\t\t\t\t\t<\/div>\n\t\t<\/section>\n\t\t\t\t<\/div>","protected":false},"excerpt":{"rendered":"<p>Angelica Archangelica Angelica archangelica L. &#8211; Apiaceae Angelica archangelica is an aromatic, biennial plant, up to 2m tall. The stems are upright, round, the leaves are large and incised, the flower is a shield, while the fruits are flat. In our preparation, we used angelica root as a medicinal part of the plant. Angelica root &hellip;<\/p>\n<p class=\"read-more\"> <a class=\"\" href=\"https:\/\/www.alivitpharm.com\/sr\/angelica-archangelica\/\"> <span class=\"screen-reader-text\">An\u0111elika<\/span> \u041f\u0440\u043e\u0447\u0438\u0442\u0430\u0458 \u0432\u0438\u0448\u0435 &raquo;<\/a><\/p>","protected":false},"author":9,"featured_media":0,"parent":0,"menu_order":0,"comment_status":"closed","ping_status":"closed","template":"","meta":{"site-sidebar-layout":"no-sidebar","site-content-layout":"page-builder","ast-global-header-display":"","ast-main-header-display":"","ast-hfb-above-header-display":"","ast-hfb-below-header-display":"","ast-hfb-mobile-header-display":"","site-post-title":"disabled","ast-breadcrumbs-content":"","ast-featured-img":"disabled","footer-sml-layout":"","theme-transparent-header-meta":"","adv-header-id-meta":"","stick-header-meta":"","header-above-stick-meta":"","header-main-stick-meta":"","header-below-stick-meta":"","footnotes":""},"class_list":["post-7272","page","type-page","status-publish","hentry"],"_links":{"self":[{"href":"https:\/\/www.alivitpharm.com\/sr\/wp-json\/wp\/v2\/pages\/7272","targetHints":{"allow":["GET"]}}],"collection":[{"href":"https:\/\/www.alivitpharm.com\/sr\/wp-json\/wp\/v2\/pages"}],"about":[{"href":"https:\/\/www.alivitpharm.com\/sr\/wp-json\/wp\/v2\/types\/page"}],"author":[{"embeddable":true,"href":"https:\/\/www.alivitpharm.com\/sr\/wp-json\/wp\/v2\/users\/9"}],"replies":[{"embeddable":true,"href":"https:\/\/www.alivitpharm.com\/sr\/wp-json\/wp\/v2\/comments?post=7272"}],"version-history":[{"count":0,"href":"https:\/\/www.alivitpharm.com\/sr\/wp-json\/wp\/v2\/pages\/7272\/revisions"}],"wp:attachment":[{"href":"https:\/\/www.alivitpharm.com\/sr\/wp-json\/wp\/v2\/media?parent=7272"}],"curies":[{"name":"wp","href":"https:\/\/api.w.org\/{rel}","templated":true}]}}