{"id":7354,"date":"2022-10-13T09:23:19","date_gmt":"2022-10-13T07:23:19","guid":{"rendered":"https:\/\/www.alivitpharm.com\/?page_id=7354"},"modified":"2022-10-13T10:36:01","modified_gmt":"2022-10-13T08:36:01","slug":"divlja-ruza-sipurak","status":"publish","type":"page","link":"https:\/\/www.alivitpharm.com\/sr\/wild-rose-rosehip\/","title":{"rendered":"Divlja ru\u017ea (\u0161ipurak)"},"content":{"rendered":"<div data-elementor-type=\"wp-page\" data-elementor-id=\"7354\" class=\"elementor elementor-7354\">\n\t\t\t\t\t\t<section class=\"elementor-section elementor-top-section elementor-element elementor-element-affa04b elementor-section-content-middle elementor-section-boxed elementor-section-height-default elementor-section-height-default\" data-id=\"affa04b\" data-element_type=\"section\" data-e-type=\"section\" data-settings=\"{&quot;background_background&quot;:&quot;classic&quot;}\">\n\t\t\t\t\t\t\t<div class=\"elementor-background-overlay\"><\/div>\n\t\t\t\t\t\t\t<div class=\"elementor-container elementor-column-gap-default\">\n\t\t\t\t\t<div class=\"elementor-column elementor-col-100 elementor-top-column elementor-element elementor-element-30ad5ed\" data-id=\"30ad5ed\" data-element_type=\"column\" data-e-type=\"column\">\n\t\t\t<div class=\"elementor-widget-wrap elementor-element-populated\">\n\t\t\t\t\t\t<div class=\"elementor-element elementor-element-8cfe462 elementor-widget elementor-widget-heading\" data-id=\"8cfe462\" data-element_type=\"widget\" data-e-type=\"widget\" data-widget_type=\"heading.default\">\n\t\t\t\t<div class=\"elementor-widget-container\">\n\t\t\t\t\t<h1 class=\"elementor-heading-title elementor-size-default\">Divlja ru\u017ea (\u0161ipurak)<\/h1>\t\t\t\t<\/div>\n\t\t\t\t<\/div>\n\t\t\t\t<div class=\"elementor-element elementor-element-93b51e5 elementor-widget elementor-widget-image\" data-id=\"93b51e5\" data-element_type=\"widget\" data-e-type=\"widget\" data-widget_type=\"image.default\">\n\t\t\t\t<div class=\"elementor-widget-container\">\n\t\t\t\t\t\t\t\t\t\t\t\t\t\t\t<img decoding=\"async\" width=\"75\" height=\"33\" src=\"https:\/\/www.alivitpharm.com\/wp-content\/uploads\/2019\/07\/logo-leaf-new.png\" class=\"attachment-large size-large wp-image-2518\" alt=\"\" \/>\t\t\t\t\t\t\t\t\t\t\t\t\t\t\t<\/div>\n\t\t\t\t<\/div>\n\t\t\t\t<div class=\"elementor-element elementor-element-98d0c10 elementor-widget elementor-widget-text-editor\" data-id=\"98d0c10\" data-element_type=\"widget\" data-e-type=\"widget\" data-widget_type=\"text-editor.default\">\n\t\t\t\t<div class=\"elementor-widget-container\">\n\t\t\t\t\t\t\t\t\t<p><em>Rosa canina L. &#8211; Rosaceae<\/em><\/p>\t\t\t\t\t\t\t\t<\/div>\n\t\t\t\t<\/div>\n\t\t\t\t\t<\/div>\n\t\t<\/div>\n\t\t\t\t\t<\/div>\n\t\t<\/section>\n\t\t\t\t<section class=\"elementor-section elementor-top-section elementor-element elementor-element-be0ff22 elementor-section-boxed elementor-section-height-default elementor-section-height-default\" data-id=\"be0ff22\" data-element_type=\"section\" data-e-type=\"section\" data-settings=\"{&quot;background_background&quot;:&quot;classic&quot;}\">\n\t\t\t\t\t\t<div class=\"elementor-container elementor-column-gap-default\">\n\t\t\t\t\t<div class=\"elementor-column elementor-col-100 elementor-top-column elementor-element elementor-element-e465b7e\" data-id=\"e465b7e\" data-element_type=\"column\" data-e-type=\"column\">\n\t\t\t<div class=\"elementor-widget-wrap elementor-element-populated\">\n\t\t\t\t\t\t<div class=\"elementor-element elementor-element-1e45b88 elementor-widget elementor-widget-image\" data-id=\"1e45b88\" data-element_type=\"widget\" data-e-type=\"widget\" data-widget_type=\"image.default\">\n\t\t\t\t<div class=\"elementor-widget-container\">\n\t\t\t\t\t\t\t\t\t\t\t\t\t\t\t<img decoding=\"async\" src=\"https:\/\/www.alivitpharm.com\/wp-content\/uploads\/2022\/10\/wild-rose-rosehip.png\" title=\"wild-rose-rosehip\" alt=\"Wild Rose \/ Rosehip\" loading=\"lazy\" \/>\t\t\t\t\t\t\t\t\t\t\t\t\t\t\t<\/div>\n\t\t\t\t<\/div>\n\t\t\t\t<div class=\"elementor-element elementor-element-dac2fe4 elementor-widget elementor-widget-text-editor\" data-id=\"dac2fe4\" data-element_type=\"widget\" data-e-type=\"widget\" data-widget_type=\"text-editor.default\">\n\t\t\t\t<div class=\"elementor-widget-container\">\n\t\t\t\t\t\t\t\t\t<p><span class=\"jCAhz ChMk0b\"><span class=\"ryNqvb\"><strong>Divlja ru\u017ea<\/strong> je grm visine do 3m.<\/span><\/span> <span class=\"jCAhz ChMk0b\"><span class=\"ryNqvb\">\u010citav grm je obrastao o\u0161trim bodljikama.<\/span><\/span> <span class=\"jCAhz ChMk0b\"><span class=\"ryNqvb\">Listovi su neparno perasti, a listi\u0107i jajastog oblika i o\u0161tro nazubljeni.<\/span><\/span> <span class=\"jCAhz ChMk0b\"><span class=\"ryNqvb\">Cvjetovi su bijelo-ru\u017ei\u010daste boje, prijatnog mirisa, plodovi su jajastog oblika, svijetlo crvene boje, poznati pod nazivom <strong>\u0161ipurak<\/strong>, i sadr\u017ee veliki broj sjemenki.<\/span><\/span> <span class=\"jCAhz ChMk0b\"><span class=\"ryNqvb\">Period cvjetanja po\u010dinje u maju, a plodovi se sakupljaju obi\u010dno tokom septembra i oktobra. <\/span><\/span><span class=\"jCAhz ChMk0b\"><span class=\"ryNqvb\">\u0160ipurak je rasprostranjen po cijeloj Evropi, a raste i u zapadnoj Aziji i sjeverozapadnoj Africi.<\/span><\/span> <span class=\"jCAhz ChMk0b\"><span class=\"ryNqvb\">U na\u0161im krajevima je veoma zastupljen, raste uz rubove \u0161uma.<\/span><\/span><\/p><p><span class=\"jCAhz ChMk0b\"><span class=\"ryNqvb\">Ljekoviti dio biljke je osu\u0161eni plod.<\/span><\/span> <span class=\"jCAhz ChMk0b\"><span class=\"ryNqvb\">Bogat je vitaminom C, vo\u0107nim kiselinama (jabu\u010dnom, limunskom, \u0107ilibarnom, fosfornom), \u0161e\u0107erima, ligninom, pektinom, taninima, flavonoidima, karotenoidima, silicijumovom kiselinom, solima gvo\u017e\u0111a i aluminijuma.<\/span><\/span><\/p>\t\t\t\t\t\t\t\t<\/div>\n\t\t\t\t<\/div>\n\t\t\t\t<div class=\"elementor-element elementor-element-d6e8882 elementor-widget elementor-widget-image\" data-id=\"d6e8882\" data-element_type=\"widget\" data-e-type=\"widget\" data-widget_type=\"image.default\">\n\t\t\t\t<div class=\"elementor-widget-container\">\n\t\t\t\t\t\t\t\t\t\t\t\t\t\t\t<img decoding=\"async\" src=\"https:\/\/www.alivitpharm.com\/wp-content\/uploads\/2022\/09\/leaves.png\" title=\"leaves\" alt=\"Leaves\" loading=\"lazy\" \/>\t\t\t\t\t\t\t\t\t\t\t\t\t\t\t<\/div>\n\t\t\t\t<\/div>\n\t\t\t\t<div class=\"elementor-element elementor-element-4e32d08 elementor-widget elementor-widget-text-editor\" data-id=\"4e32d08\" data-element_type=\"widget\" data-e-type=\"widget\" data-widget_type=\"text-editor.default\">\n\t\t\t\t<div class=\"elementor-widget-container\">\n\t\t\t\t\t\t\t\t\t<p><span class=\"jCAhz ChMk0b\"><span class=\"ryNqvb\">Tradicionalno se plod \u0161ipurka, zbog visokog sadr\u017eaja vitamina C, preporu\u010duje za ja\u010danje imunog sistema, kod proljetnog umora i iscrpljenosti.<\/span><\/span> <span class=\"jCAhz ChMk0b\"><span class=\"ryNqvb\">Plod divlje ru\u017ee ima profilakti\u010dke i terapeutske aktivnosti protiv mnogih oboljenja (reumatoidni artritis, giht, infektivne bolesti, \u017eu\u010dne bolesti, bolesti bubrega), zahvaljuju\u0107i svom antioksidativnom, antiinflamatornom i antimikrobnom djelovanju.<\/span><\/span><\/p><p><span class=\"jCAhz ChMk0b\"><span class=\"ryNqvb\">Rezultati pojedinih studija dokazuju da divlja ru\u017ea ima citotoksi\u010dne efekte na \u0107elije karcinoma plu\u0107a i prostate (uni\u0161tava ih).<\/span><\/span> <span class=\"jCAhz ChMk0b\"><span class=\"ryNqvb\">Tako\u0111e, upotreba ove biljke preporu\u010duje se kod hroni\u010dne upale mokra\u0107nih puteva, za ja\u010danje plu\u0107a i osvje\u017eenje organizma.<\/span><\/span> <span class=\"jCAhz ChMk0b\"><span class=\"ryNqvb\">Tanini koji se nalaze u plodu divlje ru\u017ee zaustavljaju proliv, a po\u0161to je bogat i gvo\u017e\u0111em, njegova upotreba je sasvim opravdana i kod sideropenijske anemije.<\/span><\/span><\/p>\t\t\t\t\t\t\t\t<\/div>\n\t\t\t\t<\/div>\n\t\t\t\t<div class=\"elementor-element elementor-element-1e52350 elementor-widget elementor-widget-heading\" data-id=\"1e52350\" data-element_type=\"widget\" data-e-type=\"widget\" data-widget_type=\"heading.default\">\n\t\t\t\t<div class=\"elementor-widget-container\">\n\t\t\t\t\t<h4 class=\"elementor-heading-title elementor-size-default\">Reference<\/h4>\t\t\t\t<\/div>\n\t\t\t\t<\/div>\n\t\t\t\t<div class=\"elementor-element elementor-element-8cdaa5b elementor-widget elementor-widget-text-editor\" data-id=\"8cdaa5b\" data-element_type=\"widget\" data-e-type=\"widget\" data-widget_type=\"text-editor.default\">\n\t\t\t\t<div class=\"elementor-widget-container\">\n\t\t\t\t\t\t\t\t\t<ul><li><a class=\"reference-link\" href=\"https:\/\/www.ncbi.nlm.nih.gov\/pmc\/articles\/PMC3648971\/\" target=\"_blank\" rel=\"noopener\">Rosa canina L. Fruit Hydro-Alcoholic Extract Effects on Some Immunological and Biochemical Parameters in Rats<\/a><\/li><li><a class=\"reference-link\" href=\"https:\/\/pubmed.ncbi.nlm.nih.gov\/18384191\/\" target=\"_blank\" rel=\"noopener\">A systematic review on the Rosa canina effect and efficacy profiles<\/a><\/li><li><a class=\"reference-link\" href=\"https:\/\/pubmed.ncbi.nlm.nih.gov\/31184219\/\" target=\"_blank\" rel=\"noopener\">Rosa canina Extract has Antiproliferative and Proapoptotic Effects on Human Lung and Prostate Cancer Cells<\/a><\/li><\/ul>\t\t\t\t\t\t\t\t<\/div>\n\t\t\t\t<\/div>\n\t\t\t\t\t<\/div>\n\t\t<\/div>\n\t\t\t\t\t<\/div>\n\t\t<\/section>\n\t\t\t\t<\/div>","protected":false},"excerpt":{"rendered":"<p>Wild Rose (Rosehip) Rosa canina L. &#8211; Rosaceae Wild rose (dog rose) is a shrub up to 3m tall. The entire bush is overgrown with sharp thorns. The leaves are oddly pinnate, and the leaflets are egg-shaped and sharply toothed. The flowers are white-pink in color with a pleasant smell, the fruits are egg-shaped, light &hellip;<\/p>\n<p class=\"read-more\"> <a class=\"\" href=\"https:\/\/www.alivitpharm.com\/sr\/wild-rose-rosehip\/\"> <span class=\"screen-reader-text\">Divlja ru\u017ea (\u0161ipurak)<\/span> \u041f\u0440\u043e\u0447\u0438\u0442\u0430\u0458 \u0432\u0438\u0448\u0435 &raquo;<\/a><\/p>","protected":false},"author":9,"featured_media":0,"parent":0,"menu_order":0,"comment_status":"closed","ping_status":"closed","template":"","meta":{"site-sidebar-layout":"no-sidebar","site-content-layout":"page-builder","ast-global-header-display":"","ast-main-header-display":"","ast-hfb-above-header-display":"","ast-hfb-below-header-display":"","ast-hfb-mobile-header-display":"","site-post-title":"disabled","ast-breadcrumbs-content":"","ast-featured-img":"disabled","footer-sml-layout":"","theme-transparent-header-meta":"","adv-header-id-meta":"","stick-header-meta":"","header-above-stick-meta":"","header-main-stick-meta":"","header-below-stick-meta":"","footnotes":""},"class_list":["post-7354","page","type-page","status-publish","hentry"],"_links":{"self":[{"href":"https:\/\/www.alivitpharm.com\/sr\/wp-json\/wp\/v2\/pages\/7354","targetHints":{"allow":["GET"]}}],"collection":[{"href":"https:\/\/www.alivitpharm.com\/sr\/wp-json\/wp\/v2\/pages"}],"about":[{"href":"https:\/\/www.alivitpharm.com\/sr\/wp-json\/wp\/v2\/types\/page"}],"author":[{"embeddable":true,"href":"https:\/\/www.alivitpharm.com\/sr\/wp-json\/wp\/v2\/users\/9"}],"replies":[{"embeddable":true,"href":"https:\/\/www.alivitpharm.com\/sr\/wp-json\/wp\/v2\/comments?post=7354"}],"version-history":[{"count":0,"href":"https:\/\/www.alivitpharm.com\/sr\/wp-json\/wp\/v2\/pages\/7354\/revisions"}],"wp:attachment":[{"href":"https:\/\/www.alivitpharm.com\/sr\/wp-json\/wp\/v2\/media?parent=7354"}],"curies":[{"name":"wp","href":"https:\/\/api.w.org\/{rel}","templated":true}]}}