{"id":7432,"date":"2022-10-14T08:21:46","date_gmt":"2022-10-14T06:21:46","guid":{"rendered":"https:\/\/www.alivitpharm.com\/?page_id=7432"},"modified":"2022-10-14T10:08:45","modified_gmt":"2022-10-14T08:08:45","slug":"crna-zova-bazga","status":"publish","type":"page","link":"https:\/\/www.alivitpharm.com\/sr\/black-elderberry\/","title":{"rendered":"Crna zova (bazga)"},"content":{"rendered":"<div data-elementor-type=\"wp-page\" data-elementor-id=\"7432\" class=\"elementor elementor-7432\">\n\t\t\t\t\t\t<section class=\"elementor-section elementor-top-section elementor-element elementor-element-4bb7924 elementor-section-content-middle elementor-section-boxed elementor-section-height-default elementor-section-height-default\" data-id=\"4bb7924\" data-element_type=\"section\" data-e-type=\"section\" data-settings=\"{&quot;background_background&quot;:&quot;classic&quot;}\">\n\t\t\t\t\t\t\t<div class=\"elementor-background-overlay\"><\/div>\n\t\t\t\t\t\t\t<div class=\"elementor-container elementor-column-gap-default\">\n\t\t\t\t\t<div class=\"elementor-column elementor-col-100 elementor-top-column elementor-element elementor-element-756ed26\" data-id=\"756ed26\" data-element_type=\"column\" data-e-type=\"column\">\n\t\t\t<div class=\"elementor-widget-wrap elementor-element-populated\">\n\t\t\t\t\t\t<div class=\"elementor-element elementor-element-477908f elementor-widget elementor-widget-heading\" data-id=\"477908f\" data-element_type=\"widget\" data-e-type=\"widget\" data-widget_type=\"heading.default\">\n\t\t\t\t<div class=\"elementor-widget-container\">\n\t\t\t\t\t<h1 class=\"elementor-heading-title elementor-size-default\">Crna zova (bazga)<\/h1>\t\t\t\t<\/div>\n\t\t\t\t<\/div>\n\t\t\t\t<div class=\"elementor-element elementor-element-fd62719 elementor-widget elementor-widget-image\" data-id=\"fd62719\" data-element_type=\"widget\" data-e-type=\"widget\" data-widget_type=\"image.default\">\n\t\t\t\t<div class=\"elementor-widget-container\">\n\t\t\t\t\t\t\t\t\t\t\t\t\t\t\t<img decoding=\"async\" width=\"75\" height=\"33\" src=\"https:\/\/www.alivitpharm.com\/wp-content\/uploads\/2019\/07\/logo-leaf-new.png\" class=\"attachment-large size-large wp-image-2518\" alt=\"\" \/>\t\t\t\t\t\t\t\t\t\t\t\t\t\t\t<\/div>\n\t\t\t\t<\/div>\n\t\t\t\t<div class=\"elementor-element elementor-element-bc87980 elementor-widget elementor-widget-text-editor\" data-id=\"bc87980\" data-element_type=\"widget\" data-e-type=\"widget\" data-widget_type=\"text-editor.default\">\n\t\t\t\t<div class=\"elementor-widget-container\">\n\t\t\t\t\t\t\t\t\t<p><em>Sambucus nigra L. &#8211; Adoxaceae<\/em><\/p>\t\t\t\t\t\t\t\t<\/div>\n\t\t\t\t<\/div>\n\t\t\t\t\t<\/div>\n\t\t<\/div>\n\t\t\t\t\t<\/div>\n\t\t<\/section>\n\t\t\t\t<section class=\"elementor-section elementor-top-section elementor-element elementor-element-b4f287e elementor-section-boxed elementor-section-height-default elementor-section-height-default\" data-id=\"b4f287e\" data-element_type=\"section\" data-e-type=\"section\" data-settings=\"{&quot;background_background&quot;:&quot;classic&quot;}\">\n\t\t\t\t\t\t<div class=\"elementor-container elementor-column-gap-default\">\n\t\t\t\t\t<div class=\"elementor-column elementor-col-100 elementor-top-column elementor-element elementor-element-820edd1\" data-id=\"820edd1\" data-element_type=\"column\" data-e-type=\"column\">\n\t\t\t<div class=\"elementor-widget-wrap elementor-element-populated\">\n\t\t\t\t\t\t<div class=\"elementor-element elementor-element-8520cb6 elementor-widget elementor-widget-image\" data-id=\"8520cb6\" data-element_type=\"widget\" data-e-type=\"widget\" data-widget_type=\"image.default\">\n\t\t\t\t<div class=\"elementor-widget-container\">\n\t\t\t\t\t\t\t\t\t\t\t\t\t\t\t<img decoding=\"async\" src=\"https:\/\/www.alivitpharm.com\/wp-content\/uploads\/2022\/10\/elderberry.jpg\" title=\"elderberry\" alt=\"Elderberry\" loading=\"lazy\" \/>\t\t\t\t\t\t\t\t\t\t\t\t\t\t\t<\/div>\n\t\t\t\t<\/div>\n\t\t\t\t<div class=\"elementor-element elementor-element-8ac23b1 elementor-widget elementor-widget-text-editor\" data-id=\"8ac23b1\" data-element_type=\"widget\" data-e-type=\"widget\" data-widget_type=\"text-editor.default\">\n\t\t\t\t<div class=\"elementor-widget-container\">\n\t\t\t\t\t\t\t\t\t<p><span class=\"jCAhz ChMk0b\"><span class=\"ryNqvb\">Zova je \u017ebun ili nisko drvo.<\/span><\/span> <span class=\"jCAhz ChMk0b\"><span class=\"ryNqvb\">Kora je ispucala, sive boje, na mladim granama je zelena sa istaknutim krupnim, jajastim pupoljcima.<\/span><\/span> <span class=\"jCAhz ChMk0b\"><span class=\"ryNqvb\">Listovi su neparno perasti, cvjetovi bijelo-\u017eute krunice, mirisni, sakupljeni u guste cvasti.<\/span><\/span> <span class=\"jCAhz ChMk0b\"><span class=\"ryNqvb\">Plod je ko\u0161tunica, crveno-ljubi\u010daste boje, sadr\u017ei 3 sjemena. <\/span><\/span>Zova raste na svijetlim i toplim mjestima i dosta je rasprostarnjena u na\u0161im krajevima.<\/p><p><span class=\"jCAhz ChMk0b\"><span class=\"ryNqvb\"><strong>Crna zova ili bazga<\/strong> <em>(Sambucus nigra)<\/em> je, po mnogim mitovima, magijska biljka.<\/span><\/span> <span class=\"jCAhz ChMk0b\"><span class=\"ryNqvb\">Zbog svojih ljekovitih svojstava, kori\u0161\u0107ena je i u drevnom Egiptu i anti\u010dkoj Gr\u010dkoj, a Hipokrat, otac medicine, nazvao je ovu biljku kov\u010degom zdravlja.<\/span><\/span><\/p><p><span class=\"jCAhz ChMk0b\"><span class=\"ryNqvb\">Crna zova sadr\u017ei karoten, vitamine B i C, a bogata je i mineralnim materijama: gvo\u017e\u0111em, natrijumom i kalcijumom.<\/span><\/span> <span class=\"jCAhz ChMk0b\"><span class=\"ryNqvb\">Tako\u0111e, u plodu crne zove prisutni su antocijani (sambucin, sambucijanin, hrizantemin), tanini, fitosteroli, sluzi i aminokiseline.<\/span><\/span> <span class=\"jCAhz ChMk0b\"><span class=\"ryNqvb\">Sadr\u017ei i organske pigmente, hlorogensku kiselinu, a bogata je i flavonoidnim heterozidima (rutin, izokvercitrin, hiperozid) koji su sjajni antioksidansi.<\/span><\/span> <span class=\"jCAhz ChMk0b\"><span class=\"ryNqvb\">Aktivna supstanca sambukol aktivira imuni sistem produkcijom citokina i smanjuje trajanje gripa za 3-4 dana.<\/span><\/span> <span class=\"jCAhz ChMk0b\"><span class=\"ryNqvb\">Etarskog ulja ima u tragovima i u njemu dominiraju masne kiseline.<\/span><\/span><\/p>\t\t\t\t\t\t\t\t<\/div>\n\t\t\t\t<\/div>\n\t\t\t\t<div class=\"elementor-element elementor-element-976c7f3 elementor-widget elementor-widget-image\" data-id=\"976c7f3\" data-element_type=\"widget\" data-e-type=\"widget\" data-widget_type=\"image.default\">\n\t\t\t\t<div class=\"elementor-widget-container\">\n\t\t\t\t\t\t\t\t\t\t\t\t\t\t\t<img decoding=\"async\" src=\"https:\/\/www.alivitpharm.com\/wp-content\/uploads\/2022\/09\/leaves.png\" title=\"leaves\" alt=\"Leaves\" loading=\"lazy\" \/>\t\t\t\t\t\t\t\t\t\t\t\t\t\t\t<\/div>\n\t\t\t\t<\/div>\n\t\t\t\t<div class=\"elementor-element elementor-element-a582557 elementor-widget elementor-widget-text-editor\" data-id=\"a582557\" data-element_type=\"widget\" data-e-type=\"widget\" data-widget_type=\"text-editor.default\">\n\t\t\t\t<div class=\"elementor-widget-container\">\n\t\t\t\t\t\t\t\t\t<p><span class=\"jCAhz ChMk0b\"><span class=\"ryNqvb\">Zbog svog antioksidativnog (neutrali\u0161e slobodne radikale u organizmu) i imunomodulatornog djelovanja (stimuli\u0161e imuni sistem), preporu\u010duje se u prevenciji i lije\u010denju infekcija gornjih disajnih puteva.<\/span><\/span> <span class=\"jCAhz ChMk0b\"><span class=\"ryNqvb\">Ova biljka se smatra prirodnim antivirotikom, posebno protiv razli\u010ditih sojeva virusa gripa.<\/span><\/span> <span class=\"jCAhz ChMk0b\"><span class=\"ryNqvb\">Dokazano je, in vitro istra\u017eivanjima, da je crna zova efikasna \u010dak protiv 10 sojeva virusa gripa.<\/span><\/span> <span class=\"jCAhz ChMk0b\"><span class=\"ryNqvb\">Tako\u0111e, mnoge studije su pokazale da zova mo\u017ee biti korisna i za aktivaciju imunog odgovora (aktiviranje inflamatornih citokina) kod potpuno zdravih osoba, ali i  kod osoba koje boluju od nekih bolesti, kao \u0161to su razli\u010diti oblici karcinoma i AIDS. <\/span><\/span><span class=\"jCAhz ChMk0b\"><span class=\"ryNqvb\">Crna zova se mo\u017ee preporu\u010diti kod pacijenata oboljelih od \u0161e\u0107erne bolesti za ja\u010danje imunog sistema.<\/span><\/span> <span class=\"jCAhz ChMk0b\"><span class=\"ryNqvb\">Polifenoli ekstrahovani iz ploda ove biljke modifikuju imunolo\u0161ki odgovor kod osoba oboljelih od dijabetesa i smanjuju mogu\u0107nost nastanka zapaljenskih reakcija.<\/span><\/span><\/p>\t\t\t\t\t\t\t\t<\/div>\n\t\t\t\t<\/div>\n\t\t\t\t<div class=\"elementor-element elementor-element-9699294 elementor-widget elementor-widget-heading\" data-id=\"9699294\" data-element_type=\"widget\" data-e-type=\"widget\" data-widget_type=\"heading.default\">\n\t\t\t\t<div class=\"elementor-widget-container\">\n\t\t\t\t\t<h4 class=\"elementor-heading-title elementor-size-default\">Reference<\/h4>\t\t\t\t<\/div>\n\t\t\t\t<\/div>\n\t\t\t\t<div class=\"elementor-element elementor-element-844d616 elementor-widget elementor-widget-text-editor\" data-id=\"844d616\" data-element_type=\"widget\" data-e-type=\"widget\" data-widget_type=\"text-editor.default\">\n\t\t\t\t<div class=\"elementor-widget-container\">\n\t\t\t\t\t\t\t\t\t<ul><li><a class=\"reference-link\" href=\"https:\/\/pubmed.ncbi.nlm.nih.gov\/30670267\/\" target=\"_blank\" rel=\"noopener\">Black elderberry (Sambucus nigra) supplementation effectively treats upper respiratory symptoms: A meta-analysis of randomized, controlled clinical trials<\/a><\/li><li><a class=\"reference-link\" href=\"https:\/\/pubmed.ncbi.nlm.nih.gov\/25327310\/\" target=\"_blank\" rel=\"noopener\">Effects of Sambucus nigra and Aronia melanocarpa extracts on immune system disorders within diabetes mellitus<\/a><\/li><li><a class=\"reference-link\" href=\"https:\/\/pubmed.ncbi.nlm.nih.gov\/11399518\/\" target=\"_blank\" rel=\"noopener\">The effect of Sambucol, a black elderberry-based, natural product, on the production of human cytokines: I. Inflammatory cytokines<\/a><\/li><li><a class=\"reference-link\" href=\"https:\/\/pubmed.ncbi.nlm.nih.gov\/32864330\/\" target=\"_blank\" rel=\"noopener\">The effects of Sambucus nigra berry on acute respiratory viral infections: A rapid review of clinical studies<\/a><\/li><\/ul>\t\t\t\t\t\t\t\t<\/div>\n\t\t\t\t<\/div>\n\t\t\t\t\t<\/div>\n\t\t<\/div>\n\t\t\t\t\t<\/div>\n\t\t<\/section>\n\t\t\t\t<\/div>","protected":false},"excerpt":{"rendered":"<p>Black Elderberry Sambucus nigra L. &#8211; Adoxaceae Elderberry is a shrub or low tree. The bark is cracked, gray in color, on young branches it is green with prominent large, egg-shaped buds. The leaves are oddly pinnate, the flowers are white-yellow, fragrant, collected in dense inflorescences. The fruit is a drupe, red-purple in color, containing &hellip;<\/p>\n<p class=\"read-more\"> <a class=\"\" href=\"https:\/\/www.alivitpharm.com\/sr\/black-elderberry\/\"> <span class=\"screen-reader-text\">Crna zova (bazga)<\/span> \u041f\u0440\u043e\u0447\u0438\u0442\u0430\u0458 \u0432\u0438\u0448\u0435 &raquo;<\/a><\/p>","protected":false},"author":9,"featured_media":0,"parent":0,"menu_order":0,"comment_status":"closed","ping_status":"closed","template":"","meta":{"site-sidebar-layout":"no-sidebar","site-content-layout":"page-builder","ast-global-header-display":"","ast-main-header-display":"","ast-hfb-above-header-display":"","ast-hfb-below-header-display":"","ast-hfb-mobile-header-display":"","site-post-title":"disabled","ast-breadcrumbs-content":"","ast-featured-img":"disabled","footer-sml-layout":"","theme-transparent-header-meta":"","adv-header-id-meta":"","stick-header-meta":"","header-above-stick-meta":"","header-main-stick-meta":"","header-below-stick-meta":"","footnotes":""},"class_list":["post-7432","page","type-page","status-publish","hentry"],"_links":{"self":[{"href":"https:\/\/www.alivitpharm.com\/sr\/wp-json\/wp\/v2\/pages\/7432","targetHints":{"allow":["GET"]}}],"collection":[{"href":"https:\/\/www.alivitpharm.com\/sr\/wp-json\/wp\/v2\/pages"}],"about":[{"href":"https:\/\/www.alivitpharm.com\/sr\/wp-json\/wp\/v2\/types\/page"}],"author":[{"embeddable":true,"href":"https:\/\/www.alivitpharm.com\/sr\/wp-json\/wp\/v2\/users\/9"}],"replies":[{"embeddable":true,"href":"https:\/\/www.alivitpharm.com\/sr\/wp-json\/wp\/v2\/comments?post=7432"}],"version-history":[{"count":0,"href":"https:\/\/www.alivitpharm.com\/sr\/wp-json\/wp\/v2\/pages\/7432\/revisions"}],"wp:attachment":[{"href":"https:\/\/www.alivitpharm.com\/sr\/wp-json\/wp\/v2\/media?parent=7432"}],"curies":[{"name":"wp","href":"https:\/\/api.w.org\/{rel}","templated":true}]}}