{"id":7690,"date":"2022-10-19T10:05:29","date_gmt":"2022-10-19T08:05:29","guid":{"rendered":"https:\/\/www.alivitpharm.com\/?page_id=7690"},"modified":"2026-04-16T09:20:35","modified_gmt":"2026-04-16T07:20:35","slug":"selenium","status":"publish","type":"page","link":"https:\/\/www.alivitpharm.com\/sr\/selenium\/","title":{"rendered":"Selen"},"content":{"rendered":"<div data-elementor-type=\"wp-page\" data-elementor-id=\"7690\" class=\"elementor elementor-7690\">\n\t\t\t\t\t\t<section class=\"elementor-section elementor-top-section elementor-element elementor-element-d53a7b1 elementor-section-content-middle elementor-section-boxed elementor-section-height-default elementor-section-height-default\" data-id=\"d53a7b1\" data-element_type=\"section\" data-e-type=\"section\" data-settings=\"{&quot;background_background&quot;:&quot;classic&quot;}\">\n\t\t\t\t\t\t\t<div class=\"elementor-background-overlay\"><\/div>\n\t\t\t\t\t\t\t<div class=\"elementor-container elementor-column-gap-default\">\n\t\t\t\t\t<div class=\"elementor-column elementor-col-100 elementor-top-column elementor-element elementor-element-2108d52\" data-id=\"2108d52\" data-element_type=\"column\" data-e-type=\"column\">\n\t\t\t<div class=\"elementor-widget-wrap elementor-element-populated\">\n\t\t\t\t\t\t<div class=\"elementor-element elementor-element-fabb081 elementor-widget elementor-widget-heading\" data-id=\"fabb081\" data-element_type=\"widget\" data-e-type=\"widget\" data-widget_type=\"heading.default\">\n\t\t\t\t<div class=\"elementor-widget-container\">\n\t\t\t\t\t<h1 class=\"elementor-heading-title elementor-size-default\">Selen<\/h1>\t\t\t\t<\/div>\n\t\t\t\t<\/div>\n\t\t\t\t<div class=\"elementor-element elementor-element-4436db3 elementor-widget elementor-widget-image\" data-id=\"4436db3\" data-element_type=\"widget\" data-e-type=\"widget\" data-widget_type=\"image.default\">\n\t\t\t\t<div class=\"elementor-widget-container\">\n\t\t\t\t\t\t\t\t\t\t\t\t\t\t\t<img decoding=\"async\" src=\"https:\/\/www.alivitpharm.com\/wp-content\/uploads\/2022\/10\/pill.png\" title=\"pill\" alt=\"Pill\" loading=\"lazy\" \/>\t\t\t\t\t\t\t\t\t\t\t\t\t\t\t<\/div>\n\t\t\t\t<\/div>\n\t\t\t\t<div class=\"elementor-element elementor-element-61c1fdb elementor-widget elementor-widget-text-editor\" data-id=\"61c1fdb\" data-element_type=\"widget\" data-e-type=\"widget\" data-widget_type=\"text-editor.default\">\n\t\t\t\t<div class=\"elementor-widget-container\">\n\t\t\t\t\t\t\t\t\t<p><em>Se<\/em><\/p>\t\t\t\t\t\t\t\t<\/div>\n\t\t\t\t<\/div>\n\t\t\t\t\t<\/div>\n\t\t<\/div>\n\t\t\t\t\t<\/div>\n\t\t<\/section>\n\t\t\t\t<section class=\"elementor-section elementor-top-section elementor-element elementor-element-e488b42 elementor-section-boxed elementor-section-height-default elementor-section-height-default\" data-id=\"e488b42\" data-element_type=\"section\" data-e-type=\"section\" data-settings=\"{&quot;background_background&quot;:&quot;classic&quot;}\">\n\t\t\t\t\t\t<div class=\"elementor-container elementor-column-gap-default\">\n\t\t\t\t\t<div class=\"elementor-column elementor-col-100 elementor-top-column elementor-element elementor-element-4ae2da7\" data-id=\"4ae2da7\" data-element_type=\"column\" data-e-type=\"column\">\n\t\t\t<div class=\"elementor-widget-wrap elementor-element-populated\">\n\t\t\t\t\t\t<div class=\"elementor-element elementor-element-34f6b0b elementor-widget elementor-widget-heading\" data-id=\"34f6b0b\" data-element_type=\"widget\" data-e-type=\"widget\" data-widget_type=\"heading.default\">\n\t\t\t\t<div class=\"elementor-widget-container\">\n\t\t\t\t\t<h2 class=\"elementor-heading-title elementor-size-default\">Natrijum selenit<\/h2>\t\t\t\t<\/div>\n\t\t\t\t<\/div>\n\t\t\t\t<div class=\"elementor-element elementor-element-34f4db3 elementor-widget elementor-widget-text-editor\" data-id=\"34f4db3\" data-element_type=\"widget\" data-e-type=\"widget\" data-widget_type=\"text-editor.default\">\n\t\t\t\t<div class=\"elementor-widget-container\">\n\t\t\t\t\t\t\t\t\t<p><strong>Selen<\/strong> je esencijalni oligoelement<strong>. <\/strong><span class=\"jCAhz ChMk0b\"><span class=\"ryNqvb\">Unos selena u organizam zavisi od sadr\u017eaja selena u vodi, zemlji i biljkama koje se konzumiraju.<\/span><\/span> <span class=\"jCAhz ChMk0b\"><span class=\"ryNqvb\">Izvori selena su meso, riba, \u017eitarice, \u0161koljke, brokoli, kupus, pe\u010durke, celer, svinjski i gove\u0111i bubrezi, tunjevina.<\/span><\/span> <span class=\"jCAhz ChMk0b\"><span class=\"ryNqvb\">Selen u hrani mo\u017ee biti prisutan u obliku neorganskog selena ili kao aminokiseline selenocistein i selenometionin. <\/span><\/span><span class=\"jCAhz ChMk0b\"><span class=\"ryNqvb\">To je mineral koji je neophodan \u010dovje\u010dijem organizmu za pravilno funkcionisanje. Va\u017enu ulogu ima u reprodukciji, funkciji \u0161titne \u017elijezde, proizvodnji DNK, kao i u za\u0161titi \u0107elije od napada slobodnih radikala (antioksidativni efekat).<\/span><\/span><\/p><p><strong>Dnevne potrebe:<\/strong> <span class=\"jCAhz ChMk0b\"><span class=\"ryNqvb\">Optimalan dnevni unos selena iznosi od 50 do 200mcg.<\/span><\/span> <span class=\"jCAhz ChMk0b\"><span class=\"ryNqvb\">Selen se izlu\u010duje putem urina, a u krvi se vezuje za sulfhidrilne grupe proteina krvne plazme, a ve\u0107i dio se nalazi u eritrocitima.<\/span><\/span> <span class=\"jCAhz ChMk0b\"><span class=\"ryNqvb\">Prosje\u010dna odrasla osoba ima oko 20mg selena i najve\u0107i dio se deponuje u jetri, bubrezima, srcu, slezini, testisima.<\/span><\/span><\/p><p><span class=\"jCAhz ChMk0b\"><span class=\"ryNqvb\">Selen i vitamin E u organizmu djeluju sinergisti\u010dki.<\/span><\/span> <span class=\"jCAhz ChMk0b\"><span class=\"ryNqvb\">Enzim tiroksin-dejodinaza je selenoprotein, te smanjen unos joda u ishrani mo\u017ee biti faktor za razvoj gu\u0161avosti.<\/span><\/span> <span class=\"jCAhz ChMk0b\"><span class=\"ryNqvb\">Mnoge studije sugeri\u0161u da ljudi, posebno \u017eene, koje imaju nizak nivo selena i joda u krvi, mogu razviti problem sa \u0161titnom \u017elijezdom, te je suplementacija ovim mineralom u ovakvim stanjima vrlo opravdana. Selen je uklju\u010den u sintezu proteina i za\u0161titu organizma od toksi\u010dnih materija, kao \u0161to su arsen, kadmijum, \u017eiva i olovo. Mnoga klini\u010dka i eksperimentala ispitivanja su pokazala da selen ima veoma va\u017enu ulogu u metabolizmu prostaglandina (kontoli\u0161e zapaljenske procese), u kardiovaskularnoj hemostazi (sprje\u010dava oksidativno o\u0161te\u0107enje \u0107elije).<\/span><\/span><\/p><p><span class=\"jCAhz ChMk0b\"><span class=\"ryNqvb\">Ve\u0107ina ljudi dobija dovoljnu koli\u010dinu selena putem razli\u010ditih namirnica.<\/span><\/span> <span class=\"jCAhz ChMk0b\"><span class=\"ryNqvb\">Odre\u0111ene grupe ljudi imaju problem sa niskom koncentracijom selena u organizmu, a to su ljudi koji su podvrgnuti dijalizi, HIV pozitivne osobe i osobe koje jedu samo lokalnu hranu, uzgojenu na zemlji\u0161tu sa niskim sadr\u017eajem selena.<\/span><\/span><\/p><p><strong>Nedostatak selena:<\/strong> <span class=\"jCAhz ChMk0b\"><span class=\"ryNqvb\">Nedostatak selena je veoma rijetka pojava.<\/span><\/span> <span class=\"jCAhz ChMk0b\"><span class=\"ryNqvb\">Naj\u010de\u0161\u0107e njegov nedostatak mo\u017ee izazvati Keshan-ovu bolest (specifi\u010dan tip kardiomiopatije) i mu\u0161ku neplodnost.<\/span><\/span> <span class=\"jCAhz ChMk0b\"><span class=\"ryNqvb\">Tako\u0111e, deficit selena mo\u017ee izazvati i Kashin-Beck-ovu bolest, koju karakteri\u0161e bol, otok i gubitak pokreta u zglobovima.<\/span><\/span><\/p><p><span class=\"jCAhz ChMk0b\"><span class=\"ryNqvb\">Suplementacija selenom je imunostimuliraju\u0107a, \u0161to se mjeri \u0161irokim rasponom parametara, uklju\u010duju\u0107i proliferaciju T-\u0107elija, aktivnost NK \u0107elija, funkciju uro\u0111enih imunolo\u0161kih \u0107elija i mnoge druge.<\/span><\/span> <span class=\"jCAhz ChMk0b\"><span class=\"ryNqvb\">Potrebe za selenom se pove\u0107avaju kod virusnih infekcija.<\/span><\/span> <span class=\"jCAhz ChMk0b\"><span class=\"ryNqvb\">Kod ljudi sa nedostatkom selena oksidativni stres mo\u017ee izazvati mutaciju genoma virusa, \u0161to za posljedicu ima pove\u0107anje mikrobne virulencije.<\/span><\/span> <span class=\"jCAhz ChMk0b\"><span class=\"ryNqvb\">Mnoge klini\u010dke studije su pokazale da selen pobolj\u0161ava kvalitet i motilitet sperme, pa selen predstvalja neizostavan dio terapije mu\u0161ke neplodnosti.<\/span><\/span><\/p><p><span class=\"jCAhz ChMk0b\"><span class=\"ryNqvb\">Degenerativna oboljenja centralnog nervnog sistema su zna\u010dajni uzroci smrtnosti ljudi.<\/span><\/span> <span class=\"jCAhz ChMk0b\"><span class=\"ryNqvb\">Uzroci ovih oboljenja su ve\u0107inom nepoznati, a i dijagnostika je vrlo komplikovana.<\/span><\/span> <span class=\"jCAhz ChMk0b\"><span class=\"ryNqvb\">Veliki broj istra\u017eivanja se osvr\u0107e na nedostatak minerala, kao \u0161to su kalcijum i selen, i zaklju\u010duju da njihov deficit doprinosi razvoju neurolo\u0161kih bolesti.<\/span><\/span> <span class=\"jCAhz ChMk0b\"><span class=\"ryNqvb\">Mnoge studije su pokazale da suplementacija selenom mo\u017ee smanjiti rizik od nastanka komplikacija neurodegenerativnih oboljenja, kao \u0161to je Alchajmer.<\/span><\/span><\/p><p><strong>Vi\u0161ak selena:<\/strong> <span class=\"jCAhz ChMk0b\"><span class=\"ryNqvb\">Unos  visokih doza selena tokom du\u017eeg vremenskog perioda mo\u017ee izazvati sljede\u0107e: mu\u010dninu, proliv, osip na ko\u017ei, razdra\u017eljivost, metalni ukus u ustima, gubitak kose, promjene na zubima.<\/span><\/span> <span class=\"jCAhz ChMk0b\"><span class=\"ryNqvb\">Selen stupa u veliki broj interakcija sa lijekovima, te je potreba poseban oprez, u tom slu\u010daju obavezno se posavjetujte sa svojim ljekarom ili farmaceutom.<\/span><\/span><\/p><p><strong>Uticaj selena na zdravlje prostate:<\/strong> <span class=\"jCAhz ChMk0b\"><span class=\"ryNqvb\">Patofiziolo\u0161ke promjene prostate, kao \u0161to su, benigna hiperplazija prostate i adenokarcinom prostate, usko su povezani sa \u017eivotnom dobi mu\u0161karaca.<\/span><\/span> <span class=\"jCAhz ChMk0b\"><span class=\"ryNqvb\">Benigna hiperplazija prostate je veliki zdravstveni problem, koju karakteri\u0161e proliferacija glatkih mi\u0161i\u0107a i epitela prostate, koja za posljedicu izaziva razli\u010dite probleme, kao \u0161to su bol u donjem dijelu stomaka, u\u010destalo (no\u0107no) mokrenje, bol pri mokrenju.<\/span><\/span> <span class=\"jCAhz ChMk0b\"><span class=\"ryNqvb\">Oksidativni stres izazvan hroni\u010dnom upalom prostete je glavni okida\u010d za razvoj ovoga oboljenja.<\/span><\/span><\/p><p><span class=\"jCAhz ChMk0b\"><span class=\"ryNqvb\">Mnogi dijetetski suplementi, koji u svom sastavu sadr\u017ee selen, mogu biti od koristi u prevenciji i lije\u010denju uve\u0107ane prostate, zbog svog antioksidativnog potencijala.<\/span><\/span> <span class=\"jCAhz ChMk0b\"><span class=\"ryNqvb\">Studije govore o postojanju inverzne povezanosti izme\u0111u koncentracije selena u serumu i rizika za nastanak benigne hiperplazije prostete, dakle \u0161to je ve\u0107a koncentracija selena u serumu, to je manja mogu\u0107nost da do\u0111e do razvoja ovoga oboljenja.<\/span><\/span><\/p>\t\t\t\t\t\t\t\t<\/div>\n\t\t\t\t<\/div>\n\t\t\t\t<div class=\"elementor-element elementor-element-dab1da8 elementor-widget elementor-widget-image\" data-id=\"dab1da8\" data-element_type=\"widget\" data-e-type=\"widget\" data-widget_type=\"image.default\">\n\t\t\t\t<div class=\"elementor-widget-container\">\n\t\t\t\t\t\t\t\t\t\t\t\t\t\t\t<img decoding=\"async\" src=\"https:\/\/www.alivitpharm.com\/wp-content\/uploads\/2022\/09\/leaves.png\" title=\"leaves\" alt=\"Leaves\" loading=\"lazy\" \/>\t\t\t\t\t\t\t\t\t\t\t\t\t\t\t<\/div>\n\t\t\t\t<\/div>\n\t\t\t\t<div class=\"elementor-element elementor-element-2ef92b6 elementor-widget elementor-widget-heading\" data-id=\"2ef92b6\" data-element_type=\"widget\" data-e-type=\"widget\" data-widget_type=\"heading.default\">\n\t\t\t\t<div class=\"elementor-widget-container\">\n\t\t\t\t\t<h2 class=\"elementor-heading-title elementor-size-default\">L-selenometionin<\/h2>\t\t\t\t<\/div>\n\t\t\t\t<\/div>\n\t\t\t\t<div class=\"elementor-element elementor-element-3fa423d elementor-widget elementor-widget-text-editor\" data-id=\"3fa423d\" data-element_type=\"widget\" data-e-type=\"widget\" data-widget_type=\"text-editor.default\">\n\t\t\t\t<div class=\"elementor-widget-container\">\n\t\t\t\t\t\t\t\t\t<p><strong>Selen<\/strong> je esencijalni mineral koji je prirodno prisutan u mnogim namirnicama. Dostupan je i kao dodatak prehrani. Selen je sastojak 25 selenoproteina, uklju\u010duju\u0107i tioredoksin reduktaze, glutation peroksidaze i selenoprotein P. Selenoproteini igraju klju\u010dnu ulogu u metabolizmu hormona \u0161titnja\u010de, sintezi DNK, reprodukciji i za\u0161titi od oksidativnih o\u0161te\u0107enja i infekcija.<\/p><p>Tlo i podzemne vode sadr\u017ee neorganske oblike selena (npr. selenite, selenate) koje biljke akumuliraju i pretvaraju u organske oblike, uglavnom selenometionin i selenocistein i njihove metilirane derivate. U hrani je selen prisutan prvenstveno kao selenometionin zajedno sa selenocisteinom. Selen iz prehrane se lako apsorbuje u tijelu. Selenometionin je organski oblik selena s visokom bioraspolo\u017eivo\u0161\u0107u i odli\u010dnom apsorpcijom.<\/p><p>Koncentracije selena u plazmi i serumu se obi\u010dno koriste za procjenu statusa selena, a koncentracije od 8 mcg\/dL ili vi\u0161e obi\u010dno se smatraju dovoljnim kod zdravih osoba. Sadr\u017eaj selena u kosi i noktima mo\u017ee se koristiti za procjenu dugoro\u010dnog unosa selena tokom mjeseci ili godina. Dva selenoproteina u plazmi, glutation peroksidaza 3 i selenoprotein P, mogu se koristiti kao funkcionalni biomarkeri statusa selena, ali na njih mogu uticati faktori poput upale, \u0161to ih \u010dini potencijalno nepouzdanim.<\/p><p><strong>Preporu\u010deni unosi:<\/strong> Odbor za hranu i ishranu pri Nacionalnim akademijama nauka, in\u017eenjerstva i medicine utvrdio je preporu\u010dene dnevne doze i adekvatan unos selena. Ove vrijednosti se kre\u0107u od 55 do 70 mcg za odrasle i od 15 do 70 mcg za dojen\u010dad, djecu i adolescente,zavisno od dobi i \u017eivotne faze. Hrana bogata proteinima, poput morskih plodova, mesa i peradi, bogat je izvor selena. Brazilski ora\u0161\u010di\u0107i sadr\u017ee posebno velike koli\u010dine selena. Koncentracije selena u biljnoj hrani variraju zavisno od geogravske lokaciji jer koli\u010dina i oblik selena u tlu i drugi faktori mogu uticati na sadr\u017eaj selena u ovoj hrani. Oblici selena koji se obi\u010dno nalaze u dodacima prehrani uklju\u010duju selenometionin, kvasac oboga\u0107en selenom, natrijum selenit i natrijum selenat. Tijelo je u stanju apsorbovati do oko 90% selena iz ovih oblika.<\/p><p><strong>Unos i status selena:<\/strong> Iako se unos selena i koncentracija u  serumu mogu razlikovati zavisno od regije, ve\u0107ina ljudi konzumira adekvatne koli\u010dine selena. Me\u0111utim, ljudi koji se pridr\u017eavaju vegetarijanskog ili veganskog na\u010dina prehrane mogu imati ni\u017ei unos selena, a ljudi koji konzumiraju cigarete imaju tendenciju ni\u017eeg statusa selena od onih koji ne konzumiraju, mogu\u0107e zato \u0161to konzumacija cigareta pove\u0107ava oksidativni stres.<\/p><p><strong>Nedostatak selena:<\/strong> Sam po sebi, nedostatak selena rijetko uzrokuje bolest. Me\u0111utim, u odre\u0111enim populacijama, nedostatak selena mo\u017ee izazvati razvoj stanja poput Keshanove bolesti (bolest srca uzrokovana hroni\u010dnim nedostatkom selena) i Kashin-Beckove bolesti (hroni\u010dna osteoartropatija koja dovodi do patuljastog rasta i te\u0161kog artritisa). Osim toga, nedostatak selena mo\u017ee pove\u0107ati rizik od kongenitalnog hipotireoidizma kod dojen\u010dadi pogor\u0161avaju\u0107i nedostatak joda. Iako je nedostatak selena rijedak, neke grupe ljudi imaju ve\u0107i rizik od nedovoljnog unosa. Ove grupe uklju\u010duju ljude koji \u017eive u regijama s nedostatkom selena, one koji se podvrgavaju dijalizi bubrega i one koji \u017eive s HIV-om.<\/p><p><strong>Selen i zdravlje:<\/strong> cija selenom se fokusira na \u0161est bolesti i stanja u kojima selen mo\u017ee igrati va\u017enu ulogu: karcinom, kardiovaskularne bolesti (KVB), kognitivni pad i Alzheimerova bolest (AB), HIV infekcija, mu\u0161ka plodnost i bolesti \u0161titne \u017elijezde.<\/p><p><strong>Karcinom:<\/strong> Neke epidemiolo\u0161ke studije sugeri\u0161u da ljudi s vi\u0161im statusom selena imaju manji rizik od nekoliko vrsta karcinoma, a jedno randomizirano kontrolisano ispitivanje pokazalo je da mu\u0161karci koji su uzimali selen imaju manji rizik od karcinoma prostate tokom vi\u0161egodi\u0161njeg perioda pra\u0107enja. Opservacijske studije koje su ispitivale povezanost izme\u0111u niskog statusa selena i rizika od kardiovaskularnih bolesti dale su kontradiktorne rezultate. Dostupni dokazi klini\u010dkih ispitivanja ne podr\u017eavaju kori\u0161tenje suplementacije selenom za smanjenje rizika od kardiovaskularnih bolesti, posebno kod ljudi koji unose dovoljno selena iz prehrane. Me\u0111utim, uzimanje selena kao dijela antioksidativne formule mo\u017ee smanjiti rizik od kardiovaskularne smrtnosti.<\/p><p><strong>Kognitivni pad i Alzheimerova bolest:<\/strong> Istra\u017eiva\u010di istra\u017euju ulogu selena u odr\u017eavanju kognitivnih funkcija kod starijih osoba, jer je hroni\u010dni nedostatak selena povezan sa kognitivnim padom. Rezultati opservacijskih studija su mje\u0161oviti, pri \u010demu neke izvje\u0161tavaju o povezanosti izme\u0111u ni\u017eih koncentracija selena u plazmi i neurolo\u0161kih o\u0161te\u0107enja ili ve\u0107eg rizika od Alzheimerove bolesti, dok druge ne pronalaze takvu povezanost.<\/p><p><strong>HIV infection:<\/strong> Iako nedostatak selena mo\u017ee pove\u0107ati rizik od morbiditeta i mortaliteta me\u0111u osobama s HIV-om, suplementacija selenom \u010dini se da pru\u017ea ograni\u010dene koristi ovoj populaciji. Neki dokazi sugeri\u0161u da suplementacija selenom mo\u017ee smanjiti rizik od prijevremenog poro\u0111aja kod trudnica sa HIV-om.<\/p><p><strong>Mu\u0161ka plodnost:<\/strong> Neka klini\u010dka ispitivanja izvijestila su o pobolj\u0161anjima u odre\u0111enim aspektima kvalitete sperme kod mu\u0161karaca koji su primali suplemente selena.<\/p><p><strong>Bolesti \u0161titne \u017elijezde:<\/strong> Selen igra va\u017enu ulogu u sintezi i metabolizmu hormona \u0161titne \u017elijezde. Kod \u017eena, nizak status selena \u010dini se povezan s pove\u0107anim rizikom od bolesti \u0161titne \u017elijezde; ova povezanost nije prona\u0111ena kod mu\u0161karaca. Klini\u010dka ispitivanja su otkrila da suplementacija selenom mo\u017ee sniziti nivoe odre\u0111enih antitijela \u0161titne \u017elijezde kod osoba s hroni\u010dnim autoimunim tireoiditisom. Rezultati klini\u010dkih ispitivanja koja su ispitivala efekte suplementacije selenom na antitijela \u0161titnja\u010de kod trudnica su bili pomije\u0161ani, a Ameri\u010dko udru\u017eenje za \u0161titnja\u010du preporu\u010duje da se suplementacija selenom ne uzima kod trudnica koje imaju autoimunost \u0161titnja\u010de.<\/p><p><strong>Zdravstveni rizici od prekomjernog unosa selena:<\/strong> Selenoza je rezultat hroni\u010dno visokog unosa selena. Naj\u010de\u0161\u0107e se karakteri\u0161e gubitkom kose i lomljivo\u0161\u0107u ili gubitkom noktiju, ali drugi znaci i simptomi mogu uklju\u010divati miris bijelog luka u dahu, metalni okus u ustima, osip na ko\u017ei, mu\u010dninu, proljev, umor, razdra\u017eljivost i abnormalnosti nervnog sistema. Gornja dozvoljena koli\u010dina selena za odrasle je 400 mcg, a za dojen\u010dad, djecu i adolescente kre\u0107e se od 45 mcg do 400 mcg, zavisno od dobi.<\/p><p><strong>Interakcije s lijekovima:<\/strong> Suplementi selena mogu stupiti u interakciju s lijekovima. Osim toga, odre\u0111eni lijekovi, poput cisplatina, mogu uticati na nivo selena u tijelu.<\/p>\t\t\t\t\t\t\t\t<\/div>\n\t\t\t\t<\/div>\n\t\t\t\t<div class=\"elementor-element elementor-element-ccf9765 elementor-widget elementor-widget-heading\" data-id=\"ccf9765\" data-element_type=\"widget\" data-e-type=\"widget\" data-widget_type=\"heading.default\">\n\t\t\t\t<div class=\"elementor-widget-container\">\n\t\t\t\t\t<h4 class=\"elementor-heading-title elementor-size-default\">Reference<\/h4>\t\t\t\t<\/div>\n\t\t\t\t<\/div>\n\t\t\t\t<div class=\"elementor-element elementor-element-666eab2 elementor-widget elementor-widget-text-editor\" data-id=\"666eab2\" data-element_type=\"widget\" data-e-type=\"widget\" data-widget_type=\"text-editor.default\">\n\t\t\t\t<div class=\"elementor-widget-container\">\n\t\t\t\t\t\t\t\t\t<ul><li><a class=\"reference-link\" href=\"https:\/\/ods.od.nih.gov\/factsheets\/Selenium-HealthProfessional\/\" target=\"_blank\" rel=\"noopener\">Selen<\/a><\/li><li><a class=\"reference-link\" href=\"https:\/\/pubmed.ncbi.nlm.nih.gov\/20032488\/\" target=\"_blank\" rel=\"noopener\">Estimation of antioxidant intakes from diet and supplements in U.S. adults<\/a><\/li><li><a class=\"reference-link\" href=\"https:\/\/pubmed.ncbi.nlm.nih.gov\/18346308\/\" target=\"_blank\" rel=\"noopener\">Food-chain selenium and human health: emphasis on intake<\/a><\/li><li><a class=\"reference-link\" href=\"https:\/\/pubmed.ncbi.nlm.nih.gov\/22381456\/\" target=\"_blank\" rel=\"noopener\">Selenium and human health<\/a><\/li><li><a class=\"reference-link\" href=\"https:\/\/pubmed.ncbi.nlm.nih.gov\/18258628\/\" target=\"_blank\" rel=\"noopener\">Brazil nuts: an effective way to improve selenium status<\/a><\/li><li><a class=\"reference-link\" href=\"https:\/\/pubmed.ncbi.nlm.nih.gov\/16614127\/\" target=\"_blank\" rel=\"noopener\">Effects of chemical form of selenium on plasma biomarkers in a high-dose human supplementation trial<\/a><\/li><li><a class=\"reference-link\" href=\"https:\/\/pubmed.ncbi.nlm.nih.gov\/20102763\/\" target=\"_blank\" rel=\"noopener\">Serum selenium and serum lipids in US adults: National Health and Nutrition Examination Survey (NHANES) 2003-2004<\/a><\/li><li><a class=\"reference-link\" href=\"https:\/\/pubmed.ncbi.nlm.nih.gov\/26313901\/\" target=\"_blank\" rel=\"noopener\">Selenium and the thyroid<\/a><\/li><li><a class=\"reference-link\" href=\"https:\/\/pubmed.ncbi.nlm.nih.gov\/32001830\/\" target=\"_blank\" rel=\"noopener\">Selenium in thyroid disorders &#8211; essential knowledge for clinicians<\/a><\/li><li><a class=\"reference-link\" href=\"https:\/\/pubmed.ncbi.nlm.nih.gov\/28819948\/\" target=\"_blank\" rel=\"noopener\">The role of selenium in thyroid gland pathophysiology<\/a><\/li><li><a class=\"reference-link\" href=\"https:\/\/pubmed.ncbi.nlm.nih.gov\/34885664\/\" target=\"_blank\" rel=\"noopener\">Selenium: An Element of Life Essential for Thyroid Function<\/a><\/li><li><a class=\"reference-link\" href=\"https:\/\/pubmed.ncbi.nlm.nih.gov\/7747220\/\" target=\"_blank\" rel=\"noopener\">Neurodegenerative diseases and risk factors: a literature review<\/a><\/li><li><a class=\"reference-link\" href=\"https:\/\/pubmed.ncbi.nlm.nih.gov\/33219130\/\" target=\"_blank\" rel=\"noopener\">The essential elements of Alzheimer&#8217;s disease<\/a><\/li><li><a class=\"reference-link\" href=\"https:\/\/www.ingentaconnect.com\/content\/ben\/cmc\/2013\/00000020\/00000010\/art00007\" target=\"_blank\" rel=\"noopener\">Serenoa Repens, Lycopene and Selenium: A Triple Therapeutic Approach to Manage Benign Prostatic Hyperplasia<\/a><\/li><li><a class=\"reference-link\" href=\"https:\/\/bjui-journals.onlinelibrary.wiley.com\/doi\/abs\/10.1111\/j.1464-410X.2012.11383.x\" target=\"_blank\" rel=\"noopener\">Effects of selenium status, dietary glucosinolate intake and serum glutathione S-transferase \u03b1 activity on the risk of benign prostatic hyperplasia<\/a><\/li><\/ul>\t\t\t\t\t\t\t\t<\/div>\n\t\t\t\t<\/div>\n\t\t\t\t\t<\/div>\n\t\t<\/div>\n\t\t\t\t\t<\/div>\n\t\t<\/section>\n\t\t\t\t<\/div>","protected":false},"excerpt":{"rendered":"<p>Selenium Se Sodium selenite Selenium is an essential oligoelement. The intake of selenium in the body depends on the content of selenium in water, soil and plants that are consumed. Sources of selenium are meat, fish, cereals, shellfish, broccoli, cabbage, mushrooms, celery, pork and beef kidneys, tuna. Selenium in food can be present in the &hellip;<\/p>\n<p class=\"read-more\"> <a class=\"\" href=\"https:\/\/www.alivitpharm.com\/sr\/selenium\/\"> <span class=\"screen-reader-text\">Selen<\/span> \u041f\u0440\u043e\u0447\u0438\u0442\u0430\u0458 \u0432\u0438\u0448\u0435 &raquo;<\/a><\/p>","protected":false},"author":9,"featured_media":0,"parent":0,"menu_order":0,"comment_status":"closed","ping_status":"closed","template":"","meta":{"site-sidebar-layout":"no-sidebar","site-content-layout":"page-builder","ast-global-header-display":"","ast-main-header-display":"","ast-hfb-above-header-display":"","ast-hfb-below-header-display":"","ast-hfb-mobile-header-display":"","site-post-title":"disabled","ast-breadcrumbs-content":"","ast-featured-img":"disabled","footer-sml-layout":"","theme-transparent-header-meta":"","adv-header-id-meta":"","stick-header-meta":"","header-above-stick-meta":"","header-main-stick-meta":"","header-below-stick-meta":"","footnotes":""},"class_list":["post-7690","page","type-page","status-publish","hentry"],"_links":{"self":[{"href":"https:\/\/www.alivitpharm.com\/sr\/wp-json\/wp\/v2\/pages\/7690","targetHints":{"allow":["GET"]}}],"collection":[{"href":"https:\/\/www.alivitpharm.com\/sr\/wp-json\/wp\/v2\/pages"}],"about":[{"href":"https:\/\/www.alivitpharm.com\/sr\/wp-json\/wp\/v2\/types\/page"}],"author":[{"embeddable":true,"href":"https:\/\/www.alivitpharm.com\/sr\/wp-json\/wp\/v2\/users\/9"}],"replies":[{"embeddable":true,"href":"https:\/\/www.alivitpharm.com\/sr\/wp-json\/wp\/v2\/comments?post=7690"}],"version-history":[{"count":18,"href":"https:\/\/www.alivitpharm.com\/sr\/wp-json\/wp\/v2\/pages\/7690\/revisions"}],"predecessor-version":[{"id":14137,"href":"https:\/\/www.alivitpharm.com\/sr\/wp-json\/wp\/v2\/pages\/7690\/revisions\/14137"}],"wp:attachment":[{"href":"https:\/\/www.alivitpharm.com\/sr\/wp-json\/wp\/v2\/media?parent=7690"}],"curies":[{"name":"wp","href":"https:\/\/api.w.org\/{rel}","templated":true}]}}