{"id":7724,"date":"2022-10-21T09:24:27","date_gmt":"2022-10-21T07:24:27","guid":{"rendered":"https:\/\/www.alivitpharm.com\/?page_id=7724"},"modified":"2022-10-21T13:24:47","modified_gmt":"2022-10-21T11:24:47","slug":"sremus","status":"publish","type":"page","link":"https:\/\/www.alivitpharm.com\/sr\/wild-garlic\/","title":{"rendered":"Sremu\u0161"},"content":{"rendered":"<div data-elementor-type=\"wp-page\" data-elementor-id=\"7724\" class=\"elementor elementor-7724\">\n\t\t\t\t\t\t<section class=\"elementor-section elementor-top-section elementor-element elementor-element-d506db5 elementor-section-content-middle elementor-section-boxed elementor-section-height-default elementor-section-height-default\" data-id=\"d506db5\" data-element_type=\"section\" data-e-type=\"section\" data-settings=\"{&quot;background_background&quot;:&quot;classic&quot;}\">\n\t\t\t\t\t\t\t<div class=\"elementor-background-overlay\"><\/div>\n\t\t\t\t\t\t\t<div class=\"elementor-container elementor-column-gap-default\">\n\t\t\t\t\t<div class=\"elementor-column elementor-col-100 elementor-top-column elementor-element elementor-element-eff1f98\" data-id=\"eff1f98\" data-element_type=\"column\" data-e-type=\"column\">\n\t\t\t<div class=\"elementor-widget-wrap elementor-element-populated\">\n\t\t\t\t\t\t<div class=\"elementor-element elementor-element-9228915 elementor-widget elementor-widget-heading\" data-id=\"9228915\" data-element_type=\"widget\" data-e-type=\"widget\" data-widget_type=\"heading.default\">\n\t\t\t\t<div class=\"elementor-widget-container\">\n\t\t\t\t\t<h1 class=\"elementor-heading-title elementor-size-default\">Sremu\u0161<\/h1>\t\t\t\t<\/div>\n\t\t\t\t<\/div>\n\t\t\t\t<div class=\"elementor-element elementor-element-32c1769 elementor-widget elementor-widget-image\" data-id=\"32c1769\" data-element_type=\"widget\" data-e-type=\"widget\" data-widget_type=\"image.default\">\n\t\t\t\t<div class=\"elementor-widget-container\">\n\t\t\t\t\t\t\t\t\t\t\t\t\t\t\t<img decoding=\"async\" width=\"75\" height=\"33\" src=\"https:\/\/www.alivitpharm.com\/wp-content\/uploads\/2019\/07\/logo-leaf-new.png\" class=\"attachment-large size-large wp-image-2518\" alt=\"\" \/>\t\t\t\t\t\t\t\t\t\t\t\t\t\t\t<\/div>\n\t\t\t\t<\/div>\n\t\t\t\t<div class=\"elementor-element elementor-element-c9803ad elementor-widget elementor-widget-text-editor\" data-id=\"c9803ad\" data-element_type=\"widget\" data-e-type=\"widget\" data-widget_type=\"text-editor.default\">\n\t\t\t\t<div class=\"elementor-widget-container\">\n\t\t\t\t\t\t\t\t\t<p><em>Alli ursini folium \u2013 List sremu\u0161a<br \/>Allium ursinum \u2013 Allia ceae<\/em><\/p>\t\t\t\t\t\t\t\t<\/div>\n\t\t\t\t<\/div>\n\t\t\t\t\t<\/div>\n\t\t<\/div>\n\t\t\t\t\t<\/div>\n\t\t<\/section>\n\t\t\t\t<section class=\"elementor-section elementor-top-section elementor-element elementor-element-623f25e elementor-section-boxed elementor-section-height-default elementor-section-height-default\" data-id=\"623f25e\" data-element_type=\"section\" data-e-type=\"section\" data-settings=\"{&quot;background_background&quot;:&quot;classic&quot;}\">\n\t\t\t\t\t\t<div class=\"elementor-container elementor-column-gap-default\">\n\t\t\t\t\t<div class=\"elementor-column elementor-col-100 elementor-top-column elementor-element elementor-element-13b2f6a\" data-id=\"13b2f6a\" data-element_type=\"column\" data-e-type=\"column\">\n\t\t\t<div class=\"elementor-widget-wrap elementor-element-populated\">\n\t\t\t\t\t\t<div class=\"elementor-element elementor-element-ccdc037 elementor-widget elementor-widget-image\" data-id=\"ccdc037\" data-element_type=\"widget\" data-e-type=\"widget\" data-widget_type=\"image.default\">\n\t\t\t\t<div class=\"elementor-widget-container\">\n\t\t\t\t\t\t\t\t\t\t\t\t\t\t\t<img decoding=\"async\" src=\"https:\/\/www.alivitpharm.com\/wp-content\/uploads\/2022\/10\/wild-garlic.jpg\" title=\"wild-garlic\" alt=\"Sremu\u0161\" loading=\"lazy\" \/>\t\t\t\t\t\t\t\t\t\t\t\t\t\t\t<\/div>\n\t\t\t\t<\/div>\n\t\t\t\t<div class=\"elementor-element elementor-element-397d73c elementor-widget elementor-widget-text-editor\" data-id=\"397d73c\" data-element_type=\"widget\" data-e-type=\"widget\" data-widget_type=\"text-editor.default\">\n\t\t\t\t<div class=\"elementor-widget-container\">\n\t\t\t\t\t\t\t\t\t<p><span class=\"jCAhz ChMk0b\"><span class=\"ryNqvb\"><strong>Sremu\u0161<\/strong>\u00a0je vi\u0161egodi\u0161nja zeljasta biljka.<\/span><\/span> <span class=\"jCAhz ChMk0b\"><span class=\"ryNqvb\">Karakteri\u0161e je metamorfozirani podzemni izdanak-lukovica.<\/span><\/span> <span class=\"jCAhz ChMk0b\"><span class=\"ryNqvb\">Lukovica je uspravna, duga 2-5cm, obavijena bijelo-\u017eutim listi\u0107ima.<\/span><\/span> <span class=\"jCAhz ChMk0b\"><span class=\"ryNqvb\">Iz lukovice polaze dva lista, list je elipti\u010dan, o\u0161trog vrha, zelene boje.<\/span><\/span> <span class=\"jCAhz ChMk0b\"><span class=\"ryNqvb\">Pri osnovi list se su\u017eava u duga\u010dku peteljku.<\/span><\/span> <span class=\"jCAhz ChMk0b\"><span class=\"ryNqvb\">Stabljika je na presijeku trouglasta, na njenom vrhu razvijaju se bijeli cvjetovi sakupljeni u \u0161titatste cvasti.<\/span><\/span> <span class=\"jCAhz ChMk0b\"><span class=\"ryNqvb\">Plod je u obliku \u010daure, sa trouglastim crvenim sjemenom.<\/span><\/span><\/p><p><span class=\"jCAhz ChMk0b\"><span class=\"ryNqvb\">Sremu\u0161 je vrsta samonikle, jestive biljke koja je sli\u010dna po mirisu bijelom luku.<\/span><\/span> <span class=\"jCAhz ChMk0b\"><span class=\"ryNqvb\">Poznata je i po drugim nazivima, kao \u0161to su \u0161umski luk, evroazijski divlji luk<b>, <\/b>medve\u0111i luk.<\/span><\/span> <span class=\"jCAhz ChMk0b\"><span class=\"ryNqvb\">Raste u vla\u017enim listopadnim \u0161umama Evrope i pojedinim dijelovima Azije.<\/span><\/span> <span class=\"jCAhz ChMk0b\"><span class=\"ryNqvb\">Svi dijelovi biljke su jestivi, a za konzumaciju se listovi beru do cvjetanja.<\/span><\/span><\/p>\t\t\t\t\t\t\t\t<\/div>\n\t\t\t\t<\/div>\n\t\t\t\t<div class=\"elementor-element elementor-element-4302ff6 elementor-widget elementor-widget-image\" data-id=\"4302ff6\" data-element_type=\"widget\" data-e-type=\"widget\" data-widget_type=\"image.default\">\n\t\t\t\t<div class=\"elementor-widget-container\">\n\t\t\t\t\t\t\t\t\t\t\t\t\t\t\t<img decoding=\"async\" src=\"https:\/\/www.alivitpharm.com\/wp-content\/uploads\/2022\/09\/leaves.png\" title=\"leaves\" alt=\"Leaves\" loading=\"lazy\" \/>\t\t\t\t\t\t\t\t\t\t\t\t\t\t\t<\/div>\n\t\t\t\t<\/div>\n\t\t\t\t<div class=\"elementor-element elementor-element-caca516 elementor-widget elementor-widget-text-editor\" data-id=\"caca516\" data-element_type=\"widget\" data-e-type=\"widget\" data-widget_type=\"text-editor.default\">\n\t\t\t\t<div class=\"elementor-widget-container\">\n\t\t\t\t\t\t\t\t\t<p><span class=\"jCAhz ChMk0b\"><span class=\"ryNqvb\">Sremu\u0161 sadr\u017ei visok sadr\u017eaj sumpora i zna\u010dajan je za odr\u017eavanje zdravlja digestivnog trakta (uti\u010de na pravilan balans crijevne mirkobiote) i cijelog organizma, kao i za eliminaciju te\u0161kih metala iz organizma.<\/span><\/span> <span class=\"jCAhz ChMk0b\"><span class=\"ryNqvb\">Aktivni sastojci sremu\u0161a su i alicin i tiosulfinat, koji su odgovorni za sni\u017eavanje lipida (sni\u017eavaju nivo LDL-holesterola, a pove\u0107avaju nivo dobrog ili HDL-holesterola), sprje\u010davanje zgru\u0161avanja krvi i smanjenje krvnog pritiska.<\/span><\/span> <span class=\"jCAhz ChMk0b\"><span class=\"ryNqvb\">U prethodno pomenutim djelovanjima divljeg luka ogleda se njegovo kardioprotektivno djelovanje.<\/span><\/span><\/p><p><span class=\"jCAhz ChMk0b\"><span class=\"ryNqvb\">Pored pomenutih sastojaka, sremu\u0161 sadr\u017ei i ajoen, koji zauzima zna\u010dajno mjesto kao supstanca koja poma\u017ee u lije\u010denju melanoma i nekih oblika leukemije, kao i adenozin koji ima veoma povoljan efekat na odr\u017eavanje normalnih vrijednosti krvnog pritiska.<\/span><\/span> <span class=\"jCAhz ChMk0b\"><span class=\"ryNqvb\">Pokazuje i antioksidativnu aktivnost (neutrali\u0161e slobodne radikale), a ima izra\u017eenu i antimirkobnu aktivnost (djeluje protiv virusa, bakterija, gljivica i parazita).<\/span><\/span> <span class=\"jCAhz ChMk0b\"><span class=\"ryNqvb\">Ova biljka je, zbog svog sastava, predmet mnogih medicinskih istra\u017eivanja.<\/span><\/span><\/p>\t\t\t\t\t\t\t\t<\/div>\n\t\t\t\t<\/div>\n\t\t\t\t<div class=\"elementor-element elementor-element-dda13c9 elementor-widget elementor-widget-heading\" data-id=\"dda13c9\" data-element_type=\"widget\" data-e-type=\"widget\" data-widget_type=\"heading.default\">\n\t\t\t\t<div class=\"elementor-widget-container\">\n\t\t\t\t\t<h4 class=\"elementor-heading-title elementor-size-default\">Reference<\/h4>\t\t\t\t<\/div>\n\t\t\t\t<\/div>\n\t\t\t\t<div class=\"elementor-element elementor-element-9418782 elementor-widget elementor-widget-text-editor\" data-id=\"9418782\" data-element_type=\"widget\" data-e-type=\"widget\" data-widget_type=\"text-editor.default\">\n\t\t\t\t<div class=\"elementor-widget-container\">\n\t\t\t\t\t\t\t\t\t<ul><li><a class=\"reference-link\" href=\"https:\/\/pubmed.ncbi.nlm.nih.gov\/25774103\/\" target=\"_blank\" rel=\"noopener\">Allium ursinum: botanical, phytochemical and pharmacological overview<\/a><\/li><li><a class=\"reference-link\" href=\"https:\/\/pubmed.ncbi.nlm.nih.gov\/33335521\/\" target=\"_blank\" rel=\"noopener\">Antioxidant and Antiproliferative Activity of Allium ursinum and Their Associated Microbiota During Simulated in vitro Digestion in the Presence of Food Matrix<\/a><\/li><li><a class=\"reference-link\" href=\"https:\/\/pubmed.ncbi.nlm.nih.gov\/28543032\/\" target=\"_blank\" rel=\"noopener\">Influence of different wild-garlic (Allium ursinum) extracts on the gastrointestinal system: spasmolytic, antimicrobial and antioxidant properties<\/a><\/li><li><a class=\"reference-link\" href=\"https:\/\/pubmed.ncbi.nlm.nih.gov\/22408399\/\" target=\"_blank\" rel=\"noopener\">Chemical composition and in vitro antifungal activity screening of the Allium ursinum L. (Liliaceae)<\/a><\/li><li><a class=\"reference-link\" href=\"https:\/\/pubmed.ncbi.nlm.nih.gov\/27517918\/\" target=\"_blank\" rel=\"noopener\">Anti-Atherogenic Properties of Allium ursinum Liophylisate: Impact on Lipoprotein Homeostasis and Cardiac Biomarkers in Hypercholesterolemic Rabbits<\/a><\/li><li><a class=\"reference-link\" href=\"https:\/\/pubmed.ncbi.nlm.nih.gov\/31297043\/\" target=\"_blank\" rel=\"noopener\">Ethanol extracts of Allium sp. regulate cyclooxygenase-2 and E-cadherin expression in gastric cancer MKN74 cell line and enhance doxorubicin toxicity<\/a><\/li><\/ul>\t\t\t\t\t\t\t\t<\/div>\n\t\t\t\t<\/div>\n\t\t\t\t\t<\/div>\n\t\t<\/div>\n\t\t\t\t\t<\/div>\n\t\t<\/section>\n\t\t\t\t<\/div>","protected":false},"excerpt":{"rendered":"<p>Wild Garlic Alli ursini folium \u2013 Leaf of wild garlicAllium ursinum \u2013 Allia ceae Wild garlic\u00a0is a perennial herbaceous plant. It is characterized by a metamorphosed underground shoot-bulb. The bulb is upright, 2-5 cm long, covered with white-yellow leaves. Two leaves emerge from the bulb, the leaf is elliptical, with a sharp tip, green in &hellip;<\/p>\n<p class=\"read-more\"> <a class=\"\" href=\"https:\/\/www.alivitpharm.com\/sr\/wild-garlic\/\"> <span class=\"screen-reader-text\">Sremu\u0161<\/span> \u041f\u0440\u043e\u0447\u0438\u0442\u0430\u0458 \u0432\u0438\u0448\u0435 &raquo;<\/a><\/p>","protected":false},"author":9,"featured_media":0,"parent":0,"menu_order":0,"comment_status":"closed","ping_status":"closed","template":"","meta":{"site-sidebar-layout":"no-sidebar","site-content-layout":"page-builder","ast-global-header-display":"","ast-main-header-display":"","ast-hfb-above-header-display":"","ast-hfb-below-header-display":"","ast-hfb-mobile-header-display":"","site-post-title":"disabled","ast-breadcrumbs-content":"","ast-featured-img":"disabled","footer-sml-layout":"","theme-transparent-header-meta":"","adv-header-id-meta":"","stick-header-meta":"","header-above-stick-meta":"","header-main-stick-meta":"","header-below-stick-meta":"","footnotes":""},"class_list":["post-7724","page","type-page","status-publish","hentry"],"_links":{"self":[{"href":"https:\/\/www.alivitpharm.com\/sr\/wp-json\/wp\/v2\/pages\/7724","targetHints":{"allow":["GET"]}}],"collection":[{"href":"https:\/\/www.alivitpharm.com\/sr\/wp-json\/wp\/v2\/pages"}],"about":[{"href":"https:\/\/www.alivitpharm.com\/sr\/wp-json\/wp\/v2\/types\/page"}],"author":[{"embeddable":true,"href":"https:\/\/www.alivitpharm.com\/sr\/wp-json\/wp\/v2\/users\/9"}],"replies":[{"embeddable":true,"href":"https:\/\/www.alivitpharm.com\/sr\/wp-json\/wp\/v2\/comments?post=7724"}],"version-history":[{"count":0,"href":"https:\/\/www.alivitpharm.com\/sr\/wp-json\/wp\/v2\/pages\/7724\/revisions"}],"wp:attachment":[{"href":"https:\/\/www.alivitpharm.com\/sr\/wp-json\/wp\/v2\/media?parent=7724"}],"curies":[{"name":"wp","href":"https:\/\/api.w.org\/{rel}","templated":true}]}}