{"id":8491,"date":"2023-02-20T12:43:31","date_gmt":"2023-02-20T10:43:31","guid":{"rendered":"https:\/\/www.alivitpharm.com\/?page_id=8491"},"modified":"2023-05-18T08:44:01","modified_gmt":"2023-05-18T06:44:01","slug":"zeleni-caj","status":"publish","type":"page","link":"https:\/\/www.alivitpharm.com\/sr\/green-tea\/","title":{"rendered":"Zeleni \u010daj"},"content":{"rendered":"<div data-elementor-type=\"wp-page\" data-elementor-id=\"8491\" class=\"elementor elementor-8491\">\n\t\t\t\t\t\t<section class=\"elementor-section elementor-top-section elementor-element elementor-element-0fae71d elementor-section-content-middle elementor-section-boxed elementor-section-height-default elementor-section-height-default\" data-id=\"0fae71d\" data-element_type=\"section\" data-e-type=\"section\" data-settings=\"{&quot;background_background&quot;:&quot;classic&quot;}\">\n\t\t\t\t\t\t\t<div class=\"elementor-background-overlay\"><\/div>\n\t\t\t\t\t\t\t<div class=\"elementor-container elementor-column-gap-default\">\n\t\t\t\t\t<div class=\"elementor-column elementor-col-100 elementor-top-column elementor-element elementor-element-00a75b2\" data-id=\"00a75b2\" data-element_type=\"column\" data-e-type=\"column\">\n\t\t\t<div class=\"elementor-widget-wrap elementor-element-populated\">\n\t\t\t\t\t\t<div class=\"elementor-element elementor-element-4ee1808 elementor-widget elementor-widget-heading\" data-id=\"4ee1808\" data-element_type=\"widget\" data-e-type=\"widget\" data-widget_type=\"heading.default\">\n\t\t\t\t<div class=\"elementor-widget-container\">\n\t\t\t\t\t<h1 class=\"elementor-heading-title elementor-size-default\">Zeleni \u010daj<\/h1>\t\t\t\t<\/div>\n\t\t\t\t<\/div>\n\t\t\t\t<div class=\"elementor-element elementor-element-79518a6 elementor-widget elementor-widget-image\" data-id=\"79518a6\" data-element_type=\"widget\" data-e-type=\"widget\" data-widget_type=\"image.default\">\n\t\t\t\t<div class=\"elementor-widget-container\">\n\t\t\t\t\t\t\t\t\t\t\t\t\t\t\t<img decoding=\"async\" width=\"75\" height=\"33\" src=\"https:\/\/www.alivitpharm.com\/wp-content\/uploads\/2019\/07\/logo-leaf-new.png\" class=\"attachment-large size-large wp-image-2518\" alt=\"\" \/>\t\t\t\t\t\t\t\t\t\t\t\t\t\t\t<\/div>\n\t\t\t\t<\/div>\n\t\t\t\t<div class=\"elementor-element elementor-element-f17cb18 elementor-widget elementor-widget-text-editor\" data-id=\"f17cb18\" data-element_type=\"widget\" data-e-type=\"widget\" data-widget_type=\"text-editor.default\">\n\t\t\t\t<div class=\"elementor-widget-container\">\n\t\t\t\t\t\t\t\t\t<p><em>Thea sinensis, L. &#8211; Theaceae<\/em><\/p>\t\t\t\t\t\t\t\t<\/div>\n\t\t\t\t<\/div>\n\t\t\t\t\t<\/div>\n\t\t<\/div>\n\t\t\t\t\t<\/div>\n\t\t<\/section>\n\t\t\t\t<section class=\"elementor-section elementor-top-section elementor-element elementor-element-c5c076a elementor-section-boxed elementor-section-height-default elementor-section-height-default\" data-id=\"c5c076a\" data-element_type=\"section\" data-e-type=\"section\" data-settings=\"{&quot;background_background&quot;:&quot;classic&quot;}\">\n\t\t\t\t\t\t<div class=\"elementor-container elementor-column-gap-default\">\n\t\t\t\t\t<div class=\"elementor-column elementor-col-100 elementor-top-column elementor-element elementor-element-dff8061\" data-id=\"dff8061\" data-element_type=\"column\" data-e-type=\"column\">\n\t\t\t<div class=\"elementor-widget-wrap elementor-element-populated\">\n\t\t\t\t\t\t<div class=\"elementor-element elementor-element-fb0c07c elementor-widget elementor-widget-image\" data-id=\"fb0c07c\" data-element_type=\"widget\" data-e-type=\"widget\" data-widget_type=\"image.default\">\n\t\t\t\t<div class=\"elementor-widget-container\">\n\t\t\t\t\t\t\t\t\t\t\t\t\t\t\t<img decoding=\"async\" src=\"https:\/\/www.alivitpharm.com\/wp-content\/uploads\/2023\/02\/green-tea.png\" title=\"green-tea\" alt=\"Zeleni \u010daj\" loading=\"lazy\" \/>\t\t\t\t\t\t\t\t\t\t\t\t\t\t\t<\/div>\n\t\t\t\t<\/div>\n\t\t\t\t<div class=\"elementor-element elementor-element-1e85b87 elementor-widget elementor-widget-text-editor\" data-id=\"1e85b87\" data-element_type=\"widget\" data-e-type=\"widget\" data-widget_type=\"text-editor.default\">\n\t\t\t\t<div class=\"elementor-widget-container\">\n\t\t\t\t\t\t\t\t\t<p><span class=\"jCAhz ChMk0b\"><span class=\"ryNqvb\">Biljka je visoki \u017ebun, listovi su ko\u017easti, elipti\u010dni, naspramno raspore\u0111eni.<\/span><\/span> <span class=\"jCAhz ChMk0b\"><span class=\"ryNqvb\">U pazuhu listova se nalazi nekoliko bijelih cvjetova.<\/span><\/span> <span class=\"jCAhz ChMk0b\"><span class=\"ryNqvb\">Plod je \u010daura sa tri sjemena.<\/span><\/span> <span class=\"jCAhz ChMk0b\"><span class=\"ryNqvb\">Zeleni \u010daj raste u brdovitimim, vla\u017enim oblastima Kine, a danas se ova biljka gaji u tropskim i suptropskim predijelima Azije, Evrope i Afrike.<\/span><\/span> <span class=\"jCAhz ChMk0b\"><span class=\"ryNqvb\">Ljekoviti dio biljke je osu\u0161eni list.<\/span><\/span><\/p><p><span class=\"jCAhz ChMk0b\"><span class=\"ryNqvb\">List zelenog \u010daja sadr\u017ei 2-4% kofeina i manju koli\u010dinu drugih purinskih derivata.<\/span><\/span> <span class=\"jCAhz ChMk0b\"><span class=\"ryNqvb\">Pored kofeina, ova biljka sadr\u017ei i razli\u010dite polifenolne sastojke, fenolkarbonske kiseline (hidrogenska, kafena i galna kiselina), galotanine, a pored nabrojanih sastojaka, zeleni \u010daj sadr\u017ei i flavonoidne derivate (O- i C-heterozidi flavonola) i jedinjenja flavonskog tipa (katehinski tanini<\/span><\/span> <span class=\"jCAhz ChMk0b\"><span class=\"ryNqvb\">, procijanidini, epikatehin-galat).<\/span><\/span> <span class=\"jCAhz ChMk0b\"><span class=\"ryNqvb\">U listu ove biljke se nalaze i heterozidi terpenskih aromati\u010dnih i alifati\u010dnih alkohola, \u0161to doprinosi prepoznatljivoj aromi.<\/span><\/span> <span class=\"jCAhz ChMk0b\"><span class=\"ryNqvb\">Neosu\u0161eni list sadr\u017ei i veliki udio proteina, \u0161e\u0107era, vitamin C i vitamine B kompleksa.<\/span><\/span><\/p>\t\t\t\t\t\t\t\t<\/div>\n\t\t\t\t<\/div>\n\t\t\t\t<div class=\"elementor-element elementor-element-bcbc36b elementor-widget elementor-widget-image\" data-id=\"bcbc36b\" data-element_type=\"widget\" data-e-type=\"widget\" data-widget_type=\"image.default\">\n\t\t\t\t<div class=\"elementor-widget-container\">\n\t\t\t\t\t\t\t\t\t\t\t\t\t\t\t<img decoding=\"async\" src=\"https:\/\/www.alivitpharm.com\/wp-content\/uploads\/2022\/09\/leaves.png\" title=\"leaves\" alt=\"Leaves\" loading=\"lazy\" \/>\t\t\t\t\t\t\t\t\t\t\t\t\t\t\t<\/div>\n\t\t\t\t<\/div>\n\t\t\t\t<div class=\"elementor-element elementor-element-89fff45 elementor-widget elementor-widget-text-editor\" data-id=\"89fff45\" data-element_type=\"widget\" data-e-type=\"widget\" data-widget_type=\"text-editor.default\">\n\t\t\t\t<div class=\"elementor-widget-container\">\n\t\t\t\t\t\t\t\t\t<p><span class=\"jCAhz ChMk0b\"><span class=\"ryNqvb\">Upotreba zelenog \u010daja kao napitka je veoma zastupljena u svakodnevnom \u017eivotu.<\/span><\/span> <span class=\"jCAhz ChMk0b\"><span class=\"ryNqvb\">Mnoga istra\u017eivanja su dokazala da zeleni \u010daj ima povoljno djelovanje na koronarnu cirkulaciju (angioprotektivni efekat).<\/span><\/span> <span class=\"jCAhz ChMk0b\"><span class=\"ryNqvb\">Tako\u0111e, ova biljka ima izra\u017een antioksidativni potencijal, tako \u0161to vezuje slobodne kiseoni\u010dne radikale i inhibira lipidnu peroksidazu.<\/span><\/span> <span class=\"jCAhz ChMk0b\"><span class=\"ryNqvb\">Zbog toga \u0161to je zeleni \u010daj antioksidans, time se obja\u0161njava njegovo antimutageno i antitumorsko djelovanje.<\/span><\/span> <span class=\"jCAhz ChMk0b\"><span class=\"ryNqvb\">Smatra se da zeleni \u010daj ima sposobnost da vezuje holesterol i inhibira apsorpciju iz gastrointestinalnog trakta, ali to jo\u0161 do kraja nije potvr\u0111eno.<\/span><\/span> <span class=\"jCAhz ChMk0b\"><span class=\"ryNqvb\">Francuska farmakopeja propisuje da zeleni \u010daj mo\u017eemo koristiti kod blagih dijareja, za gubitak tjelesne te\u017eine i kao blagi diuretik (sredstvo koje poma\u017ee izbacivanje te\u010dnosti iz organizma).<\/span><\/span><\/p><p><span class=\"jCAhz ChMk0b\"><span class=\"ryNqvb\">Neurolo\u0161ki poreme\u0107aji predstavljaju jedan veliki socioekonomski problem \u0161irom svijeta.<\/span><\/span> <span class=\"jCAhz ChMk0b\"><span class=\"ryNqvb\">Ovi poreme\u0107aji su \u0161iroko prou\u010davani tokom poslednjih decenija u nadi da \u0107e se razviti adekvatna terapija.<\/span><\/span> <span class=\"jCAhz ChMk0b\"><span class=\"ryNqvb\">\u010caj je jedan od najpopularnijih pi\u0107a na svijetu i upravo zeleni \u010daj <em>(Camellia Sinensis)<\/em> je najdublje prou\u010davan zbog svog \u0161irokog zdravstvenog potencijala.<\/span><\/span> <span class=\"jCAhz ChMk0b\"><span class=\"ryNqvb\">U mnogim nau\u010dno-istra\u017eiva\u010dkim radovima dokazanao je da polifenoli iz lista zelenog \u010daja posjeduju neuroprotektivno djelovanje, te se koristi kao prevencija ili pomo\u0107 u lije\u010denju neurodegenerativnih bolesti, kao \u0161to su Alchajmerova i Parkinsonova bolest.<\/span><\/span> <span class=\"jCAhz ChMk0b\"><span class=\"ryNqvb\">Katehini su tako\u0111e korisni u borbi protiv neurodegenerativnih oboljenja, zbog svog antioksidativnog i antiinflamatornog djelovanja.<\/span><\/span><\/p><p><span class=\"jCAhz ChMk0b\"><span class=\"ryNqvb\">Veliki broj studija i danas je okrenut ka ispitivanjima djelovanja zelenog \u010daja, pa su doneseni neki zaklju\u010dci koji ka\u017eu da ova biljka ima blagotvorna djelovanja na bolesti kao \u0161to su karcinom, gojaznost, dijabetes melitus, ali i brojna neurolo\u0161ka oboljenja, kao \u0161to su kognitivne disfunkcije i gubitak pam\u0107enja.<\/span><\/span><\/p>\t\t\t\t\t\t\t\t<\/div>\n\t\t\t\t<\/div>\n\t\t\t\t<div class=\"elementor-element elementor-element-bf3d2f1 elementor-widget elementor-widget-heading\" data-id=\"bf3d2f1\" data-element_type=\"widget\" data-e-type=\"widget\" data-widget_type=\"heading.default\">\n\t\t\t\t<div class=\"elementor-widget-container\">\n\t\t\t\t\t<h4 class=\"elementor-heading-title elementor-size-default\">Reference<\/h4>\t\t\t\t<\/div>\n\t\t\t\t<\/div>\n\t\t\t\t<div class=\"elementor-element elementor-element-129a3a4 elementor-widget elementor-widget-text-editor\" data-id=\"129a3a4\" data-element_type=\"widget\" data-e-type=\"widget\" data-widget_type=\"text-editor.default\">\n\t\t\t\t<div class=\"elementor-widget-container\">\n\t\t\t\t\t\t\t\t\t<ul><li><a class=\"reference-link\" href=\"https:\/\/pubmed.ncbi.nlm.nih.gov\/20364607\/\" target=\"_blank\" rel=\"noopener\">Review on the neuroprotective effects of green tea polyphenols for the treatment of neurodegenerative diseases<\/a><\/li><li><a class=\"reference-link\" href=\"https:\/\/pubmed.ncbi.nlm.nih.gov\/29468975\/\" target=\"_blank\" rel=\"noopener\">The Protective Effects of Green Tea Catechins in the Management of Neurodegenerative Diseases: A Review<\/a><\/li><li><a class=\"reference-link\" href=\"https:\/\/pubmed.ncbi.nlm.nih.gov\/29843466\/\" target=\"_blank\" rel=\"noopener\">Beneficial Effects of Green Tea Catechins on Neurodegenerative Diseases<\/a><\/li><li><a class=\"reference-link\" href=\"https:\/\/pubmed.ncbi.nlm.nih.gov\/36364431\/\" target=\"_blank\" rel=\"noopener\">Green Tea Catechins Attenuate Neurodegenerative Diseases and Cognitive Deficits<\/a><\/li><\/ul>\t\t\t\t\t\t\t\t<\/div>\n\t\t\t\t<\/div>\n\t\t\t\t\t<\/div>\n\t\t<\/div>\n\t\t\t\t\t<\/div>\n\t\t<\/section>\n\t\t\t\t<\/div>","protected":false},"excerpt":{"rendered":"<p>Green Tea Thea sinensis, L. &#8211; Theaceae The plant is a tall bush, the leaves are leathery, elliptical, oppositely arranged. There are several white flowers in the axils of the leaves. The fruit is a capsule with three seeds. Green tea grows in the hilly, humid regions of China, and today this plant is cultivated &hellip;<\/p>\n<p class=\"read-more\"> <a class=\"\" href=\"https:\/\/www.alivitpharm.com\/sr\/green-tea\/\"> <span class=\"screen-reader-text\">Zeleni \u010daj<\/span> \u041f\u0440\u043e\u0447\u0438\u0442\u0430\u0458 \u0432\u0438\u0448\u0435 &raquo;<\/a><\/p>","protected":false},"author":9,"featured_media":0,"parent":0,"menu_order":0,"comment_status":"closed","ping_status":"closed","template":"","meta":{"site-sidebar-layout":"no-sidebar","site-content-layout":"page-builder","ast-global-header-display":"","ast-main-header-display":"","ast-hfb-above-header-display":"","ast-hfb-below-header-display":"","ast-hfb-mobile-header-display":"","site-post-title":"disabled","ast-breadcrumbs-content":"","ast-featured-img":"disabled","footer-sml-layout":"","theme-transparent-header-meta":"","adv-header-id-meta":"","stick-header-meta":"","header-above-stick-meta":"","header-main-stick-meta":"","header-below-stick-meta":"","footnotes":""},"class_list":["post-8491","page","type-page","status-publish","hentry"],"_links":{"self":[{"href":"https:\/\/www.alivitpharm.com\/sr\/wp-json\/wp\/v2\/pages\/8491","targetHints":{"allow":["GET"]}}],"collection":[{"href":"https:\/\/www.alivitpharm.com\/sr\/wp-json\/wp\/v2\/pages"}],"about":[{"href":"https:\/\/www.alivitpharm.com\/sr\/wp-json\/wp\/v2\/types\/page"}],"author":[{"embeddable":true,"href":"https:\/\/www.alivitpharm.com\/sr\/wp-json\/wp\/v2\/users\/9"}],"replies":[{"embeddable":true,"href":"https:\/\/www.alivitpharm.com\/sr\/wp-json\/wp\/v2\/comments?post=8491"}],"version-history":[{"count":0,"href":"https:\/\/www.alivitpharm.com\/sr\/wp-json\/wp\/v2\/pages\/8491\/revisions"}],"wp:attachment":[{"href":"https:\/\/www.alivitpharm.com\/sr\/wp-json\/wp\/v2\/media?parent=8491"}],"curies":[{"name":"wp","href":"https:\/\/api.w.org\/{rel}","templated":true}]}}