{"id":9022,"date":"2023-04-27T10:26:19","date_gmt":"2023-04-27T08:26:19","guid":{"rendered":"https:\/\/www.alivitpharm.com\/?page_id=9022"},"modified":"2023-04-28T11:43:22","modified_gmt":"2023-04-28T09:43:22","slug":"crni-biber","status":"publish","type":"page","link":"https:\/\/www.alivitpharm.com\/sr\/black-pepper\/","title":{"rendered":"Crni biber"},"content":{"rendered":"<div data-elementor-type=\"wp-page\" data-elementor-id=\"9022\" class=\"elementor elementor-9022\">\n\t\t\t\t\t\t<section class=\"elementor-section elementor-top-section elementor-element elementor-element-6235dad elementor-section-content-middle elementor-section-boxed elementor-section-height-default elementor-section-height-default\" data-id=\"6235dad\" data-element_type=\"section\" data-e-type=\"section\" data-settings=\"{&quot;background_background&quot;:&quot;classic&quot;}\">\n\t\t\t\t\t\t\t<div class=\"elementor-background-overlay\"><\/div>\n\t\t\t\t\t\t\t<div class=\"elementor-container elementor-column-gap-default\">\n\t\t\t\t\t<div class=\"elementor-column elementor-col-100 elementor-top-column elementor-element elementor-element-f7147c1\" data-id=\"f7147c1\" data-element_type=\"column\" data-e-type=\"column\">\n\t\t\t<div class=\"elementor-widget-wrap elementor-element-populated\">\n\t\t\t\t\t\t<div class=\"elementor-element elementor-element-f4f088c elementor-widget elementor-widget-heading\" data-id=\"f4f088c\" data-element_type=\"widget\" data-e-type=\"widget\" data-widget_type=\"heading.default\">\n\t\t\t\t<div class=\"elementor-widget-container\">\n\t\t\t\t\t<h1 class=\"elementor-heading-title elementor-size-default\">Crni biber<\/h1>\t\t\t\t<\/div>\n\t\t\t\t<\/div>\n\t\t\t\t<div class=\"elementor-element elementor-element-d50f9ba elementor-widget elementor-widget-image\" data-id=\"d50f9ba\" data-element_type=\"widget\" data-e-type=\"widget\" data-widget_type=\"image.default\">\n\t\t\t\t<div class=\"elementor-widget-container\">\n\t\t\t\t\t\t\t\t\t\t\t\t\t\t\t<img decoding=\"async\" width=\"75\" height=\"33\" src=\"https:\/\/www.alivitpharm.com\/wp-content\/uploads\/2019\/07\/logo-leaf-new.png\" class=\"attachment-large size-large wp-image-2518\" alt=\"\" \/>\t\t\t\t\t\t\t\t\t\t\t\t\t\t\t<\/div>\n\t\t\t\t<\/div>\n\t\t\t\t<div class=\"elementor-element elementor-element-d3eed3e elementor-widget elementor-widget-text-editor\" data-id=\"d3eed3e\" data-element_type=\"widget\" data-e-type=\"widget\" data-widget_type=\"text-editor.default\">\n\t\t\t\t<div class=\"elementor-widget-container\">\n\t\t\t\t\t\t\t\t\t<p><em>Piper nigrum L. &#8211; Piperaceae<\/em><\/p>\t\t\t\t\t\t\t\t<\/div>\n\t\t\t\t<\/div>\n\t\t\t\t\t<\/div>\n\t\t<\/div>\n\t\t\t\t\t<\/div>\n\t\t<\/section>\n\t\t\t\t<section class=\"elementor-section elementor-top-section elementor-element elementor-element-55c5dfd elementor-section-boxed elementor-section-height-default elementor-section-height-default\" data-id=\"55c5dfd\" data-element_type=\"section\" data-e-type=\"section\" data-settings=\"{&quot;background_background&quot;:&quot;classic&quot;}\">\n\t\t\t\t\t\t<div class=\"elementor-container elementor-column-gap-default\">\n\t\t\t\t\t<div class=\"elementor-column elementor-col-100 elementor-top-column elementor-element elementor-element-a1cadcb\" data-id=\"a1cadcb\" data-element_type=\"column\" data-e-type=\"column\">\n\t\t\t<div class=\"elementor-widget-wrap elementor-element-populated\">\n\t\t\t\t\t\t<div class=\"elementor-element elementor-element-d545444 elementor-widget elementor-widget-image\" data-id=\"d545444\" data-element_type=\"widget\" data-e-type=\"widget\" data-widget_type=\"image.default\">\n\t\t\t\t<div class=\"elementor-widget-container\">\n\t\t\t\t\t\t\t\t\t\t\t\t\t\t\t<img decoding=\"async\" src=\"https:\/\/www.alivitpharm.com\/wp-content\/uploads\/2023\/04\/black-pepper.png\" title=\"black-pepper\" alt=\"Crni biber\" loading=\"lazy\" \/>\t\t\t\t\t\t\t\t\t\t\t\t\t\t\t<\/div>\n\t\t\t\t<\/div>\n\t\t\t\t<div class=\"elementor-element elementor-element-2324d8a elementor-widget elementor-widget-text-editor\" data-id=\"2324d8a\" data-element_type=\"widget\" data-e-type=\"widget\" data-widget_type=\"text-editor.default\">\n\t\t\t\t<div class=\"elementor-widget-container\">\n\t\t\t\t\t\t\t\t\t<p><span class=\"jCAhz ChMk0b\"><span class=\"ryNqvb\"><strong>Crni biber<\/strong> je vi\u0161egodi\u0161nja, zeljasta lijana.<\/span><\/span> <span class=\"jCAhz ChMk0b\"><span class=\"ryNqvb\">Plod je ko\u0161tunica i tokom sazrijevanja plod mijenja boju od zelene do crvene.<\/span><\/span> <span class=\"jCAhz ChMk0b\"><span class=\"ryNqvb\">Biber je porijeklom iz jugozapadne Indije, a sada se najvi\u0161e uzgaja u Indiji, Indoneziji, Maleziji, na Cejlonu i u Brazilu.<\/span><\/span> <span class=\"jCAhz ChMk0b\"><span class=\"ryNqvb\">Ljekoviti dio biljke je osu\u0161en, nezreo plod gajenih biljaka.<\/span><\/span><\/p><p><span class=\"jCAhz ChMk0b\"><span class=\"ryNqvb\">Glavni sastojci bibera su amidni alkaloidi u koncentraciji od 5 do 10%.<\/span><\/span> <span class=\"jCAhz ChMk0b\"><span class=\"ryNqvb\">To su amidi piperidina sa stereoizomernim kiselinama, piperinskom i kavicinskom.<\/span><\/span> <span class=\"jCAhz ChMk0b\"><span class=\"ryNqvb\">Najva\u017eniji alkaloidi su piperin i kavicin.<\/span><\/span> <span class=\"jCAhz ChMk0b\"><span class=\"ryNqvb\">U plodu bibera vi\u0161e je zastupljen piperin, a ljut okus poti\u010de od kavicina i on je smolaste konzistencije.<\/span><\/span> <span class=\"jCAhz ChMk0b\"><span class=\"ryNqvb\">Biber je bogat izvor brojnih biolo\u0161ki aktivnih materija, kao \u0161to su monoterpeni i seskviterpeni, kao i drugih isparljivih jedinjenja.<\/span><\/span> <span class=\"jCAhz ChMk0b\"><span class=\"ryNqvb\">Plod bibera sadr\u017ei i etarsko ulje, koga ima od 1 do 3.5% i uglavnom se sastoji od monoterpenskih ugljovodonika.<\/span><\/span><\/p>\t\t\t\t\t\t\t\t<\/div>\n\t\t\t\t<\/div>\n\t\t\t\t<div class=\"elementor-element elementor-element-bdad4e9 elementor-widget elementor-widget-image\" data-id=\"bdad4e9\" data-element_type=\"widget\" data-e-type=\"widget\" data-widget_type=\"image.default\">\n\t\t\t\t<div class=\"elementor-widget-container\">\n\t\t\t\t\t\t\t\t\t\t\t\t\t\t\t<img decoding=\"async\" src=\"https:\/\/www.alivitpharm.com\/wp-content\/uploads\/2022\/09\/leaves.png\" title=\"leaves\" alt=\"Leaves\" loading=\"lazy\" \/>\t\t\t\t\t\t\t\t\t\t\t\t\t\t\t<\/div>\n\t\t\t\t<\/div>\n\t\t\t\t<div class=\"elementor-element elementor-element-04df373 elementor-widget elementor-widget-text-editor\" data-id=\"04df373\" data-element_type=\"widget\" data-e-type=\"widget\" data-widget_type=\"text-editor.default\">\n\t\t\t\t<div class=\"elementor-widget-container\">\n\t\t\t\t\t\t\t\t\t<p><span class=\"jCAhz ChMk0b\"><span class=\"ryNqvb\">Crni biber je jedan od naj\u010de\u0161\u0107e kori\u0161\u0107enih za\u010dina na svijetu.<\/span><\/span> <span class=\"jCAhz ChMk0b\"><span class=\"ryNqvb\">Razli\u010diti korisni efekti na zdravlje ljudi su dokazani brojnim studijama, testiranjem i na \u017eivotinjama i na ljudima.<\/span><\/span> <span class=\"jCAhz ChMk0b\"><span class=\"ryNqvb\">Piperin je glavno bioaktivno jedinjenja crnog bibera od koga poti\u010de imunomodulatorno, antikancerogeno, antiasmati\u010dno, hepatoprotektivno, antiinflamatorno, antimirkobno djelovanje.<\/span><\/span> <span class=\"jCAhz ChMk0b\"><span class=\"ryNqvb\">Tako\u0111e, ova biljka ima sna\u017ean antioksidativni potencijal, a ima mogu\u0107nost da pobolj\u0161ava apsorpciju nekih lijekova kao \u0161to su rifampicin, sulfadiazin, tetraciklini i fenitoin.<\/span><\/span> <span class=\"jCAhz ChMk0b\"><span class=\"ryNqvb\">U drevnoj indijskoj medicini crni biber se koristi za kontrolu dijabetesa, za stimulaciju CNS-a, kao tonik za varenje, kao afrodizijak i kao antipiretik, a pozitivno uti\u010de i na lipidni status (normalizuje nivo hoelsterola u krvi).<\/span><\/span> <span class=\"jCAhz ChMk0b\"><span class=\"ryNqvb\">Ova biljka je uklju\u010dena u mnoge druge formulacije, jer pobolj\u0161ava bioraspolo\u017eivost mnogih aktivnih supstanci, me\u0111u kojima je i kurkumin.<\/span><\/span> <span class=\"jCAhz ChMk0b\"><span class=\"ryNqvb\">Poznato je da biber ima brojne zdravstvene prednosti.<\/span><\/span> <span class=\"jCAhz ChMk0b\"><span class=\"ryNqvb\">Tradicionalno koristi se u lije\u010denju bolova, drhtavice, reumatizma, gripa, bolova u mi\u0161i\u0107ima, prehlade, groznice, iscrpljenosti, za pobolj\u0161anje cirkulacije, za pobolj\u0161anje lu\u010denja pljuva\u010dke, za podsticanje apetita i podsti\u010de peristaltiku crijeva.<\/span><\/span> <span class=\"jCAhz ChMk0b\"><span class=\"ryNqvb\">Tako\u0111e posjeduje antimikrobnu aktivnost \u0161irokog spektra (antibakterijsko i antifungalno djelovanje), mo\u017ee se koristiti za ispiranje upaljenog grla.<\/span><\/span> <span class=\"jCAhz ChMk0b\"><span class=\"ryNqvb\">Danas su sve vi\u0161e fokusirana istra\u017eivanja na ulogu crnog bibera kao antioksidnsa za prevenciju degenerativnih poreme\u0107aja i kao poja\u010diva\u010d bioraspolo\u017eivosti drugih bioaktivnih supstanci, uklju\u010duju\u0107i i biljne lijekove.<\/span><\/span><\/p>\t\t\t\t\t\t\t\t<\/div>\n\t\t\t\t<\/div>\n\t\t\t\t<div class=\"elementor-element elementor-element-b74b821 elementor-widget elementor-widget-heading\" data-id=\"b74b821\" data-element_type=\"widget\" data-e-type=\"widget\" data-widget_type=\"heading.default\">\n\t\t\t\t<div class=\"elementor-widget-container\">\n\t\t\t\t\t<h4 class=\"elementor-heading-title elementor-size-default\">Reference<\/h4>\t\t\t\t<\/div>\n\t\t\t\t<\/div>\n\t\t\t\t<div class=\"elementor-element elementor-element-aaefe63 elementor-widget elementor-widget-text-editor\" data-id=\"aaefe63\" data-element_type=\"widget\" data-e-type=\"widget\" data-widget_type=\"text-editor.default\">\n\t\t\t\t<div class=\"elementor-widget-container\">\n\t\t\t\t\t\t\t\t\t<ul><li><a class=\"reference-link\" href=\"https:\/\/pubmed.ncbi.nlm.nih.gov\/35349239\/\" target=\"_blank\" rel=\"noopener\">Crni biber<\/a><\/li><li><a class=\"reference-link\" href=\"https:\/\/pubmed.ncbi.nlm.nih.gov\/23625885\/\" target=\"_blank\" rel=\"noopener\">Piper nigrum and piperine: an update<\/a><\/li><\/ul>\t\t\t\t\t\t\t\t<\/div>\n\t\t\t\t<\/div>\n\t\t\t\t\t<\/div>\n\t\t<\/div>\n\t\t\t\t\t<\/div>\n\t\t<\/section>\n\t\t\t\t<\/div>","protected":false},"excerpt":{"rendered":"<p>Black Pepper Piper nigrum L. &#8211; Piperaceae Black pepper is a perennial, herbaceous liana. The fruit is a drupe and during ripening the fruit changes color from green to red. Pepper is native to southwestern India, and is now mostly grown in India, Indonesia, Malaysia, Ceylon and Brazil. The medicinal part of the plant is &hellip;<\/p>\n<p class=\"read-more\"> <a class=\"\" href=\"https:\/\/www.alivitpharm.com\/sr\/black-pepper\/\"> <span class=\"screen-reader-text\">Crni biber<\/span> \u041f\u0440\u043e\u0447\u0438\u0442\u0430\u0458 \u0432\u0438\u0448\u0435 &raquo;<\/a><\/p>","protected":false},"author":9,"featured_media":0,"parent":0,"menu_order":0,"comment_status":"closed","ping_status":"closed","template":"","meta":{"site-sidebar-layout":"no-sidebar","site-content-layout":"page-builder","ast-global-header-display":"","ast-main-header-display":"","ast-hfb-above-header-display":"","ast-hfb-below-header-display":"","ast-hfb-mobile-header-display":"","site-post-title":"disabled","ast-breadcrumbs-content":"","ast-featured-img":"disabled","footer-sml-layout":"","theme-transparent-header-meta":"","adv-header-id-meta":"","stick-header-meta":"","header-above-stick-meta":"","header-main-stick-meta":"","header-below-stick-meta":"","footnotes":""},"class_list":["post-9022","page","type-page","status-publish","hentry"],"_links":{"self":[{"href":"https:\/\/www.alivitpharm.com\/sr\/wp-json\/wp\/v2\/pages\/9022","targetHints":{"allow":["GET"]}}],"collection":[{"href":"https:\/\/www.alivitpharm.com\/sr\/wp-json\/wp\/v2\/pages"}],"about":[{"href":"https:\/\/www.alivitpharm.com\/sr\/wp-json\/wp\/v2\/types\/page"}],"author":[{"embeddable":true,"href":"https:\/\/www.alivitpharm.com\/sr\/wp-json\/wp\/v2\/users\/9"}],"replies":[{"embeddable":true,"href":"https:\/\/www.alivitpharm.com\/sr\/wp-json\/wp\/v2\/comments?post=9022"}],"version-history":[{"count":0,"href":"https:\/\/www.alivitpharm.com\/sr\/wp-json\/wp\/v2\/pages\/9022\/revisions"}],"wp:attachment":[{"href":"https:\/\/www.alivitpharm.com\/sr\/wp-json\/wp\/v2\/media?parent=9022"}],"curies":[{"name":"wp","href":"https:\/\/api.w.org\/{rel}","templated":true}]}}