{"id":9934,"date":"2023-12-22T10:00:30","date_gmt":"2023-12-22T08:00:30","guid":{"rendered":"https:\/\/www.alivitpharm.com\/?page_id=9934"},"modified":"2023-12-22T11:52:11","modified_gmt":"2023-12-22T09:52:11","slug":"origano","status":"publish","type":"page","link":"https:\/\/www.alivitpharm.com\/sr\/oregano\/","title":{"rendered":"Origano"},"content":{"rendered":"<div data-elementor-type=\"wp-page\" data-elementor-id=\"9934\" class=\"elementor elementor-9934\">\n\t\t\t\t\t\t<section class=\"elementor-section elementor-top-section elementor-element elementor-element-1d79609 elementor-section-content-middle elementor-section-boxed elementor-section-height-default elementor-section-height-default\" data-id=\"1d79609\" data-element_type=\"section\" data-e-type=\"section\" data-settings=\"{&quot;background_background&quot;:&quot;classic&quot;}\">\n\t\t\t\t\t\t\t<div class=\"elementor-background-overlay\"><\/div>\n\t\t\t\t\t\t\t<div class=\"elementor-container elementor-column-gap-default\">\n\t\t\t\t\t<div class=\"elementor-column elementor-col-100 elementor-top-column elementor-element elementor-element-51555a7\" data-id=\"51555a7\" data-element_type=\"column\" data-e-type=\"column\">\n\t\t\t<div class=\"elementor-widget-wrap elementor-element-populated\">\n\t\t\t\t\t\t<div class=\"elementor-element elementor-element-5f833c2 elementor-widget elementor-widget-heading\" data-id=\"5f833c2\" data-element_type=\"widget\" data-e-type=\"widget\" data-widget_type=\"heading.default\">\n\t\t\t\t<div class=\"elementor-widget-container\">\n\t\t\t\t\t<h1 class=\"elementor-heading-title elementor-size-default\">Origano<\/h1>\t\t\t\t<\/div>\n\t\t\t\t<\/div>\n\t\t\t\t<div class=\"elementor-element elementor-element-79b864e elementor-widget elementor-widget-image\" data-id=\"79b864e\" data-element_type=\"widget\" data-e-type=\"widget\" data-widget_type=\"image.default\">\n\t\t\t\t<div class=\"elementor-widget-container\">\n\t\t\t\t\t\t\t\t\t\t\t\t\t\t\t<img decoding=\"async\" width=\"75\" height=\"33\" src=\"https:\/\/www.alivitpharm.com\/wp-content\/uploads\/2019\/07\/logo-leaf-new.png\" class=\"attachment-large size-large wp-image-2518\" alt=\"\" \/>\t\t\t\t\t\t\t\t\t\t\t\t\t\t\t<\/div>\n\t\t\t\t<\/div>\n\t\t\t\t<div class=\"elementor-element elementor-element-466850c elementor-widget elementor-widget-text-editor\" data-id=\"466850c\" data-element_type=\"widget\" data-e-type=\"widget\" data-widget_type=\"text-editor.default\">\n\t\t\t\t<div class=\"elementor-widget-container\">\n\t\t\t\t\t\t\t\t\t<p><em>Origanum vulgare L. &#8211; Lamiaceae<\/em><\/p>\t\t\t\t\t\t\t\t<\/div>\n\t\t\t\t<\/div>\n\t\t\t\t\t<\/div>\n\t\t<\/div>\n\t\t\t\t\t<\/div>\n\t\t<\/section>\n\t\t\t\t<section class=\"elementor-section elementor-top-section elementor-element elementor-element-42e8fec elementor-section-boxed elementor-section-height-default elementor-section-height-default\" data-id=\"42e8fec\" data-element_type=\"section\" data-e-type=\"section\" data-settings=\"{&quot;background_background&quot;:&quot;classic&quot;}\">\n\t\t\t\t\t\t<div class=\"elementor-container elementor-column-gap-default\">\n\t\t\t\t\t<div class=\"elementor-column elementor-col-100 elementor-top-column elementor-element elementor-element-8383d77\" data-id=\"8383d77\" data-element_type=\"column\" data-e-type=\"column\">\n\t\t\t<div class=\"elementor-widget-wrap elementor-element-populated\">\n\t\t\t\t\t\t<div class=\"elementor-element elementor-element-8102028 elementor-widget elementor-widget-image\" data-id=\"8102028\" data-element_type=\"widget\" data-e-type=\"widget\" data-widget_type=\"image.default\">\n\t\t\t\t<div class=\"elementor-widget-container\">\n\t\t\t\t\t\t\t\t\t\t\t\t\t\t\t<img decoding=\"async\" src=\"https:\/\/www.alivitpharm.com\/wp-content\/uploads\/2023\/12\/oregano.png\" title=\"oregano\" alt=\"Origano\" loading=\"lazy\" \/>\t\t\t\t\t\t\t\t\t\t\t\t\t\t\t<\/div>\n\t\t\t\t<\/div>\n\t\t\t\t<div class=\"elementor-element elementor-element-5ce9c8b elementor-widget elementor-widget-text-editor\" data-id=\"5ce9c8b\" data-element_type=\"widget\" data-e-type=\"widget\" data-widget_type=\"text-editor.default\">\n\t\t\t\t<div class=\"elementor-widget-container\">\n\t\t\t\t\t\t\t\t\t<p><span class=\"JLqJ4b ChMk0b\"><span class=\"Q4iAWc\"><strong>Origano<\/strong> <span class=\"jCAhz ChMk0b\"><span class=\"ryNqvb\">(vranilova trava, vranilovka, divlji origano) je vi\u0161egodi\u0161nja, \u017ebunasta biljka.<\/span><\/span> <span class=\"jCAhz ChMk0b\"><span class=\"ryNqvb\">Dosta se upotrebljava kao za\u010din u kulinarstvu, ali zbog  bogatih djelovanja na\u0161ao je \u0161iroku primjenu i u medicini.<\/span><\/span> <span class=\"jCAhz ChMk0b\"><span class=\"ryNqvb\">Raste u planinskim predjelima ju\u017ene Turske.<\/span><\/span> <span class=\"jCAhz ChMk0b\"><span class=\"ryNqvb\">Ima veoma karakteristi\u010dan miris i gorkastog je ukusa, a kao ljekoviti dio biljke koristi se osu\u0161en, nadzemni dio biljke ili etarkso ulje.<\/span><\/span> <span class=\"jCAhz ChMk0b\"><span class=\"ryNqvb\">Origano sadr\u017ei 0,5-1,2% etarskog ulja, u \u010diji sastav ulaze sljede\u0107i aktivni principi: karvakol, gama-terpen, p-cimen, alfa-pinem, mircen, timol, estragol, alfa-terpen, eugenol... Pored etarskog ulja, origano je bogat i flavonidima, ruzmarinskom kiselinom, fenolnim estrima, kao i taninima.<\/span><\/span><\/span><\/span><\/p><p><span class=\"jCAhz ChMk0b\"><span class=\"ryNqvb\">EMA (Evropska agencija za lijekove) propisuje dvije zvani\u010dne indikacije gdje origano mo\u017ee da se koristi, a to su:<br \/><\/span><\/span><span class=\"jCAhz ChMk0b\"><span class=\"ryNqvb\"><strong>1.<\/strong> Indikacija je da se origano koristi kao tradicionalni biljni lijek za simptomatsko ubla\u017eavanje blagih gr\u010deva i nadutosti gastrointestinalnog trakta, ispoljava spazmoliti\u010dko djelovanje (opu\u0161ta glatku muskulaturu digestivnog trakta).<br \/><\/span><\/span><span class=\"jCAhz ChMk0b\"><span class=\"ryNqvb\"><strong>2.<\/strong> Indikacija je da se origano koristi kao tradicionalni biljni lijek za ubla\u017eavanje neprijatnih simptoma nadra\u017eene i o\u0161te\u0107ene ko\u017ee oko nozdrva.<\/span><\/span><\/p>\t\t\t\t\t\t\t\t<\/div>\n\t\t\t\t<\/div>\n\t\t\t\t<div class=\"elementor-element elementor-element-20b67df elementor-widget elementor-widget-image\" data-id=\"20b67df\" data-element_type=\"widget\" data-e-type=\"widget\" data-widget_type=\"image.default\">\n\t\t\t\t<div class=\"elementor-widget-container\">\n\t\t\t\t\t\t\t\t\t\t\t\t\t\t\t<img decoding=\"async\" src=\"https:\/\/www.alivitpharm.com\/wp-content\/uploads\/2022\/09\/leaves.png\" title=\"leaves\" alt=\"Leaves\" loading=\"lazy\" \/>\t\t\t\t\t\t\t\t\t\t\t\t\t\t\t<\/div>\n\t\t\t\t<\/div>\n\t\t\t\t<div class=\"elementor-element elementor-element-a40899b elementor-widget elementor-widget-text-editor\" data-id=\"a40899b\" data-element_type=\"widget\" data-e-type=\"widget\" data-widget_type=\"text-editor.default\">\n\t\t\t\t<div class=\"elementor-widget-container\">\n\t\t\t\t\t\t\t\t\t<p><span class=\"jCAhz ChMk0b\"><span class=\"ryNqvb\">Prema tome, origano mo\u017ee da se koristi kao tradicionalni biljni lijek za lije\u010denje ka\u0161lja (ekspektorans - olak\u0161ava iska\u0161ljavanje) i kao sredstvo za smanjenje upale bronhijalne sluzoko\u017ee.<\/span><\/span> <span class=\"jCAhz ChMk0b\"><span class=\"ryNqvb\">Me\u0111utim, mnogim studijama je potvr\u0111eno i antimikrobno (antifungalno i antibakterijsko djelovanje), antiinflamatorno, antioksidativno, hipoglikemijsko i antimutageno djelovanje.<\/span><\/span> <span class=\"jCAhz ChMk0b\"><span class=\"ryNqvb\">Jednom studijom je dokazano da origano ispoljava sinergisti\u010dko djelovanje sa antimikoticima (lijekovima protiv gljivica), kao \u0161to su nistatin i flukonazol, te na taj na\u010din doprinosi visokoj efikasnosti terapije kada je u pitanju lije\u010denje gljivi\u010dne infakcije koja je izazvana od <em>Candida spp<\/em>.<\/span><\/span><\/p><p><span class=\"jCAhz ChMk0b\"><span class=\"ryNqvb\">Za origano postoje izjave, koje se trenutno nalaze u on-hold statusu, a odobrila ih je EFSA (Evropska agencija za hranu i lijekove) koje ka\u017eu da ova biljka doprinosi zdravlju imunog , kardiovaskularnog, respiratornog sistema, doprinosi zdravlju jetre i \u017eu\u010di, a poma\u017ee i digestiju, ali podsti\u010de i mentalnu aktivnost.\nPrimjena proizvoda na bazi origana se preporu\u010duje kod osoba starijih od 18 godina, a \u0161to se ti\u010de ne\u017eeljenih efekata neophodno je izbjegavati kontakt sa o\u010dima, jer potencijalno mo\u017ee izazvati iritaciju.<\/span><\/span> <span class=\"jCAhz ChMk0b\"><span class=\"ryNqvb\">\u0160to se ti\u010de interakcije sa lijekovima, do sada interakcije nisu prijavljene niti dokumentovane, tako da se origano smatra bezbjednim u kombinaciji sa farmakolo\u0161kom terapijom.<\/span><\/span> <span class=\"jCAhz ChMk0b\"><span class=\"ryNqvb\">Sigurnost tokom trudno\u0107e i dojenja nije ustanovljena, pa zbog nedostatka dokaza upotreba origana tokom trudno\u0107e i dojenja nije preporu\u010dljiva.<\/span><\/span><\/p>\t\t\t\t\t\t\t\t<\/div>\n\t\t\t\t<\/div>\n\t\t\t\t<div class=\"elementor-element elementor-element-73bdb1e elementor-widget elementor-widget-heading\" data-id=\"73bdb1e\" data-element_type=\"widget\" data-e-type=\"widget\" data-widget_type=\"heading.default\">\n\t\t\t\t<div class=\"elementor-widget-container\">\n\t\t\t\t\t<h4 class=\"elementor-heading-title elementor-size-default\">Reference<\/h4>\t\t\t\t<\/div>\n\t\t\t\t<\/div>\n\t\t\t\t<div class=\"elementor-element elementor-element-9844969 elementor-widget elementor-widget-text-editor\" data-id=\"9844969\" data-element_type=\"widget\" data-e-type=\"widget\" data-widget_type=\"text-editor.default\">\n\t\t\t\t<div class=\"elementor-widget-container\">\n\t\t\t\t\t\t\t\t\t<ul><li><a class=\"reference-link\" href=\"https:\/\/www.ncbi.nlm.nih.gov\/pmc\/articles\/PMC4400296\/\" target=\"_blank\" rel=\"noopener\">Antimicrobial activity of essential oils of cultivated oregano (Origanum vulgare), sage (Salvia officinalis), and thyme (Thymus vulgaris) against clinical isolates of Escherichia coli, Klebsiella oxytoca, and Klebsiella pneumoniae<\/a><\/li><li><a class=\"reference-link\" href=\"https:\/\/www.ema.europa.eu\/en\/documents\/herbal-monograph\/draft-european-union-herbal-monograph-origanum-majorana-l-herba_en.pdf\" target=\"_blank\" rel=\"noopener\">European Union herbal monograph on Origanum majorana L., herba<\/a><\/li><li><a class=\"reference-link\" href=\"https:\/\/www.efsa.europa.eu\/sites\/default\/files\/2021-06\/questions-on-hold-botanical-claims.xlsx\" target=\"_blank\" rel=\"noopener\">Questions On Hold Botanical Claims Excel<\/a><\/li><li><a class=\"reference-link\" href=\"https:\/\/pubmed.ncbi.nlm.nih.gov\/35751165\/\" target=\"_blank\" rel=\"noopener\">Nanoencapsulation of Origanum vulgare essential oil into liposomes with anticancer potential<\/a><\/li><li><a class=\"reference-link\" href=\"https:\/\/pubmed.ncbi.nlm.nih.gov\/33629672\/\" target=\"_blank\" rel=\"noopener\">Hypoglycemic activity of Origanum vulgare L. and its main chemical constituents identified with HPLC-ESI-QTOF-MS<\/a><\/li><li><a class=\"reference-link\" href=\"https:\/\/pubmed.ncbi.nlm.nih.gov\/35139827\/\" target=\"_blank\" rel=\"noopener\">Origanum vulgare L. essential oil inhibits virulence patterns of Candida spp. and potentiates the effects of fluconazole and nystatin in vitro<\/a><\/li><\/ul>\t\t\t\t\t\t\t\t<\/div>\n\t\t\t\t<\/div>\n\t\t\t\t\t<\/div>\n\t\t<\/div>\n\t\t\t\t\t<\/div>\n\t\t<\/section>\n\t\t\t\t<\/div>","protected":false},"excerpt":{"rendered":"<p>Oregano Origanum vulgare L. &#8211; Lamiaceae Oregano is a perennial, bushy plant. It is widely used as a spice in cooking, but due to its rich effects, it has also found wide application in medicine. It grows in the mountainous regions of southern Turkey. It has a very characteristic smell and a bitter taste, and &hellip;<\/p>\n<p class=\"read-more\"> <a class=\"\" href=\"https:\/\/www.alivitpharm.com\/sr\/oregano\/\"> <span class=\"screen-reader-text\">Origano<\/span> \u041f\u0440\u043e\u0447\u0438\u0442\u0430\u0458 \u0432\u0438\u0448\u0435 &raquo;<\/a><\/p>","protected":false},"author":9,"featured_media":0,"parent":0,"menu_order":0,"comment_status":"closed","ping_status":"closed","template":"","meta":{"site-sidebar-layout":"no-sidebar","site-content-layout":"page-builder","ast-global-header-display":"","ast-main-header-display":"","ast-hfb-above-header-display":"","ast-hfb-below-header-display":"","ast-hfb-mobile-header-display":"","site-post-title":"disabled","ast-breadcrumbs-content":"","ast-featured-img":"disabled","footer-sml-layout":"","theme-transparent-header-meta":"","adv-header-id-meta":"","stick-header-meta":"","header-above-stick-meta":"","header-main-stick-meta":"","header-below-stick-meta":"","footnotes":""},"class_list":["post-9934","page","type-page","status-publish","hentry"],"_links":{"self":[{"href":"https:\/\/www.alivitpharm.com\/sr\/wp-json\/wp\/v2\/pages\/9934","targetHints":{"allow":["GET"]}}],"collection":[{"href":"https:\/\/www.alivitpharm.com\/sr\/wp-json\/wp\/v2\/pages"}],"about":[{"href":"https:\/\/www.alivitpharm.com\/sr\/wp-json\/wp\/v2\/types\/page"}],"author":[{"embeddable":true,"href":"https:\/\/www.alivitpharm.com\/sr\/wp-json\/wp\/v2\/users\/9"}],"replies":[{"embeddable":true,"href":"https:\/\/www.alivitpharm.com\/sr\/wp-json\/wp\/v2\/comments?post=9934"}],"version-history":[{"count":0,"href":"https:\/\/www.alivitpharm.com\/sr\/wp-json\/wp\/v2\/pages\/9934\/revisions"}],"wp:attachment":[{"href":"https:\/\/www.alivitpharm.com\/sr\/wp-json\/wp\/v2\/media?parent=9934"}],"curies":[{"name":"wp","href":"https:\/\/api.w.org\/{rel}","templated":true}]}}