{"id":11264,"date":"2024-12-20T10:26:38","date_gmt":"2024-12-20T08:26:38","guid":{"rendered":"https:\/\/www.alivitpharm.com\/?post_type=product&#038;p=11264"},"modified":"2026-03-30T08:44:54","modified_gmt":"2026-03-30T06:44:54","slug":"vitamin-d3-4000-iu","status":"publish","type":"product","link":"https:\/\/www.alivitpharm.com\/sr\/product\/vitamin-d3-4000-iu\/","title":{"rendered":"VITAMIN D3 4000 IU"},"content":{"rendered":"<div class=\"product-accordion\">\n<div class=\"btn\">VI\u0160E O VITAMIN D3 4000 IU-U<\/div>\n<div class=\"board\">\n<div>\n      <b>VITAMIN D3 4000 IU\u00ae<\/b> meke \u017eelatinske kapsule doprinose odr\u017eavanju normalnih kostiju i normalne mi\u0161i\u0107ne funkcije, doprinose normalnoj apsorpciji\/iskoristljivosti kalcijuma i fosfora. Vitamin D3 ima ulogu u procesu \u0107elijske diobe, te doprinosi normalnom funkcionisanju imunolo\u0161kog sistema. Nau\u010dna istra\u017eivanja su pokazala da nedostatak vitamina D mo\u017ee biti povezan s razvojem autoimunskih bolesti, uklju\u010duju\u0107i multiplu sklerozu, dijabetes tipa 1, reumatoidni artritis, psorijazu i inflamatorne bolesti creva, ali tako\u0111e je povezan i sa pove\u0107anim rizikom od mentalnih poreme\u0107aja. Vitamin D poma\u017ee u suzbijanju upalnih procesa i reguli\u0161e rast \u0107elija ko\u017ee, zbog \u010dega se \u010desto koristi u terapiji psorijaze. Osim toga, vitamin D ima sna\u017ean uticaj na zdravlje srca i krvnih sudova, poma\u017ee u regulaciji krvnog pritiska i smanjuje rizik od kardiovaskularnih bolesti.\n    <\/div>\n<\/p><\/div>\n<div class=\"btn\">SASTAV<\/div>\n<div class=\"board\">\n<div>\n      90 mekih \u017eelatinskih kapsula<\/p>\n<p>      <b>\u2022<\/b> <a class=\"custom-link\" href=\"\/sr\/vitamin-d3\/\">Holekalciferol (vitamin D3)<\/a>;<br \/>\n      <b>\u2022<\/b> <a class=\"custom-link\" href=\"\/sr\/maslinovo-ulje\/\">Maslinovo ulje<\/a>;<br \/>\n      <b>\u2022<\/b> Gove\u0111i \u017eelatin, supstanca za zadr\u017eavanje vlage: glicerol, pre\u010di\u0161\u0107ena voda, antioksidans: DL-alfa-tokoferil-acetat;\n    <\/div>\n<\/p><\/div>\n<div class=\"btn\">NA\u010cIN UPOTREBE<\/div>\n<div class=\"board\">\n<div>\n      Odraslima, starijim od 18 godina se preporu\u010duje upotreba jedne kapsule dnevno, tokom ili nakon obroka. Cijelu kapsulu progutati sa te\u010dno\u0161\u0107u. Proizvod mogu da uzimaju i osobe oboljele od dijabetesa.<\/p>\n<p>      <b>UPOZORENJA:<\/b><br \/>\n      <b>\u2022<\/b> Proizvod nije namjenjen osobama mla\u0111im od 18 godina.<br \/>\n      <b>\u2022<\/b> Proizvod ne smiju da koriste osobe preosjetljive na bilo koji sastojak proizvoda.<br \/>\n      <b>\u2022<\/b> Proizvod nije namjenjen osobama sa hiperkalcemijom i hipertireoidizmom.<br \/>\n      <b>\u2022<\/b> Potrebne su mjere opreza kod osoba koje u svojoj terapiji koriste tiazide, kardiotoni\u010dne glikozide, rifampicin, izoniazid, fenitoin, barbiturate i kortikosteroide.<br \/>\n      <b>\u2022<\/b> Trudnice i dojilje treba da konsultuju svog ljekara prije upotrebe ovoga proizvoda.<br \/>\n      <b>\u2022<\/b> Ovaj preparat se mora koristiti pod nadzorom doktora medicine!\n    <\/div>\n<\/p><\/div>\n<\/div>","protected":false},"excerpt":{"rendered":"<div class=\"my-product-info\">\n<div class=\"two-categories\">\n<div>\n            <img decoding=\"async\" src=\"https:\/\/www.alivitpharm.com\/wp-content\/uploads\/2025\/05\/icon-9.png\" alt=\"100% prirodno\" width=\"50px\" height=\"50px\" \/><\/p>\n<div>100% prirodno<\/div>\n<\/p><\/div>\n<div>\n            <img decoding=\"async\" src=\"https:\/\/www.alivitpharm.com\/wp-content\/uploads\/2025\/05\/icon-10.png\" alt=\"Bez GMO\" width=\"50px\" height=\"50px\" \/><\/p>\n<div>Bez GMO<\/div>\n<\/p><\/div>\n<div>\n            <img decoding=\"async\" src=\"https:\/\/www.alivitpharm.com\/wp-content\/uploads\/2025\/05\/icon-15.png\" alt=\"Bez glutena\" width=\"50px\" height=\"50px\" \/><\/p>\n<div>Bez glutena<\/div>\n<\/p><\/div>\n<\/p><\/div>\n<\/div>\n<ul>\n<li>Omogu\u0107ava normalno funkcionisanje imunolo\u0161kog sistema.<\/li>\n<li>Doprinosi odr\u017eavanju zdravlja kostiju.<\/li>\n<li>Doprinosi odr\u017eavanju normalne mi\u0161i\u0107ne funkcije.<\/li>\n<li>Poma\u017ee normalnu apsorpciju\/iskoristljivosti kalcijuma i fosfora.<\/li>\n<\/ul>","protected":false},"featured_media":13112,"comment_status":"open","ping_status":"closed","template":"","meta":{"site-sidebar-layout":"default","site-content-layout":"default","ast-global-header-display":"","ast-main-header-display":"","ast-hfb-above-header-display":"","ast-hfb-below-header-display":"","ast-hfb-mobile-header-display":"","site-post-title":"","ast-breadcrumbs-content":"","ast-featured-img":"","footer-sml-layout":"","theme-transparent-header-meta":"default","adv-header-id-meta":"","stick-header-meta":"","header-above-stick-meta":"","header-main-stick-meta":"","header-below-stick-meta":""},"product_brand":[],"product_cat":[172,174],"product_tag":[],"class_list":{"0":"post-11264","1":"product","2":"type-product","3":"status-publish","4":"has-post-thumbnail","6":"product_cat-hormonal-balance","7":"product_cat-immune-system","8":"desktop-align-center","9":"tablet-align-center","10":"mobile-align-center","12":"first","13":"instock","14":"shipping-taxable","15":"purchasable","16":"product-type-simple"},"_links":{"self":[{"href":"https:\/\/www.alivitpharm.com\/sr\/wp-json\/wp\/v2\/product\/11264","targetHints":{"allow":["GET"]}}],"collection":[{"href":"https:\/\/www.alivitpharm.com\/sr\/wp-json\/wp\/v2\/product"}],"about":[{"href":"https:\/\/www.alivitpharm.com\/sr\/wp-json\/wp\/v2\/types\/product"}],"replies":[{"embeddable":true,"href":"https:\/\/www.alivitpharm.com\/sr\/wp-json\/wp\/v2\/comments?post=11264"}],"wp:featuredmedia":[{"embeddable":true,"href":"https:\/\/www.alivitpharm.com\/sr\/wp-json\/wp\/v2\/media\/13112"}],"wp:attachment":[{"href":"https:\/\/www.alivitpharm.com\/sr\/wp-json\/wp\/v2\/media?parent=11264"}],"wp:term":[{"taxonomy":"product_brand","embeddable":true,"href":"https:\/\/www.alivitpharm.com\/sr\/wp-json\/wp\/v2\/product_brand?post=11264"},{"taxonomy":"product_cat","embeddable":true,"href":"https:\/\/www.alivitpharm.com\/sr\/wp-json\/wp\/v2\/product_cat?post=11264"},{"taxonomy":"product_tag","embeddable":true,"href":"https:\/\/www.alivitpharm.com\/sr\/wp-json\/wp\/v2\/product_tag?post=11264"}],"curies":[{"name":"wp","href":"https:\/\/api.w.org\/{rel}","templated":true}]}}