{"id":13614,"date":"2025-11-12T14:47:31","date_gmt":"2025-11-12T12:47:31","guid":{"rendered":"https:\/\/www.alivitpharm.com\/?post_type=product&#038;p=13614"},"modified":"2026-04-16T09:15:34","modified_gmt":"2026-04-16T07:15:34","slug":"magnezijum-bisglicinat-plus-b6","status":"publish","type":"product","link":"https:\/\/www.alivitpharm.com\/sr\/product\/magnezijum-bisglicinat-plus-b6\/","title":{"rendered":"MAGNEZIJUM BISGLICINAT plus B6"},"content":{"rendered":"<div class=\"product-accordion\">\n<div class=\"btn\">VI\u0160E O MAGNEZIJUM BISGLICINAT-U plus B6<\/div>\n<div class=\"board\">\n<div><b>MAGNEZIJUM BISGLICINAT plus B6\u00ae<\/b> kapsule su dodatak ishrani koji se preporu\u010duje kod stresa, napetosti, razdra\u017eljivosti, anksioznosti, poreme\u0107aja sna, a preporu\u010duje se i osobama pod velikim fizi\u010dkim naporom i sportistima. Ovaj oblik magnezijuma se preporu\u010duje i kod \u017eenskih problema, kao \u0161to su predmenstrualni sindrom, dismenoreja (bolan menstrualni ciklus) i postmenopauzni simptomi.<\/p>\n<p>Magnezijum-bisglicinat je helirani oblik magnezijuma koji se lako apsorbuje, jer je magnezijum vezan za aminokiselinu glicin. Smatra se jednim od najbolje iskoristivih oblika magnezijuma i ne izaziva stoma\u010dne smetnje, \u0161to ga \u010dini pogodnim za osobe sa osjetljivim gastrointestinalnim sistemom. Magnezijum doprinosi smanjenju umora i iscrpljenosti, normalnom metabolizmu stvaranja energije, normalnoj psiholo\u0161koj funkciji, normalnom funkcionisanju nervnog sistema, normalnoj funkciji mi\u0161i\u0107a, odr\u017eavanju normalnih kostiju.<\/p>\n<p>Vitamin B6 doprinosi normalnom metabolizmu proteina i glikogena, normalnoj sintezi cisteina i metabolizmu homocisteina, doprinosi normalnom metabolizmu stvaranje energije i regulaciji hormonske aktivnosti.<\/p><\/div>\n<\/div>\n<div class=\"btn\">SASTAV<\/div>\n<div class=\"board\">\n<div>60 tvrdih kapsula<\/p>\n<p><b>\u2022<\/b> <a class=\"custom-link\" href=\"\/sr\/magnezijum\/\">Magnezijum<\/a>;<br \/>\n<b>\u2022<\/b> <a class=\"custom-link\" href=\"\/sr\/vitamin-b6\/\">Piridoksin-hidrohlorid (vitamin B6)<\/a>;<br \/>\n<b>\u2022<\/b> Kapsula (kalcijum-karbonat, hidroksipropil-metil-celuloza), supstanca protiv zgrudnjavanja: silicijum-dioksid, magnezijum-stearat;<\/p>\n<\/div>\n<\/div>\n<div class=\"btn\">NA\u010cIN UPOTREBE<\/div>\n<div class=\"board\">\n<div>Osobama starijim od 14 godina se preporu\u010duje upotreba jedne do \u010detiri kapsule dnevno, tokom ili nakon obroka. Cijelu kapsulu progutati sa te\u010dno\u0161\u0107u. Proizvod mogu da koriste i osobe oboljele od dijabetesa.<\/p>\n<p><b>UPOZORENJA:<\/b><br \/>\n<b>\u2022<\/b> Preporu\u010dena dnevna doza se ne smije prekora\u010diti.<br \/>\n<b>\u2022<\/b> Proizvod nije namjenjen osobama mla\u0111im od 14 godina.<br \/>\n<b>\u2022<\/b> Proizvod ne smiju da koriste osobe preosjetljive na bilo koji sastojak proizvoda.<br \/>\n<b>\u2022<\/b> Trudnice i dojilje treba da konsultuju svog ljekara prije upotrebe ovoga proizvoda.<\/p>\n<\/div>\n<\/div>\n<\/div>","protected":false},"excerpt":{"rendered":"<div class=\"my-product-info\">\n<div class=\"two-categories\">\n<div><img decoding=\"async\" src=\"https:\/\/www.alivitpharm.com\/wp-content\/uploads\/2025\/05\/icon-9.png\" alt=\"100% prirodno\" width=\"50px\" height=\"50px\" \/><\/p>\n<div>100% prirodno<\/div>\n<\/div>\n<div><img decoding=\"async\" src=\"https:\/\/www.alivitpharm.com\/wp-content\/uploads\/2025\/05\/icon-10.png\" alt=\"Bez GMO\" width=\"50px\" height=\"50px\" \/><\/p>\n<div>Bez GMO<\/div>\n<\/div>\n<div><img decoding=\"async\" src=\"https:\/\/www.alivitpharm.com\/wp-content\/uploads\/2025\/05\/icon-15.png\" alt=\"Bez glutena\" width=\"50px\" height=\"50px\" \/><\/p>\n<div>Bez glutena<\/div>\n<\/div>\n<\/div>\n<\/div>\n<ul>\n<li>Esencijalna hrana za zdravo srce i mozak.<\/li>\n<li>Djeluje antioksidativno, te povoljno uti\u010de na lipidni profil.<\/li>\n<li>Doprinosi smanjenju umora i iscrpljenosti.<\/li>\n<li>Doprinosi normalnoj psiholo\u0161koj funkciji.<\/li>\n<li>Pobolj\u0161ava kvalitet sna.<\/li>\n<li>Doprinosi normalnoj funkciji mi\u0161i\u0107a i odr\u017eavanju normalnih kostiju.<\/li>\n<\/ul>","protected":false},"featured_media":13616,"comment_status":"open","ping_status":"closed","template":"","meta":{"site-sidebar-layout":"default","site-content-layout":"default","ast-global-header-display":"","ast-main-header-display":"","ast-hfb-above-header-display":"","ast-hfb-below-header-display":"","ast-hfb-mobile-header-display":"","site-post-title":"","ast-breadcrumbs-content":"","ast-featured-img":"","footer-sml-layout":"","theme-transparent-header-meta":"default","adv-header-id-meta":"","stick-header-meta":"","header-above-stick-meta":"","header-main-stick-meta":"","header-below-stick-meta":""},"product_brand":[],"product_cat":[169,179,175],"product_tag":[],"class_list":{"0":"post-13614","1":"product","2":"type-product","3":"status-publish","4":"has-post-thumbnail","6":"product_cat-cardiovascular-health","7":"product_cat-mens-health","8":"product_cat-nervous-system-protection","9":"desktop-align-center","10":"tablet-align-center","11":"mobile-align-center","13":"first","14":"instock","15":"shipping-taxable","16":"purchasable","17":"product-type-simple"},"_links":{"self":[{"href":"https:\/\/www.alivitpharm.com\/sr\/wp-json\/wp\/v2\/product\/13614","targetHints":{"allow":["GET"]}}],"collection":[{"href":"https:\/\/www.alivitpharm.com\/sr\/wp-json\/wp\/v2\/product"}],"about":[{"href":"https:\/\/www.alivitpharm.com\/sr\/wp-json\/wp\/v2\/types\/product"}],"replies":[{"embeddable":true,"href":"https:\/\/www.alivitpharm.com\/sr\/wp-json\/wp\/v2\/comments?post=13614"}],"wp:featuredmedia":[{"embeddable":true,"href":"https:\/\/www.alivitpharm.com\/sr\/wp-json\/wp\/v2\/media\/13616"}],"wp:attachment":[{"href":"https:\/\/www.alivitpharm.com\/sr\/wp-json\/wp\/v2\/media?parent=13614"}],"wp:term":[{"taxonomy":"product_brand","embeddable":true,"href":"https:\/\/www.alivitpharm.com\/sr\/wp-json\/wp\/v2\/product_brand?post=13614"},{"taxonomy":"product_cat","embeddable":true,"href":"https:\/\/www.alivitpharm.com\/sr\/wp-json\/wp\/v2\/product_cat?post=13614"},{"taxonomy":"product_tag","embeddable":true,"href":"https:\/\/www.alivitpharm.com\/sr\/wp-json\/wp\/v2\/product_tag?post=13614"}],"curies":[{"name":"wp","href":"https:\/\/api.w.org\/{rel}","templated":true}]}}