{"id":13777,"date":"2026-01-23T10:16:41","date_gmt":"2026-01-23T08:16:41","guid":{"rendered":"https:\/\/www.alivitpharm.com\/?post_type=product&#038;p=13777"},"modified":"2026-03-04T09:36:52","modified_gmt":"2026-03-04T07:36:52","slug":"anemi-care","status":"publish","type":"product","link":"https:\/\/www.alivitpharm.com\/sr\/product\/anemi-care\/","title":{"rendered":"ANEMI CARE"},"content":{"rendered":"<div class=\"product-accordion\">\n<div class=\"btn\">VI\u0160E O ANEMI CARE-U<\/div>\n<div class=\"board\">\n<div>\n      <b>ANEMI CARE\u00ae<\/b> kapsule sadr\u017ee gvo\u017e\u0111e, vitamin C,  folnu kiselinu, korijen cvekle, herbu koprive, list ra\u0161tike i plod acerole.<\/p>\n<p>Gvo\u017e\u0111e doprinosi normalnom stvaranju crvenih krvnih zrnaca i hemoglobina, normalnom transportu kiseonika u tijelu, normalnoj kognitivnoj funkciji. Folna kiselina doprinosi normalnom stvaranju krvi i ima ulogu u procesu \u0107elijske diobe. Vitamin C pove\u0107ava apsorpciju gvo\u017e\u0111a, dok gvo\u017e\u0111e zajedno sa vitaminom C i folnom kiselinom doprinosi normalnoj funkciji imunolo\u0161kog sistema kao i smanjenju umora i iscrpljenosti. Kopriva podr\u017eava vitalnost tijela, vensku cirkulaciju i imunolo\u0161ki sistem, a poma\u017ee i u odr\u017eavanju zdravlja srca, sadr\u017ei gvo\u017e\u0111e i na taj na\u010din smanjuje sideropenijsku anemiju.\n    <\/p><\/div>\n<\/p><\/div>\n<div class=\"btn\">SASTAV<\/div>\n<div class=\"board\">\n<div>\n      56 mekih \u017eelatinskih kapsula<\/p>\n<p>      <b>\u2022<\/b> <a class=\"custom-link\" href=\"#\">Gvo\u017e\u0111e<\/a>;<br \/>\n      <b>\u2022<\/b> <a class=\"custom-link\" href=\"\/sr\/vitamin-c\/\">Vitamin C<\/a>;<br \/>\n      <b>\u2022<\/b> <a class=\"custom-link\" href=\"\/sr\/folna-kiselina\/\">Folna kiselina<\/a>;<br \/>\n      <b>\u2022<\/b> Prah <a class=\"custom-link\" href=\"#\">korijena cvekle <i>(Beta vulgaris)<\/i><\/a>;<br \/>\n      <b>\u2022<\/b> Prah <a class=\"custom-link\" href=\"\/sr\/kopriva\/\">herbe koprive <i>(Urtica dioca)<\/i><\/a>;<br \/>\n      <b>\u2022<\/b> Prah <a class=\"custom-link\" href=\"#\">lista ra\u0161tike <i>(Brassica oleracea var. Acephala)<\/i><\/a>;<br \/>\n      <b>\u2022<\/b> Prah <a class=\"custom-link\" href=\"#\">ploda acerole <i>(Malphigia glabra)<\/i><\/a>;<br \/>\n      <b>\u2022<\/b> Kapsula (kalcijum-karbonat, hidroksipropil-metil-celuloza), supstanca protiv zgrudnjavanja: silicijum-dioksid, magnezijum-stearat;\n    <\/div>\n<\/p><\/div>\n<div class=\"btn\">NA\u010cIN UPOTREBE<\/div>\n<div class=\"board\">\n<div>\n      Odraslima i djeci iznad 12 godina se preporu\u010duje upotreba dvije kapsula jedanput dnevno. Cijele kapsule progutati sa te\u010dno\u0161\u0107u. Proizvod mogu da uzimaju i osobe oboljele od dijabetesa.<\/p>\n<p>      <b>UPOZORENJA:<\/b><br \/>\n      <b>\u2022<\/b> Osobe koje uzimaju lijekove treba da se posavjetuju sa ljekarom.<br \/>\n      <b>\u2022<\/b> Proizvod ne smiju da koriste osobe preosjetljive na bilo koji sastojak proizvoda.<br \/>\n      <b>\u2022<\/b> Ne preporu\u010duje se uzimanje du\u017ee od \u010detiri sedmice u kontinuitetu.<br \/>\n      <b>\u2022<\/b> Proizvod nije namijenjen osobama mla\u0111im od 12 godina, trudnicama i dojiljama.<br \/>\n      <b>\u2022<\/b> Preporu\u010dena dnevna doza se ne smije prekora\u010diti.\n    <\/div>\n<\/p><\/div>\n<\/div>","protected":false},"excerpt":{"rendered":"<div class=\"my-product-info\">\n<div class=\"two-categories\">\n<div>\n            <img decoding=\"async\" src=\"https:\/\/www.alivitpharm.com\/wp-content\/uploads\/2025\/05\/icon-9.png\" alt=\"100% prirodno\" width=\"50px\" height=\"50px\" \/><\/p>\n<div>100% prirodno<\/div>\n<\/p><\/div>\n<div>\n            <img decoding=\"async\" src=\"https:\/\/www.alivitpharm.com\/wp-content\/uploads\/2025\/05\/icon-10.png\" alt=\"Bez GMO\" width=\"50px\" height=\"50px\" \/><\/p>\n<div>Bez GMO<\/div>\n<\/p><\/div>\n<div>\n            <img decoding=\"async\" src=\"https:\/\/www.alivitpharm.com\/wp-content\/uploads\/2025\/05\/icon-15.png\" alt=\"Bez glutena\" width=\"50px\" height=\"50px\" \/><\/p>\n<div>Bez glutena<\/div>\n<\/p><\/div>\n<\/p><\/div>\n<\/div>\n<ul>\n<li>Obezbije\u0111uje prirodan izvor gvo\u017e\u0111a i vitamina C.<\/li>\n<li>Doprinosi normalnom stvaranju eritrocita.<\/li>\n<li>Doprinosi normalnoj funkciji imunolo\u0161kog sistema.<\/li>\n<li>Smanjuje umor i iscrpljenost.<\/li>\n<\/ul>","protected":false},"featured_media":13772,"comment_status":"open","ping_status":"closed","template":"","meta":{"site-sidebar-layout":"default","site-content-layout":"default","ast-global-header-display":"","ast-main-header-display":"","ast-hfb-above-header-display":"","ast-hfb-below-header-display":"","ast-hfb-mobile-header-display":"","site-post-title":"","ast-breadcrumbs-content":"","ast-featured-img":"","footer-sml-layout":"","theme-transparent-header-meta":"default","adv-header-id-meta":"","stick-header-meta":"","header-above-stick-meta":"","header-main-stick-meta":"","header-below-stick-meta":""},"product_brand":[],"product_cat":[169,172,174,183],"product_tag":[],"class_list":{"0":"post-13777","1":"product","2":"type-product","3":"status-publish","4":"has-post-thumbnail","6":"product_cat-cardiovascular-health","7":"product_cat-hormonal-balance","8":"product_cat-immune-system","9":"product_cat-womens-health","10":"desktop-align-center","11":"tablet-align-center","12":"mobile-align-center","14":"first","15":"onbackorder","16":"shipping-taxable","17":"product-type-simple"},"_links":{"self":[{"href":"https:\/\/www.alivitpharm.com\/sr\/wp-json\/wp\/v2\/product\/13777","targetHints":{"allow":["GET"]}}],"collection":[{"href":"https:\/\/www.alivitpharm.com\/sr\/wp-json\/wp\/v2\/product"}],"about":[{"href":"https:\/\/www.alivitpharm.com\/sr\/wp-json\/wp\/v2\/types\/product"}],"replies":[{"embeddable":true,"href":"https:\/\/www.alivitpharm.com\/sr\/wp-json\/wp\/v2\/comments?post=13777"}],"wp:featuredmedia":[{"embeddable":true,"href":"https:\/\/www.alivitpharm.com\/sr\/wp-json\/wp\/v2\/media\/13772"}],"wp:attachment":[{"href":"https:\/\/www.alivitpharm.com\/sr\/wp-json\/wp\/v2\/media?parent=13777"}],"wp:term":[{"taxonomy":"product_brand","embeddable":true,"href":"https:\/\/www.alivitpharm.com\/sr\/wp-json\/wp\/v2\/product_brand?post=13777"},{"taxonomy":"product_cat","embeddable":true,"href":"https:\/\/www.alivitpharm.com\/sr\/wp-json\/wp\/v2\/product_cat?post=13777"},{"taxonomy":"product_tag","embeddable":true,"href":"https:\/\/www.alivitpharm.com\/sr\/wp-json\/wp\/v2\/product_tag?post=13777"}],"curies":[{"name":"wp","href":"https:\/\/api.w.org\/{rel}","templated":true}]}}