{"id":13782,"date":"2026-01-23T10:55:01","date_gmt":"2026-01-23T08:55:01","guid":{"rendered":"https:\/\/www.alivitpharm.com\/?post_type=product&#038;p=13782"},"modified":"2026-04-20T13:47:06","modified_gmt":"2026-04-20T11:47:06","slug":"k2-d3","status":"publish","type":"product","link":"https:\/\/www.alivitpharm.com\/sr\/product\/k2-d3\/","title":{"rendered":"K2 D3"},"content":{"rendered":"<div class=\"product-accordion\">\n<div class=\"btn\">VI\u0160E O K2 D3<\/div>\n<div class=\"board\">\n<div><b>K2 D3\u00ae<\/b> kapsule sadr\u017ee vitamin D3, vitamin K2 i maslinovo ulje.<\/p>\n<p>Vitamin D3 doprinosi odr\u017eavanju normalnih kostiju i normalne mi\u0161i\u0107ne funkcije, doprinosi normalnoj apsorpciji\/iskoristljivosti kalcijuma i fosfora. Ima ulogu u procesu \u0107elijske diobe, te doprinosi normalnom funkcionisanju imunolo\u0161kog sistem. Vitamin K2 doprinosi odr\u017eavanju normalnih kostiju.<\/p>\n<\/div>\n<\/div>\n<div class=\"btn\">SASTAV<\/div>\n<div class=\"board\">\n<div>30 mekih \u017eelatinskih kapsula<\/p>\n<p><b>\u2022<\/b> <a class=\"custom-link\" href=\"#\">Vitamin K2<\/a>;<br \/>\n<b>\u2022<\/b> <a class=\"custom-link\" href=\"\/sr\/vitamin-d3\/\">Vitamin D3<\/a>;<br \/>\n<b>\u2022<\/b> <a class=\"custom-link\" href=\"\/sr\/maslinovo-ulje\/\">Maslinovo ulje<\/a>;<br \/>\n<b>\u2022<\/b> Gove\u0111i \u017eelatin, supstanca za zadr\u017eavanje vlage: glicerol, pre\u010di\u0161\u0107ena voda, antioksidans: DL-alfa-tokoferil-acetat;<\/p>\n<\/div>\n<\/div>\n<div class=\"btn\">NA\u010cIN UPOTREBE<\/div>\n<div class=\"board\">\n<div>Osobama starijim od 12 godina se preporu\u010duje upotreba jedne kapsule na dan, nakon obroka. Cijelu kapsulu progutati sa te\u010dno\u0161\u0107u. Proizvod mogu da koriste i osobe oboljele od dijabetesa.<\/p>\n<p><b>UPOZORENJA:<\/b><br \/>\n<b>\u2022<\/b> Proizvod ne smiju da koriste osobe preosjetljive na bilo koji sastojak proizvoda.<br \/>\n<b>\u2022<\/b> Preporu\u010dena dnevna doza se ne smije prekora\u010diti.<br \/>\n<b>\u2022<\/b> Proizvod nije namjenjen osobama sa hiperkalcemijom i hiperparatireoidizmom, kao i osobama mla\u0111im od 12 godina. Potrebne su mjere opreza kod osoba koje u svojoj terapiji koriste tiazide, kardiotoni\u010dne glikozide, rifampicin, izoniazid, fenitoin, barbiturate i kortikosteroide. Prekomjerna upotreba mo\u017ee izazvati ne\u017eeljene efekte i potrebno se konsultovati sa ljekarom.<br \/>\n<b>\u2022<\/b> Trudnice, dojilje i osobe koje uzimaju farmakoterapiju treba da konsultuju svog ljekara prije upotrebe ovoga proizvoda.<br \/>\n<b>\u2022<\/b> Ovaj preparat se mora koristiti pod nadzorom doktora medicine!<\/p>\n<\/div>\n<\/div>\n<\/div>","protected":false},"excerpt":{"rendered":"<p>ABOUT K2 D3 K2 D3\u00ae capsules contain vitamin D3, vitamin K2 and olive oil. Vitamin D3 contributes to the maintenance of normal bones and normal muscle function, contributes to the normal absorption\/utilization of calcium and phosphorus. It has a role in the process of cell division and contributes to the normal functioning of the immune &hellip;<\/p>\n<p class=\"read-more\"> <a class=\"\" href=\"https:\/\/www.alivitpharm.com\/sr\/product\/k2-d3\/\"> <span class=\"screen-reader-text\">K2 D3<\/span> \u041f\u0440\u043e\u0447\u0438\u0442\u0430\u0458 \u0432\u0438\u0448\u0435 &raquo;<\/a><\/p>","protected":false},"featured_media":13779,"comment_status":"open","ping_status":"closed","template":"","meta":{"site-sidebar-layout":"default","site-content-layout":"default","ast-global-header-display":"","ast-main-header-display":"","ast-hfb-above-header-display":"","ast-hfb-below-header-display":"","ast-hfb-mobile-header-display":"","site-post-title":"","ast-breadcrumbs-content":"","ast-featured-img":"","footer-sml-layout":"","theme-transparent-header-meta":"default","adv-header-id-meta":"","stick-header-meta":"","header-above-stick-meta":"","header-main-stick-meta":"","header-below-stick-meta":""},"product_brand":[],"product_cat":[169,174,183],"product_tag":[],"class_list":{"0":"post-13782","1":"product","2":"type-product","3":"status-publish","4":"has-post-thumbnail","6":"product_cat-cardiovascular-health","7":"product_cat-immune-system","8":"product_cat-womens-health","9":"desktop-align-center","10":"tablet-align-center","11":"mobile-align-center","13":"first","14":"onbackorder","15":"shipping-taxable","16":"product-type-simple"},"_links":{"self":[{"href":"https:\/\/www.alivitpharm.com\/sr\/wp-json\/wp\/v2\/product\/13782","targetHints":{"allow":["GET"]}}],"collection":[{"href":"https:\/\/www.alivitpharm.com\/sr\/wp-json\/wp\/v2\/product"}],"about":[{"href":"https:\/\/www.alivitpharm.com\/sr\/wp-json\/wp\/v2\/types\/product"}],"replies":[{"embeddable":true,"href":"https:\/\/www.alivitpharm.com\/sr\/wp-json\/wp\/v2\/comments?post=13782"}],"wp:featuredmedia":[{"embeddable":true,"href":"https:\/\/www.alivitpharm.com\/sr\/wp-json\/wp\/v2\/media\/13779"}],"wp:attachment":[{"href":"https:\/\/www.alivitpharm.com\/sr\/wp-json\/wp\/v2\/media?parent=13782"}],"wp:term":[{"taxonomy":"product_brand","embeddable":true,"href":"https:\/\/www.alivitpharm.com\/sr\/wp-json\/wp\/v2\/product_brand?post=13782"},{"taxonomy":"product_cat","embeddable":true,"href":"https:\/\/www.alivitpharm.com\/sr\/wp-json\/wp\/v2\/product_cat?post=13782"},{"taxonomy":"product_tag","embeddable":true,"href":"https:\/\/www.alivitpharm.com\/sr\/wp-json\/wp\/v2\/product_tag?post=13782"}],"curies":[{"name":"wp","href":"https:\/\/api.w.org\/{rel}","templated":true}]}}