{"id":13786,"date":"2026-01-24T20:58:47","date_gmt":"2026-01-24T18:58:47","guid":{"rendered":"https:\/\/www.alivitpharm.com\/?post_type=product&#038;p=13786"},"modified":"2026-03-03T09:36:36","modified_gmt":"2026-03-03T07:36:36","slug":"revitox","status":"publish","type":"product","link":"https:\/\/www.alivitpharm.com\/sr\/product\/revitox\/","title":{"rendered":"REVITOX"},"content":{"rendered":"<div class=\"product-accordion\">\n<div class=\"btn\">VI\u0160E O REVITOX-U<\/div>\n<div class=\"board\">\n<div><b>REVITOX\u00ae<\/b> kapsule sadr\u017ee suhi ekstrakt lukovice fermentisanog bijelog luka, rezveratrol, beta-nikotinamid-mononukleotid, aktivni princip zelenog \u010daja (epigalokatehin-galat), dihidrokvercetin. Fermentisani bijeli luk doprinosi normalnoj funkciji imunog sistema, poma\u017ee u odr\u017eavanju zdravlja srca i krvnih sudova tako \u0161to odr\u017eava normalan nivo holesterola i homocisteina u krvi.<\/p>\n<\/div>\n<\/div>\n<div class=\"btn\">SASTAV<\/div>\n<div class=\"board\">\n<div>\n120 mekih \u017eelatinskih kapsula<\/p>\n<p><b>\u2022<\/b> Suhi ekstrakt <a class=\"custom-link\" href=\"\/sr\/black-garlic\/\">lukovice fermentisanog belog luka<\/a> standardizovan na 4% S-alil-L-cisteina;<br \/>\n<b>\u2022<\/b> <a class=\"custom-link\" href=\"#\">Rezveratrol<\/a>;<br \/>\n<b>\u2022<\/b> <a class=\"custom-link\" href=\"#\">Beta-nikotinamid-mononukleotid<\/a>;<br \/>\n<b>\u2022<\/b> <a class=\"custom-link\" href=\"\/sr\/zeleni-caj\/\">Epigalokatehin-galat<\/a>;<br \/>\n<b>\u2022<\/b> <a class=\"custom-link\" href=\"#\">Dihidrokvercetin<\/a>;<br \/>\n<b>\u2022<\/b> Kapsula (\u017eelatin, pre\u010di\u0161\u0107ena voda, boja: kalcijum-karbonat), supstance protiv zgrudnjavanja: silicijum-dioksid i magnezijum-stearat.<\/p>\n<\/div>\n<\/div>\n<div class=\"btn\">NA\u010cIN UPOTREBE<\/div>\n<div class=\"board\">\n<div>Osobama starijim od 18 godina se preporu\u010duje upotreba 1 kapsula dnevno, tokom ili nakon obroka. Cijelu kapsulu progutati sa te\u010dno\u0161\u0107u.\nProizvod je potrebno uzimati du\u017ee vreme.<\/p>\n<p><b>UPOZORENJA:<\/b><br \/>\n<b>\u2022<\/b> Proizvod ne smiju da koriste osobe preosjetljive na bilo koji sastojak proizvoda.<br \/>\n<b>\u2022<\/b> Osobe koje uzimaju lijekove treba da se posavjetuju sa ljekarom.<br \/>\n<b>\u2022<\/b> Ne preporu\u010duje se trudnicama, dojiljama i osobama mla\u0111im od 18 godina.<br \/>\n<b>\u2022<\/b> Preporu\u010dena dnevna doza se ne smije prekora\u010diti.<br \/>\n<b>\u2022<\/b> Proizvod ne bi trebalo da konzumirate ako istog dana uzimate druge proizvode koji sadr\u017ee zeleni \u010daj.<br \/>\n<b>\u2022<\/b> Preparat ne bi trebalo konzumirati na prazan \u017eeludac.<br \/>\n<b>\u2022<\/b> Dnevno se ne smije konzumirati 800mg i vi\u0161e (-)-epigalokatehin-3-galata.<\/p>\n<\/div>\n<\/div>\n<\/div>","protected":false},"excerpt":{"rendered":"<p>ABOUT REVITOX REVITOX\u00ae capsules contain dry extract of fermented garlic bulb, resveratrol, beta-nicotinamide mononucleotide, active principle of green tea (epigallocatechin gallate), dihydroquercetin. Fermented garlic contributes to the normal function of the immune system, helps maintain the health of the heart and blood vessels by maintaining normal levels of cholesterol and homocysteine in the blood. INGREDIENTS &hellip;<\/p>\n<p class=\"read-more\"> <a class=\"\" href=\"https:\/\/www.alivitpharm.com\/sr\/product\/revitox\/\"> <span class=\"screen-reader-text\">REVITOX<\/span> \u041f\u0440\u043e\u0447\u0438\u0442\u0430\u0458 \u0432\u0438\u0448\u0435 &raquo;<\/a><\/p>","protected":false},"featured_media":13940,"comment_status":"open","ping_status":"closed","template":"","meta":{"site-sidebar-layout":"default","site-content-layout":"default","ast-global-header-display":"","ast-main-header-display":"","ast-hfb-above-header-display":"","ast-hfb-below-header-display":"","ast-hfb-mobile-header-display":"","site-post-title":"","ast-breadcrumbs-content":"","ast-featured-img":"","footer-sml-layout":"","theme-transparent-header-meta":"default","adv-header-id-meta":"","stick-header-meta":"","header-above-stick-meta":"","header-main-stick-meta":"","header-below-stick-meta":""},"product_brand":[],"product_cat":[175,183],"product_tag":[],"class_list":{"0":"post-13786","1":"product","2":"type-product","3":"status-publish","4":"has-post-thumbnail","6":"product_cat-nervous-system-protection","7":"product_cat-womens-health","8":"desktop-align-center","9":"tablet-align-center","10":"mobile-align-center","12":"first","13":"onbackorder","14":"shipping-taxable","15":"product-type-simple"},"_links":{"self":[{"href":"https:\/\/www.alivitpharm.com\/sr\/wp-json\/wp\/v2\/product\/13786","targetHints":{"allow":["GET"]}}],"collection":[{"href":"https:\/\/www.alivitpharm.com\/sr\/wp-json\/wp\/v2\/product"}],"about":[{"href":"https:\/\/www.alivitpharm.com\/sr\/wp-json\/wp\/v2\/types\/product"}],"replies":[{"embeddable":true,"href":"https:\/\/www.alivitpharm.com\/sr\/wp-json\/wp\/v2\/comments?post=13786"}],"wp:featuredmedia":[{"embeddable":true,"href":"https:\/\/www.alivitpharm.com\/sr\/wp-json\/wp\/v2\/media\/13940"}],"wp:attachment":[{"href":"https:\/\/www.alivitpharm.com\/sr\/wp-json\/wp\/v2\/media?parent=13786"}],"wp:term":[{"taxonomy":"product_brand","embeddable":true,"href":"https:\/\/www.alivitpharm.com\/sr\/wp-json\/wp\/v2\/product_brand?post=13786"},{"taxonomy":"product_cat","embeddable":true,"href":"https:\/\/www.alivitpharm.com\/sr\/wp-json\/wp\/v2\/product_cat?post=13786"},{"taxonomy":"product_tag","embeddable":true,"href":"https:\/\/www.alivitpharm.com\/sr\/wp-json\/wp\/v2\/product_tag?post=13786"}],"curies":[{"name":"wp","href":"https:\/\/api.w.org\/{rel}","templated":true}]}}