{"id":3108,"date":"2022-05-24T13:15:51","date_gmt":"2022-05-24T11:15:51","guid":{"rendered":"https:\/\/www.alivitpharm.com\/?post_type=product&#038;p=3108"},"modified":"2026-03-06T16:05:20","modified_gmt":"2026-03-06T14:05:20","slug":"hepato-care","status":"publish","type":"product","link":"https:\/\/www.alivitpharm.com\/sr\/product\/hepato-care\/","title":{"rendered":"HEPATO CARE"},"content":{"rendered":"<div class=\"product-accordion\">\n<div class=\"btn\">VI\u0160E O HEPATO CARE-U<\/div>\n<div class=\"board\">\n<div><b>HEPATO CARE\u00ae<\/b> kapsule sadr\u017ee biljke koji se mogu koristiti za regeneraciju jetre, \u010dije je o\u0161te\u0107enje izazvano djelovanjem alkohola i lijekova, ali i raznih bolesti, kao \u0161to je hepatitis. Fermentisani bijeli luk posjeduje sna\u017eno antioksidativno djelovanje, efikasno sni\u017eava nivoe enzima jetre, \u010diji je porast posljedica razli\u010ditih poreme\u0107aja rada jetre i takozvane \"masne jetre\". Masla\u010dak, smilje i hajdu\u010dka trava ispoljavaju hepatoprotektivno, antiupalno, antimikrobno i antioksidativno djelovanje, \u0161to rezultira pozitivnim u\u010dinkom na cijeli gastrointestinalni trakt, podsti\u010du probavu i podr\u017eavaju funkciju jetre i \u017eu\u010dne kese. Masla\u010dak, fermentisani bijeli luk i smilje sni\u017eavaju povi\u0161ene holesterol i trigliceride u krvi, dok hajdu\u010dka trava uti\u010de na bolje stvaranje i izlu\u010divanje \u017eu\u010dnih sokova. Masla\u010dak se mo\u017ee preporu\u010diti i kod upale \u017eu\u010dne kese, kamena u \u017eu\u010di, poreme\u0107aja varenja, a veliku primenu na\u0161ao je i kao pomo\u0107no sredstvo u le\u010denju virusnog hepatitisa<\/div>\n<\/div>\n<div class=\"btn\">SASTAV<\/div>\n<div class=\"board\">\n<div>\n90 mekih \u017eelatinskih kapsula<\/p>\n<p><b>\u2022<\/b> Ekstrakt <a class=\"custom-link\" href=\"\/sr\/black-garlic\/\">lukovice fermentisanog belog luka <i>(Allium sativum)<\/i><\/a> u ulju soje;<br \/>\n<b>\u2022<\/b> Ekstrakt <a class=\"custom-link\" href=\"\/sr\/maslacak\/\">korijena masla\u010dka <i>(Taraxacum officinale)<\/i><\/a> u ulju soje;<br \/>\n<b>\u2022<\/b> Ekstrakt <a class=\"custom-link\" href=\"\/sr\/hajducka-trava\/\">herbe hajdu\u010dke trave <i>(Achillea millefolium)<\/i><\/a> u ulju soje;<br \/>\n<b>\u2022<\/b> Ekstrakt <a class=\"custom-link\" href=\"\/sr\/smilje\/\">herbe smilja <i>(Helichrysum italicum)<\/i><\/a> u ulju soje;<br \/>\n<b>\u2022<\/b> <a class=\"custom-link\" href=\"\/sr\/vitamin-e\/\">DL-\u03b1-tokoferil-acetat (vitamin E)<\/a>;<br \/>\n<b>\u2022<\/b> <a class=\"custom-link\" href=\"\/sr\/vitamin-b1\/\">Tiamin mononitrat (vitamin B1)<\/a>;<br \/>\n<b>\u2022<\/b> <a class=\"custom-link\" href=\"\/sr\/vitamin-b2\/\">Riboflavin (vitamin B2)<\/a>;<br \/>\n<b>\u2022<\/b> <a class=\"custom-link\" href=\"\/sr\/vitamin-b6\/\">Piridoksin-hidrohlorid (vitamin B6)<\/a>;<br \/>\n<b>\u2022<\/b> Gove\u0111i \u017eelatin, glicerol, pre\u010di\u0161\u0107ena voda, silicijum-dioksid, boja: biljni ugalj;<\/div>\n<\/div>\n<div class=\"btn\">NA\u010cIN UPOTREBE<\/div>\n<div class=\"board\">\n<div>Starijim od 18 godina se preporu\u010duje upotreba tri puta na dan po jedna kapsula, tokom ili nakon obroka. Cijelu kapsulu progutati sa te\u010dno\u0161\u0107u. Proizvod je potrebno uzimati du\u017ei vremenski period. Proizvod mogu koristiti i osobe oboljele od dijabetesa.<\/p>\n<p><b>UPOZORENJA:<\/b><br \/>\n<b>\u2022<\/b> Preporu\u010dena dnevna doza se ne smije prekora\u010diti.<br \/>\n<b>\u2022<\/b> Proizvod nije namjenjen  osobama mla\u0111im od 18 godina, trudnicama, dojiljama, kao i osobama sklonim razli\u010ditim alergijama.<br \/>\n<b>\u2022<\/b> Proizvod ne smiju da koriste osobe preosjetljive na bilo koji sastojak proizvoda.<br \/>\n<b>\u2022<\/b> Osobe koje uzimaju lijekove treba da se posavjetuju sa ljekarom.<br \/>\n<b>\u2022<\/b> Ne uzimati istovremeno sa antikoagulantnim lekovima.<br \/>\n<b>\u2022<\/b> Prije zakazane operacije, potrebno je prestati sa primenom proizvoda.\n<\/div>\n<\/div>\n<\/div>","protected":false},"excerpt":{"rendered":"<div class=\"my-product-info\">\n<div class=\"two-categories\">\n<div>\n            <img decoding=\"async\" src=\"https:\/\/www.alivitpharm.com\/wp-content\/uploads\/2025\/05\/icon-9.png\" alt=\"100% prirodno\" width=\"50px\" height=\"50px\" \/><\/p>\n<div>100% prirodno<\/div>\n<\/p><\/div>\n<div>\n            <img decoding=\"async\" src=\"https:\/\/www.alivitpharm.com\/wp-content\/uploads\/2025\/05\/icon-10.png\" alt=\"Bez GMO\" width=\"50px\" height=\"50px\" \/><\/p>\n<div>Bez GMO<\/div>\n<\/p><\/div>\n<div>\n            <img decoding=\"async\" src=\"https:\/\/www.alivitpharm.com\/wp-content\/uploads\/2025\/05\/icon-15.png\" alt=\"Bez glutena\" width=\"50px\" height=\"50px\" \/><\/p>\n<div>Bez glutena<\/div>\n<\/p><\/div>\n<\/p><\/div>\n<\/div>\n<ul>\n<li>Sni\u017eava nivo masti i enzima jetre, poma\u017ee kod masne jetre.<\/li>\n<li>Poma\u017ee u regeneraciji jetre.<\/li>\n<li>Detoksikacija organizma.<\/li>\n<li>Sni\u017eava povi\u0161ene enzime jetre.<\/li>\n<li>Reguli\u0161e lu\u010denje \u017eu\u010di.<\/li>\n<li>Sna\u017eni antioksidans.<\/li>\n<\/ul>\n<p><a class=\"category-pdf-btn\" href=\"https:\/\/www.alivitpharm.com\/wp-content\/uploads\/2025\/06\/cardiovascular_health_en.pdf\" target=\"_blank\" rel=\"noopener\">Saznajte vi\u0161e o kardiovaskularnom zdravlju<\/a><br \/>\n<a class=\"category-pdf-btn\" href=\"https:\/\/www.alivitpharm.com\/wp-content\/uploads\/2025\/06\/gastrointestinal_and_liver_health_en.pdf\" target=\"_blank\" rel=\"noopener\">Saznajte vi\u0161e o zdravlju gastrointestinalnog trakta i zdravlju jetre<\/a><\/p>","protected":false},"featured_media":13104,"comment_status":"open","ping_status":"closed","template":"","meta":{"site-sidebar-layout":"default","site-content-layout":"default","ast-global-header-display":"","ast-main-header-display":"","ast-hfb-above-header-display":"","ast-hfb-below-header-display":"","ast-hfb-mobile-header-display":"","site-post-title":"","ast-breadcrumbs-content":"","ast-featured-img":"","footer-sml-layout":"","theme-transparent-header-meta":"default","adv-header-id-meta":"","stick-header-meta":"","header-above-stick-meta":"","header-main-stick-meta":"","header-below-stick-meta":""},"product_brand":[],"product_cat":[169,171,170],"product_tag":[],"class_list":{"0":"post-3108","1":"product","2":"type-product","3":"status-publish","4":"has-post-thumbnail","6":"product_cat-cardiovascular-health","7":"product_cat-detox-revitalization","8":"product_cat-digestive-system","9":"desktop-align-center","10":"tablet-align-center","11":"mobile-align-center","13":"first","14":"instock","15":"shipping-taxable","16":"purchasable","17":"product-type-simple"},"_links":{"self":[{"href":"https:\/\/www.alivitpharm.com\/sr\/wp-json\/wp\/v2\/product\/3108","targetHints":{"allow":["GET"]}}],"collection":[{"href":"https:\/\/www.alivitpharm.com\/sr\/wp-json\/wp\/v2\/product"}],"about":[{"href":"https:\/\/www.alivitpharm.com\/sr\/wp-json\/wp\/v2\/types\/product"}],"replies":[{"embeddable":true,"href":"https:\/\/www.alivitpharm.com\/sr\/wp-json\/wp\/v2\/comments?post=3108"}],"wp:featuredmedia":[{"embeddable":true,"href":"https:\/\/www.alivitpharm.com\/sr\/wp-json\/wp\/v2\/media\/13104"}],"wp:attachment":[{"href":"https:\/\/www.alivitpharm.com\/sr\/wp-json\/wp\/v2\/media?parent=3108"}],"wp:term":[{"taxonomy":"product_brand","embeddable":true,"href":"https:\/\/www.alivitpharm.com\/sr\/wp-json\/wp\/v2\/product_brand?post=3108"},{"taxonomy":"product_cat","embeddable":true,"href":"https:\/\/www.alivitpharm.com\/sr\/wp-json\/wp\/v2\/product_cat?post=3108"},{"taxonomy":"product_tag","embeddable":true,"href":"https:\/\/www.alivitpharm.com\/sr\/wp-json\/wp\/v2\/product_tag?post=3108"}],"curies":[{"name":"wp","href":"https:\/\/api.w.org\/{rel}","templated":true}]}}