{"id":3114,"date":"2022-05-24T13:33:44","date_gmt":"2022-05-24T11:33:44","guid":{"rendered":"https:\/\/www.alivitpharm.com\/?post_type=product&#038;p=3114"},"modified":"2026-05-12T09:59:01","modified_gmt":"2026-05-12T07:59:01","slug":"potent-max","status":"publish","type":"product","link":"https:\/\/www.alivitpharm.com\/sr\/product\/potent-max\/","title":{"rendered":"POTENT MAX"},"content":{"rendered":"<div class=\"product-accordion\">\n<div class=\"btn\">VI\u0160E O POTENT MAX-U<\/div>\n<div class=\"board\">\n<div><b>POTENT MAX\u00ae<\/b> sadr\u017ei biljne vrste koje poma\u017eu regulaciji erektilne funkcije i seksualne aktivnosti. <i>Tribulus terrestris<\/i> (babin zub) poja\u010dava libido i stimuli\u0161e seksualnu aktivnost. Zbog pozitivnog efekta na nivo testosterona, preporu\u010duje se za upotrebu kod erektilne disfunkcije i neplodnosti mu\u0161karaca nepoznate etiologije.<\/p>\n<p>Fermentisani bijeli luk pozitivno djeluje na krvne sudove, ubrzava cirkulaciju, neutrali\u0161e slobodne radikale, dok sjeme gr\u010dke piskavice uti\u010de na pove\u0107anje fizi\u010dke snage, izdr\u017eljivosti, kondicije i vitalnosti cijelog organizma, \u0161to dodatno pozitivno djeluje na seksualnu aktivnost mu\u0161karaca. Fermentisani bijeli luk sadr\u017ei visoku koncentraciju polisulfida, koji podsti\u010du proizvodnju H2S, koji pobolj\u0161ava zdravlje kardiovaskularnog sistema tako \u0161to relaksira glatke mi\u0161i\u0107e krvnih sudova i sni\u017eava krvni pritisak. Kardiovaskularne bolesti, a prije svega hipertenzija (kao vode\u0107a bolest) su faktori rizika za nastanak erektilne disfunkcije, pa zbog svog kardioprotektivnog djelovanja, fermentisani bijeli luk ima \u0161iroku primjenu u ovakvim stanjima. Pored toga, bijeli luk je bogat bioaktivnim jedinjenjima koji podsti\u010du cirkulaciju i na taj na\u010din olak\u0161avaju erekciju.<\/p>\n<\/div>\n<\/div>\n<div class=\"btn\">SASTAV<\/div>\n<div class=\"board\">\n<div>\n90 mekih \u017eelatinskih kapsula<\/p>\n<p><b>\u2022<\/b> Ekstrakt <a class=\"custom-link\" href=\"\/sr\/black-garlic\/\">lukovice fermentisanog belog luka <i>(Allium sativum)<\/i><\/a> u ulju soje;<br \/>\n<b>\u2022<\/b> Ekstrakt <a class=\"custom-link\" href=\"\/sr\/babin-zub\/\">herbe babinog zuba <i>(Tribulus terrestris)<\/i><\/a> u ulju soje;<br \/>\n<b>\u2022<\/b> Ekstrakt <a class=\"custom-link\" href=\"\/sr\/piskavica-grcko-sjeme\/\">ploda piskavice <i>(Trigonella foenum-graecum)<\/i><\/a> u ulju soje;<br \/>\n<b>\u2022<\/b> Antioksidans: vitamin E, gove\u0111i \u017eelatin, glicerol, pre\u010di\u0161\u0107ena voda, silicijum-dioksid, boja: biljni ugalj;<\/div>\n<\/div>\n<div class=\"btn\">NA\u010cIN UPOTREBE<\/div>\n<div class=\"board\">\n<div>Osobama starijim od 18 godina se preporu\u010duje upotreba tri puta na dan po dvije kapsule,tokom ili nakon obroka. Cijelu kapsulu progutati sa te\u010dno\u0161\u0107u. Proizvod mogu da koriste i pacijenti oboljeli od dijabetesa.<\/p>\n<p><b>UPOZORENJA:<\/b><br \/>\n<b>\u2022<\/b> Preporu\u010dena dnevna doza se ne smije prekora\u010diti.<br \/>\n<b>\u2022<\/b> Proizvod nije namijenjen osobama mla\u0111im od 18 godina i osobama sa o\u0161te\u0107enom funkcijom jetre.<br \/>\n<b>\u2022<\/b> Ne preporu\u010duje se uzimanje du\u017ee od dvije sedmice u kontinuitetu.<br \/>\n<b>\u2022<\/b> Proizvod ne smiju da koriste osobe preosjetljive na bilo koji sastojak proizvoda.<br \/>\n<b>\u2022<\/b> Osobe koje uzimaju lijekove treba da se posavjetuju sa ljekarom.<br \/>\n<b>\u2022<\/b> Potreban je poseban oprez kod pacijenata koji koriste MAO inhibitore, oralne antikoagulante, hormonsku terapiju ili antihipertenzive.<br \/>\n<b>\u2022<\/b> Tokom primjene preporu\u010duje se izbjegavanje izlaganja suncu ili primjena uz preparate sa visokim za\u0161titnim faktorom.\n<\/div>\n<\/div>\n<\/div>","protected":false},"excerpt":{"rendered":"<div class=\"my-product-info\">\n<div class=\"two-categories\">\n<div><img decoding=\"async\" src=\"https:\/\/www.alivitpharm.com\/wp-content\/uploads\/2025\/05\/icon-9.png\" alt=\"100% prirodno\" width=\"50px\" height=\"50px\" \/><\/p>\n<div>100% prirodno<\/div>\n<\/p><\/div>\n<div>\n            <img decoding=\"async\" src=\"https:\/\/www.alivitpharm.com\/wp-content\/uploads\/2025\/05\/icon-10.png\" alt=\"Bez GMO\" width=\"50px\" height=\"50px\" \/><\/p>\n<div>Bez GMO<\/div>\n<\/p><\/div>\n<div>\n            <img decoding=\"async\" src=\"https:\/\/www.alivitpharm.com\/wp-content\/uploads\/2025\/05\/icon-15.png\" alt=\"Bez glutena\" width=\"50px\" height=\"50px\" \/><\/p>\n<div>Bez glutena<\/div>\n<\/p><\/div>\n<\/p><\/div>\n<\/div>\n<ul>\n<li>Poma\u017ee u regulaciji erektilne disfunkcije.<\/li>\n<li>Dovodi do pove\u0107anja nivoa testosterona.<\/li>\n<li>Pove\u0107ava snagu, izdr\u017eljivost i mi\u0161i\u0107nu masu.<\/li>\n<li>Poja\u010dava libido i stimuli\u0161e seksualnu aktivnost.<\/li>\n<li>Pobolj\u0161ava cirkulaciju.<\/li>\n<li>Pozitivno uti\u010de na plodnost mu\u0161karca, pove\u0107ava koncentraciju pokretnih spermatozoida i njihovu brzinu.<\/li>\n<\/ul>\n<p><a class=\"category-pdf-btn\" href=\"https:\/\/www.alivitpharm.com\/wp-content\/uploads\/2025\/06\/the_urogenital_tract_en.pdf\" target=\"_blank\" rel=\"noopener\">Saznajte vi\u0161e o urogenitalnom traktu<\/a><\/p>","protected":false},"featured_media":13109,"comment_status":"open","ping_status":"closed","template":"","meta":{"site-sidebar-layout":"default","site-content-layout":"default","ast-global-header-display":"","ast-main-header-display":"","ast-hfb-above-header-display":"","ast-hfb-below-header-display":"","ast-hfb-mobile-header-display":"","site-post-title":"","ast-breadcrumbs-content":"","ast-featured-img":"","footer-sml-layout":"","theme-transparent-header-meta":"default","adv-header-id-meta":"","stick-header-meta":"","header-above-stick-meta":"","header-main-stick-meta":"","header-below-stick-meta":""},"product_brand":[],"product_cat":[172,179],"product_tag":[],"class_list":{"0":"post-3114","1":"product","2":"type-product","3":"status-publish","4":"has-post-thumbnail","6":"product_cat-hormonal-balance","7":"product_cat-mens-health","8":"desktop-align-center","9":"tablet-align-center","10":"mobile-align-center","12":"first","13":"instock","14":"shipping-taxable","15":"purchasable","16":"product-type-simple"},"_links":{"self":[{"href":"https:\/\/www.alivitpharm.com\/sr\/wp-json\/wp\/v2\/product\/3114","targetHints":{"allow":["GET"]}}],"collection":[{"href":"https:\/\/www.alivitpharm.com\/sr\/wp-json\/wp\/v2\/product"}],"about":[{"href":"https:\/\/www.alivitpharm.com\/sr\/wp-json\/wp\/v2\/types\/product"}],"replies":[{"embeddable":true,"href":"https:\/\/www.alivitpharm.com\/sr\/wp-json\/wp\/v2\/comments?post=3114"}],"wp:featuredmedia":[{"embeddable":true,"href":"https:\/\/www.alivitpharm.com\/sr\/wp-json\/wp\/v2\/media\/13109"}],"wp:attachment":[{"href":"https:\/\/www.alivitpharm.com\/sr\/wp-json\/wp\/v2\/media?parent=3114"}],"wp:term":[{"taxonomy":"product_brand","embeddable":true,"href":"https:\/\/www.alivitpharm.com\/sr\/wp-json\/wp\/v2\/product_brand?post=3114"},{"taxonomy":"product_cat","embeddable":true,"href":"https:\/\/www.alivitpharm.com\/sr\/wp-json\/wp\/v2\/product_cat?post=3114"},{"taxonomy":"product_tag","embeddable":true,"href":"https:\/\/www.alivitpharm.com\/sr\/wp-json\/wp\/v2\/product_tag?post=3114"}],"curies":[{"name":"wp","href":"https:\/\/api.w.org\/{rel}","templated":true}]}}