{"id":3118,"date":"2022-05-24T13:49:50","date_gmt":"2022-05-24T11:49:50","guid":{"rendered":"https:\/\/www.alivitpharm.com\/?post_type=product&#038;p=3118"},"modified":"2026-02-10T15:41:06","modified_gmt":"2026-02-10T13:41:06","slug":"cardio-plus","status":"publish","type":"product","link":"https:\/\/www.alivitpharm.com\/sr\/product\/cardio-plus\/","title":{"rendered":"CARDIO PLUS"},"content":{"rendered":"<div class=\"product-accordion\">\n<div class=\"btn\">VI\u0160E O CARDIO PLUS-U<\/div>\n<div class=\"board\">\n<div>\n      <b>CARDIO PLUS\u00ae<\/b> sadr\u017ei biljne vrste koje poma\u017eu odr\u017eavanju normalnih funkcija kardiovaskularnog sistema i preveniraju sr\u010danu insuficijenciju. Fermentisani bijeli luk ima sna\u017eno antioksidantno dejstvo, \u0161titi \u0107elije miokarda od oksidativnog stresa, normalizuje nivo ukupnog, LDL i HDL holesterola, te odr\u017eava normalan nivo homocisteina. List i cvijet gloga pobolj\u0161avaju prokrvljenost sr\u010danog mi\u0161i\u0107a i dotok kiseonika u \u0107elije srca, poja\u010davaju snagu sr\u010dane kontrakcije, uti\u010du na normalizaciju sr\u010danog ritma, a zajedno sa bijelom imelom sni\u017eavaju povi\u0161eni krvni pritisak.<\/p>\n<p>Ovaj preparat je posebno namjenjen osobama koje ve\u0107 imaju hiperholesterolemiju (pove\u0107an nivo holesterola), neki oblik sr\u010dane insuficijencije (oslabljen rad srca), kao i hipertenziju (povi\u0161en krvni pritisak), ali ga mogu koristiti i zdrave osobe, posebno one koje imaju pozitivnu porodi\u010dnu anamnezu kardiovaskularnih bolesti.\n    <\/p><\/div>\n<\/p><\/div>\n<div class=\"btn\">SASTAV<\/div>\n<div class=\"board\">\n<div>\n      90 mekih \u017eelatinskih kapsula<\/p>\n<p>      <b>\u2022<\/b> Ekstrakt <a class=\"custom-link\" href=\"\/sr\/black-garlic\/\">lukovice fermentisanog belog luka <i>(Allium sativum)<\/i><\/a> u ulju soje;<br \/>\n      <b>\u2022<\/b> Ekstrakt <a class=\"custom-link\" href=\"\/sr\/bijeli-crveni-glog\/\">lista i cvijeta bijelog i crvenog gloga <i>(Crataegus monogyna, Crataegus oxyacantha)<\/i><\/a> u ulju soje;<br \/>\n      <b>\u2022<\/b> Ekstrakt <a class=\"custom-link\" href=\"\/sr\/bijela-imela\/\">herbe bijele imele <i>(Viscum album)<\/i><\/a> u ulju soje;<br \/>\n      <b>\u2022<\/b> Antioksidans: vitamin E, gove\u0111i \u017eelatin, glicerol, pre\u010di\u0161\u0107ena voda, silicijum-dioksid, boja: biljni ugalj;\n    <\/div>\n<\/p><\/div>\n<div class=\"btn\">NA\u010cIN UPOTREBE<\/div>\n<div class=\"board\">\n<div>\n      Osobama starijim od 18 godina se preporu\u010duje upotreba tri puta na dan po dvije kapsule,tokom ili nakon obroka. Cijelu kapsulu progutati sa te\u010dno\u0161\u0107u. Proizvod mogu da koriste i pacijenti oboljeli od dijabetesa.<\/p>\n<p>      <b>UPOZORENJA:<\/b><br \/>\n      <b>\u2022<\/b> Preporu\u010dena dnevna doza se ne smije prekora\u010diti.<br \/>\n      <b>\u2022<\/b> Proizvod nije namjenjen osobama mla\u0111im od 18 godina, trudnicama i dojiljama, kao i kod akutnih upalnih stanja i tuberkuloze.<br \/>\n      <b>\u2022<\/b> Proizvod ne smiju da koriste osobe preosjetljive na bilo koji sastojak proizvoda.<br \/>\n      <b>\u2022<\/b> Osobe koje uzimaju lijekove treba da se posavjetuju sa ljekarom.<br \/>\n      <b>\u2022<\/b> Ne uzimati istovremeno sa antikoagulantnim lekovima.<br \/>\n      <b>\u2022<\/b> Poseban oprez je potreban kod pacijenata koji u svojoj terapiji imaju digoksin, beta blokatore ili antiartimike, te savjetujemo da u slu\u010daju bilo kakve kardiolo\u0161ke terapije konsultujete svog ljekara ili farmaceuta.<br \/>\n      <b>\u2022<\/b> Nakon \u010detiri mjeseca primjene ovoga preparata, potrebno je napraviti pauzu od mjesec dana.\n    <\/div>\n<\/p><\/div>\n<\/div>","protected":false},"excerpt":{"rendered":"<div class=\"my-product-info\">\n<div class=\"two-categories\">\n<div>\n            <img decoding=\"async\" src=\"https:\/\/www.alivitpharm.com\/wp-content\/uploads\/2025\/05\/icon-9.png\" alt=\"100% prirodno\" width=\"50px\" height=\"50px\" \/><\/p>\n<div>100% prirodno<\/div>\n<\/p><\/div>\n<div>\n            <img decoding=\"async\" src=\"https:\/\/www.alivitpharm.com\/wp-content\/uploads\/2025\/05\/icon-10.png\" alt=\"Bez GMO\" width=\"50px\" height=\"50px\" \/><\/p>\n<div>Bez GMO<\/div>\n<\/p><\/div>\n<div>\n            <img decoding=\"async\" src=\"https:\/\/www.alivitpharm.com\/wp-content\/uploads\/2025\/05\/icon-15.png\" alt=\"Bez glutena\" width=\"50px\" height=\"50px\" \/><\/p>\n<div>Bez glutena<\/div>\n<\/p><\/div>\n<\/p><\/div>\n<\/div>\n<ul>\n<li>Sni\u017eava povi\u0161en krvni pritisak.<\/li>\n<li>Sni\u017eava povi\u0161en nivo masti u organizmu.<\/li>\n<li>Ja\u010da sr\u010dani mi\u0161i\u0107, poma\u017ee kod sr\u010dane slabosti, angine pectoris.<\/li>\n<li>Pomo\u0107 oporavku nakon sr\u010danog ili mo\u017edanog udara.<\/li>\n<li>Sna\u017eni antioksidans.<\/li>\n<\/ul>\n<p><a class=\"category-pdf-btn\" href=\"https:\/\/www.alivitpharm.com\/wp-content\/uploads\/2025\/06\/cardiovascular_health_en.pdf\" target=\"_blank\" rel=\"noopener\">Saznajte vi\u0161e o kardiovaskularnom zdravlju<\/a><\/p>","protected":false},"featured_media":13101,"comment_status":"open","ping_status":"closed","template":"","meta":{"site-sidebar-layout":"default","site-content-layout":"default","ast-global-header-display":"","ast-main-header-display":"","ast-hfb-above-header-display":"","ast-hfb-below-header-display":"","ast-hfb-mobile-header-display":"","site-post-title":"","ast-breadcrumbs-content":"","ast-featured-img":"","footer-sml-layout":"","theme-transparent-header-meta":"default","adv-header-id-meta":"","stick-header-meta":"","header-above-stick-meta":"","header-main-stick-meta":"","header-below-stick-meta":""},"product_brand":[],"product_cat":[169],"product_tag":[],"class_list":{"0":"post-3118","1":"product","2":"type-product","3":"status-publish","4":"has-post-thumbnail","6":"product_cat-cardiovascular-health","7":"desktop-align-center","8":"tablet-align-center","9":"mobile-align-center","11":"first","12":"instock","13":"shipping-taxable","14":"purchasable","15":"product-type-simple"},"_links":{"self":[{"href":"https:\/\/www.alivitpharm.com\/sr\/wp-json\/wp\/v2\/product\/3118","targetHints":{"allow":["GET"]}}],"collection":[{"href":"https:\/\/www.alivitpharm.com\/sr\/wp-json\/wp\/v2\/product"}],"about":[{"href":"https:\/\/www.alivitpharm.com\/sr\/wp-json\/wp\/v2\/types\/product"}],"replies":[{"embeddable":true,"href":"https:\/\/www.alivitpharm.com\/sr\/wp-json\/wp\/v2\/comments?post=3118"}],"wp:featuredmedia":[{"embeddable":true,"href":"https:\/\/www.alivitpharm.com\/sr\/wp-json\/wp\/v2\/media\/13101"}],"wp:attachment":[{"href":"https:\/\/www.alivitpharm.com\/sr\/wp-json\/wp\/v2\/media?parent=3118"}],"wp:term":[{"taxonomy":"product_brand","embeddable":true,"href":"https:\/\/www.alivitpharm.com\/sr\/wp-json\/wp\/v2\/product_brand?post=3118"},{"taxonomy":"product_cat","embeddable":true,"href":"https:\/\/www.alivitpharm.com\/sr\/wp-json\/wp\/v2\/product_cat?post=3118"},{"taxonomy":"product_tag","embeddable":true,"href":"https:\/\/www.alivitpharm.com\/sr\/wp-json\/wp\/v2\/product_tag?post=3118"}],"curies":[{"name":"wp","href":"https:\/\/api.w.org\/{rel}","templated":true}]}}