{"id":3120,"date":"2022-05-24T13:51:37","date_gmt":"2022-05-24T11:51:37","guid":{"rendered":"https:\/\/www.alivitpharm.com\/?post_type=product&#038;p=3120"},"modified":"2026-02-26T10:28:54","modified_gmt":"2026-02-26T08:28:54","slug":"neuro","status":"publish","type":"product","link":"https:\/\/www.alivitpharm.com\/sr\/product\/neuro\/","title":{"rendered":"NEURO"},"content":{"rendered":"<div class=\"product-accordion\">\n<div class=\"btn\">VI\u0160E O NEURO-U<\/div>\n<div class=\"board\">\n<div><b>NEURO\u00ae<\/b> kapsule sadr\u017ee fermentisani bijeli luk, ruzmarin i zeleni \u010daj, koji ispoljavaju sna\u017eno antioksidantno i neuroprotektivno djelovanje, te se preporu\u010duju u prevenciji i za olak\u0161avanje tegoba neurodegenerativnih oboljenja. Zbog svog antiupalnog djelovanja i sna\u017enog efekta na mikrocirkulaciju, pomenute biljke se koriste kod dijabetesne polineuropatije i razli\u010ditih radikulopatija. Ovo \u010dini Neuro veoma efikasnim u prevenciji komplikacija dijabetesa. Lavanda povoljno djeluje kod nervne iscrpljenosti i poreme\u0107aja sna, i doprinosi blagotvornom u\u010dinku proizvoda.<\/p>\n<p>Fermentisani bijeli luk djeluje antioksidativno (neutrali\u0161e slobodne radikale i \u0161titi \u0107elije od oksidativnog stresa), antiinflamatorno (smanjuje mogu\u0107nost nastanka upalne reakcije), a tako\u0111e zauzima veoma va\u017enu ulogu kao pomo\u0107no sredstvo u lije\u010denju i otklanjanju tegoba neurodegenerativnih oboljenja (demencija, Alchajmerova i Parkinsonova bolest). U persijskoj medicini, u lije\u010denju Parkinsonove bolesti, pored farmakolo\u0161ke terapije, koriste se mnogo biljne i \u017eivotinjske namirnice, za koje je dokazano da inhibiraju dalju progresiju bolesti, me\u0111u kojima je i bijeli luk, zbog svog antioksidativnog i antiinflamatornog potencijala.<\/p>\n<p>Vitamini B1 i B6 doprinose normalnoj psiholo\u0161koj funkciji i normalnom funkcionisanju nervnog sistema. Vitamin B2 doprinosi normalnom funkcionisanju nervnog sistema, normalnom metabolizmu stvaranja energije i za\u0161titi \u0107elija od oksidativnog stresa. Selen smanjuje anksioznost, depresiju i umor, a u kombinaciji sa drugim antioksidantima mo\u017ee pobolj\u0161ati raspolo\u017eenje kao i protok krvi u mozgu. Vitamin E i selen doprinose za\u0161titi \u0107elija od oksidativnog stresa.<\/p>\n<\/div>\n<\/div>\n<div class=\"btn\">SASTAV<\/div>\n<div class=\"board\">\n<div>\n90 mekih \u017eelatinskih kapsula<\/p>\n<p><b>\u2022<\/b> Ekstrakt <a class=\"custom-link\" href=\"\/sr\/black-garlic\/\">lukovice fermentisanog belog luka <i>(Allium sativum)<\/i><\/a> u ulju soje;<br \/>\n<b>\u2022<\/b> Ekstrakt <a class=\"custom-link\" href=\"\/sr\/lavanda\/\">cvijeta lavande <i>(Lavandula angustifolia)<\/i><\/a> u ulju soje;<br \/>\n<b>\u2022<\/b> Ekstrakt <a class=\"custom-link\" href=\"\/sr\/ruzmarin\/\">lista ruzmarina <i>(Rosmarinus officinalis)<\/i><\/a> u ulju soje;<br \/>\n<b>\u2022<\/b> Ekstrakt <a class=\"custom-link\" href=\"\/sr\/zeleni-caj\/\">lista zelenog \u010daja <i>(Camellia sinensis)<\/i><\/a> u ulju soje;<br \/>\n<b>\u2022<\/b> <a class=\"custom-link\" href=\"\/sr\/alfa-lipoinska-kiselina\/\">Alfa-lipoinska kiselina<\/a>;<br \/>\n<b>\u2022<\/b> <a class=\"custom-link\" href=\"\/sr\/vitamin-e\/\">DL-\u03b1-tokoferil-acetat (vitamin E)<\/a>;<br \/>\n<b>\u2022<\/b> <a class=\"custom-link\" href=\"\/sr\/vitamin-b6\/\">Piridoksin-hidrohlorid (vitamin B6)<\/a>;<br \/>\n<b>\u2022<\/b> <a class=\"custom-link\" href=\"\/sr\/vitamin-b2\/\">Riboflavin (vitamin B2)<\/a>;<br \/>\n<b>\u2022<\/b> <a class=\"custom-link\" href=\"\/sr\/vitamin-b1\/\">Tiamin mononitrat (vitamin B1)<\/a>;<br \/>\n<b>\u2022<\/b> <a class=\"custom-link\" href=\"\/sr\/selenium\/\">Natrijum-selenit (selen)<\/a>;<br \/>\n<b>\u2022<\/b> Gove\u0111i \u017eelatin, glicerol, pre\u010di\u0161\u0107ena voda, boja: biljni ugalj;<\/div>\n<\/div>\n<div class=\"btn\">NA\u010cIN UPOTREBE<\/div>\n<div class=\"board\">\n<div>Starijim od 18 godina se preporu\u010duje upotreba dva puta na dan po jedna kapsula, tokom ili nakon obroka. Cijelu kapsulu progutati sa te\u010dno\u0161\u0107u. Proizvod je potrebno uzimati du\u017ei vremenski period. Proizvod mogu koristiti i osobe oboljele od dijabetesa.<\/p>\n<p><b>UPOZORENJA:<\/b><br \/>\n<b>\u2022<\/b> Preporu\u010dena dnevna doza se ne smije prekora\u010diti.<br \/>\n<b>\u2022<\/b> Ne preporu\u010duje se trudnicama, dojiljama i osobama mla\u0111im od 18 godina.<br \/>\n<b>\u2022<\/b> Proizvod ne smiju da koriste osobe preosjetljive na bilo koji sastojak proizvoda.<br \/>\n<b>\u2022<\/b> Osobe koje uzimaju lijekove treba da se posavjetuju sa ljekarom.<br \/>\n<b>\u2022<\/b> Ne uzimati istovremeno sa antikoagulantnim lekovima.<br \/>\n<b>\u2022<\/b> Prije zakazane operacije, potrebno je prestati sa primenom proizvoda.\n<\/div>\n<\/div>\n<\/div>","protected":false},"excerpt":{"rendered":"<div class=\"my-product-info\">\n<div class=\"two-categories\">\n<div>\n            <img decoding=\"async\" src=\"https:\/\/www.alivitpharm.com\/wp-content\/uploads\/2025\/05\/icon-9.png\" alt=\"100% prirodno\" width=\"50px\" height=\"50px\" \/><\/p>\n<div>100% prirodno<\/div>\n<\/p><\/div>\n<div>\n            <img decoding=\"async\" src=\"https:\/\/www.alivitpharm.com\/wp-content\/uploads\/2025\/05\/icon-10.png\" alt=\"Bez GMO\" width=\"50px\" height=\"50px\" \/><\/p>\n<div>Bez GMO<\/div>\n<\/p><\/div>\n<div>\n            <img decoding=\"async\" src=\"https:\/\/www.alivitpharm.com\/wp-content\/uploads\/2025\/05\/icon-15.png\" alt=\"Bez glutena\" width=\"50px\" height=\"50px\" \/><\/p>\n<div>Bez glutena<\/div>\n<\/p><\/div>\n<\/p><\/div>\n<\/div>\n<ul>\n<li>Djeluje neuroprotektivno.<\/li>\n<li>Poma\u017ee kod neurodegenerativnih oboljenja i poreme\u0107aja sna.<\/li>\n<li>Za\u0161tita nervnog sistema od o\u0161te\u0107enja izazvanog oksidativnim stresom.<\/li>\n<li>Dovodi do pobolj\u0161anja kognitivnih funkcija.<\/li>\n<li>Prevencija nastanka polineuropatija kod dijabeti\u010dara.<\/li>\n<\/ul>\n<p><a class=\"category-pdf-btn\" href=\"https:\/\/www.alivitpharm.com\/wp-content\/uploads\/2025\/07\/phytotherapy_for_neurodegeneration_and_oxidative_stress_en.pdf\" target=\"_blank\" rel=\"noopener\">Saznajte vi\u0161e o fitoterapiji za neurodegeneraciju i oksidativni stres<\/a><\/p>","protected":false},"featured_media":13119,"comment_status":"open","ping_status":"closed","template":"","meta":{"site-sidebar-layout":"default","site-content-layout":"default","ast-global-header-display":"","ast-main-header-display":"","ast-hfb-above-header-display":"","ast-hfb-below-header-display":"","ast-hfb-mobile-header-display":"","site-post-title":"","ast-breadcrumbs-content":"","ast-featured-img":"","footer-sml-layout":"","theme-transparent-header-meta":"default","adv-header-id-meta":"","stick-header-meta":"","header-above-stick-meta":"","header-main-stick-meta":"","header-below-stick-meta":""},"product_brand":[],"product_cat":[175],"product_tag":[],"class_list":{"0":"post-3120","1":"product","2":"type-product","3":"status-publish","4":"has-post-thumbnail","6":"product_cat-nervous-system-protection","7":"desktop-align-center","8":"tablet-align-center","9":"mobile-align-center","11":"first","12":"instock","13":"shipping-taxable","14":"purchasable","15":"product-type-simple"},"_links":{"self":[{"href":"https:\/\/www.alivitpharm.com\/sr\/wp-json\/wp\/v2\/product\/3120","targetHints":{"allow":["GET"]}}],"collection":[{"href":"https:\/\/www.alivitpharm.com\/sr\/wp-json\/wp\/v2\/product"}],"about":[{"href":"https:\/\/www.alivitpharm.com\/sr\/wp-json\/wp\/v2\/types\/product"}],"replies":[{"embeddable":true,"href":"https:\/\/www.alivitpharm.com\/sr\/wp-json\/wp\/v2\/comments?post=3120"}],"wp:featuredmedia":[{"embeddable":true,"href":"https:\/\/www.alivitpharm.com\/sr\/wp-json\/wp\/v2\/media\/13119"}],"wp:attachment":[{"href":"https:\/\/www.alivitpharm.com\/sr\/wp-json\/wp\/v2\/media?parent=3120"}],"wp:term":[{"taxonomy":"product_brand","embeddable":true,"href":"https:\/\/www.alivitpharm.com\/sr\/wp-json\/wp\/v2\/product_brand?post=3120"},{"taxonomy":"product_cat","embeddable":true,"href":"https:\/\/www.alivitpharm.com\/sr\/wp-json\/wp\/v2\/product_cat?post=3120"},{"taxonomy":"product_tag","embeddable":true,"href":"https:\/\/www.alivitpharm.com\/sr\/wp-json\/wp\/v2\/product_tag?post=3120"}],"curies":[{"name":"wp","href":"https:\/\/api.w.org\/{rel}","templated":true}]}}