{"id":8642,"date":"2023-02-28T14:44:50","date_gmt":"2023-02-28T12:44:50","guid":{"rendered":"https:\/\/www.alivitpharm.com\/?post_type=product&#038;p=8642"},"modified":"2026-03-10T11:26:47","modified_gmt":"2026-03-10T09:26:47","slug":"prostat-plus","status":"publish","type":"product","link":"https:\/\/www.alivitpharm.com\/sr\/product\/prostat-plus\/","title":{"rendered":"PROSTAT PLUS"},"content":{"rendered":"<div class=\"product-accordion\">\n<div class=\"btn\">VI\u0160E O PROSTAT PLUS-U<\/div>\n<div class=\"board\">\n<div><b>PROSTAT PLUS\u00ae<\/b> sadr\u017ei biljne vrste koje poma\u017eu ubla\u017eavanju tegoba povezanih sa benignom hiperplazijom prostate, kod u\u010destalog i ote\u017eanog mokrenja, kao i kod hroni\u010dnog prostatitisa.<\/p>\n<p>Aktivni sastojci bijelog i fermentisanog bijelog luka djeluju antioksidativno, antibakterijski i antigljivi\u010dno. Oni smanjuju sintezu inflamatornih citokina i djeluju na nervne zavr\u0161etke u zidu mokra\u0107ne be\u0161ike pobolj\u0161avaju\u0107i elasti\u010dnost (kontrakciju i relaksaciju) glatke muskulature be\u0161ike. Kurkuma deluje antimikrobno, antioksidativno i antiinflamatorno, smanjuje sintezu citokina i ubla\u017eava simptome povezane sa hroni\u010dnim prostatitisom. Crni biber pobolj\u0161ava bioraspolo\u017eivost mnogih aktivnih supstanci, me\u0111u kojima je i kurkumin. Vrbovica osim \u0161to pozitivno deluje kod bolesti prostate, pre poru\u010duje se i kod oboljenja mokra\u0107ne be\u0161ike i bubrega. Kopriva pokazuje diuretski efekat, pospe\u0161uje lu\u010denje mokra\u0107e, a osim diuretskog efekta poseduje i antiinflamatorno delovanje, pa se preporu\u010duje kod razli\u010ditih infekcija urinarnog trakta. Tako\u0111e, uz sinergisti\u010dko djelovanje aktivnih principa ulja bundeve, doprinose efikasnom u\u010dinku PROSTAT PLUS proizvoda u ubla\u017eavanju simptoma benigne hiperplazije prostate, hroni\u010dnog prostatitisa i oslabljene funkcije mokra\u0107ne be\u0161ike.<\/p>\n<\/div>\n<\/div>\n<div class=\"btn\">SASTAV<\/div>\n<div class=\"board\">\n<div>\n90 mekih \u017eelatinskih kapsula<\/p>\n<p><b>\u2022<\/b> Ekstrakt <a class=\"custom-link\" href=\"\/sr\/black-garlic\/\">lukovice fermentisanog belog luka <i>(Allium sativum)<\/i><\/a> u <a class=\"custom-link\" href=\"\/sr\/sjeme-bundeve\/\">ulju sjemena bundeve<\/a>;<br \/>\n<b>\u2022<\/b> Ekstrakt <a class=\"custom-link\" href=\"\/sr\/vrbovica\/\">herbe vrbovice <i>(Epilobium parviflorum)<\/i><\/a> u ulju uljane repice;<br \/>\n<b>\u2022<\/b> Ekstrakt <a class=\"custom-link\" href=\"\/sr\/kurkuma\/\">korijena kurkume <i>(Curcuma longa)<\/i><\/a> u ulju uljane repice;<br \/>\n<b>\u2022<\/b> Ekstrakt <a class=\"custom-link\" href=\"\/sr\/kopriva\/\">lista i korijena koprive <i>(Urtica dioica)<\/i><\/a> u ulju uljane repice;<br \/>\n<b>\u2022<\/b> Ekstrakt <a class=\"custom-link\" href=\"\/sr\/crni-biber\/\">ploda crnog bibera <i>(Piper nigrum)<\/i><\/a> u ulju uljane repice;<br \/>\n<b>\u2022<\/b> <a class=\"custom-link\" href=\"\/sr\/vitamin-e\/\">DL-\u03b1-tokoferil-acetat (vitamin E)<\/a>, <a class=\"custom-link\" href=\"\/sr\/cink\/\">cink-citrat-trihidrat<\/a>, <a class=\"custom-link\" href=\"\/sr\/selenium\/\">natrijum-selenit (selen)<\/a>;<br \/>\n<b>\u2022<\/b> Gove\u0111i \u017eelatin, glicerol, pre\u010di\u0161\u0107ena voda, silicijum-dioksid, boja: crni ugalj;<\/div>\n<\/div>\n<div class=\"btn\">NA\u010cIN UPOTREBE<\/div>\n<div class=\"board\">\n<div>Odraslima, starijim od 18 godina se preporu\u010duje upotreba tri puta po jedna kapsula dnevno, tokom ili nakon obroka. Cijelu kapsulu progutati sa te\u010dno\u0161\u0107u. Proizvod mogu da uzimaju i osobe oboljele od dijabetesa.<\/p>\n<p><b>UPOZORENJA:<\/b><br \/>\n<b>\u2022<\/b> Preporu\u010dena dnevna doza se ne smije prekora\u010diti.<br \/>\n<b>\u2022<\/b> Proizvod nije namijenjen osobama mla\u0111im od 18 godina i osobama sa o\u0161te\u0107enom funkcijom jetre.<br \/>\n<b>\u2022<\/b> Ljudi koji imaju kamen u \u017eu\u010di, gastroezofagealni refluks (GERB) i druge poreme\u0107aje probavnog sistema kao i poreme\u0107aj \u0161titne \u017elijezde trebaju izbjegavati primjenu ovoga preparata.<br \/>\n<b>\u2022<\/b> Proizvod ne smiju da koriste osobe preosjetljive na bilo koji sastojak proizvoda.<br \/>\n<b>\u2022<\/b> Osobe koje uzimaju lijekove treba da se posavjetuju sa ljekarom.<br \/>\n<b>\u2022<\/b> Ne uzimati istovremeno sa antikoagulantnim lekovima.<br \/>\n<b>\u2022<\/b> Prije zakazane operacije potrebno je prestati sa primjenom proizvoda jer mogu uticati na produ\u017eenje vremena zgru\u0161avanja krvi.<br \/>\n<b>\u2022<\/b> Nakon primjene preparata u kontinuitetu u trajanju od \u010detiri nedjelje, potrebno je napraviti pauzu od deset dana.\n<\/div>\n<\/div>\n<\/div>","protected":false},"excerpt":{"rendered":"<div class=\"my-product-info\">\n<div class=\"two-categories\">\n<div>\n            <img decoding=\"async\" src=\"https:\/\/www.alivitpharm.com\/wp-content\/uploads\/2025\/05\/icon-9.png\" alt=\"100% prirodno\" width=\"50px\" height=\"50px\" \/><\/p>\n<div>100% prirodno<\/div>\n<\/p><\/div>\n<div>\n            <img decoding=\"async\" src=\"https:\/\/www.alivitpharm.com\/wp-content\/uploads\/2025\/05\/icon-10.png\" alt=\"Bez GMO\" width=\"50px\" height=\"50px\" \/><\/p>\n<div>Bez GMO<\/div>\n<\/p><\/div>\n<div>\n            <img decoding=\"async\" src=\"https:\/\/www.alivitpharm.com\/wp-content\/uploads\/2025\/05\/icon-15.png\" alt=\"Bez glutena\" width=\"50px\" height=\"50px\" \/><\/p>\n<div>Bez glutena<\/div>\n<\/p><\/div>\n<\/p><\/div>\n<\/div>\n<ul>\n<li>Ubla\u017eava simptome hroni\u010dnog prostatitisa.<\/li>\n<li>Poma\u017ee kod benigne hiperplazije prostate.<\/li>\n<li>Oslabljena funkcija mokra\u0107ne be\u0161ike.<\/li>\n<li>Poma\u017ee kod u\u010destalog (no\u0107nog) mokrenja.<\/li>\n<\/ul>\n<p><a class=\"category-pdf-btn\" href=\"https:\/\/www.alivitpharm.com\/wp-content\/uploads\/2025\/06\/the_urogenital_tract_en.pdf\" target=\"_blank\" rel=\"noopener\">Saznajte vi\u0161e o urogenitalnom traktu<\/a><\/p>","protected":false},"featured_media":13127,"comment_status":"open","ping_status":"closed","template":"","meta":{"site-sidebar-layout":"default","site-content-layout":"default","ast-global-header-display":"","ast-main-header-display":"","ast-hfb-above-header-display":"","ast-hfb-below-header-display":"","ast-hfb-mobile-header-display":"","site-post-title":"","ast-breadcrumbs-content":"","ast-featured-img":"","footer-sml-layout":"","theme-transparent-header-meta":"default","adv-header-id-meta":"","stick-header-meta":"","header-above-stick-meta":"","header-main-stick-meta":"","header-below-stick-meta":""},"product_brand":[],"product_cat":[179],"product_tag":[],"class_list":{"0":"post-8642","1":"product","2":"type-product","3":"status-publish","4":"has-post-thumbnail","6":"product_cat-mens-health","7":"desktop-align-center","8":"tablet-align-center","9":"mobile-align-center","11":"first","12":"instock","13":"shipping-taxable","14":"purchasable","15":"product-type-simple"},"_links":{"self":[{"href":"https:\/\/www.alivitpharm.com\/sr\/wp-json\/wp\/v2\/product\/8642","targetHints":{"allow":["GET"]}}],"collection":[{"href":"https:\/\/www.alivitpharm.com\/sr\/wp-json\/wp\/v2\/product"}],"about":[{"href":"https:\/\/www.alivitpharm.com\/sr\/wp-json\/wp\/v2\/types\/product"}],"replies":[{"embeddable":true,"href":"https:\/\/www.alivitpharm.com\/sr\/wp-json\/wp\/v2\/comments?post=8642"}],"wp:featuredmedia":[{"embeddable":true,"href":"https:\/\/www.alivitpharm.com\/sr\/wp-json\/wp\/v2\/media\/13127"}],"wp:attachment":[{"href":"https:\/\/www.alivitpharm.com\/sr\/wp-json\/wp\/v2\/media?parent=8642"}],"wp:term":[{"taxonomy":"product_brand","embeddable":true,"href":"https:\/\/www.alivitpharm.com\/sr\/wp-json\/wp\/v2\/product_brand?post=8642"},{"taxonomy":"product_cat","embeddable":true,"href":"https:\/\/www.alivitpharm.com\/sr\/wp-json\/wp\/v2\/product_cat?post=8642"},{"taxonomy":"product_tag","embeddable":true,"href":"https:\/\/www.alivitpharm.com\/sr\/wp-json\/wp\/v2\/product_tag?post=8642"}],"curies":[{"name":"wp","href":"https:\/\/api.w.org\/{rel}","templated":true}]}}